{"id":695,"date":"2025-01-01T07:01:37","date_gmt":"2025-01-01T07:01:37","guid":{"rendered":"http:\/\/www.tengyuemetering.com\/?post_type=product&#038;p=695"},"modified":"2025-12-24T05:35:27","modified_gmt":"2025-12-24T05:35:27","slug":"ts14w-ultrasonic-water-meter-r800","status":"publish","type":"product","link":"https:\/\/www.tengyuemetering.com\/pt\/product\/ts14w-ultrasonic-water-meter-r800\/","title":{"rendered":"Medidor de \u00e1gua ultrass\u00f4nico TS14W R800 Controle remoto sem fio"},"content":{"rendered":"<div data-elementor-type=\"product-post\" data-elementor-id=\"695\" class=\"elementor elementor-695\" data-elementor-post-type=\"product\">\n\t\t\t\t<div class=\"elementor-element elementor-element-260c24ed e-flex e-con-boxed e-con e-parent\" data-id=\"260c24ed\" data-element_type=\"container\">\n\t\t\t\t\t<div class=\"e-con-inner\">\n\t\t\t\t<div class=\"elementor-element elementor-element-36b1b341 elementor-widget elementor-widget-text-editor\" data-id=\"36b1b341\" data-element_type=\"widget\" data-widget_type=\"text-editor.default\">\n\t\t\t\t<div class=\"elementor-widget-container\">\n\t\t\t\t\t\t\t\t\t<ul><li>Tecnologia de medi\u00e7\u00e3o ultrass\u00f4nica<\/li><li>M\u00f3dulos de transmiss\u00e3o integrados sem fio M-BUS ou LoRaWAN<\/li><li>Dura\u00e7\u00e3o da bateria com configura\u00e7\u00e3o padr\u00e3o 16 anos<\/li><li>Certifica\u00e7\u00f5es de sa\u00fade dispon\u00edveis para v\u00e1rios pa\u00edses<\/li><li>Classifica\u00e7\u00e3o de prote\u00e7\u00e3o IP68<\/li><li>Exibi\u00e7\u00e3o de 9 caracteres (d\u00edgitos e s\u00edmbolos)<\/li><li>Suporta v\u00e1rias posi\u00e7\u00f5es de instala\u00e7\u00e3o<\/li><li>Pode ser fornecido equipado com m\u00f3dulo de comunica\u00e7\u00e3o com fio ou r\u00e1dio<\/li><li>Antena otimizada para alcance m\u00e1ximo de r\u00e1dio<\/li><\/ul>\t\t\t\t\t\t\t\t<\/div>\n\t\t\t\t<\/div>\n\t\t\t\t\t<\/div>\n\t\t\t\t<\/div>\n\t\t<div class=\"elementor-element elementor-element-11a2592 e-flex e-con-boxed e-con e-parent\" data-id=\"11a2592\" data-element_type=\"container\">\n\t\t\t\t\t<div class=\"e-con-inner\">\n\t\t\t\t<div class=\"elementor-element elementor-element-3ad7497 elementor-widget elementor-widget-video\" data-id=\"3ad7497\" data-element_type=\"widget\" data-settings=\"{&quot;youtube_url&quot;:&quot;https:\\\/\\\/youtu.be\\\/BY2bpFSJtys&quot;,&quot;autoplay&quot;:&quot;yes&quot;,&quot;loop&quot;:&quot;yes&quot;,&quot;video_type&quot;:&quot;youtube&quot;,&quot;controls&quot;:&quot;yes&quot;}\" data-widget_type=\"video.default\">\n\t\t\t\t<div class=\"elementor-widget-container\">\n\t\t\t\t\t\t\t<div class=\"elementor-wrapper elementor-open-inline\">\n\t\t\t<div class=\"elementor-video\"><\/div>\t\t<\/div>\n\t\t\t\t\t\t<\/div>\n\t\t\t\t<\/div>\n\t\t\t\t\t<\/div>\n\t\t\t\t<\/div>\n\t\t\t\t<\/div>","protected":false},"excerpt":{"rendered":"<p>&nbsp;<\/p>\n<p>O hidr\u00f4metro ultrass\u00f4nico dom\u00e9stico est\u00e1tico TS14W \u00e9 um hidr\u00f4metro ultrass\u00f4nico avan\u00e7ado e altamente preciso para aplica\u00e7\u00f5es residenciais. A alta precis\u00e3o chega a R800 (Q3\/Q1) e permanece a mesma independentemente da posi\u00e7\u00e3o de instala\u00e7\u00e3o.<\/p>\n<p>A tecnologia ultrass\u00f4nica permite a medi\u00e7\u00e3o at\u00e9 mesmo das menores vaz\u00f5es, o que a torna a melhor solu\u00e7\u00e3o para lidar com NRW (\u00e1gua n\u00e3o faturada).<\/p>\n<p>&nbsp;<\/p>\n<p>Tamanhos dispon\u00edveis: DN15 (1\/2\u201d)<\/p>\n<p>&nbsp;<\/p>\n<p>Protocolos suportados: RS485\/MBus\/LoRa\/LoRaWAN\/W-MBus\/NB-IoT<\/p>","protected":false},"featured_media":6858,"template":"","meta":{"_acf_changed":false,"site-sidebar-layout":"default","site-content-layout":"","ast-site-content-layout":"default","site-content-style":"default","site-sidebar-style":"default","ast-global-header-display":"","ast-banner-title-visibility":"","ast-main-header-display":"","ast-hfb-above-header-display":"","ast-hfb-below-header-display":"","ast-hfb-mobile-header-display":"","site-post-title":"","ast-breadcrumbs-content":"","ast-featured-img":"","footer-sml-layout":"","theme-transparent-header-meta":"default","adv-header-id-meta":"","stick-header-meta":"default","header-above-stick-meta":"","header-main-stick-meta":"","header-below-stick-meta":"","astra-migrate-meta-layouts":"set","ast-page-background-enabled":"default","ast-page-background-meta":{"desktop":{"background-color":"","background-image":"","background-repeat":"repeat","background-position":"center center","background-size":"auto","background-attachment":"scroll","background-type":"","background-media":"","overlay-type":"","overlay-color":"","overlay-opacity":"","overlay-gradient":""},"tablet":{"background-color":"","background-image":"","background-repeat":"repeat","background-position":"center center","background-size":"auto","background-attachment":"scroll","background-type":"","background-media":"","overlay-type":"","overlay-color":"","overlay-opacity":"","overlay-gradient":""},"mobile":{"background-color":"","background-image":"","background-repeat":"repeat","background-position":"center center","background-size":"auto","background-attachment":"scroll","background-type":"","background-media":"","overlay-type":"","overlay-color":"","overlay-opacity":"","overlay-gradient":""}},"ast-content-background-meta":{"desktop":{"background-color":"var(--ast-global-color-5)","background-image":"","background-repeat":"repeat","background-position":"center center","background-size":"auto","background-attachment":"scroll","background-type":"","background-media":"","overlay-type":"","overlay-color":"","overlay-opacity":"","overlay-gradient":""},"tablet":{"background-color":"var(--ast-global-color-5)","background-image":"","background-repeat":"repeat","background-position":"center center","background-size":"auto","background-attachment":"scroll","background-type":"","background-media":"","overlay-type":"","overlay-color":"","overlay-opacity":"","overlay-gradient":""},"mobile":{"background-color":"var(--ast-global-color-5)","background-image":"","background-repeat":"repeat","background-position":"center center","background-size":"auto","background-attachment":"scroll","background-type":"","background-media":"","overlay-type":"","overlay-color":"","overlay-opacity":"","overlay-gradient":""}}},"product_brand":[],"product_cat":[37,29,15],"product_tag":[],"class_list":{"0":"post-695","1":"product","2":"type-product","3":"status-publish","4":"has-post-thumbnail","6":"product_cat-water-metering","7":"product_cat-amr-ami-products","8":"product_cat-ultrasonic-water-meters","9":"desktop-align-left","10":"tablet-align-left","11":"mobile-align-left","13":"first","14":"instock","15":"shipping-taxable","16":"product-type-simple"},"acf":[],"yoast_head":"<!-- This site is optimized with the Yoast SEO plugin v24.1 - https:\/\/yoast.com\/wordpress\/plugins\/seo\/ -->\n<title>TS14W Ultrasonic Water Meter R800 Wireless Remote - Water Meter Supplier&amp;Water Measuring Solution-Tengyue Metering<\/title>\n<meta name=\"description\" content=\"Ultrasonic residential water meter designed for households. Offers wear-free, high-precision measurement and real-time water consumption monitoring. Low power consumption &amp; long service life for water conservation and cost savings. The ideal choice for smart home water management.\" \/>\n<meta name=\"robots\" content=\"noindex, follow, max-snippet:-1, max-image-preview:large, max-video-preview:-1\" \/>\n<meta property=\"og:locale\" content=\"pt_PT\" \/>\n<meta property=\"og:type\" content=\"article\" \/>\n<meta property=\"og:title\" content=\"TS14W Ultrasonic Water Meter R800 Wireless Remote - Water Meter Supplier&amp;Water Measuring Solution-Tengyue Metering\" \/>\n<meta property=\"og:description\" content=\"Ultrasonic residential water meter designed for households. Offers wear-free, high-precision measurement and real-time water consumption monitoring. Low power consumption &amp; long service life for water conservation and cost savings. The ideal choice for smart home water management.\" \/>\n<meta property=\"og:url\" content=\"https:\/\/www.tengyuemetering.com\/pt\/product\/ts14w-ultrasonic-water-meter-r800\/\" \/>\n<meta property=\"og:site_name\" content=\"Water Meter Supplier&amp;Water Measuring Solution-Tengyue Metering\" \/>\n<meta property=\"article:modified_time\" content=\"2025-12-24T05:35:27+00:00\" \/>\n<meta property=\"og:image\" content=\"https:\/\/www.tengyuemetering.com\/wp-content\/uploads\/2025\/03\/41.png\" \/>\n\t<meta property=\"og:image:width\" content=\"1800\" \/>\n\t<meta property=\"og:image:height\" content=\"1800\" \/>\n\t<meta property=\"og:image:type\" content=\"image\/png\" \/>\n<meta name=\"twitter:card\" content=\"summary_large_image\" \/>\n<meta name=\"twitter:label1\" content=\"Est. reading time\" \/>\n\t<meta name=\"twitter:data1\" content=\"1 minuto\" \/>\n<script type=\"application\/ld+json\" class=\"yoast-schema-graph\">{\"@context\":\"https:\/\/schema.org\",\"@graph\":[{\"@type\":\"WebPage\",\"@id\":\"https:\/\/www.tengyuemetering.com\/product\/ts14w-ultrasonic-water-meter-r800\/\",\"url\":\"https:\/\/www.tengyuemetering.com\/product\/ts14w-ultrasonic-water-meter-r800\/\",\"name\":\"TS14W Ultrasonic Water Meter R800 Wireless Remote - Water Meter Supplier&amp;Water Measuring Solution-Tengyue Metering\",\"isPartOf\":{\"@id\":\"https:\/\/www.tengyuemetering.com\/#website\"},\"primaryImageOfPage\":{\"@id\":\"https:\/\/www.tengyuemetering.com\/product\/ts14w-ultrasonic-water-meter-r800\/#primaryimage\"},\"image\":{\"@id\":\"https:\/\/www.tengyuemetering.com\/product\/ts14w-ultrasonic-water-meter-r800\/#primaryimage\"},\"thumbnailUrl\":\"https:\/\/www.tengyuemetering.com\/wp-content\/uploads\/2025\/03\/41.png\",\"datePublished\":\"2025-01-01T07:01:37+00:00\",\"dateModified\":\"2025-12-24T05:35:27+00:00\",\"description\":\"Ultrasonic residential water meter designed for households. Offers wear-free, high-precision measurement and real-time water consumption monitoring. Low power consumption & long service life for water conservation and cost savings. The ideal choice for smart home water management.\",\"breadcrumb\":{\"@id\":\"https:\/\/www.tengyuemetering.com\/product\/ts14w-ultrasonic-water-meter-r800\/#breadcrumb\"},\"inLanguage\":\"pt-PT\",\"potentialAction\":[{\"@type\":\"ReadAction\",\"target\":[\"https:\/\/www.tengyuemetering.com\/product\/ts14w-ultrasonic-water-meter-r800\/\"]}]},{\"@type\":\"ImageObject\",\"inLanguage\":\"pt-PT\",\"@id\":\"https:\/\/www.tengyuemetering.com\/product\/ts14w-ultrasonic-water-meter-r800\/#primaryimage\",\"url\":\"https:\/\/www.tengyuemetering.com\/wp-content\/uploads\/2025\/03\/41.png\",\"contentUrl\":\"https:\/\/www.tengyuemetering.com\/wp-content\/uploads\/2025\/03\/41.png\",\"width\":1800,\"height\":1800},{\"@type\":\"BreadcrumbList\",\"@id\":\"https:\/\/www.tengyuemetering.com\/product\/ts14w-ultrasonic-water-meter-r800\/#breadcrumb\",\"itemListElement\":[{\"@type\":\"ListItem\",\"position\":1,\"name\":\"Home\",\"item\":\"https:\/\/www.tengyuemetering.com\/\"},{\"@type\":\"ListItem\",\"position\":2,\"name\":\"Products\",\"item\":\"https:\/\/www.tengyuemetering.com\/products\/\"},{\"@type\":\"ListItem\",\"position\":3,\"name\":\"Water Metering\",\"item\":\"https:\/\/www.tengyuemetering.com\/product-category\/water-metering\/\"},{\"@type\":\"ListItem\",\"position\":4,\"name\":\"Ultrasonic Water Meters\",\"item\":\"https:\/\/www.tengyuemetering.com\/product-category\/water-metering\/ultrasonic-water-meters\/\"},{\"@type\":\"ListItem\",\"position\":5,\"name\":\"TS14W Ultrasonic Water Meter R800 Wireless Remote\"}]},{\"@type\":\"WebSite\",\"@id\":\"https:\/\/www.tengyuemetering.com\/#website\",\"url\":\"https:\/\/www.tengyuemetering.com\/\",\"name\":\"Water Meter Supplier&amp;Water Measuring Solution-Tengyue Metering\",\"description\":\"Ultrasonic Water Meter&amp;Smart Water Meter China\",\"publisher\":{\"@id\":\"https:\/\/www.tengyuemetering.com\/#organization\"},\"potentialAction\":[{\"@type\":\"SearchAction\",\"target\":{\"@type\":\"EntryPoint\",\"urlTemplate\":\"https:\/\/www.tengyuemetering.com\/?s={search_term_string}\"},\"query-input\":{\"@type\":\"PropertyValueSpecification\",\"valueRequired\":true,\"valueName\":\"search_term_string\"}}],\"inLanguage\":\"pt-PT\"},{\"@type\":\"Organization\",\"@id\":\"https:\/\/www.tengyuemetering.com\/#organization\",\"name\":\"Water Meter Supplier&amp;Water Measuring Solution-Tengyue Metering\",\"url\":\"https:\/\/www.tengyuemetering.com\/\",\"logo\":{\"@type\":\"ImageObject\",\"inLanguage\":\"pt-PT\",\"@id\":\"https:\/\/www.tengyuemetering.com\/#\/schema\/logo\/image\/\",\"url\":\"https:\/\/www.tengyuemetering.com\/wp-content\/uploads\/2024\/12\/87f194b8255907fc319b6cfa2ea9a24d.png\",\"contentUrl\":\"https:\/\/www.tengyuemetering.com\/wp-content\/uploads\/2024\/12\/87f194b8255907fc319b6cfa2ea9a24d.png\",\"width\":789,\"height\":226,\"caption\":\"Water Meter Supplier&amp;Water Measuring Solution-Tengyue Metering\"},\"image\":{\"@id\":\"https:\/\/www.tengyuemetering.com\/#\/schema\/logo\/image\/\"}}]}<\/script>\n<!-- \/ Yoast SEO plugin. -->","yoast_head_json":{"title":"TS14W Ultrasonic Water Meter R800 Wireless Remote - Water Meter Supplier&amp;Water Measuring Solution-Tengyue Metering","description":"Ultrasonic residential water meter designed for households. Offers wear-free, high-precision measurement and real-time water consumption monitoring. Low power consumption & long service life for water conservation and cost savings. The ideal choice for smart home water management.","robots":{"index":"noindex","follow":"follow","max-snippet":"max-snippet:-1","max-image-preview":"max-image-preview:large","max-video-preview":"max-video-preview:-1"},"og_locale":"pt_PT","og_type":"article","og_title":"TS14W Ultrasonic Water Meter R800 Wireless Remote - Water Meter Supplier&amp;Water Measuring Solution-Tengyue Metering","og_description":"Ultrasonic residential water meter designed for households. Offers wear-free, high-precision measurement and real-time water consumption monitoring. Low power consumption & long service life for water conservation and cost savings. The ideal choice for smart home water management.","og_url":"https:\/\/www.tengyuemetering.com\/pt\/product\/ts14w-ultrasonic-water-meter-r800\/","og_site_name":"Water Meter Supplier&amp;Water Measuring Solution-Tengyue Metering","article_modified_time":"2025-12-24T05:35:27+00:00","og_image":[{"width":1800,"height":1800,"url":"https:\/\/www.tengyuemetering.com\/wp-content\/uploads\/2025\/03\/41.png","type":"image\/png"}],"twitter_card":"summary_large_image","twitter_misc":{"Est. reading time":"1 minuto"},"schema":{"@context":"https:\/\/schema.org","@graph":[{"@type":"WebPage","@id":"https:\/\/www.tengyuemetering.com\/product\/ts14w-ultrasonic-water-meter-r800\/","url":"https:\/\/www.tengyuemetering.com\/product\/ts14w-ultrasonic-water-meter-r800\/","name":"TS14W Ultrasonic Water Meter R800 Wireless Remote - Water Meter Supplier&amp;Water Measuring Solution-Tengyue Metering","isPartOf":{"@id":"https:\/\/www.tengyuemetering.com\/#website"},"primaryImageOfPage":{"@id":"https:\/\/www.tengyuemetering.com\/product\/ts14w-ultrasonic-water-meter-r800\/#primaryimage"},"image":{"@id":"https:\/\/www.tengyuemetering.com\/product\/ts14w-ultrasonic-water-meter-r800\/#primaryimage"},"thumbnailUrl":"https:\/\/www.tengyuemetering.com\/wp-content\/uploads\/2025\/03\/41.png","datePublished":"2025-01-01T07:01:37+00:00","dateModified":"2025-12-24T05:35:27+00:00","description":"Ultrasonic residential water meter designed for households. Offers wear-free, high-precision measurement and real-time water consumption monitoring. Low power consumption & long service life for water conservation and cost savings. The ideal choice for smart home water management.","breadcrumb":{"@id":"https:\/\/www.tengyuemetering.com\/product\/ts14w-ultrasonic-water-meter-r800\/#breadcrumb"},"inLanguage":"pt-PT","potentialAction":[{"@type":"ReadAction","target":["https:\/\/www.tengyuemetering.com\/product\/ts14w-ultrasonic-water-meter-r800\/"]}]},{"@type":"ImageObject","inLanguage":"pt-PT","@id":"https:\/\/www.tengyuemetering.com\/product\/ts14w-ultrasonic-water-meter-r800\/#primaryimage","url":"https:\/\/www.tengyuemetering.com\/wp-content\/uploads\/2025\/03\/41.png","contentUrl":"https:\/\/www.tengyuemetering.com\/wp-content\/uploads\/2025\/03\/41.png","width":1800,"height":1800},{"@type":"BreadcrumbList","@id":"https:\/\/www.tengyuemetering.com\/product\/ts14w-ultrasonic-water-meter-r800\/#breadcrumb","itemListElement":[{"@type":"ListItem","position":1,"name":"Home","item":"https:\/\/www.tengyuemetering.com\/"},{"@type":"ListItem","position":2,"name":"Products","item":"https:\/\/www.tengyuemetering.com\/products\/"},{"@type":"ListItem","position":3,"name":"Water Metering","item":"https:\/\/www.tengyuemetering.com\/product-category\/water-metering\/"},{"@type":"ListItem","position":4,"name":"Ultrasonic Water Meters","item":"https:\/\/www.tengyuemetering.com\/product-category\/water-metering\/ultrasonic-water-meters\/"},{"@type":"ListItem","position":5,"name":"TS14W Ultrasonic Water Meter R800 Wireless Remote"}]},{"@type":"WebSite","@id":"https:\/\/www.tengyuemetering.com\/#website","url":"https:\/\/www.tengyuemetering.com\/","name":"Water Meter Supplier&amp;Water Measuring Solution-Tengyue Metering","description":"Ultrasonic Water Meter&amp;Smart Water Meter China","publisher":{"@id":"https:\/\/www.tengyuemetering.com\/#organization"},"potentialAction":[{"@type":"SearchAction","target":{"@type":"EntryPoint","urlTemplate":"https:\/\/www.tengyuemetering.com\/?s={search_term_string}"},"query-input":{"@type":"PropertyValueSpecification","valueRequired":true,"valueName":"search_term_string"}}],"inLanguage":"pt-PT"},{"@type":"Organization","@id":"https:\/\/www.tengyuemetering.com\/#organization","name":"Water Meter Supplier&amp;Water Measuring Solution-Tengyue Metering","url":"https:\/\/www.tengyuemetering.com\/","logo":{"@type":"ImageObject","inLanguage":"pt-PT","@id":"https:\/\/www.tengyuemetering.com\/#\/schema\/logo\/image\/","url":"https:\/\/www.tengyuemetering.com\/wp-content\/uploads\/2024\/12\/87f194b8255907fc319b6cfa2ea9a24d.png","contentUrl":"https:\/\/www.tengyuemetering.com\/wp-content\/uploads\/2024\/12\/87f194b8255907fc319b6cfa2ea9a24d.png","width":789,"height":226,"caption":"Water Meter Supplier&amp;Water Measuring Solution-Tengyue Metering"},"image":{"@id":"https:\/\/www.tengyuemetering.com\/#\/schema\/logo\/image\/"}}]}},"_links":{"self":[{"href":"https:\/\/www.tengyuemetering.com\/pt\/wp-json\/wp\/v2\/product\/695","targetHints":{"allow":["GET"]}}],"collection":[{"href":"https:\/\/www.tengyuemetering.com\/pt\/wp-json\/wp\/v2\/product"}],"about":[{"href":"https:\/\/www.tengyuemetering.com\/pt\/wp-json\/wp\/v2\/types\/product"}],"version-history":[{"count":21,"href":"https:\/\/www.tengyuemetering.com\/pt\/wp-json\/wp\/v2\/product\/695\/revisions"}],"predecessor-version":[{"id":6999,"href":"https:\/\/www.tengyuemetering.com\/pt\/wp-json\/wp\/v2\/product\/695\/revisions\/6999"}],"wp:featuredmedia":[{"embeddable":true,"href":"https:\/\/www.tengyuemetering.com\/pt\/wp-json\/wp\/v2\/media\/6858"}],"wp:attachment":[{"href":"https:\/\/www.tengyuemetering.com\/pt\/wp-json\/wp\/v2\/media?parent=695"}],"wp:term":[{"taxonomy":"product_brand","embeddable":true,"href":"https:\/\/www.tengyuemetering.com\/pt\/wp-json\/wp\/v2\/product_brand?post=695"},{"taxonomy":"product_cat","embeddable":true,"href":"https:\/\/www.tengyuemetering.com\/pt\/wp-json\/wp\/v2\/product_cat?post=695"},{"taxonomy":"product_tag","embeddable":true,"href":"https:\/\/www.tengyuemetering.com\/pt\/wp-json\/wp\/v2\/product_tag?post=695"}],"curies":[{"name":"wp","href":"https:\/\/api.w.org\/{rel}","templated":true}]}}