{"id":6917,"date":"2025-12-02T04:32:22","date_gmt":"2025-12-02T04:32:22","guid":{"rendered":"https:\/\/www.tengyuemetering.com\/?post_type=product&#038;p=6917"},"modified":"2025-12-02T05:23:49","modified_gmt":"2025-12-02T05:23:49","slug":"ts16w-wireless-remote-smart-water-meter","status":"publish","type":"product","link":"https:\/\/www.tengyuemetering.com\/pt\/product\/ts16w-wireless-remote-smart-water-meter\/","title":{"rendered":"Medidor de \u00e1gua inteligente remoto sem fio TS16W"},"content":{"rendered":"<div data-elementor-type=\"product-post\" data-elementor-id=\"6917\" class=\"elementor elementor-6917\" data-elementor-post-type=\"product\">\n\t\t\t\t<div class=\"elementor-element elementor-element-283dd5de e-flex e-con-boxed e-con e-parent\" data-id=\"283dd5de\" data-element_type=\"container\">\n\t\t\t\t\t<div class=\"e-con-inner\">\n\t\t\t\t<div class=\"elementor-element elementor-element-645f3dc3 elementor-widget elementor-widget-text-editor\" data-id=\"645f3dc3\" data-element_type=\"widget\" data-widget_type=\"text-editor.default\">\n\t\t\t\t<div class=\"elementor-widget-container\">\n\t\t\t\t\t\t\t\t\t<ul><li>Com comunica\u00e7\u00e3o 4G para transmiss\u00e3o de ultra longa dist\u00e2ncia. \u00a0<\/li><li>Design modular que separa os componentes mec\u00e2nicos dos eletr\u00f4nicos para facilitar a manuten\u00e7\u00e3o. \u00a0<\/li><li>Tecnologia de sensoriamento n\u00e3o magn\u00e9tico que permite medi\u00e7\u00e3o bidirecional (direta\/inversa) com forte resist\u00eancia \u00e0 interfer\u00eancia magn\u00e9tica. \u00a0<\/li><li>Frequ\u00eancia de comunica\u00e7\u00e3o: 1 vez por dia; dura\u00e7\u00e3o da bateria \u22656 anos (vida \u00fatil projetada: 8 anos), bateria substitu\u00edvel. \u00a0<\/li><li>Dispon\u00edvel em diversos materiais: cobre, ferro fundido, a\u00e7o inoxid\u00e1vel. \u00a0<\/li><li>Suporta diversos tipos de medidores de base: tipo \u00famido, tipo seco e gera\u00e7\u00e3o de pulsos n\u00e3o magn\u00e9ticos. \u00a0<\/li><li>Fun\u00e7\u00f5es de alarme anormais: fluxo reverso, fluxo acima da faixa, baixa tens\u00e3o, detec\u00e7\u00e3o de vazamento. \u00a0<\/li><li>Antena opcional, integrada ou externa.<\/li><li>Material do medidor: Ferro fundido com acoplamento em a\u00e7o inoxid\u00e1vel.<\/li><\/ul>\t\t\t\t\t\t\t\t<\/div>\n\t\t\t\t<\/div>\n\t\t\t\t\t<\/div>\n\t\t\t\t<\/div>\n\t\t<div class=\"elementor-element elementor-element-ecbd990 e-flex e-con-boxed e-con e-parent\" data-id=\"ecbd990\" data-element_type=\"container\">\n\t\t\t\t\t<div class=\"e-con-inner\">\n\t\t\t\t\t<\/div>\n\t\t\t\t<\/div>\n\t\t\t\t<\/div>","protected":false},"excerpt":{"rendered":"<p><strong>O hidr\u00f4metro remoto sem fio da s\u00e9rie TS16W utiliza tecnologia de transmiss\u00e3o sem fio 4G. Atrav\u00e9s de circuitos de controle microeletr\u00f4nicos, ele converte os dados de medi\u00e7\u00e3o de hidr\u00f4metros mec\u00e2nicos tradicionais em sinais el\u00e9tricos para armazenamento. O dispositivo pode coletar dados de medi\u00e7\u00e3o regularmente e transmiti-los via redes IoT sem fio para sistemas de back-end, permitindo a coleta e an\u00e1lise digital para a gest\u00e3o moderna de recursos h\u00eddricos.<\/strong><\/p>\n<p>&nbsp;<\/p>\n<p><strong>Tamanhos dispon\u00edveis<\/strong><strong>:<\/strong><strong>DN<\/strong><strong>15<\/strong><strong>-DN32<\/strong><strong>\u00a0<\/strong><\/p>\n<p><strong>Protocolos suportados: 4G<\/strong><\/p>","protected":false},"featured_media":6923,"template":"","meta":{"_acf_changed":false,"site-sidebar-layout":"default","site-content-layout":"","ast-site-content-layout":"default","site-content-style":"default","site-sidebar-style":"default","ast-global-header-display":"","ast-banner-title-visibility":"","ast-main-header-display":"","ast-hfb-above-header-display":"","ast-hfb-below-header-display":"","ast-hfb-mobile-header-display":"","site-post-title":"","ast-breadcrumbs-content":"","ast-featured-img":"","footer-sml-layout":"","theme-transparent-header-meta":"default","adv-header-id-meta":"","stick-header-meta":"default","header-above-stick-meta":"","header-main-stick-meta":"","header-below-stick-meta":"","astra-migrate-meta-layouts":"set","ast-page-background-enabled":"default","ast-page-background-meta":{"desktop":{"background-color":"","background-image":"","background-repeat":"repeat","background-position":"center center","background-size":"auto","background-attachment":"scroll","background-type":"","background-media":"","overlay-type":"","overlay-color":"","overlay-opacity":"","overlay-gradient":""},"tablet":{"background-color":"","background-image":"","background-repeat":"repeat","background-position":"center center","background-size":"auto","background-attachment":"scroll","background-type":"","background-media":"","overlay-type":"","overlay-color":"","overlay-opacity":"","overlay-gradient":""},"mobile":{"background-color":"","background-image":"","background-repeat":"repeat","background-position":"center center","background-size":"auto","background-attachment":"scroll","background-type":"","background-media":"","overlay-type":"","overlay-color":"","overlay-opacity":"","overlay-gradient":""}},"ast-content-background-meta":{"desktop":{"background-color":"var(--ast-global-color-5)","background-image":"","background-repeat":"repeat","background-position":"center center","background-size":"auto","background-attachment":"scroll","background-type":"","background-media":"","overlay-type":"","overlay-color":"","overlay-opacity":"","overlay-gradient":""},"tablet":{"background-color":"var(--ast-global-color-5)","background-image":"","background-repeat":"repeat","background-position":"center center","background-size":"auto","background-attachment":"scroll","background-type":"","background-media":"","overlay-type":"","overlay-color":"","overlay-opacity":"","overlay-gradient":""},"mobile":{"background-color":"var(--ast-global-color-5)","background-image":"","background-repeat":"repeat","background-position":"center center","background-size":"auto","background-attachment":"scroll","background-type":"","background-media":"","overlay-type":"","overlay-color":"","overlay-opacity":"","overlay-gradient":""}}},"product_brand":[],"product_cat":[37,29],"product_tag":[],"class_list":{"0":"post-6917","1":"product","2":"type-product","3":"status-publish","4":"has-post-thumbnail","6":"product_cat-water-metering","7":"product_cat-amr-ami-products","8":"desktop-align-left","9":"tablet-align-left","10":"mobile-align-left","12":"first","13":"instock","14":"shipping-taxable","15":"product-type-simple"},"acf":[],"yoast_head":"<!-- This site is optimized with the Yoast SEO plugin v24.1 - https:\/\/yoast.com\/wordpress\/plugins\/seo\/ -->\n<title>TS16W Wireless Remote Smart Water Meter - Water Meter Supplier&amp;Water Measuring Solution-Tengyue Metering<\/title>\n<meta name=\"description\" content=\"The TS16W series wireless remote transmission water meter utilizes 4G wireless transmission technology.\" \/>\n<meta name=\"robots\" content=\"noindex, follow, max-snippet:-1, max-image-preview:large, max-video-preview:-1\" \/>\n<meta property=\"og:locale\" content=\"pt_PT\" \/>\n<meta property=\"og:type\" content=\"article\" \/>\n<meta property=\"og:title\" content=\"TS16W Wireless Remote Smart Water Meter - Water Meter Supplier&amp;Water Measuring Solution-Tengyue Metering\" \/>\n<meta property=\"og:description\" content=\"The TS16W series wireless remote transmission water meter utilizes 4G wireless transmission technology.\" \/>\n<meta property=\"og:url\" content=\"https:\/\/www.tengyuemetering.com\/pt\/product\/ts16w-wireless-remote-smart-water-meter\/\" \/>\n<meta property=\"og:site_name\" content=\"Water Meter Supplier&amp;Water Measuring Solution-Tengyue Metering\" \/>\n<meta property=\"article:modified_time\" content=\"2025-12-02T05:23:49+00:00\" \/>\n<meta property=\"og:image\" content=\"https:\/\/www.tengyuemetering.com\/wp-content\/uploads\/2025\/12\/TS14W.png\" \/>\n\t<meta property=\"og:image:width\" content=\"1600\" \/>\n\t<meta property=\"og:image:height\" content=\"1600\" \/>\n\t<meta property=\"og:image:type\" content=\"image\/png\" \/>\n<meta name=\"twitter:card\" content=\"summary_large_image\" \/>\n<meta name=\"twitter:label1\" content=\"Est. reading time\" \/>\n\t<meta name=\"twitter:data1\" content=\"1 minuto\" \/>\n<script type=\"application\/ld+json\" class=\"yoast-schema-graph\">{\"@context\":\"https:\/\/schema.org\",\"@graph\":[{\"@type\":\"WebPage\",\"@id\":\"https:\/\/www.tengyuemetering.com\/product\/ts16w-wireless-remote-smart-water-meter\/\",\"url\":\"https:\/\/www.tengyuemetering.com\/product\/ts16w-wireless-remote-smart-water-meter\/\",\"name\":\"TS16W Wireless Remote Smart Water Meter - Water Meter Supplier&amp;Water Measuring Solution-Tengyue Metering\",\"isPartOf\":{\"@id\":\"https:\/\/www.tengyuemetering.com\/#website\"},\"primaryImageOfPage\":{\"@id\":\"https:\/\/www.tengyuemetering.com\/product\/ts16w-wireless-remote-smart-water-meter\/#primaryimage\"},\"image\":{\"@id\":\"https:\/\/www.tengyuemetering.com\/product\/ts16w-wireless-remote-smart-water-meter\/#primaryimage\"},\"thumbnailUrl\":\"https:\/\/www.tengyuemetering.com\/wp-content\/uploads\/2025\/12\/TS14W.png\",\"datePublished\":\"2025-12-02T04:32:22+00:00\",\"dateModified\":\"2025-12-02T05:23:49+00:00\",\"description\":\"The TS16W series wireless remote transmission water meter utilizes 4G wireless transmission technology.\",\"breadcrumb\":{\"@id\":\"https:\/\/www.tengyuemetering.com\/product\/ts16w-wireless-remote-smart-water-meter\/#breadcrumb\"},\"inLanguage\":\"pt-PT\",\"potentialAction\":[{\"@type\":\"ReadAction\",\"target\":[\"https:\/\/www.tengyuemetering.com\/product\/ts16w-wireless-remote-smart-water-meter\/\"]}]},{\"@type\":\"ImageObject\",\"inLanguage\":\"pt-PT\",\"@id\":\"https:\/\/www.tengyuemetering.com\/product\/ts16w-wireless-remote-smart-water-meter\/#primaryimage\",\"url\":\"https:\/\/www.tengyuemetering.com\/wp-content\/uploads\/2025\/12\/TS14W.png\",\"contentUrl\":\"https:\/\/www.tengyuemetering.com\/wp-content\/uploads\/2025\/12\/TS14W.png\",\"width\":1600,\"height\":1600},{\"@type\":\"BreadcrumbList\",\"@id\":\"https:\/\/www.tengyuemetering.com\/product\/ts16w-wireless-remote-smart-water-meter\/#breadcrumb\",\"itemListElement\":[{\"@type\":\"ListItem\",\"position\":1,\"name\":\"Home\",\"item\":\"https:\/\/www.tengyuemetering.com\/\"},{\"@type\":\"ListItem\",\"position\":2,\"name\":\"Products\",\"item\":\"https:\/\/www.tengyuemetering.com\/products\/\"},{\"@type\":\"ListItem\",\"position\":3,\"name\":\"Water Metering\",\"item\":\"https:\/\/www.tengyuemetering.com\/product-category\/water-metering\/\"},{\"@type\":\"ListItem\",\"position\":4,\"name\":\"AMR &amp; AMI Meter\",\"item\":\"https:\/\/www.tengyuemetering.com\/product-category\/water-metering\/amr-ami-products\/\"},{\"@type\":\"ListItem\",\"position\":5,\"name\":\"TS16W Wireless Remote Smart Water Meter\"}]},{\"@type\":\"WebSite\",\"@id\":\"https:\/\/www.tengyuemetering.com\/#website\",\"url\":\"https:\/\/www.tengyuemetering.com\/\",\"name\":\"Water Meter Supplier&amp;Water Measuring Solution-Tengyue Metering\",\"description\":\"Ultrasonic Water Meter&amp;Smart Water Meter China\",\"publisher\":{\"@id\":\"https:\/\/www.tengyuemetering.com\/#organization\"},\"potentialAction\":[{\"@type\":\"SearchAction\",\"target\":{\"@type\":\"EntryPoint\",\"urlTemplate\":\"https:\/\/www.tengyuemetering.com\/?s={search_term_string}\"},\"query-input\":{\"@type\":\"PropertyValueSpecification\",\"valueRequired\":true,\"valueName\":\"search_term_string\"}}],\"inLanguage\":\"pt-PT\"},{\"@type\":\"Organization\",\"@id\":\"https:\/\/www.tengyuemetering.com\/#organization\",\"name\":\"Water Meter Supplier&amp;Water Measuring Solution-Tengyue Metering\",\"url\":\"https:\/\/www.tengyuemetering.com\/\",\"logo\":{\"@type\":\"ImageObject\",\"inLanguage\":\"pt-PT\",\"@id\":\"https:\/\/www.tengyuemetering.com\/#\/schema\/logo\/image\/\",\"url\":\"https:\/\/www.tengyuemetering.com\/wp-content\/uploads\/2024\/12\/87f194b8255907fc319b6cfa2ea9a24d.png\",\"contentUrl\":\"https:\/\/www.tengyuemetering.com\/wp-content\/uploads\/2024\/12\/87f194b8255907fc319b6cfa2ea9a24d.png\",\"width\":789,\"height\":226,\"caption\":\"Water Meter Supplier&amp;Water Measuring Solution-Tengyue Metering\"},\"image\":{\"@id\":\"https:\/\/www.tengyuemetering.com\/#\/schema\/logo\/image\/\"}}]}<\/script>\n<!-- \/ Yoast SEO plugin. -->","yoast_head_json":{"title":"TS16W Wireless Remote Smart Water Meter - Water Meter Supplier&amp;Water Measuring Solution-Tengyue Metering","description":"The TS16W series wireless remote transmission water meter utilizes 4G wireless transmission technology.","robots":{"index":"noindex","follow":"follow","max-snippet":"max-snippet:-1","max-image-preview":"max-image-preview:large","max-video-preview":"max-video-preview:-1"},"og_locale":"pt_PT","og_type":"article","og_title":"TS16W Wireless Remote Smart Water Meter - Water Meter Supplier&amp;Water Measuring Solution-Tengyue Metering","og_description":"The TS16W series wireless remote transmission water meter utilizes 4G wireless transmission technology.","og_url":"https:\/\/www.tengyuemetering.com\/pt\/product\/ts16w-wireless-remote-smart-water-meter\/","og_site_name":"Water Meter Supplier&amp;Water Measuring Solution-Tengyue Metering","article_modified_time":"2025-12-02T05:23:49+00:00","og_image":[{"width":1600,"height":1600,"url":"https:\/\/www.tengyuemetering.com\/wp-content\/uploads\/2025\/12\/TS14W.png","type":"image\/png"}],"twitter_card":"summary_large_image","twitter_misc":{"Est. reading time":"1 minuto"},"schema":{"@context":"https:\/\/schema.org","@graph":[{"@type":"WebPage","@id":"https:\/\/www.tengyuemetering.com\/product\/ts16w-wireless-remote-smart-water-meter\/","url":"https:\/\/www.tengyuemetering.com\/product\/ts16w-wireless-remote-smart-water-meter\/","name":"TS16W Wireless Remote Smart Water Meter - Water Meter Supplier&amp;Water Measuring Solution-Tengyue Metering","isPartOf":{"@id":"https:\/\/www.tengyuemetering.com\/#website"},"primaryImageOfPage":{"@id":"https:\/\/www.tengyuemetering.com\/product\/ts16w-wireless-remote-smart-water-meter\/#primaryimage"},"image":{"@id":"https:\/\/www.tengyuemetering.com\/product\/ts16w-wireless-remote-smart-water-meter\/#primaryimage"},"thumbnailUrl":"https:\/\/www.tengyuemetering.com\/wp-content\/uploads\/2025\/12\/TS14W.png","datePublished":"2025-12-02T04:32:22+00:00","dateModified":"2025-12-02T05:23:49+00:00","description":"The TS16W series wireless remote transmission water meter utilizes 4G wireless transmission technology.","breadcrumb":{"@id":"https:\/\/www.tengyuemetering.com\/product\/ts16w-wireless-remote-smart-water-meter\/#breadcrumb"},"inLanguage":"pt-PT","potentialAction":[{"@type":"ReadAction","target":["https:\/\/www.tengyuemetering.com\/product\/ts16w-wireless-remote-smart-water-meter\/"]}]},{"@type":"ImageObject","inLanguage":"pt-PT","@id":"https:\/\/www.tengyuemetering.com\/product\/ts16w-wireless-remote-smart-water-meter\/#primaryimage","url":"https:\/\/www.tengyuemetering.com\/wp-content\/uploads\/2025\/12\/TS14W.png","contentUrl":"https:\/\/www.tengyuemetering.com\/wp-content\/uploads\/2025\/12\/TS14W.png","width":1600,"height":1600},{"@type":"BreadcrumbList","@id":"https:\/\/www.tengyuemetering.com\/product\/ts16w-wireless-remote-smart-water-meter\/#breadcrumb","itemListElement":[{"@type":"ListItem","position":1,"name":"Home","item":"https:\/\/www.tengyuemetering.com\/"},{"@type":"ListItem","position":2,"name":"Products","item":"https:\/\/www.tengyuemetering.com\/products\/"},{"@type":"ListItem","position":3,"name":"Water Metering","item":"https:\/\/www.tengyuemetering.com\/product-category\/water-metering\/"},{"@type":"ListItem","position":4,"name":"AMR &amp; AMI Meter","item":"https:\/\/www.tengyuemetering.com\/product-category\/water-metering\/amr-ami-products\/"},{"@type":"ListItem","position":5,"name":"TS16W Wireless Remote Smart Water Meter"}]},{"@type":"WebSite","@id":"https:\/\/www.tengyuemetering.com\/#website","url":"https:\/\/www.tengyuemetering.com\/","name":"Water Meter Supplier&amp;Water Measuring Solution-Tengyue Metering","description":"Ultrasonic Water Meter&amp;Smart Water Meter China","publisher":{"@id":"https:\/\/www.tengyuemetering.com\/#organization"},"potentialAction":[{"@type":"SearchAction","target":{"@type":"EntryPoint","urlTemplate":"https:\/\/www.tengyuemetering.com\/?s={search_term_string}"},"query-input":{"@type":"PropertyValueSpecification","valueRequired":true,"valueName":"search_term_string"}}],"inLanguage":"pt-PT"},{"@type":"Organization","@id":"https:\/\/www.tengyuemetering.com\/#organization","name":"Water Meter Supplier&amp;Water Measuring Solution-Tengyue Metering","url":"https:\/\/www.tengyuemetering.com\/","logo":{"@type":"ImageObject","inLanguage":"pt-PT","@id":"https:\/\/www.tengyuemetering.com\/#\/schema\/logo\/image\/","url":"https:\/\/www.tengyuemetering.com\/wp-content\/uploads\/2024\/12\/87f194b8255907fc319b6cfa2ea9a24d.png","contentUrl":"https:\/\/www.tengyuemetering.com\/wp-content\/uploads\/2024\/12\/87f194b8255907fc319b6cfa2ea9a24d.png","width":789,"height":226,"caption":"Water Meter Supplier&amp;Water Measuring Solution-Tengyue Metering"},"image":{"@id":"https:\/\/www.tengyuemetering.com\/#\/schema\/logo\/image\/"}}]}},"_links":{"self":[{"href":"https:\/\/www.tengyuemetering.com\/pt\/wp-json\/wp\/v2\/product\/6917","targetHints":{"allow":["GET"]}}],"collection":[{"href":"https:\/\/www.tengyuemetering.com\/pt\/wp-json\/wp\/v2\/product"}],"about":[{"href":"https:\/\/www.tengyuemetering.com\/pt\/wp-json\/wp\/v2\/types\/product"}],"version-history":[{"count":7,"href":"https:\/\/www.tengyuemetering.com\/pt\/wp-json\/wp\/v2\/product\/6917\/revisions"}],"predecessor-version":[{"id":6926,"href":"https:\/\/www.tengyuemetering.com\/pt\/wp-json\/wp\/v2\/product\/6917\/revisions\/6926"}],"wp:featuredmedia":[{"embeddable":true,"href":"https:\/\/www.tengyuemetering.com\/pt\/wp-json\/wp\/v2\/media\/6923"}],"wp:attachment":[{"href":"https:\/\/www.tengyuemetering.com\/pt\/wp-json\/wp\/v2\/media?parent=6917"}],"wp:term":[{"taxonomy":"product_brand","embeddable":true,"href":"https:\/\/www.tengyuemetering.com\/pt\/wp-json\/wp\/v2\/product_brand?post=6917"},{"taxonomy":"product_cat","embeddable":true,"href":"https:\/\/www.tengyuemetering.com\/pt\/wp-json\/wp\/v2\/product_cat?post=6917"},{"taxonomy":"product_tag","embeddable":true,"href":"https:\/\/www.tengyuemetering.com\/pt\/wp-json\/wp\/v2\/product_tag?post=6917"}],"curies":[{"name":"wp","href":"https:\/\/api.w.org\/{rel}","templated":true}]}}