{"id":2804,"date":"2025-03-10T01:42:30","date_gmt":"2025-03-10T01:42:30","guid":{"rendered":"https:\/\/www.tengyuemetering.com\/?post_type=product&#038;p=2804"},"modified":"2025-12-29T01:51:06","modified_gmt":"2025-12-29T01:51:06","slug":"bulk-ultrasonic-water-meter","status":"publish","type":"product","link":"https:\/\/www.tengyuemetering.com\/pt\/product\/bulk-ultrasonic-water-meter\/","title":{"rendered":"Medidor de \u00e1gua ultrass\u00f4nico industrial com medidores de \u00e1gua para irriga\u00e7\u00e3o \u00e0 venda"},"content":{"rendered":"<div data-elementor-type=\"product-post\" data-elementor-id=\"2804\" class=\"elementor elementor-2804\" data-elementor-post-type=\"product\">\n\t\t\t\t<div class=\"elementor-element elementor-element-16bfe720 e-flex e-con-boxed e-con e-parent\" data-id=\"16bfe720\" data-element_type=\"container\">\n\t\t\t\t\t<div class=\"e-con-inner\">\n\t\t\t\t<div class=\"elementor-element elementor-element-33f23eb1 elementor-widget elementor-widget-text-editor\" data-id=\"33f23eb1\" data-element_type=\"widget\" data-widget_type=\"text-editor.default\">\n\t\t\t\t<div class=\"elementor-widget-container\">\n\t\t\t\t\t\t\t\t\t<ul><li>Tecnologia ultrass\u00f4nica para medi\u00e7\u00e3o precisa e ultraconfi\u00e1vel<\/li><li>Excelente estabilidade e confiabilidade a longo prazo<\/li><li>Sem partes m\u00f3veis<\/li><li>Dura\u00e7\u00e3o da bateria com configura\u00e7\u00e3o padr\u00e3o 16 anos<\/li><li>Certifica\u00e7\u00f5es de sa\u00fade dispon\u00edveis para v\u00e1rios pa\u00edses<\/li><li>Classifica\u00e7\u00e3o de prote\u00e7\u00e3o IP68<\/li><li>Suporta v\u00e1rias posi\u00e7\u00f5es de instala\u00e7\u00e3o<\/li><li>Antena otimizada para alcance m\u00e1ximo de r\u00e1dio<\/li><\/ul>\t\t\t\t\t\t\t\t<\/div>\n\t\t\t\t<\/div>\n\t\t\t\t\t<\/div>\n\t\t\t\t<\/div>\n\t\t<div class=\"elementor-element elementor-element-6d9512a e-flex e-con-boxed e-con e-parent\" data-id=\"6d9512a\" data-element_type=\"container\">\n\t\t\t\t\t<div class=\"e-con-inner\">\n\t\t\t\t<div class=\"elementor-element elementor-element-d5e865f elementor-widget elementor-widget-video\" data-id=\"d5e865f\" data-element_type=\"widget\" data-settings=\"{&quot;youtube_url&quot;:&quot;https:\\\/\\\/youtu.be\\\/u6dstxQZYnM&quot;,&quot;autoplay&quot;:&quot;yes&quot;,&quot;loop&quot;:&quot;yes&quot;,&quot;video_type&quot;:&quot;youtube&quot;,&quot;controls&quot;:&quot;yes&quot;}\" data-widget_type=\"video.default\">\n\t\t\t\t<div class=\"elementor-widget-container\">\n\t\t\t\t\t\t\t<div class=\"elementor-wrapper elementor-open-inline\">\n\t\t\t<div class=\"elementor-video\"><\/div>\t\t<\/div>\n\t\t\t\t\t\t<\/div>\n\t\t\t\t<\/div>\n\t\t\t\t\t<\/div>\n\t\t\t\t<\/div>\n\t\t\t\t<\/div>","protected":false},"excerpt":{"rendered":"<p>&nbsp;<\/p>\n<p>O medidor de \u00e1gua ultrass\u00f4nico S8 \u00e9 a solu\u00e7\u00e3o moderna para medi\u00e7\u00e3o de grandes volumes nos setores de servi\u00e7os p\u00fablicos, industrial e comercial, especialmente usado em irriga\u00e7\u00e3o agr\u00edcola com perda de press\u00e3o muito baixa ao mesmo tempo.<\/p>\n<p>Todos os componentes s\u00e3o IP68 para que o hidr\u00f4metro possa funcionar em qualquer ambiente hostil.<\/p>\n<p>Sua baix\u00edssima vaz\u00e3o inicial, sua ampla faixa de medi\u00e7\u00e3o e a aus\u00eancia de partes m\u00f3veis permitem contabilizar todo o consumo, facilitando a identifica\u00e7\u00e3o de vazamentos.<\/p>\n<p>&nbsp;<\/p>\n<p>Tamanhos dispon\u00edveis: DN50-DN400 (2\u201d-16\u201d)<\/p>\n<p>&nbsp;<\/p>\n<p>Protocolos suportados: Suporte RS485 modbus\/4G\/NB-IoT<\/p>","protected":false},"featured_media":7004,"template":"","meta":{"_acf_changed":false,"site-sidebar-layout":"default","site-content-layout":"","ast-site-content-layout":"default","site-content-style":"default","site-sidebar-style":"default","ast-global-header-display":"","ast-banner-title-visibility":"","ast-main-header-display":"","ast-hfb-above-header-display":"","ast-hfb-below-header-display":"","ast-hfb-mobile-header-display":"","site-post-title":"","ast-breadcrumbs-content":"","ast-featured-img":"","footer-sml-layout":"","theme-transparent-header-meta":"default","adv-header-id-meta":"","stick-header-meta":"default","header-above-stick-meta":"","header-main-stick-meta":"","header-below-stick-meta":"","astra-migrate-meta-layouts":"set","ast-page-background-enabled":"default","ast-page-background-meta":{"desktop":{"background-color":"","background-image":"","background-repeat":"repeat","background-position":"center center","background-size":"auto","background-attachment":"scroll","background-type":"","background-media":"","overlay-type":"","overlay-color":"","overlay-opacity":"","overlay-gradient":""},"tablet":{"background-color":"","background-image":"","background-repeat":"repeat","background-position":"center center","background-size":"auto","background-attachment":"scroll","background-type":"","background-media":"","overlay-type":"","overlay-color":"","overlay-opacity":"","overlay-gradient":""},"mobile":{"background-color":"","background-image":"","background-repeat":"repeat","background-position":"center center","background-size":"auto","background-attachment":"scroll","background-type":"","background-media":"","overlay-type":"","overlay-color":"","overlay-opacity":"","overlay-gradient":""}},"ast-content-background-meta":{"desktop":{"background-color":"var(--ast-global-color-5)","background-image":"","background-repeat":"repeat","background-position":"center center","background-size":"auto","background-attachment":"scroll","background-type":"","background-media":"","overlay-type":"","overlay-color":"","overlay-opacity":"","overlay-gradient":""},"tablet":{"background-color":"var(--ast-global-color-5)","background-image":"","background-repeat":"repeat","background-position":"center center","background-size":"auto","background-attachment":"scroll","background-type":"","background-media":"","overlay-type":"","overlay-color":"","overlay-opacity":"","overlay-gradient":""},"mobile":{"background-color":"var(--ast-global-color-5)","background-image":"","background-repeat":"repeat","background-position":"center center","background-size":"auto","background-attachment":"scroll","background-type":"","background-media":"","overlay-type":"","overlay-color":"","overlay-opacity":"","overlay-gradient":""}}},"product_brand":[],"product_cat":[37,29,15],"product_tag":[],"class_list":{"0":"post-2804","1":"product","2":"type-product","3":"status-publish","4":"has-post-thumbnail","6":"product_cat-water-metering","7":"product_cat-amr-ami-products","8":"product_cat-ultrasonic-water-meters","9":"desktop-align-left","10":"tablet-align-left","11":"mobile-align-left","13":"first","14":"instock","15":"shipping-taxable","16":"product-type-simple"},"acf":[],"yoast_head":"<!-- This site is optimized with the Yoast SEO plugin v24.1 - https:\/\/yoast.com\/wordpress\/plugins\/seo\/ -->\n<title>Industrial Ultrasonic Water Meter With Irrigation Water Meters For Sale - Water Meter Supplier&amp;Water Measuring Solution-Tengyue Metering<\/title>\n<meta name=\"description\" content=\"High-flow ultrasonic water meter for district metering, industrial parks, and large building mains. Features wide rangeability and minimal pressure loss. Provides a reliable bulk water measurement and data transmission solution.\" \/>\n<meta name=\"robots\" content=\"noindex, follow, max-snippet:-1, max-image-preview:large, max-video-preview:-1\" \/>\n<meta property=\"og:locale\" content=\"pt_PT\" \/>\n<meta property=\"og:type\" content=\"article\" \/>\n<meta property=\"og:title\" content=\"Industrial Ultrasonic Water Meter With Irrigation Water Meters For Sale - Water Meter Supplier&amp;Water Measuring Solution-Tengyue Metering\" \/>\n<meta property=\"og:description\" content=\"High-flow ultrasonic water meter for district metering, industrial parks, and large building mains. Features wide rangeability and minimal pressure loss. Provides a reliable bulk water measurement and data transmission solution.\" \/>\n<meta property=\"og:url\" content=\"https:\/\/www.tengyuemetering.com\/pt\/product\/bulk-ultrasonic-water-meter\/\" \/>\n<meta property=\"og:site_name\" content=\"Water Meter Supplier&amp;Water Measuring Solution-Tengyue Metering\" \/>\n<meta property=\"article:modified_time\" content=\"2025-12-29T01:51:06+00:00\" \/>\n<meta property=\"og:image\" content=\"https:\/\/www.tengyuemetering.com\/wp-content\/uploads\/2025\/03\/2.png\" \/>\n\t<meta property=\"og:image:width\" content=\"800\" \/>\n\t<meta property=\"og:image:height\" content=\"800\" \/>\n\t<meta property=\"og:image:type\" content=\"image\/png\" \/>\n<meta name=\"twitter:card\" content=\"summary_large_image\" \/>\n<meta name=\"twitter:label1\" content=\"Est. reading time\" \/>\n\t<meta name=\"twitter:data1\" content=\"1 minuto\" \/>\n<script type=\"application\/ld+json\" class=\"yoast-schema-graph\">{\"@context\":\"https:\/\/schema.org\",\"@graph\":[{\"@type\":\"WebPage\",\"@id\":\"https:\/\/www.tengyuemetering.com\/product\/bulk-ultrasonic-water-meter\/\",\"url\":\"https:\/\/www.tengyuemetering.com\/product\/bulk-ultrasonic-water-meter\/\",\"name\":\"Industrial Ultrasonic Water Meter With Irrigation Water Meters For Sale - Water Meter Supplier&amp;Water Measuring Solution-Tengyue Metering\",\"isPartOf\":{\"@id\":\"https:\/\/www.tengyuemetering.com\/#website\"},\"primaryImageOfPage\":{\"@id\":\"https:\/\/www.tengyuemetering.com\/product\/bulk-ultrasonic-water-meter\/#primaryimage\"},\"image\":{\"@id\":\"https:\/\/www.tengyuemetering.com\/product\/bulk-ultrasonic-water-meter\/#primaryimage\"},\"thumbnailUrl\":\"https:\/\/www.tengyuemetering.com\/wp-content\/uploads\/2025\/03\/2.png\",\"datePublished\":\"2025-03-10T01:42:30+00:00\",\"dateModified\":\"2025-12-29T01:51:06+00:00\",\"description\":\"High-flow ultrasonic water meter for district metering, industrial parks, and large building mains. Features wide rangeability and minimal pressure loss. Provides a reliable bulk water measurement and data transmission solution.\",\"breadcrumb\":{\"@id\":\"https:\/\/www.tengyuemetering.com\/product\/bulk-ultrasonic-water-meter\/#breadcrumb\"},\"inLanguage\":\"pt-PT\",\"potentialAction\":[{\"@type\":\"ReadAction\",\"target\":[\"https:\/\/www.tengyuemetering.com\/product\/bulk-ultrasonic-water-meter\/\"]}]},{\"@type\":\"ImageObject\",\"inLanguage\":\"pt-PT\",\"@id\":\"https:\/\/www.tengyuemetering.com\/product\/bulk-ultrasonic-water-meter\/#primaryimage\",\"url\":\"https:\/\/www.tengyuemetering.com\/wp-content\/uploads\/2025\/03\/2.png\",\"contentUrl\":\"https:\/\/www.tengyuemetering.com\/wp-content\/uploads\/2025\/03\/2.png\",\"width\":800,\"height\":800},{\"@type\":\"BreadcrumbList\",\"@id\":\"https:\/\/www.tengyuemetering.com\/product\/bulk-ultrasonic-water-meter\/#breadcrumb\",\"itemListElement\":[{\"@type\":\"ListItem\",\"position\":1,\"name\":\"Home\",\"item\":\"https:\/\/www.tengyuemetering.com\/\"},{\"@type\":\"ListItem\",\"position\":2,\"name\":\"Products\",\"item\":\"https:\/\/www.tengyuemetering.com\/products\/\"},{\"@type\":\"ListItem\",\"position\":3,\"name\":\"Water Metering\",\"item\":\"https:\/\/www.tengyuemetering.com\/product-category\/water-metering\/\"},{\"@type\":\"ListItem\",\"position\":4,\"name\":\"Ultrasonic Water Meters\",\"item\":\"https:\/\/www.tengyuemetering.com\/product-category\/water-metering\/ultrasonic-water-meters\/\"},{\"@type\":\"ListItem\",\"position\":5,\"name\":\"Industrial Ultrasonic Water Meter With Irrigation Water Meters For Sale\"}]},{\"@type\":\"WebSite\",\"@id\":\"https:\/\/www.tengyuemetering.com\/#website\",\"url\":\"https:\/\/www.tengyuemetering.com\/\",\"name\":\"Water Meter Supplier&amp;Water Measuring Solution-Tengyue Metering\",\"description\":\"Ultrasonic Water Meter&amp;Smart Water Meter China\",\"publisher\":{\"@id\":\"https:\/\/www.tengyuemetering.com\/#organization\"},\"potentialAction\":[{\"@type\":\"SearchAction\",\"target\":{\"@type\":\"EntryPoint\",\"urlTemplate\":\"https:\/\/www.tengyuemetering.com\/?s={search_term_string}\"},\"query-input\":{\"@type\":\"PropertyValueSpecification\",\"valueRequired\":true,\"valueName\":\"search_term_string\"}}],\"inLanguage\":\"pt-PT\"},{\"@type\":\"Organization\",\"@id\":\"https:\/\/www.tengyuemetering.com\/#organization\",\"name\":\"Water Meter Supplier&amp;Water Measuring Solution-Tengyue Metering\",\"url\":\"https:\/\/www.tengyuemetering.com\/\",\"logo\":{\"@type\":\"ImageObject\",\"inLanguage\":\"pt-PT\",\"@id\":\"https:\/\/www.tengyuemetering.com\/#\/schema\/logo\/image\/\",\"url\":\"https:\/\/www.tengyuemetering.com\/wp-content\/uploads\/2024\/12\/87f194b8255907fc319b6cfa2ea9a24d.png\",\"contentUrl\":\"https:\/\/www.tengyuemetering.com\/wp-content\/uploads\/2024\/12\/87f194b8255907fc319b6cfa2ea9a24d.png\",\"width\":789,\"height\":226,\"caption\":\"Water Meter Supplier&amp;Water Measuring Solution-Tengyue Metering\"},\"image\":{\"@id\":\"https:\/\/www.tengyuemetering.com\/#\/schema\/logo\/image\/\"}}]}<\/script>\n<!-- \/ Yoast SEO plugin. -->","yoast_head_json":{"title":"Industrial Ultrasonic Water Meter With Irrigation Water Meters For Sale - Water Meter Supplier&amp;Water Measuring Solution-Tengyue Metering","description":"High-flow ultrasonic water meter for district metering, industrial parks, and large building mains. Features wide rangeability and minimal pressure loss. Provides a reliable bulk water measurement and data transmission solution.","robots":{"index":"noindex","follow":"follow","max-snippet":"max-snippet:-1","max-image-preview":"max-image-preview:large","max-video-preview":"max-video-preview:-1"},"og_locale":"pt_PT","og_type":"article","og_title":"Industrial Ultrasonic Water Meter With Irrigation Water Meters For Sale - Water Meter Supplier&amp;Water Measuring Solution-Tengyue Metering","og_description":"High-flow ultrasonic water meter for district metering, industrial parks, and large building mains. Features wide rangeability and minimal pressure loss. Provides a reliable bulk water measurement and data transmission solution.","og_url":"https:\/\/www.tengyuemetering.com\/pt\/product\/bulk-ultrasonic-water-meter\/","og_site_name":"Water Meter Supplier&amp;Water Measuring Solution-Tengyue Metering","article_modified_time":"2025-12-29T01:51:06+00:00","og_image":[{"width":800,"height":800,"url":"https:\/\/www.tengyuemetering.com\/wp-content\/uploads\/2025\/03\/2.png","type":"image\/png"}],"twitter_card":"summary_large_image","twitter_misc":{"Est. reading time":"1 minuto"},"schema":{"@context":"https:\/\/schema.org","@graph":[{"@type":"WebPage","@id":"https:\/\/www.tengyuemetering.com\/product\/bulk-ultrasonic-water-meter\/","url":"https:\/\/www.tengyuemetering.com\/product\/bulk-ultrasonic-water-meter\/","name":"Industrial Ultrasonic Water Meter With Irrigation Water Meters For Sale - Water Meter Supplier&amp;Water Measuring Solution-Tengyue Metering","isPartOf":{"@id":"https:\/\/www.tengyuemetering.com\/#website"},"primaryImageOfPage":{"@id":"https:\/\/www.tengyuemetering.com\/product\/bulk-ultrasonic-water-meter\/#primaryimage"},"image":{"@id":"https:\/\/www.tengyuemetering.com\/product\/bulk-ultrasonic-water-meter\/#primaryimage"},"thumbnailUrl":"https:\/\/www.tengyuemetering.com\/wp-content\/uploads\/2025\/03\/2.png","datePublished":"2025-03-10T01:42:30+00:00","dateModified":"2025-12-29T01:51:06+00:00","description":"High-flow ultrasonic water meter for district metering, industrial parks, and large building mains. Features wide rangeability and minimal pressure loss. Provides a reliable bulk water measurement and data transmission solution.","breadcrumb":{"@id":"https:\/\/www.tengyuemetering.com\/product\/bulk-ultrasonic-water-meter\/#breadcrumb"},"inLanguage":"pt-PT","potentialAction":[{"@type":"ReadAction","target":["https:\/\/www.tengyuemetering.com\/product\/bulk-ultrasonic-water-meter\/"]}]},{"@type":"ImageObject","inLanguage":"pt-PT","@id":"https:\/\/www.tengyuemetering.com\/product\/bulk-ultrasonic-water-meter\/#primaryimage","url":"https:\/\/www.tengyuemetering.com\/wp-content\/uploads\/2025\/03\/2.png","contentUrl":"https:\/\/www.tengyuemetering.com\/wp-content\/uploads\/2025\/03\/2.png","width":800,"height":800},{"@type":"BreadcrumbList","@id":"https:\/\/www.tengyuemetering.com\/product\/bulk-ultrasonic-water-meter\/#breadcrumb","itemListElement":[{"@type":"ListItem","position":1,"name":"Home","item":"https:\/\/www.tengyuemetering.com\/"},{"@type":"ListItem","position":2,"name":"Products","item":"https:\/\/www.tengyuemetering.com\/products\/"},{"@type":"ListItem","position":3,"name":"Water Metering","item":"https:\/\/www.tengyuemetering.com\/product-category\/water-metering\/"},{"@type":"ListItem","position":4,"name":"Ultrasonic Water Meters","item":"https:\/\/www.tengyuemetering.com\/product-category\/water-metering\/ultrasonic-water-meters\/"},{"@type":"ListItem","position":5,"name":"Industrial Ultrasonic Water Meter With Irrigation Water Meters For Sale"}]},{"@type":"WebSite","@id":"https:\/\/www.tengyuemetering.com\/#website","url":"https:\/\/www.tengyuemetering.com\/","name":"Water Meter Supplier&amp;Water Measuring Solution-Tengyue Metering","description":"Ultrasonic Water Meter&amp;Smart Water Meter China","publisher":{"@id":"https:\/\/www.tengyuemetering.com\/#organization"},"potentialAction":[{"@type":"SearchAction","target":{"@type":"EntryPoint","urlTemplate":"https:\/\/www.tengyuemetering.com\/?s={search_term_string}"},"query-input":{"@type":"PropertyValueSpecification","valueRequired":true,"valueName":"search_term_string"}}],"inLanguage":"pt-PT"},{"@type":"Organization","@id":"https:\/\/www.tengyuemetering.com\/#organization","name":"Water Meter Supplier&amp;Water Measuring Solution-Tengyue Metering","url":"https:\/\/www.tengyuemetering.com\/","logo":{"@type":"ImageObject","inLanguage":"pt-PT","@id":"https:\/\/www.tengyuemetering.com\/#\/schema\/logo\/image\/","url":"https:\/\/www.tengyuemetering.com\/wp-content\/uploads\/2024\/12\/87f194b8255907fc319b6cfa2ea9a24d.png","contentUrl":"https:\/\/www.tengyuemetering.com\/wp-content\/uploads\/2024\/12\/87f194b8255907fc319b6cfa2ea9a24d.png","width":789,"height":226,"caption":"Water Meter Supplier&amp;Water Measuring Solution-Tengyue Metering"},"image":{"@id":"https:\/\/www.tengyuemetering.com\/#\/schema\/logo\/image\/"}}]}},"_links":{"self":[{"href":"https:\/\/www.tengyuemetering.com\/pt\/wp-json\/wp\/v2\/product\/2804","targetHints":{"allow":["GET"]}}],"collection":[{"href":"https:\/\/www.tengyuemetering.com\/pt\/wp-json\/wp\/v2\/product"}],"about":[{"href":"https:\/\/www.tengyuemetering.com\/pt\/wp-json\/wp\/v2\/types\/product"}],"version-history":[{"count":22,"href":"https:\/\/www.tengyuemetering.com\/pt\/wp-json\/wp\/v2\/product\/2804\/revisions"}],"predecessor-version":[{"id":6073,"href":"https:\/\/www.tengyuemetering.com\/pt\/wp-json\/wp\/v2\/product\/2804\/revisions\/6073"}],"wp:featuredmedia":[{"embeddable":true,"href":"https:\/\/www.tengyuemetering.com\/pt\/wp-json\/wp\/v2\/media\/7004"}],"wp:attachment":[{"href":"https:\/\/www.tengyuemetering.com\/pt\/wp-json\/wp\/v2\/media?parent=2804"}],"wp:term":[{"taxonomy":"product_brand","embeddable":true,"href":"https:\/\/www.tengyuemetering.com\/pt\/wp-json\/wp\/v2\/product_brand?post=2804"},{"taxonomy":"product_cat","embeddable":true,"href":"https:\/\/www.tengyuemetering.com\/pt\/wp-json\/wp\/v2\/product_cat?post=2804"},{"taxonomy":"product_tag","embeddable":true,"href":"https:\/\/www.tengyuemetering.com\/pt\/wp-json\/wp\/v2\/product_tag?post=2804"}],"curies":[{"name":"wp","href":"https:\/\/api.w.org\/{rel}","templated":true}]}}