{"id":2472,"date":"2025-03-03T02:15:39","date_gmt":"2025-03-03T02:15:39","guid":{"rendered":"http:\/\/www.tengyuemetering.com\/?post_type=product&#038;p=2472"},"modified":"2025-12-15T01:09:20","modified_gmt":"2025-12-15T01:09:20","slug":"sts-brass-body-prepaid-water-meter-dn1525","status":"publish","type":"product","link":"https:\/\/www.tengyuemetering.com\/pt\/product\/sts-brass-body-prepaid-water-meter-dn1525\/","title":{"rendered":"Medidor de \u00e1gua pr\u00e9-pago com corpo de lat\u00e3o STS DN15~25"},"content":{"rendered":"<div data-elementor-type=\"product-post\" data-elementor-id=\"2472\" class=\"elementor elementor-2472\" data-elementor-post-type=\"product\">\n\t\t\t\t<div class=\"elementor-element elementor-element-748970f2 e-flex e-con-boxed e-con e-parent\" data-id=\"748970f2\" data-element_type=\"container\">\n\t\t\t\t\t<div class=\"e-con-inner\">\n\t\t\t\t<div class=\"elementor-element elementor-element-24ee198f elementor-widget elementor-widget-text-editor\" data-id=\"24ee198f\" data-element_type=\"widget\" data-widget_type=\"text-editor.default\">\n\t\t\t\t<div class=\"elementor-widget-container\">\n\t\t\t\t\t\t\t\t\t<ul><li>Aviso de \u00e1gua insuficiente<\/li><li>Baixo consumo de energia<\/li><li>\u00c1gua de emerg\u00eancia (cheque especial)<\/li><li>Classifica\u00e7\u00e3o de prote\u00e7\u00e3o IP68<\/li><li>Anti-viola\u00e7\u00e3o magn\u00e9tica<\/li><li>Tipo de pagamento m\u00faltiplo<\/li><li>Aviso de cr\u00e9dito baixo pr\u00e9-program\u00e1vel<\/li><li>Prote\u00e7\u00e3o de campo magn\u00e9tico<\/li><li>Corpo do medidor em lat\u00e3o\/pl\u00e1stico opcional<\/li><\/ul>\t\t\t\t\t\t\t\t<\/div>\n\t\t\t\t<\/div>\n\t\t\t\t\t<\/div>\n\t\t\t\t<\/div>\n\t\t<div class=\"elementor-element elementor-element-020f1ee e-flex e-con-boxed e-con e-parent\" data-id=\"020f1ee\" data-element_type=\"container\">\n\t\t\t\t\t<div class=\"e-con-inner\">\n\t\t\t\t<div class=\"elementor-element elementor-element-4e9291b elementor-widget elementor-widget-video\" data-id=\"4e9291b\" data-element_type=\"widget\" data-settings=\"{&quot;youtube_url&quot;:&quot;https:\\\/\\\/youtu.be\\\/4OkeNoTuVqE&quot;,&quot;autoplay&quot;:&quot;yes&quot;,&quot;loop&quot;:&quot;yes&quot;,&quot;video_type&quot;:&quot;youtube&quot;,&quot;controls&quot;:&quot;yes&quot;}\" data-widget_type=\"video.default\">\n\t\t\t\t<div class=\"elementor-widget-container\">\n\t\t\t\t\t\t\t<div class=\"elementor-wrapper elementor-open-inline\">\n\t\t\t<div class=\"elementor-video\"><\/div>\t\t<\/div>\n\t\t\t\t\t\t<\/div>\n\t\t\t\t<\/div>\n\t\t\t\t\t<\/div>\n\t\t\t\t<\/div>\n\t\t\t\t<\/div>","protected":false},"excerpt":{"rendered":"<p>O sistema de medidor de \u00e1gua pr\u00e9-pago com controle de v\u00e1lvula Tengyue STS, incluindo a unidade de interface com o cliente (ClU) e o medidor de \u00e1gua inteligente pr\u00e9-pago, s\u00e3o ambos integrados ao M\u00f3dulo de Comunica\u00e7\u00e3o Sem Fio RF LoRa. Os usu\u00e1rios finais precisam apenas inserir tokens via ClU para realizar fun\u00e7\u00f5es b\u00e1sicas, como, por exemplo, inserir um token de recarga de 20 d\u00edgitos para recarregar o medidor e inserir um token de consulta de dados de 2 d\u00edgitos para consultar os par\u00e2metros do medidor.<\/p>\n<p>&nbsp;<\/p>\n<p>Tamanhos dispon\u00edveis: DN15-DN25 (1\/2\u201d-1\u201d)<\/p>\n<p>&nbsp;<\/p>","protected":false},"featured_media":6803,"template":"","meta":{"_acf_changed":false,"site-sidebar-layout":"default","site-content-layout":"","ast-site-content-layout":"default","site-content-style":"default","site-sidebar-style":"default","ast-global-header-display":"","ast-banner-title-visibility":"","ast-main-header-display":"","ast-hfb-above-header-display":"","ast-hfb-below-header-display":"","ast-hfb-mobile-header-display":"","site-post-title":"","ast-breadcrumbs-content":"","ast-featured-img":"","footer-sml-layout":"","theme-transparent-header-meta":"default","adv-header-id-meta":"","stick-header-meta":"default","header-above-stick-meta":"","header-main-stick-meta":"","header-below-stick-meta":"","astra-migrate-meta-layouts":"set","ast-page-background-enabled":"default","ast-page-background-meta":{"desktop":{"background-color":"","background-image":"","background-repeat":"repeat","background-position":"center center","background-size":"auto","background-attachment":"scroll","background-type":"","background-media":"","overlay-type":"","overlay-color":"","overlay-opacity":"","overlay-gradient":""},"tablet":{"background-color":"","background-image":"","background-repeat":"repeat","background-position":"center center","background-size":"auto","background-attachment":"scroll","background-type":"","background-media":"","overlay-type":"","overlay-color":"","overlay-opacity":"","overlay-gradient":""},"mobile":{"background-color":"","background-image":"","background-repeat":"repeat","background-position":"center center","background-size":"auto","background-attachment":"scroll","background-type":"","background-media":"","overlay-type":"","overlay-color":"","overlay-opacity":"","overlay-gradient":""}},"ast-content-background-meta":{"desktop":{"background-color":"var(--ast-global-color-5)","background-image":"","background-repeat":"repeat","background-position":"center center","background-size":"auto","background-attachment":"scroll","background-type":"","background-media":"","overlay-type":"","overlay-color":"","overlay-opacity":"","overlay-gradient":""},"tablet":{"background-color":"var(--ast-global-color-5)","background-image":"","background-repeat":"repeat","background-position":"center center","background-size":"auto","background-attachment":"scroll","background-type":"","background-media":"","overlay-type":"","overlay-color":"","overlay-opacity":"","overlay-gradient":""},"mobile":{"background-color":"var(--ast-global-color-5)","background-image":"","background-repeat":"repeat","background-position":"center center","background-size":"auto","background-attachment":"scroll","background-type":"","background-media":"","overlay-type":"","overlay-color":"","overlay-opacity":"","overlay-gradient":""}}},"product_brand":[],"product_cat":[46,45],"product_tag":[],"class_list":{"0":"post-2472","1":"product","2":"type-product","3":"status-publish","4":"has-post-thumbnail","6":"product_cat-prepaid-meter","7":"product_cat-sts-meter","8":"desktop-align-left","9":"tablet-align-left","10":"mobile-align-left","12":"first","13":"instock","14":"shipping-taxable","15":"product-type-simple"},"acf":[],"yoast_head":"<!-- This site is optimized with the Yoast SEO plugin v24.1 - https:\/\/yoast.com\/wordpress\/plugins\/seo\/ -->\n<title>STS Brass Body Prepaid Water Meter DN15~25 - Water Meter Supplier&amp;Water Measuring Solution-Tengyue Metering<\/title>\n<meta name=\"description\" content=\"Advanced STS ultrasonic water meter with valve control. Combines high-accuracy, wear-free ultrasonic measurement with secure STS prepaid token and valve management. The ultimate solution for modern, efficient water utilities.\" \/>\n<meta name=\"robots\" content=\"noindex, follow, max-snippet:-1, max-image-preview:large, max-video-preview:-1\" \/>\n<meta property=\"og:locale\" content=\"pt_PT\" \/>\n<meta property=\"og:type\" content=\"article\" \/>\n<meta property=\"og:title\" content=\"STS Brass Body Prepaid Water Meter DN15~25 - Water Meter Supplier&amp;Water Measuring Solution-Tengyue Metering\" \/>\n<meta property=\"og:description\" content=\"Advanced STS ultrasonic water meter with valve control. Combines high-accuracy, wear-free ultrasonic measurement with secure STS prepaid token and valve management. The ultimate solution for modern, efficient water utilities.\" \/>\n<meta property=\"og:url\" content=\"https:\/\/www.tengyuemetering.com\/pt\/product\/sts-brass-body-prepaid-water-meter-dn1525\/\" \/>\n<meta property=\"og:site_name\" content=\"Water Meter Supplier&amp;Water Measuring Solution-Tengyue Metering\" \/>\n<meta property=\"article:modified_time\" content=\"2025-12-15T01:09:20+00:00\" \/>\n<meta property=\"og:image\" content=\"https:\/\/www.tengyuemetering.com\/wp-content\/uploads\/2025\/03\/17.png\" \/>\n\t<meta property=\"og:image:width\" content=\"1800\" \/>\n\t<meta property=\"og:image:height\" content=\"1800\" \/>\n\t<meta property=\"og:image:type\" content=\"image\/png\" \/>\n<meta name=\"twitter:card\" content=\"summary_large_image\" \/>\n<meta name=\"twitter:label1\" content=\"Est. reading time\" \/>\n\t<meta name=\"twitter:data1\" content=\"1 minuto\" \/>\n<script type=\"application\/ld+json\" class=\"yoast-schema-graph\">{\"@context\":\"https:\/\/schema.org\",\"@graph\":[{\"@type\":\"WebPage\",\"@id\":\"https:\/\/www.tengyuemetering.com\/product\/sts-brass-body-prepaid-water-meter-dn1525\/\",\"url\":\"https:\/\/www.tengyuemetering.com\/product\/sts-brass-body-prepaid-water-meter-dn1525\/\",\"name\":\"STS Brass Body Prepaid Water Meter DN15~25 - Water Meter Supplier&amp;Water Measuring Solution-Tengyue Metering\",\"isPartOf\":{\"@id\":\"https:\/\/www.tengyuemetering.com\/#website\"},\"primaryImageOfPage\":{\"@id\":\"https:\/\/www.tengyuemetering.com\/product\/sts-brass-body-prepaid-water-meter-dn1525\/#primaryimage\"},\"image\":{\"@id\":\"https:\/\/www.tengyuemetering.com\/product\/sts-brass-body-prepaid-water-meter-dn1525\/#primaryimage\"},\"thumbnailUrl\":\"https:\/\/www.tengyuemetering.com\/wp-content\/uploads\/2025\/03\/17.png\",\"datePublished\":\"2025-03-03T02:15:39+00:00\",\"dateModified\":\"2025-12-15T01:09:20+00:00\",\"description\":\"Advanced STS ultrasonic water meter with valve control. Combines high-accuracy, wear-free ultrasonic measurement with secure STS prepaid token and valve management. The ultimate solution for modern, efficient water utilities.\",\"breadcrumb\":{\"@id\":\"https:\/\/www.tengyuemetering.com\/product\/sts-brass-body-prepaid-water-meter-dn1525\/#breadcrumb\"},\"inLanguage\":\"pt-PT\",\"potentialAction\":[{\"@type\":\"ReadAction\",\"target\":[\"https:\/\/www.tengyuemetering.com\/product\/sts-brass-body-prepaid-water-meter-dn1525\/\"]}]},{\"@type\":\"ImageObject\",\"inLanguage\":\"pt-PT\",\"@id\":\"https:\/\/www.tengyuemetering.com\/product\/sts-brass-body-prepaid-water-meter-dn1525\/#primaryimage\",\"url\":\"https:\/\/www.tengyuemetering.com\/wp-content\/uploads\/2025\/03\/17.png\",\"contentUrl\":\"https:\/\/www.tengyuemetering.com\/wp-content\/uploads\/2025\/03\/17.png\",\"width\":1800,\"height\":1800},{\"@type\":\"BreadcrumbList\",\"@id\":\"https:\/\/www.tengyuemetering.com\/product\/sts-brass-body-prepaid-water-meter-dn1525\/#breadcrumb\",\"itemListElement\":[{\"@type\":\"ListItem\",\"position\":1,\"name\":\"Home\",\"item\":\"https:\/\/www.tengyuemetering.com\/\"},{\"@type\":\"ListItem\",\"position\":2,\"name\":\"Products\",\"item\":\"https:\/\/www.tengyuemetering.com\/products\/\"},{\"@type\":\"ListItem\",\"position\":3,\"name\":\"Water Metering\",\"item\":\"https:\/\/www.tengyuemetering.com\/product-category\/water-metering\/\"},{\"@type\":\"ListItem\",\"position\":4,\"name\":\"STS Water Meter\",\"item\":\"https:\/\/www.tengyuemetering.com\/product-category\/water-metering\/sts-meter\/\"},{\"@type\":\"ListItem\",\"position\":5,\"name\":\"STS Brass Body Prepaid Water Meter DN15~25\"}]},{\"@type\":\"WebSite\",\"@id\":\"https:\/\/www.tengyuemetering.com\/#website\",\"url\":\"https:\/\/www.tengyuemetering.com\/\",\"name\":\"Water Meter Supplier&amp;Water Measuring Solution-Tengyue Metering\",\"description\":\"Ultrasonic Water Meter&amp;Smart Water Meter China\",\"publisher\":{\"@id\":\"https:\/\/www.tengyuemetering.com\/#organization\"},\"potentialAction\":[{\"@type\":\"SearchAction\",\"target\":{\"@type\":\"EntryPoint\",\"urlTemplate\":\"https:\/\/www.tengyuemetering.com\/?s={search_term_string}\"},\"query-input\":{\"@type\":\"PropertyValueSpecification\",\"valueRequired\":true,\"valueName\":\"search_term_string\"}}],\"inLanguage\":\"pt-PT\"},{\"@type\":\"Organization\",\"@id\":\"https:\/\/www.tengyuemetering.com\/#organization\",\"name\":\"Water Meter Supplier&amp;Water Measuring Solution-Tengyue Metering\",\"url\":\"https:\/\/www.tengyuemetering.com\/\",\"logo\":{\"@type\":\"ImageObject\",\"inLanguage\":\"pt-PT\",\"@id\":\"https:\/\/www.tengyuemetering.com\/#\/schema\/logo\/image\/\",\"url\":\"https:\/\/www.tengyuemetering.com\/wp-content\/uploads\/2024\/12\/87f194b8255907fc319b6cfa2ea9a24d.png\",\"contentUrl\":\"https:\/\/www.tengyuemetering.com\/wp-content\/uploads\/2024\/12\/87f194b8255907fc319b6cfa2ea9a24d.png\",\"width\":789,\"height\":226,\"caption\":\"Water Meter Supplier&amp;Water Measuring Solution-Tengyue Metering\"},\"image\":{\"@id\":\"https:\/\/www.tengyuemetering.com\/#\/schema\/logo\/image\/\"}}]}<\/script>\n<!-- \/ Yoast SEO plugin. -->","yoast_head_json":{"title":"STS Brass Body Prepaid Water Meter DN15~25 - Water Meter Supplier&amp;Water Measuring Solution-Tengyue Metering","description":"Advanced STS ultrasonic water meter with valve control. Combines high-accuracy, wear-free ultrasonic measurement with secure STS prepaid token and valve management. The ultimate solution for modern, efficient water utilities.","robots":{"index":"noindex","follow":"follow","max-snippet":"max-snippet:-1","max-image-preview":"max-image-preview:large","max-video-preview":"max-video-preview:-1"},"og_locale":"pt_PT","og_type":"article","og_title":"STS Brass Body Prepaid Water Meter DN15~25 - Water Meter Supplier&amp;Water Measuring Solution-Tengyue Metering","og_description":"Advanced STS ultrasonic water meter with valve control. Combines high-accuracy, wear-free ultrasonic measurement with secure STS prepaid token and valve management. The ultimate solution for modern, efficient water utilities.","og_url":"https:\/\/www.tengyuemetering.com\/pt\/product\/sts-brass-body-prepaid-water-meter-dn1525\/","og_site_name":"Water Meter Supplier&amp;Water Measuring Solution-Tengyue Metering","article_modified_time":"2025-12-15T01:09:20+00:00","og_image":[{"width":1800,"height":1800,"url":"https:\/\/www.tengyuemetering.com\/wp-content\/uploads\/2025\/03\/17.png","type":"image\/png"}],"twitter_card":"summary_large_image","twitter_misc":{"Est. reading time":"1 minuto"},"schema":{"@context":"https:\/\/schema.org","@graph":[{"@type":"WebPage","@id":"https:\/\/www.tengyuemetering.com\/product\/sts-brass-body-prepaid-water-meter-dn1525\/","url":"https:\/\/www.tengyuemetering.com\/product\/sts-brass-body-prepaid-water-meter-dn1525\/","name":"STS Brass Body Prepaid Water Meter DN15~25 - Water Meter Supplier&amp;Water Measuring Solution-Tengyue Metering","isPartOf":{"@id":"https:\/\/www.tengyuemetering.com\/#website"},"primaryImageOfPage":{"@id":"https:\/\/www.tengyuemetering.com\/product\/sts-brass-body-prepaid-water-meter-dn1525\/#primaryimage"},"image":{"@id":"https:\/\/www.tengyuemetering.com\/product\/sts-brass-body-prepaid-water-meter-dn1525\/#primaryimage"},"thumbnailUrl":"https:\/\/www.tengyuemetering.com\/wp-content\/uploads\/2025\/03\/17.png","datePublished":"2025-03-03T02:15:39+00:00","dateModified":"2025-12-15T01:09:20+00:00","description":"Advanced STS ultrasonic water meter with valve control. Combines high-accuracy, wear-free ultrasonic measurement with secure STS prepaid token and valve management. The ultimate solution for modern, efficient water utilities.","breadcrumb":{"@id":"https:\/\/www.tengyuemetering.com\/product\/sts-brass-body-prepaid-water-meter-dn1525\/#breadcrumb"},"inLanguage":"pt-PT","potentialAction":[{"@type":"ReadAction","target":["https:\/\/www.tengyuemetering.com\/product\/sts-brass-body-prepaid-water-meter-dn1525\/"]}]},{"@type":"ImageObject","inLanguage":"pt-PT","@id":"https:\/\/www.tengyuemetering.com\/product\/sts-brass-body-prepaid-water-meter-dn1525\/#primaryimage","url":"https:\/\/www.tengyuemetering.com\/wp-content\/uploads\/2025\/03\/17.png","contentUrl":"https:\/\/www.tengyuemetering.com\/wp-content\/uploads\/2025\/03\/17.png","width":1800,"height":1800},{"@type":"BreadcrumbList","@id":"https:\/\/www.tengyuemetering.com\/product\/sts-brass-body-prepaid-water-meter-dn1525\/#breadcrumb","itemListElement":[{"@type":"ListItem","position":1,"name":"Home","item":"https:\/\/www.tengyuemetering.com\/"},{"@type":"ListItem","position":2,"name":"Products","item":"https:\/\/www.tengyuemetering.com\/products\/"},{"@type":"ListItem","position":3,"name":"Water Metering","item":"https:\/\/www.tengyuemetering.com\/product-category\/water-metering\/"},{"@type":"ListItem","position":4,"name":"STS Water Meter","item":"https:\/\/www.tengyuemetering.com\/product-category\/water-metering\/sts-meter\/"},{"@type":"ListItem","position":5,"name":"STS Brass Body Prepaid Water Meter DN15~25"}]},{"@type":"WebSite","@id":"https:\/\/www.tengyuemetering.com\/#website","url":"https:\/\/www.tengyuemetering.com\/","name":"Water Meter Supplier&amp;Water Measuring Solution-Tengyue Metering","description":"Ultrasonic Water Meter&amp;Smart Water Meter China","publisher":{"@id":"https:\/\/www.tengyuemetering.com\/#organization"},"potentialAction":[{"@type":"SearchAction","target":{"@type":"EntryPoint","urlTemplate":"https:\/\/www.tengyuemetering.com\/?s={search_term_string}"},"query-input":{"@type":"PropertyValueSpecification","valueRequired":true,"valueName":"search_term_string"}}],"inLanguage":"pt-PT"},{"@type":"Organization","@id":"https:\/\/www.tengyuemetering.com\/#organization","name":"Water Meter Supplier&amp;Water Measuring Solution-Tengyue Metering","url":"https:\/\/www.tengyuemetering.com\/","logo":{"@type":"ImageObject","inLanguage":"pt-PT","@id":"https:\/\/www.tengyuemetering.com\/#\/schema\/logo\/image\/","url":"https:\/\/www.tengyuemetering.com\/wp-content\/uploads\/2024\/12\/87f194b8255907fc319b6cfa2ea9a24d.png","contentUrl":"https:\/\/www.tengyuemetering.com\/wp-content\/uploads\/2024\/12\/87f194b8255907fc319b6cfa2ea9a24d.png","width":789,"height":226,"caption":"Water Meter Supplier&amp;Water Measuring Solution-Tengyue Metering"},"image":{"@id":"https:\/\/www.tengyuemetering.com\/#\/schema\/logo\/image\/"}}]}},"_links":{"self":[{"href":"https:\/\/www.tengyuemetering.com\/pt\/wp-json\/wp\/v2\/product\/2472","targetHints":{"allow":["GET"]}}],"collection":[{"href":"https:\/\/www.tengyuemetering.com\/pt\/wp-json\/wp\/v2\/product"}],"about":[{"href":"https:\/\/www.tengyuemetering.com\/pt\/wp-json\/wp\/v2\/types\/product"}],"version-history":[{"count":12,"href":"https:\/\/www.tengyuemetering.com\/pt\/wp-json\/wp\/v2\/product\/2472\/revisions"}],"predecessor-version":[{"id":6051,"href":"https:\/\/www.tengyuemetering.com\/pt\/wp-json\/wp\/v2\/product\/2472\/revisions\/6051"}],"wp:featuredmedia":[{"embeddable":true,"href":"https:\/\/www.tengyuemetering.com\/pt\/wp-json\/wp\/v2\/media\/6803"}],"wp:attachment":[{"href":"https:\/\/www.tengyuemetering.com\/pt\/wp-json\/wp\/v2\/media?parent=2472"}],"wp:term":[{"taxonomy":"product_brand","embeddable":true,"href":"https:\/\/www.tengyuemetering.com\/pt\/wp-json\/wp\/v2\/product_brand?post=2472"},{"taxonomy":"product_cat","embeddable":true,"href":"https:\/\/www.tengyuemetering.com\/pt\/wp-json\/wp\/v2\/product_cat?post=2472"},{"taxonomy":"product_tag","embeddable":true,"href":"https:\/\/www.tengyuemetering.com\/pt\/wp-json\/wp\/v2\/product_tag?post=2472"}],"curies":[{"name":"wp","href":"https:\/\/api.w.org\/{rel}","templated":true}]}}