{"id":1525,"date":"2025-01-16T06:24:31","date_gmt":"2025-01-16T06:24:31","guid":{"rendered":"http:\/\/www.tengyuemetering.com\/?post_type=product&#038;p=1525"},"modified":"2026-03-07T02:26:05","modified_gmt":"2026-03-07T02:26:05","slug":"ts11fw-ultrasonic-valve-control-water-meter","status":"publish","type":"product","link":"https:\/\/www.tengyuemetering.com\/pt\/product\/ts11fw-ultrasonic-valve-control-water-meter\/","title":{"rendered":"Medidor de \u00e1gua com controle de v\u00e1lvula ultrass\u00f4nica TS11FW"},"content":{"rendered":"<div data-elementor-type=\"product-post\" data-elementor-id=\"1525\" class=\"elementor elementor-1525\" data-elementor-post-type=\"product\">\n\t\t\t\t<div class=\"elementor-element elementor-element-12f8b87a e-flex e-con-boxed e-con e-parent\" data-id=\"12f8b87a\" data-element_type=\"container\">\n\t\t\t\t\t<div class=\"e-con-inner\">\n\t\t\t\t<div class=\"elementor-element elementor-element-86a4214 elementor-widget elementor-widget-text-editor\" data-id=\"86a4214\" data-element_type=\"widget\" data-widget_type=\"text-editor.default\">\n\t\t\t\t<div class=\"elementor-widget-container\">\n\t\t\t\t\t\t\t\t\t<ul><li>Sem partes m\u00f3veis, controle de v\u00e1lvula<\/li><li>Pronto para AMR e AMI com recursos de alertas e estat\u00edsticas<\/li><li>Dura\u00e7\u00e3o da bateria com configura\u00e7\u00e3o padr\u00e3o 16 anos<\/li><li>Excelente estabilidade e confiabilidade a longo prazo<\/li><li>Classifica\u00e7\u00e3o de prote\u00e7\u00e3o IP68<\/li><li>Exibi\u00e7\u00e3o de 9 caracteres (d\u00edgitos e s\u00edmbolos)<\/li><li>Suporta v\u00e1rias posi\u00e7\u00f5es de instala\u00e7\u00e3o<\/li><li>Pode ser fornecido equipado com m\u00f3dulo de comunica\u00e7\u00e3o com fio ou r\u00e1dio<\/li><li>Antena otimizada para alcance m\u00e1ximo de r\u00e1dio<\/li><\/ul>\t\t\t\t\t\t\t\t<\/div>\n\t\t\t\t<\/div>\n\t\t\t\t\t<\/div>\n\t\t\t\t<\/div>\n\t\t\t\t<\/div>","protected":false},"excerpt":{"rendered":"<p>O medidor de \u00e1gua com controle ultrass\u00f4nico por v\u00e1lvula \u00e9 um tipo de medidor que utiliza tecnologia ultrass\u00f4nica para medir a vaz\u00e3o e permitir o controle remoto. Sem partes m\u00f3veis, o design robusto do S11 garante precis\u00e3o, confiabilidade e durabilidade.<\/p>\n<p>Sua tecnologia pode medir at\u00e9 mesmo o menor fluxo, tornando-a a melhor solu\u00e7\u00e3o para resolver NRW (\u00e1gua n\u00e3o rent\u00e1vel).<\/p>\n<p>O medidor de \u00e1gua ultrass\u00f4nico com controle de v\u00e1lvula \u00e9 amplamente utilizado em sistemas modernos de abastecimento de \u00e1gua urbanos e em outros campos, proporcionando uma solu\u00e7\u00e3o eficiente e inteligente para a gest\u00e3o de recursos h\u00eddricos.<\/p>\n<p>&nbsp;<\/p>\n<p>Tamanhos dispon\u00edveis: DN15-DN25 (1\/2\u201d-1\u201d)<\/p>\n<p>Protocolos suportados: sa\u00edda Modbus\/RS485; sa\u00edda sem fio (LoRa\/LoRaWAN\/NB-IoT)<\/p>","protected":false},"featured_media":6881,"template":"","meta":{"_acf_changed":false,"site-sidebar-layout":"default","site-content-layout":"","ast-site-content-layout":"default","site-content-style":"default","site-sidebar-style":"default","ast-global-header-display":"","ast-banner-title-visibility":"","ast-main-header-display":"","ast-hfb-above-header-display":"","ast-hfb-below-header-display":"","ast-hfb-mobile-header-display":"","site-post-title":"","ast-breadcrumbs-content":"","ast-featured-img":"","footer-sml-layout":"","theme-transparent-header-meta":"default","adv-header-id-meta":"","stick-header-meta":"default","header-above-stick-meta":"","header-main-stick-meta":"","header-below-stick-meta":"","astra-migrate-meta-layouts":"set","ast-page-background-enabled":"default","ast-page-background-meta":{"desktop":{"background-color":"","background-image":"","background-repeat":"repeat","background-position":"center center","background-size":"auto","background-attachment":"scroll","background-type":"","background-media":"","overlay-type":"","overlay-color":"","overlay-opacity":"","overlay-gradient":""},"tablet":{"background-color":"","background-image":"","background-repeat":"repeat","background-position":"center center","background-size":"auto","background-attachment":"scroll","background-type":"","background-media":"","overlay-type":"","overlay-color":"","overlay-opacity":"","overlay-gradient":""},"mobile":{"background-color":"","background-image":"","background-repeat":"repeat","background-position":"center center","background-size":"auto","background-attachment":"scroll","background-type":"","background-media":"","overlay-type":"","overlay-color":"","overlay-opacity":"","overlay-gradient":""}},"ast-content-background-meta":{"desktop":{"background-color":"var(--ast-global-color-5)","background-image":"","background-repeat":"repeat","background-position":"center center","background-size":"auto","background-attachment":"scroll","background-type":"","background-media":"","overlay-type":"","overlay-color":"","overlay-opacity":"","overlay-gradient":""},"tablet":{"background-color":"var(--ast-global-color-5)","background-image":"","background-repeat":"repeat","background-position":"center center","background-size":"auto","background-attachment":"scroll","background-type":"","background-media":"","overlay-type":"","overlay-color":"","overlay-opacity":"","overlay-gradient":""},"mobile":{"background-color":"var(--ast-global-color-5)","background-image":"","background-repeat":"repeat","background-position":"center center","background-size":"auto","background-attachment":"scroll","background-type":"","background-media":"","overlay-type":"","overlay-color":"","overlay-opacity":"","overlay-gradient":""}}},"product_brand":[],"product_cat":[29,15],"product_tag":[],"class_list":{"0":"post-1525","1":"product","2":"type-product","3":"status-publish","4":"has-post-thumbnail","6":"product_cat-amr-ami-products","7":"product_cat-ultrasonic-water-meters","8":"desktop-align-left","9":"tablet-align-left","10":"mobile-align-left","12":"first","13":"instock","14":"shipping-taxable","15":"product-type-simple"},"acf":[],"yoast_head":"<!-- This site is optimized with the Yoast SEO plugin v24.1 - https:\/\/yoast.com\/wordpress\/plugins\/seo\/ -->\n<title>TS11FW Ultrasonic Valve Control Water Meter - Water Meter Supplier&amp;Water Measuring Solution-Tengyue Metering<\/title>\n<meta name=\"description\" content=\"Ultrasonic water meter with integrated valve control. Enables remote valve operation and prepaid water management. High accuracy measurement with features for automatic shut-off upon non-payment or abnormal usage, enhancing utility efficiency and user experience.\" \/>\n<meta name=\"robots\" content=\"noindex, follow, max-snippet:-1, max-image-preview:large, max-video-preview:-1\" \/>\n<meta property=\"og:locale\" content=\"pt_PT\" \/>\n<meta property=\"og:type\" content=\"article\" \/>\n<meta property=\"og:title\" content=\"TS11FW Ultrasonic Valve Control Water Meter - Water Meter Supplier&amp;Water Measuring Solution-Tengyue Metering\" \/>\n<meta property=\"og:description\" content=\"Ultrasonic water meter with integrated valve control. Enables remote valve operation and prepaid water management. High accuracy measurement with features for automatic shut-off upon non-payment or abnormal usage, enhancing utility efficiency and user experience.\" \/>\n<meta property=\"og:url\" content=\"https:\/\/www.tengyuemetering.com\/pt\/product\/ts11fw-ultrasonic-valve-control-water-meter\/\" \/>\n<meta property=\"og:site_name\" content=\"Water Meter Supplier&amp;Water Measuring Solution-Tengyue Metering\" \/>\n<meta property=\"article:modified_time\" content=\"2026-03-07T02:26:05+00:00\" \/>\n<meta property=\"og:image\" content=\"https:\/\/www.tengyuemetering.com\/wp-content\/uploads\/2025\/08\/6.png\" \/>\n\t<meta property=\"og:image:width\" content=\"1800\" \/>\n\t<meta property=\"og:image:height\" content=\"1800\" \/>\n\t<meta property=\"og:image:type\" content=\"image\/png\" \/>\n<meta name=\"twitter:card\" content=\"summary_large_image\" \/>\n<meta name=\"twitter:label1\" content=\"Est. reading time\" \/>\n\t<meta name=\"twitter:data1\" content=\"1 minuto\" \/>\n<script type=\"application\/ld+json\" class=\"yoast-schema-graph\">{\"@context\":\"https:\/\/schema.org\",\"@graph\":[{\"@type\":\"WebPage\",\"@id\":\"https:\/\/www.tengyuemetering.com\/product\/ts11fw-ultrasonic-valve-control-water-meter\/\",\"url\":\"https:\/\/www.tengyuemetering.com\/product\/ts11fw-ultrasonic-valve-control-water-meter\/\",\"name\":\"TS11FW Ultrasonic Valve Control Water Meter - Water Meter Supplier&amp;Water Measuring Solution-Tengyue Metering\",\"isPartOf\":{\"@id\":\"https:\/\/www.tengyuemetering.com\/#website\"},\"primaryImageOfPage\":{\"@id\":\"https:\/\/www.tengyuemetering.com\/product\/ts11fw-ultrasonic-valve-control-water-meter\/#primaryimage\"},\"image\":{\"@id\":\"https:\/\/www.tengyuemetering.com\/product\/ts11fw-ultrasonic-valve-control-water-meter\/#primaryimage\"},\"thumbnailUrl\":\"https:\/\/www.tengyuemetering.com\/wp-content\/uploads\/2025\/08\/6.png\",\"datePublished\":\"2025-01-16T06:24:31+00:00\",\"dateModified\":\"2026-03-07T02:26:05+00:00\",\"description\":\"Ultrasonic water meter with integrated valve control. Enables remote valve operation and prepaid water management. High accuracy measurement with features for automatic shut-off upon non-payment or abnormal usage, enhancing utility efficiency and user experience.\",\"breadcrumb\":{\"@id\":\"https:\/\/www.tengyuemetering.com\/product\/ts11fw-ultrasonic-valve-control-water-meter\/#breadcrumb\"},\"inLanguage\":\"pt-PT\",\"potentialAction\":[{\"@type\":\"ReadAction\",\"target\":[\"https:\/\/www.tengyuemetering.com\/product\/ts11fw-ultrasonic-valve-control-water-meter\/\"]}]},{\"@type\":\"ImageObject\",\"inLanguage\":\"pt-PT\",\"@id\":\"https:\/\/www.tengyuemetering.com\/product\/ts11fw-ultrasonic-valve-control-water-meter\/#primaryimage\",\"url\":\"https:\/\/www.tengyuemetering.com\/wp-content\/uploads\/2025\/08\/6.png\",\"contentUrl\":\"https:\/\/www.tengyuemetering.com\/wp-content\/uploads\/2025\/08\/6.png\",\"width\":1800,\"height\":1800},{\"@type\":\"BreadcrumbList\",\"@id\":\"https:\/\/www.tengyuemetering.com\/product\/ts11fw-ultrasonic-valve-control-water-meter\/#breadcrumb\",\"itemListElement\":[{\"@type\":\"ListItem\",\"position\":1,\"name\":\"Home\",\"item\":\"https:\/\/www.tengyuemetering.com\/\"},{\"@type\":\"ListItem\",\"position\":2,\"name\":\"Products\",\"item\":\"https:\/\/www.tengyuemetering.com\/products\/\"},{\"@type\":\"ListItem\",\"position\":3,\"name\":\"Water Metering\",\"item\":\"https:\/\/www.tengyuemetering.com\/product-category\/water-metering\/\"},{\"@type\":\"ListItem\",\"position\":4,\"name\":\"Ultrasonic Water Meters\",\"item\":\"https:\/\/www.tengyuemetering.com\/product-category\/water-metering\/ultrasonic-water-meters\/\"},{\"@type\":\"ListItem\",\"position\":5,\"name\":\"TS11FW Ultrasonic Valve Control Water Meter\"}]},{\"@type\":\"WebSite\",\"@id\":\"https:\/\/www.tengyuemetering.com\/#website\",\"url\":\"https:\/\/www.tengyuemetering.com\/\",\"name\":\"Water Meter Supplier&amp;Water Measuring Solution-Tengyue Metering\",\"description\":\"Ultrasonic Water Meter&amp;Smart Water Meter China\",\"publisher\":{\"@id\":\"https:\/\/www.tengyuemetering.com\/#organization\"},\"potentialAction\":[{\"@type\":\"SearchAction\",\"target\":{\"@type\":\"EntryPoint\",\"urlTemplate\":\"https:\/\/www.tengyuemetering.com\/?s={search_term_string}\"},\"query-input\":{\"@type\":\"PropertyValueSpecification\",\"valueRequired\":true,\"valueName\":\"search_term_string\"}}],\"inLanguage\":\"pt-PT\"},{\"@type\":\"Organization\",\"@id\":\"https:\/\/www.tengyuemetering.com\/#organization\",\"name\":\"Water Meter Supplier&amp;Water Measuring Solution-Tengyue Metering\",\"url\":\"https:\/\/www.tengyuemetering.com\/\",\"logo\":{\"@type\":\"ImageObject\",\"inLanguage\":\"pt-PT\",\"@id\":\"https:\/\/www.tengyuemetering.com\/#\/schema\/logo\/image\/\",\"url\":\"https:\/\/www.tengyuemetering.com\/wp-content\/uploads\/2024\/12\/87f194b8255907fc319b6cfa2ea9a24d.png\",\"contentUrl\":\"https:\/\/www.tengyuemetering.com\/wp-content\/uploads\/2024\/12\/87f194b8255907fc319b6cfa2ea9a24d.png\",\"width\":789,\"height\":226,\"caption\":\"Water Meter Supplier&amp;Water Measuring Solution-Tengyue Metering\"},\"image\":{\"@id\":\"https:\/\/www.tengyuemetering.com\/#\/schema\/logo\/image\/\"}}]}<\/script>\n<!-- \/ Yoast SEO plugin. -->","yoast_head_json":{"title":"TS11FW Ultrasonic Valve Control Water Meter - Water Meter Supplier&amp;Water Measuring Solution-Tengyue Metering","description":"Ultrasonic water meter with integrated valve control. Enables remote valve operation and prepaid water management. High accuracy measurement with features for automatic shut-off upon non-payment or abnormal usage, enhancing utility efficiency and user experience.","robots":{"index":"noindex","follow":"follow","max-snippet":"max-snippet:-1","max-image-preview":"max-image-preview:large","max-video-preview":"max-video-preview:-1"},"og_locale":"pt_PT","og_type":"article","og_title":"TS11FW Ultrasonic Valve Control Water Meter - Water Meter Supplier&amp;Water Measuring Solution-Tengyue Metering","og_description":"Ultrasonic water meter with integrated valve control. Enables remote valve operation and prepaid water management. High accuracy measurement with features for automatic shut-off upon non-payment or abnormal usage, enhancing utility efficiency and user experience.","og_url":"https:\/\/www.tengyuemetering.com\/pt\/product\/ts11fw-ultrasonic-valve-control-water-meter\/","og_site_name":"Water Meter Supplier&amp;Water Measuring Solution-Tengyue Metering","article_modified_time":"2026-03-07T02:26:05+00:00","og_image":[{"width":1800,"height":1800,"url":"https:\/\/www.tengyuemetering.com\/wp-content\/uploads\/2025\/08\/6.png","type":"image\/png"}],"twitter_card":"summary_large_image","twitter_misc":{"Est. reading time":"1 minuto"},"schema":{"@context":"https:\/\/schema.org","@graph":[{"@type":"WebPage","@id":"https:\/\/www.tengyuemetering.com\/product\/ts11fw-ultrasonic-valve-control-water-meter\/","url":"https:\/\/www.tengyuemetering.com\/product\/ts11fw-ultrasonic-valve-control-water-meter\/","name":"TS11FW Ultrasonic Valve Control Water Meter - Water Meter Supplier&amp;Water Measuring Solution-Tengyue Metering","isPartOf":{"@id":"https:\/\/www.tengyuemetering.com\/#website"},"primaryImageOfPage":{"@id":"https:\/\/www.tengyuemetering.com\/product\/ts11fw-ultrasonic-valve-control-water-meter\/#primaryimage"},"image":{"@id":"https:\/\/www.tengyuemetering.com\/product\/ts11fw-ultrasonic-valve-control-water-meter\/#primaryimage"},"thumbnailUrl":"https:\/\/www.tengyuemetering.com\/wp-content\/uploads\/2025\/08\/6.png","datePublished":"2025-01-16T06:24:31+00:00","dateModified":"2026-03-07T02:26:05+00:00","description":"Ultrasonic water meter with integrated valve control. Enables remote valve operation and prepaid water management. High accuracy measurement with features for automatic shut-off upon non-payment or abnormal usage, enhancing utility efficiency and user experience.","breadcrumb":{"@id":"https:\/\/www.tengyuemetering.com\/product\/ts11fw-ultrasonic-valve-control-water-meter\/#breadcrumb"},"inLanguage":"pt-PT","potentialAction":[{"@type":"ReadAction","target":["https:\/\/www.tengyuemetering.com\/product\/ts11fw-ultrasonic-valve-control-water-meter\/"]}]},{"@type":"ImageObject","inLanguage":"pt-PT","@id":"https:\/\/www.tengyuemetering.com\/product\/ts11fw-ultrasonic-valve-control-water-meter\/#primaryimage","url":"https:\/\/www.tengyuemetering.com\/wp-content\/uploads\/2025\/08\/6.png","contentUrl":"https:\/\/www.tengyuemetering.com\/wp-content\/uploads\/2025\/08\/6.png","width":1800,"height":1800},{"@type":"BreadcrumbList","@id":"https:\/\/www.tengyuemetering.com\/product\/ts11fw-ultrasonic-valve-control-water-meter\/#breadcrumb","itemListElement":[{"@type":"ListItem","position":1,"name":"Home","item":"https:\/\/www.tengyuemetering.com\/"},{"@type":"ListItem","position":2,"name":"Products","item":"https:\/\/www.tengyuemetering.com\/products\/"},{"@type":"ListItem","position":3,"name":"Water Metering","item":"https:\/\/www.tengyuemetering.com\/product-category\/water-metering\/"},{"@type":"ListItem","position":4,"name":"Ultrasonic Water Meters","item":"https:\/\/www.tengyuemetering.com\/product-category\/water-metering\/ultrasonic-water-meters\/"},{"@type":"ListItem","position":5,"name":"TS11FW Ultrasonic Valve Control Water Meter"}]},{"@type":"WebSite","@id":"https:\/\/www.tengyuemetering.com\/#website","url":"https:\/\/www.tengyuemetering.com\/","name":"Water Meter Supplier&amp;Water Measuring Solution-Tengyue Metering","description":"Ultrasonic Water Meter&amp;Smart Water Meter China","publisher":{"@id":"https:\/\/www.tengyuemetering.com\/#organization"},"potentialAction":[{"@type":"SearchAction","target":{"@type":"EntryPoint","urlTemplate":"https:\/\/www.tengyuemetering.com\/?s={search_term_string}"},"query-input":{"@type":"PropertyValueSpecification","valueRequired":true,"valueName":"search_term_string"}}],"inLanguage":"pt-PT"},{"@type":"Organization","@id":"https:\/\/www.tengyuemetering.com\/#organization","name":"Water Meter Supplier&amp;Water Measuring Solution-Tengyue Metering","url":"https:\/\/www.tengyuemetering.com\/","logo":{"@type":"ImageObject","inLanguage":"pt-PT","@id":"https:\/\/www.tengyuemetering.com\/#\/schema\/logo\/image\/","url":"https:\/\/www.tengyuemetering.com\/wp-content\/uploads\/2024\/12\/87f194b8255907fc319b6cfa2ea9a24d.png","contentUrl":"https:\/\/www.tengyuemetering.com\/wp-content\/uploads\/2024\/12\/87f194b8255907fc319b6cfa2ea9a24d.png","width":789,"height":226,"caption":"Water Meter Supplier&amp;Water Measuring Solution-Tengyue Metering"},"image":{"@id":"https:\/\/www.tengyuemetering.com\/#\/schema\/logo\/image\/"}}]}},"_links":{"self":[{"href":"https:\/\/www.tengyuemetering.com\/pt\/wp-json\/wp\/v2\/product\/1525","targetHints":{"allow":["GET"]}}],"collection":[{"href":"https:\/\/www.tengyuemetering.com\/pt\/wp-json\/wp\/v2\/product"}],"about":[{"href":"https:\/\/www.tengyuemetering.com\/pt\/wp-json\/wp\/v2\/types\/product"}],"version-history":[{"count":14,"href":"https:\/\/www.tengyuemetering.com\/pt\/wp-json\/wp\/v2\/product\/1525\/revisions"}],"predecessor-version":[{"id":7069,"href":"https:\/\/www.tengyuemetering.com\/pt\/wp-json\/wp\/v2\/product\/1525\/revisions\/7069"}],"wp:featuredmedia":[{"embeddable":true,"href":"https:\/\/www.tengyuemetering.com\/pt\/wp-json\/wp\/v2\/media\/6881"}],"wp:attachment":[{"href":"https:\/\/www.tengyuemetering.com\/pt\/wp-json\/wp\/v2\/media?parent=1525"}],"wp:term":[{"taxonomy":"product_brand","embeddable":true,"href":"https:\/\/www.tengyuemetering.com\/pt\/wp-json\/wp\/v2\/product_brand?post=1525"},{"taxonomy":"product_cat","embeddable":true,"href":"https:\/\/www.tengyuemetering.com\/pt\/wp-json\/wp\/v2\/product_cat?post=1525"},{"taxonomy":"product_tag","embeddable":true,"href":"https:\/\/www.tengyuemetering.com\/pt\/wp-json\/wp\/v2\/product_tag?post=1525"}],"curies":[{"name":"wp","href":"https:\/\/api.w.org\/{rel}","templated":true}]}}