{"id":2080,"date":"2025-02-25T06:18:40","date_gmt":"2025-02-25T06:18:40","guid":{"rendered":"http:\/\/www.tengyuemetering.com\/?page_id=2080"},"modified":"2025-02-25T06:18:40","modified_gmt":"2025-02-25T06:18:40","slug":"solutions3","status":"publish","type":"page","link":"https:\/\/www.tengyuemetering.com\/pt\/solutions3\/","title":{"rendered":"Solu\u00e7\u00f5es3"},"content":{"rendered":"<div data-elementor-type=\"wp-page\" data-elementor-id=\"2080\" class=\"elementor elementor-2080\" data-elementor-post-type=\"page\">\n\t\t\t\t<div class=\"elementor-element elementor-element-61eaa6d e-flex e-con-boxed e-con e-parent\" data-id=\"61eaa6d\" data-element_type=\"container\">\n\t\t\t\t\t<div class=\"e-con-inner\">\n\t\t\t\t<div class=\"elementor-element elementor-element-aacc8b3 elementor-widget elementor-widget-heading\" data-id=\"aacc8b3\" data-element_type=\"widget\" data-widget_type=\"heading.default\">\n\t\t\t\t<div class=\"elementor-widget-container\">\n\t\t\t\t\t<h2 class=\"elementor-heading-title elementor-size-default\">Solu\u00e7\u00f5es<\/h2>\t\t\t\t<\/div>\n\t\t\t\t<\/div>\n\t\t\t\t<div class=\"elementor-element elementor-element-5d7bc53 elementor-widget elementor-widget-heading\" data-id=\"5d7bc53\" data-element_type=\"widget\" data-widget_type=\"heading.default\">\n\t\t\t\t<div class=\"elementor-widget-container\">\n\t\t\t\t\t<h4 class=\"elementor-heading-title elementor-size-default\">Leitura remota do medidor<\/h4>\t\t\t\t<\/div>\n\t\t\t\t<\/div>\n\t\t\t\t<div class=\"elementor-element elementor-element-c9a6e6f elementor-widget elementor-widget-text-editor\" data-id=\"c9a6e6f\" data-element_type=\"widget\" data-widget_type=\"text-editor.default\">\n\t\t\t\t<div class=\"elementor-widget-container\">\n\t\t\t\t\t\t\t\t\t<p>Automatize as leituras dos medidores para economizar custos e tempo, aumentando ao mesmo tempo a satisfa\u00e7\u00e3o do consumidor. Escolha uma solu\u00e7\u00e3o AMR Walk-by ou Drive-by para facilidade de uso, ou uma rede fixa AMI para fortalecer seu neg\u00f3cio por meio de insights baseados em dados.<\/p>\t\t\t\t\t\t\t\t<\/div>\n\t\t\t\t<\/div>\n\t\t\t\t\t<\/div>\n\t\t\t\t<\/div>\n\t\t<div class=\"elementor-element elementor-element-10bcd34 e-flex e-con-boxed e-con e-parent\" data-id=\"10bcd34\" data-element_type=\"container\">\n\t\t\t\t\t<div class=\"e-con-inner\">\n\t\t\t\t<div class=\"elementor-element elementor-element-89aa412 elementor-widget elementor-widget-image\" data-id=\"89aa412\" data-element_type=\"widget\" data-widget_type=\"image.default\">\n\t\t\t\t<div class=\"elementor-widget-container\">\n\t\t\t\t\t\t\t\t\t\t\t\t\t\t\t<img fetchpriority=\"high\" decoding=\"async\" width=\"724\" height=\"241\" src=\"https:\/\/www.tengyuemetering.com\/wp-content\/uploads\/2025\/02\/Remote-meter-readinG.png\" class=\"attachment-large size-large wp-image-1799\" alt=\"\" srcset=\"https:\/\/www.tengyuemetering.com\/wp-content\/uploads\/2025\/02\/Remote-meter-readinG.png 724w, https:\/\/www.tengyuemetering.com\/wp-content\/uploads\/2025\/02\/Remote-meter-readinG-300x100.png 300w, https:\/\/www.tengyuemetering.com\/wp-content\/uploads\/2025\/02\/Remote-meter-readinG-600x200.png 600w\" sizes=\"(max-width: 724px) 100vw, 724px\" \/>\t\t\t\t\t\t\t\t\t\t\t\t\t\t\t<\/div>\n\t\t\t\t<\/div>\n\t\t\t\t\t<\/div>\n\t\t\t\t<\/div>\n\t\t<div class=\"elementor-element elementor-element-5722018 e-flex e-con-boxed e-con e-parent\" data-id=\"5722018\" data-element_type=\"container\">\n\t\t\t\t\t<div class=\"e-con-inner\">\n\t\t\t\t<div class=\"elementor-element elementor-element-4890cbe elementor-widget elementor-widget-text-editor\" data-id=\"4890cbe\" data-element_type=\"widget\" data-widget_type=\"text-editor.default\">\n\t\t\t\t<div class=\"elementor-widget-container\">\n\t\t\t\t\t\t\t\t\t<p><strong><b>SOLU\u00c7\u00d5ES AMR (PASSEIO A P\u00c9\/PASSEIO DE CARRO)<\/b><\/strong><\/p>\n<p>A Tengyue oferece uma alternativa para concession\u00e1rias cuja infraestrutura de leitura de medidores n\u00e3o transfere automaticamente os dados do medidor para um banco de dados central: Walk By ou Drive By. A solu\u00e7\u00e3o de leitura de medidores utiliza um coletor de dados e um console da Tengyue para coletar automaticamente informa\u00e7\u00f5es do medidor pr\u00f3ximo, permitindo que o usu\u00e1rio caminhe ou dirija por uma rua onde o hidr\u00f4metro esteja instalado, e envi\u00e1-las ao inovador Sistema de Gerenciamento de Dados da Tengyue para an\u00e1lise estat\u00edstica.<\/p>\n<p>No sistema Walk-By ou Drive-By, o hidr\u00f4metro inteligente ser\u00e1 lido automaticamente e os dados coletados ser\u00e3o usados para lembrar problemas que precisam de aten\u00e7\u00e3o, como desconex\u00e3o do hidr\u00f4metro, vazamento, refluxo, status da bateria e tentativa de adultera\u00e7\u00e3o.<\/p>\n<p><strong><b>SOLU\u00c7\u00d5ES AMI (REDE FIXA)<\/b><\/strong><\/p>\n<p>As solu\u00e7\u00f5es de gest\u00e3o h\u00eddrica da Infraestrutura de Medi\u00e7\u00e3o Avan\u00e7ada (AMl) de Rede Fixa (\u8fd9\u91cc\u8981\u505a\u4e2a\u8d85\u94fe\u63a5) oferecem benef\u00edcios significativos para operadoras e consumidores de \u00e1gua. As concession\u00e1rias de \u00e1gua podem compreender e controlar melhor as opera\u00e7\u00f5es h\u00eddricas em geral, especialmente as opera\u00e7\u00f5es n\u00e3o geradoras de receita. Os consumidores de contas de \u00e1gua recebem transpar\u00eancia sem precedentes e podem se beneficiar dos incentivos para economizar \u00e1gua.<\/p>\t\t\t\t\t\t\t\t<\/div>\n\t\t\t\t<\/div>\n\t\t\t\t\t<\/div>\n\t\t\t\t<\/div>\n\t\t\t\t<\/div>","protected":false},"excerpt":{"rendered":"<p>Solu\u00e7\u00f5es Leitura Remota de Medidores Automatize as leituras de medidores para economizar tempo e custos, aumentando a satisfa\u00e7\u00e3o do consumidor. Escolha uma solu\u00e7\u00e3o de AMR Walk-by ou Drive-by para facilidade de uso, ou uma rede fixa AMI para fortalecer seus neg\u00f3cios com insights baseados em dados. SOLU\u00c7\u00d5ES DE AMR (WALK-BY\/DRIVE-BY) A Tengyue oferece uma alternativa para concession\u00e1rias cuja infraestrutura de leitura de medidores n\u00e3o transfere automaticamente os dados [\u2026]<\/p>","protected":false},"author":1,"featured_media":0,"parent":0,"menu_order":0,"comment_status":"closed","ping_status":"closed","template":"","meta":{"_acf_changed":false,"site-sidebar-layout":"no-sidebar","site-content-layout":"page-builder","ast-site-content-layout":"full-width-container","site-content-style":"default","site-sidebar-style":"default","ast-global-header-display":"","ast-banner-title-visibility":"","ast-main-header-display":"","ast-hfb-above-header-display":"","ast-hfb-below-header-display":"","ast-hfb-mobile-header-display":"","site-post-title":"disabled","ast-breadcrumbs-content":"","ast-featured-img":"disabled","footer-sml-layout":"","theme-transparent-header-meta":"default","adv-header-id-meta":"","stick-header-meta":"default","header-above-stick-meta":"","header-main-stick-meta":"","header-below-stick-meta":"","astra-migrate-meta-layouts":"set","ast-page-background-enabled":"default","ast-page-background-meta":{"desktop":{"background-color":"","background-image":"","background-repeat":"repeat","background-position":"center center","background-size":"auto","background-attachment":"scroll","background-type":"","background-media":"","overlay-type":"","overlay-color":"","overlay-opacity":"","overlay-gradient":""},"tablet":{"background-color":"","background-image":"","background-repeat":"repeat","background-position":"center center","background-size":"auto","background-attachment":"scroll","background-type":"","background-media":"","overlay-type":"","overlay-color":"","overlay-opacity":"","overlay-gradient":""},"mobile":{"background-color":"","background-image":"","background-repeat":"repeat","background-position":"center center","background-size":"auto","background-attachment":"scroll","background-type":"","background-media":"","overlay-type":"","overlay-color":"","overlay-opacity":"","overlay-gradient":""}},"ast-content-background-meta":{"desktop":{"background-color":"var(--ast-global-color-5)","background-image":"","background-repeat":"repeat","background-position":"center center","background-size":"auto","background-attachment":"scroll","background-type":"","background-media":"","overlay-type":"","overlay-color":"","overlay-opacity":"","overlay-gradient":""},"tablet":{"background-color":"var(--ast-global-color-5)","background-image":"","background-repeat":"repeat","background-position":"center center","background-size":"auto","background-attachment":"scroll","background-type":"","background-media":"","overlay-type":"","overlay-color":"","overlay-opacity":"","overlay-gradient":""},"mobile":{"background-color":"var(--ast-global-color-5)","background-image":"","background-repeat":"repeat","background-position":"center center","background-size":"auto","background-attachment":"scroll","background-type":"","background-media":"","overlay-type":"","overlay-color":"","overlay-opacity":"","overlay-gradient":""}},"footnotes":""},"class_list":["post-2080","page","type-page","status-publish","hentry"],"acf":[],"yoast_head":"<!-- This site is optimized with the Yoast SEO plugin v24.1 - https:\/\/yoast.com\/wordpress\/plugins\/seo\/ -->\n<title>Solutions3 - Water Meter Supplier&amp;Water Measuring Solution-Tengyue Metering<\/title>\n<meta name=\"robots\" content=\"noindex, follow, max-snippet:-1, max-image-preview:large, max-video-preview:-1\" \/>\n<meta property=\"og:locale\" content=\"pt_PT\" \/>\n<meta property=\"og:type\" content=\"article\" \/>\n<meta property=\"og:title\" content=\"Solutions3 - Water Meter Supplier&amp;Water Measuring Solution-Tengyue Metering\" \/>\n<meta property=\"og:description\" content=\"Solutions Remote meter readinG Automate meter readings to save costs and time while increasing consumer satisfaction.Choose a Walk-by or Drive-by AMR solution for ease-of-use, or an AMI fixed network to empower your business through data-driven insights. AMR SOLUTIONS(WALKED BY\/DRIVE BY) Tengyue provides an alternative for utilities whose meter reading infrastructure does not automatically transfer meter [&hellip;]\" \/>\n<meta property=\"og:url\" content=\"https:\/\/www.tengyuemetering.com\/pt\/solutions3\/\" \/>\n<meta property=\"og:site_name\" content=\"Water Meter Supplier&amp;Water Measuring Solution-Tengyue Metering\" \/>\n<meta property=\"og:image\" content=\"http:\/\/www.tengyuemetering.com\/wp-content\/uploads\/2025\/02\/Remote-meter-readinG.png\" \/>\n<meta name=\"twitter:card\" content=\"summary_large_image\" \/>\n<meta name=\"twitter:label1\" content=\"Est. reading time\" \/>\n\t<meta name=\"twitter:data1\" content=\"2 minutos\" \/>\n<script type=\"application\/ld+json\" class=\"yoast-schema-graph\">{\"@context\":\"https:\/\/schema.org\",\"@graph\":[{\"@type\":\"WebPage\",\"@id\":\"https:\/\/www.tengyuemetering.com\/solutions3\/\",\"url\":\"https:\/\/www.tengyuemetering.com\/solutions3\/\",\"name\":\"Solutions3 - Water Meter Supplier&amp;Water Measuring Solution-Tengyue Metering\",\"isPartOf\":{\"@id\":\"https:\/\/www.tengyuemetering.com\/#website\"},\"primaryImageOfPage\":{\"@id\":\"https:\/\/www.tengyuemetering.com\/solutions3\/#primaryimage\"},\"image\":{\"@id\":\"https:\/\/www.tengyuemetering.com\/solutions3\/#primaryimage\"},\"thumbnailUrl\":\"http:\/\/www.tengyuemetering.com\/wp-content\/uploads\/2025\/02\/Remote-meter-readinG.png\",\"datePublished\":\"2025-02-25T06:18:40+00:00\",\"dateModified\":\"2025-02-25T06:18:40+00:00\",\"breadcrumb\":{\"@id\":\"https:\/\/www.tengyuemetering.com\/solutions3\/#breadcrumb\"},\"inLanguage\":\"pt-PT\",\"potentialAction\":[{\"@type\":\"ReadAction\",\"target\":[\"https:\/\/www.tengyuemetering.com\/solutions3\/\"]}]},{\"@type\":\"ImageObject\",\"inLanguage\":\"pt-PT\",\"@id\":\"https:\/\/www.tengyuemetering.com\/solutions3\/#primaryimage\",\"url\":\"http:\/\/www.tengyuemetering.com\/wp-content\/uploads\/2025\/02\/Remote-meter-readinG.png\",\"contentUrl\":\"http:\/\/www.tengyuemetering.com\/wp-content\/uploads\/2025\/02\/Remote-meter-readinG.png\"},{\"@type\":\"BreadcrumbList\",\"@id\":\"https:\/\/www.tengyuemetering.com\/solutions3\/#breadcrumb\",\"itemListElement\":[{\"@type\":\"ListItem\",\"position\":1,\"name\":\"Home\",\"item\":\"https:\/\/www.tengyuemetering.com\/\"},{\"@type\":\"ListItem\",\"position\":2,\"name\":\"Solutions3\"}]},{\"@type\":\"WebSite\",\"@id\":\"https:\/\/www.tengyuemetering.com\/#website\",\"url\":\"https:\/\/www.tengyuemetering.com\/\",\"name\":\"Water Meter Supplier&amp;Water Measuring Solution-Tengyue Metering\",\"description\":\"Ultrasonic Water Meter&amp;Smart Water Meter China\",\"publisher\":{\"@id\":\"https:\/\/www.tengyuemetering.com\/#organization\"},\"potentialAction\":[{\"@type\":\"SearchAction\",\"target\":{\"@type\":\"EntryPoint\",\"urlTemplate\":\"https:\/\/www.tengyuemetering.com\/?s={search_term_string}\"},\"query-input\":{\"@type\":\"PropertyValueSpecification\",\"valueRequired\":true,\"valueName\":\"search_term_string\"}}],\"inLanguage\":\"pt-PT\"},{\"@type\":\"Organization\",\"@id\":\"https:\/\/www.tengyuemetering.com\/#organization\",\"name\":\"Water Meter Supplier&amp;Water Measuring Solution-Tengyue Metering\",\"url\":\"https:\/\/www.tengyuemetering.com\/\",\"logo\":{\"@type\":\"ImageObject\",\"inLanguage\":\"pt-PT\",\"@id\":\"https:\/\/www.tengyuemetering.com\/#\/schema\/logo\/image\/\",\"url\":\"https:\/\/www.tengyuemetering.com\/wp-content\/uploads\/2024\/12\/87f194b8255907fc319b6cfa2ea9a24d.png\",\"contentUrl\":\"https:\/\/www.tengyuemetering.com\/wp-content\/uploads\/2024\/12\/87f194b8255907fc319b6cfa2ea9a24d.png\",\"width\":789,\"height\":226,\"caption\":\"Water Meter Supplier&amp;Water Measuring Solution-Tengyue Metering\"},\"image\":{\"@id\":\"https:\/\/www.tengyuemetering.com\/#\/schema\/logo\/image\/\"}}]}<\/script>\n<!-- \/ Yoast SEO plugin. -->","yoast_head_json":{"title":"Solutions3 - Water Meter Supplier&amp;Water Measuring Solution-Tengyue Metering","robots":{"index":"noindex","follow":"follow","max-snippet":"max-snippet:-1","max-image-preview":"max-image-preview:large","max-video-preview":"max-video-preview:-1"},"og_locale":"pt_PT","og_type":"article","og_title":"Solutions3 - Water Meter Supplier&amp;Water Measuring Solution-Tengyue Metering","og_description":"Solutions Remote meter readinG Automate meter readings to save costs and time while increasing consumer satisfaction.Choose a Walk-by or Drive-by AMR solution for ease-of-use, or an AMI fixed network to empower your business through data-driven insights. AMR SOLUTIONS(WALKED BY\/DRIVE BY) Tengyue provides an alternative for utilities whose meter reading infrastructure does not automatically transfer meter [&hellip;]","og_url":"https:\/\/www.tengyuemetering.com\/pt\/solutions3\/","og_site_name":"Water Meter Supplier&amp;Water Measuring Solution-Tengyue Metering","og_image":[{"url":"http:\/\/www.tengyuemetering.com\/wp-content\/uploads\/2025\/02\/Remote-meter-readinG.png","type":"","width":"","height":""}],"twitter_card":"summary_large_image","twitter_misc":{"Est. reading time":"2 minutos"},"schema":{"@context":"https:\/\/schema.org","@graph":[{"@type":"WebPage","@id":"https:\/\/www.tengyuemetering.com\/solutions3\/","url":"https:\/\/www.tengyuemetering.com\/solutions3\/","name":"Solutions3 - Water Meter Supplier&amp;Water Measuring Solution-Tengyue Metering","isPartOf":{"@id":"https:\/\/www.tengyuemetering.com\/#website"},"primaryImageOfPage":{"@id":"https:\/\/www.tengyuemetering.com\/solutions3\/#primaryimage"},"image":{"@id":"https:\/\/www.tengyuemetering.com\/solutions3\/#primaryimage"},"thumbnailUrl":"http:\/\/www.tengyuemetering.com\/wp-content\/uploads\/2025\/02\/Remote-meter-readinG.png","datePublished":"2025-02-25T06:18:40+00:00","dateModified":"2025-02-25T06:18:40+00:00","breadcrumb":{"@id":"https:\/\/www.tengyuemetering.com\/solutions3\/#breadcrumb"},"inLanguage":"pt-PT","potentialAction":[{"@type":"ReadAction","target":["https:\/\/www.tengyuemetering.com\/solutions3\/"]}]},{"@type":"ImageObject","inLanguage":"pt-PT","@id":"https:\/\/www.tengyuemetering.com\/solutions3\/#primaryimage","url":"http:\/\/www.tengyuemetering.com\/wp-content\/uploads\/2025\/02\/Remote-meter-readinG.png","contentUrl":"http:\/\/www.tengyuemetering.com\/wp-content\/uploads\/2025\/02\/Remote-meter-readinG.png"},{"@type":"BreadcrumbList","@id":"https:\/\/www.tengyuemetering.com\/solutions3\/#breadcrumb","itemListElement":[{"@type":"ListItem","position":1,"name":"Home","item":"https:\/\/www.tengyuemetering.com\/"},{"@type":"ListItem","position":2,"name":"Solutions3"}]},{"@type":"WebSite","@id":"https:\/\/www.tengyuemetering.com\/#website","url":"https:\/\/www.tengyuemetering.com\/","name":"Water Meter Supplier&amp;Water Measuring Solution-Tengyue Metering","description":"Ultrasonic Water Meter&amp;Smart Water Meter China","publisher":{"@id":"https:\/\/www.tengyuemetering.com\/#organization"},"potentialAction":[{"@type":"SearchAction","target":{"@type":"EntryPoint","urlTemplate":"https:\/\/www.tengyuemetering.com\/?s={search_term_string}"},"query-input":{"@type":"PropertyValueSpecification","valueRequired":true,"valueName":"search_term_string"}}],"inLanguage":"pt-PT"},{"@type":"Organization","@id":"https:\/\/www.tengyuemetering.com\/#organization","name":"Water Meter Supplier&amp;Water Measuring Solution-Tengyue Metering","url":"https:\/\/www.tengyuemetering.com\/","logo":{"@type":"ImageObject","inLanguage":"pt-PT","@id":"https:\/\/www.tengyuemetering.com\/#\/schema\/logo\/image\/","url":"https:\/\/www.tengyuemetering.com\/wp-content\/uploads\/2024\/12\/87f194b8255907fc319b6cfa2ea9a24d.png","contentUrl":"https:\/\/www.tengyuemetering.com\/wp-content\/uploads\/2024\/12\/87f194b8255907fc319b6cfa2ea9a24d.png","width":789,"height":226,"caption":"Water Meter Supplier&amp;Water Measuring Solution-Tengyue Metering"},"image":{"@id":"https:\/\/www.tengyuemetering.com\/#\/schema\/logo\/image\/"}}]}},"_links":{"self":[{"href":"https:\/\/www.tengyuemetering.com\/pt\/wp-json\/wp\/v2\/pages\/2080","targetHints":{"allow":["GET"]}}],"collection":[{"href":"https:\/\/www.tengyuemetering.com\/pt\/wp-json\/wp\/v2\/pages"}],"about":[{"href":"https:\/\/www.tengyuemetering.com\/pt\/wp-json\/wp\/v2\/types\/page"}],"author":[{"embeddable":true,"href":"https:\/\/www.tengyuemetering.com\/pt\/wp-json\/wp\/v2\/users\/1"}],"replies":[{"embeddable":true,"href":"https:\/\/www.tengyuemetering.com\/pt\/wp-json\/wp\/v2\/comments?post=2080"}],"version-history":[{"count":1,"href":"https:\/\/www.tengyuemetering.com\/pt\/wp-json\/wp\/v2\/pages\/2080\/revisions"}],"predecessor-version":[{"id":2081,"href":"https:\/\/www.tengyuemetering.com\/pt\/wp-json\/wp\/v2\/pages\/2080\/revisions\/2081"}],"wp:attachment":[{"href":"https:\/\/www.tengyuemetering.com\/pt\/wp-json\/wp\/v2\/media?parent=2080"}],"curies":[{"name":"wp","href":"https:\/\/api.w.org\/{rel}","templated":true}]}}