{"id":1914,"date":"2025-02-19T08:21:15","date_gmt":"2025-02-19T08:21:15","guid":{"rendered":"http:\/\/www.tengyuemetering.com\/?page_id=1914"},"modified":"2026-03-31T03:39:37","modified_gmt":"2026-03-31T03:39:37","slug":"optimizing-water-count-data-tengyue-metering","status":"publish","type":"page","link":"https:\/\/www.tengyuemetering.com\/pt\/optimizing-water-count-data-tengyue-metering\/","title":{"rendered":"Solu\u00e7\u00f5es de gerenciamento de dados"},"content":{"rendered":"<div data-elementor-type=\"wp-page\" data-elementor-id=\"1914\" class=\"elementor elementor-1914\" data-elementor-post-type=\"page\">\n\t\t\t\t<div class=\"elementor-element elementor-element-61eaa6d e-flex e-con-boxed e-con e-parent\" data-id=\"61eaa6d\" data-element_type=\"container\">\n\t\t\t\t\t<div class=\"e-con-inner\">\n\t\t\t\t<div class=\"elementor-element elementor-element-c9a6e6f elementor-widget elementor-widget-text-editor\" data-id=\"c9a6e6f\" data-element_type=\"widget\" data-widget_type=\"text-editor.default\">\n\t\t\t\t<div class=\"elementor-widget-container\">\n\t\t\t\t\t\t\t\t\t<h2><span style=\"color: #0c3793;\"><strong><b>Solu\u00e7\u00e3o TY WaterOne AMI<\/b><\/strong><\/span><\/h2><div><div><p class=\"otl-paragraph\">Transforme sua concession\u00e1ria de \u00e1gua em uma rede sustent\u00e1vel e orientada por dados.<\/p><p class=\"otl-paragraph\">Reduza a \u00e1gua n\u00e3o faturada (ANF) em at\u00e9 25-30% e otimize as opera\u00e7\u00f5es.<\/p><\/div><\/div>\t\t\t\t\t\t\t\t<\/div>\n\t\t\t\t<\/div>\n\t\t\t\t<div class=\"elementor-element elementor-element-878b40a elementor-widget elementor-widget-text-editor\" data-id=\"878b40a\" data-element_type=\"widget\" data-widget_type=\"text-editor.default\">\n\t\t\t\t<div class=\"elementor-widget-container\">\n\t\t\t\t\t\t\t\t\t<h2><span style=\"color: #0c3793;\"><strong><b>O Desafio: Por que a medi\u00e7\u00e3o tradicional j\u00e1 n\u00e3o \u00e9 suficiente<\/b><\/strong><\/span><\/h2><div><div><p class=\"otl-paragraph\">As empresas de servi\u00e7os de \u00e1gua enfrentam hoje desafios sem precedentes:<\/p><ul><li class=\"otl-paragraph\"><strong>Alto n\u00edvel de \u00e1gua n\u00e3o faturada (ANF):<\/strong> Vazamentos e furtos reduzem a receita e desperdi\u00e7am recursos preciosos.<\/li><li class=\"otl-paragraph\"><strong>Infraestrutura envelhecida:<\/strong> A visibilidade limitada da sa\u00fade dos oleodutos leva a falhas catastr\u00f3ficas.<\/li><li class=\"otl-paragraph\"><strong>Inefici\u00eancia operacional:<\/strong> A leitura manual de medidores \u00e9 cara, propensa a erros e carece de precis\u00e3o.<\/li><li class=\"otl-paragraph\"><strong>Expectativas do cliente:<\/strong> Os consumidores modernos exigem transpar\u00eancia, alertas sobre vazamentos e informa\u00e7\u00f5es sobre o uso.<\/li><\/ul><p class=\"otl-paragraph\">Chegou a hora de ir al\u00e9m da simples medi\u00e7\u00e3o. Chegou a hora da verdadeira intelig\u00eancia.<\/p><\/div><\/div>\t\t\t\t\t\t\t\t<\/div>\n\t\t\t\t<\/div>\n\t\t\t\t<div class=\"elementor-element elementor-element-f4f068b elementor-widget elementor-widget-text-editor\" data-id=\"f4f068b\" data-element_type=\"widget\" data-widget_type=\"text-editor.default\">\n\t\t\t\t<div class=\"elementor-widget-container\">\n\t\t\t\t\t\t\t\t\t<h2><span style=\"color: #0c3793;\"><strong><b>Nossa solu\u00e7\u00e3o: TY WaterOne<\/b><\/strong><\/span><\/h2><div><div>Nossa solu\u00e7\u00e3o integra medidores de \u00e1gua inteligentes de alta precis\u00e3o com uma rede de comunica\u00e7\u00e3o robusta e um poderoso software de an\u00e1lise. Projetada para escalabilidade, desde pequenos munic\u00edpios at\u00e9 grandes redes metropolitanas.<\/div><\/div>\t\t\t\t\t\t\t\t<\/div>\n\t\t\t\t<\/div>\n\t\t\t\t<div class=\"elementor-element elementor-element-025c04f elementor-widget elementor-widget-text-editor\" data-id=\"025c04f\" data-element_type=\"widget\" data-widget_type=\"text-editor.default\">\n\t\t\t\t<div class=\"elementor-widget-container\">\n\t\t\t\t\t\t\t\t\t<div><div><p class=\"otl-paragraph\"><strong><span class=\"otl-emoji\">\ud83c\udf0a<\/span><\/strong><strong> Dispositivos de Medi\u00e7\u00e3o Inteligente<\/strong><\/p><ul><li class=\"otl-paragraph\"><strong>Medidores de \u00e1gua ultrass\u00f4nicos:<\/strong> Sem pe\u00e7as m\u00f3veis, garantindo precis\u00e3o a longo prazo e baixa manuten\u00e7\u00e3o.<\/li><li class=\"otl-paragraph\"><strong>Comunica\u00e7\u00e3o multiprotocolo:<\/strong> O suporte nativo para LoRaWAN, NB-IoT, 4G, GPRS e W-MBus garante conectividade em qualquer terreno.<\/li><li class=\"otl-paragraph\"><strong>Detec\u00e7\u00e3o de viola\u00e7\u00e3o e vazamento:<\/strong> Sensores integrados detectam instantaneamente fluxo reverso, interfer\u00eancia magn\u00e9tica e anomalias de fluxo cont\u00ednuo.<\/li><li class=\"otl-paragraph\"><strong>Dura\u00e7\u00e3o da bateria:<\/strong> Em funcionamento h\u00e1 mais de 10 anos.<\/li><\/ul><p class=\"otl-paragraph\"><strong><span class=\"otl-emoji\">\ud83d\udce1<\/span><\/strong><strong> Rede de comunica\u00e7\u00e3o segura<\/strong><\/p><ul><li class=\"otl-paragraph\"><strong>Rede Mesh Auto-Repar\u00e1vel:<\/strong> O redirecionamento autom\u00e1tico garante a integridade dos dados mesmo em caso de falha de n\u00f3s.<\/li><li class=\"otl-paragraph\"><strong>Seguran\u00e7a cibern\u00e9tica em primeiro lugar:<\/strong> Criptografia de ponta a ponta (AES-128\/256) em conformidade com os padr\u00f5es internacionais de seguran\u00e7a (por exemplo, NIST, GDPR).<\/li><li class=\"otl-paragraph\"><strong>Arquitetura flex\u00edvel:<\/strong> Compat\u00edvel com redes fixas, leitura m\u00f3vel em movimento e implanta\u00e7\u00f5es h\u00edbridas.<\/li><\/ul><p class=\"otl-paragraph\"><strong><span class=\"otl-emoji\">\ud83d\udcca<\/span><\/strong><strong> Plataforma de Dados Inteligente (Sistema Head-End)<\/strong><\/p><ul><li class=\"otl-paragraph\"><strong>Painel de controle em tempo real:<\/strong> Visualize o consumo de \u00e1gua, o status do medidor e a integridade da rede em tempo real.<\/li><li class=\"otl-paragraph\"><strong>An\u00e1lise de IA:<\/strong> Algoritmos preditivos identificam vazamentos ocultos e rompimentos de tubula\u00e7\u00f5es antes que eles venham \u00e0 tona.<\/li><li class=\"otl-paragraph\"><strong>Envolvimento do cliente:<\/strong> Fornecer aos usu\u00e1rios finais dados de uso di\u00e1rio, alertas de vazamento e an\u00e1lise de tend\u00eancias por meio de aplicativos m\u00f3veis para aumentar a satisfa\u00e7\u00e3o.<\/li><li class=\"otl-paragraph\"><strong>Design aberto nativo:<\/strong> Baseado nos padr\u00f5es DLMS\/COSEM e API RESTful, permitindo integra\u00e7\u00e3o perfeita com CIS, GIS e MDM \u2014 seguro, neutro e plug-and-play.<\/li><\/ul><\/div><\/div>\t\t\t\t\t\t\t\t<\/div>\n\t\t\t\t<\/div>\n\t\t\t\t<div class=\"elementor-element elementor-element-f6ee962 elementor-widget elementor-widget-text-editor\" data-id=\"f6ee962\" data-element_type=\"widget\" data-widget_type=\"text-editor.default\">\n\t\t\t\t<div class=\"elementor-widget-container\">\n\t\t\t\t\t\t\t\t\t<h2><span style=\"color: #0c3793;\"><strong><b>Valor chave<\/b><\/strong><\/span><\/h2><div><div><div><table class=\"outline-table\" border=\"1\"><tbody><tr><td colspan=\"1\" rowspan=\"1\" align=\"left\" valign=\"top\" width=\"477\" height=\"38.375\"><p class=\"otl-paragraph\"><strong>Recurso<\/strong><\/p><\/td><td colspan=\"1\" rowspan=\"1\" align=\"left\" valign=\"top\" width=\"578\" height=\"38.375\"><p class=\"otl-paragraph\"><strong>Impacto nos neg\u00f3cios<\/strong><\/p><\/td><\/tr><tr><td colspan=\"1\" rowspan=\"1\" align=\"left\" valign=\"top\" width=\"477\" height=\"38.375\"><p class=\"otl-paragraph\"><strong>Dados granulares<\/strong><\/p><p class=\"otl-paragraph\">(A cada hora\/30 min)<\/p><\/td><td colspan=\"1\" rowspan=\"1\" align=\"left\" valign=\"top\" width=\"578\" height=\"38.375\"><p class=\"otl-paragraph\"><strong>Reduzir a renda n\u00e3o faturada:<\/strong> Localize vazamentos imediatamente, reduzindo a perda de \u00e1gua em at\u00e9 25-30%.<\/p><\/td><\/tr><tr><td colspan=\"1\" rowspan=\"1\" align=\"left\" valign=\"top\" width=\"477\" height=\"38.375\"><p class=\"otl-paragraph\"><strong>Leitura e controle remotos<\/strong><\/p><\/td><td colspan=\"1\" rowspan=\"1\" align=\"left\" valign=\"top\" width=\"578\" height=\"38.375\"><p class=\"otl-paragraph\"><strong>Reduzir as despesas operacionais:<\/strong> Elimine os custos de leitura manual e reduza os despachos de ve\u00edculos com o 90%.<\/p><\/td><\/tr><tr><td colspan=\"1\" rowspan=\"1\" align=\"left\" valign=\"top\" width=\"477\" height=\"38.375\"><p class=\"otl-paragraph\"><strong>Envolvimento do Cliente<\/strong><\/p><\/td><td colspan=\"1\" rowspan=\"1\" align=\"left\" valign=\"top\" width=\"578\" height=\"38.375\"><p class=\"otl-paragraph\"><strong>Estabilidade da receita:<\/strong> Melhorar a precis\u00e3o da fatura\u00e7\u00e3o e os \u00edndices de satisfa\u00e7\u00e3o do cliente.<\/p><\/td><\/tr><tr><td colspan=\"1\" rowspan=\"1\" align=\"left\" valign=\"top\" width=\"477\" height=\"38.375\"><p class=\"otl-paragraph\"><strong>API aberta<\/strong><\/p><\/td><td colspan=\"1\" rowspan=\"1\" align=\"left\" valign=\"top\" width=\"578\" height=\"38.375\"><p class=\"otl-paragraph\"><strong>Conformidade Internacional:<\/strong> Compat\u00edvel com os padr\u00f5es DLMS\/COSEM + API RESTful, evitando a depend\u00eancia de fornecedores espec\u00edficos.<\/p><\/td><\/tr><\/tbody><\/table><\/div><\/div><\/div>\t\t\t\t\t\t\t\t<\/div>\n\t\t\t\t<\/div>\n\t\t\t\t<div class=\"elementor-element elementor-element-f428857 elementor-widget elementor-widget-text-editor\" data-id=\"f428857\" data-element_type=\"widget\" data-widget_type=\"text-editor.default\">\n\t\t\t\t<div class=\"elementor-widget-container\">\n\t\t\t\t\t\t\t\t\t<h2><span style=\"color: #0c3793;\"><strong><b>Por que nos escolher?<\/b><\/strong><\/span><\/h2><div><div><div><ul><li class=\"otl-paragraph\"><strong>Implanta\u00e7\u00e3o comprovada:<\/strong> Implementado com sucesso em diversas concession\u00e1rias de servi\u00e7os p\u00fablicos em diferentes climas e ambientes regulat\u00f3rios.<\/li><li class=\"otl-paragraph\"><strong>Interoperabilidade:<\/strong> Suporta os padr\u00f5es duplos DLMS\/COSEM + LwM2M, evitando a depend\u00eancia de um \u00fanico fornecedor e estando em conformidade com as diretivas de interoperabilidade da UE.<\/li><li class=\"otl-paragraph\"><strong>Tecnologia \u00e0 prova do futuro:<\/strong> As atualiza\u00e7\u00f5es de firmware Over-The-Air (FOTA) garantem que sua rede evolua com os padr\u00f5es emergentes sem a necessidade de substituir o hardware.<\/li><li class=\"otl-paragraph\"><strong>Suporte dedicado:<\/strong> Suporte t\u00e9cnico e programas de treinamento abrangentes para sua equipe.<\/li><\/ul><\/div><\/div><\/div>\t\t\t\t\t\t\t\t<\/div>\n\t\t\t\t<\/div>\n\t\t\t\t<div class=\"elementor-element elementor-element-12b3259 elementor-widget elementor-widget-text-editor\" data-id=\"12b3259\" data-element_type=\"widget\" data-widget_type=\"text-editor.default\">\n\t\t\t\t<div class=\"elementor-widget-container\">\n\t\t\t\t\t\t\t\t\t<h2><span style=\"color: #0c3793;\"><strong><b>Estudos de caso<\/b><\/strong><\/span><\/h2><div><div><div><p class=\"otl-paragraph\"><strong>Cidade de Xingtai, Hebei, China<\/strong><\/p><ul><li class=\"otl-paragraph\"><strong>Desafio:<\/strong> A quantidade de \u00e1gua n\u00e3o faturada (ANF) chega a 35% devido a vazamentos subterr\u00e2neos n\u00e3o detectados.<\/li><li class=\"otl-paragraph\"><strong>Solu\u00e7\u00e3o:<\/strong> Implantamos 100.000 medidores de \u00e1gua inteligentes habilitados para NB-IoT.<\/li><li class=\"otl-paragraph\"><strong>Resultado:<\/strong> Reduzimos o consumo de \u00e1gua n\u00e3o faturada para 121.030 toneladas em 18 meses, economizando 1.400.250.000 toneladas anualmente em custos de produ\u00e7\u00e3o de \u00e1gua.<\/li><\/ul><\/div><\/div><\/div>\t\t\t\t\t\t\t\t<\/div>\n\t\t\t\t<\/div>\n\t\t\t\t<div class=\"elementor-element elementor-element-8abd290 elementor-widget elementor-widget-text-editor\" data-id=\"8abd290\" data-element_type=\"widget\" data-widget_type=\"text-editor.default\">\n\t\t\t\t<div class=\"elementor-widget-container\">\n\t\t\t\t\t\t\t\t\t<h2><strong style=\"font-size: 16px;\">Servi\u00e7os P\u00fablicos Regionais da \u00c1sia Central<\/strong><\/h2><div><ul><li class=\"otl-paragraph\"><strong>Desafio:<\/strong> Altos custos operacionais e reclama\u00e7\u00f5es de clientes em rela\u00e7\u00e3o \u00e0 cobran\u00e7a estimada.<\/li><li class=\"otl-paragraph\"><strong>Solu\u00e7\u00e3o:<\/strong> Implementa\u00e7\u00e3o completa da AMI com um portal de intera\u00e7\u00e3o com o cliente.<\/li><li class=\"otl-paragraph\"><strong>Resultado:<\/strong> Faturamento preciso (100%), redu\u00e7\u00e3o no volume de chamadas para a central de atendimento (30%) e maior confian\u00e7a do cliente (30%).<\/li><\/ul><\/div>\t\t\t\t\t\t\t\t<\/div>\n\t\t\t\t<\/div>\n\t\t\t\t\t<\/div>\n\t\t\t\t<\/div>\n\t\t<div class=\"elementor-element elementor-element-e3d7f13 e-flex e-con-boxed e-con e-parent\" data-id=\"e3d7f13\" data-element_type=\"container\">\n\t\t\t\t\t<div class=\"e-con-inner\">\n\t\t\t\t\t<\/div>\n\t\t\t\t<\/div>\n\t\t\t\t<\/div>","protected":false},"excerpt":{"rendered":"<p>Solu\u00e7\u00e3o TY WaterOne AMI: Transforme sua concession\u00e1ria de \u00e1gua em uma rede sustent\u00e1vel e orientada por dados. Reduza a \u00c1gua N\u00e3o Faturada (ANF) em at\u00e9 25-30% e otimize as opera\u00e7\u00f5es. O Desafio: Por que a Medi\u00e7\u00e3o Tradicional N\u00e3o \u00e9 Mais Suficiente? As concession\u00e1rias de \u00e1gua enfrentam hoje desafios sem precedentes: Alto n\u00edvel de \u00c1gua N\u00e3o Faturada (ANF): Vazamentos e furtos reduzem a receita e desperdi\u00e7am recursos preciosos. Infraestrutura Envelhecida: Visibilidade limitada [\u2026]<\/p>","protected":false},"author":1,"featured_media":0,"parent":0,"menu_order":0,"comment_status":"closed","ping_status":"closed","template":"","meta":{"_acf_changed":false,"site-sidebar-layout":"no-sidebar","site-content-layout":"page-builder","ast-site-content-layout":"full-width-container","site-content-style":"default","site-sidebar-style":"default","ast-global-header-display":"","ast-banner-title-visibility":"","ast-main-header-display":"","ast-hfb-above-header-display":"","ast-hfb-below-header-display":"","ast-hfb-mobile-header-display":"","site-post-title":"disabled","ast-breadcrumbs-content":"","ast-featured-img":"disabled","footer-sml-layout":"","theme-transparent-header-meta":"default","adv-header-id-meta":"","stick-header-meta":"default","header-above-stick-meta":"","header-main-stick-meta":"","header-below-stick-meta":"","astra-migrate-meta-layouts":"set","ast-page-background-enabled":"default","ast-page-background-meta":{"desktop":{"background-color":"","background-image":"","background-repeat":"repeat","background-position":"center center","background-size":"auto","background-attachment":"scroll","background-type":"","background-media":"","overlay-type":"","overlay-color":"","overlay-opacity":"","overlay-gradient":""},"tablet":{"background-color":"","background-image":"","background-repeat":"repeat","background-position":"center center","background-size":"auto","background-attachment":"scroll","background-type":"","background-media":"","overlay-type":"","overlay-color":"","overlay-opacity":"","overlay-gradient":""},"mobile":{"background-color":"","background-image":"","background-repeat":"repeat","background-position":"center center","background-size":"auto","background-attachment":"scroll","background-type":"","background-media":"","overlay-type":"","overlay-color":"","overlay-opacity":"","overlay-gradient":""}},"ast-content-background-meta":{"desktop":{"background-color":"var(--ast-global-color-5)","background-image":"","background-repeat":"repeat","background-position":"center center","background-size":"auto","background-attachment":"scroll","background-type":"","background-media":"","overlay-type":"","overlay-color":"","overlay-opacity":"","overlay-gradient":""},"tablet":{"background-color":"var(--ast-global-color-5)","background-image":"","background-repeat":"repeat","background-position":"center center","background-size":"auto","background-attachment":"scroll","background-type":"","background-media":"","overlay-type":"","overlay-color":"","overlay-opacity":"","overlay-gradient":""},"mobile":{"background-color":"var(--ast-global-color-5)","background-image":"","background-repeat":"repeat","background-position":"center center","background-size":"auto","background-attachment":"scroll","background-type":"","background-media":"","overlay-type":"","overlay-color":"","overlay-opacity":"","overlay-gradient":""}},"footnotes":""},"class_list":["post-1914","page","type-page","status-publish","hentry"],"acf":[],"yoast_head":"<!-- This site is optimized with the Yoast SEO plugin v24.1 - https:\/\/yoast.com\/wordpress\/plugins\/seo\/ -->\n<title>Optimizing Water Count Data-Tengyue metering<\/title>\n<meta name=\"robots\" content=\"noindex, follow, max-snippet:-1, max-image-preview:large, max-video-preview:-1\" \/>\n<meta property=\"og:locale\" content=\"pt_PT\" \/>\n<meta property=\"og:type\" content=\"article\" \/>\n<meta property=\"og:title\" content=\"Optimizing Water Count Data-Tengyue metering\" \/>\n<meta property=\"og:description\" content=\"TY WaterOne AMI Solution Transform your water utility into a data-driven, sustainable network. Reduce Non-Revenue Water (NRW) by up to 25-30% and optimize operations. The Challenge:Why Tradition Metering is No Longer Enough Water utilities today face unprecedented challenges: High Non-Revenue Water (NRW): Leaks and theft deplete revenue and waste precious resources. Aging Infrastructure: Limited visibility [&hellip;]\" \/>\n<meta property=\"og:url\" content=\"https:\/\/www.tengyuemetering.com\/pt\/optimizing-water-count-data-tengyue-metering\/\" \/>\n<meta property=\"og:site_name\" content=\"Water Meter Supplier&amp;Water Measuring Solution-Tengyue Metering\" \/>\n<meta property=\"article:modified_time\" content=\"2026-03-31T03:39:37+00:00\" \/>\n<meta name=\"twitter:card\" content=\"summary_large_image\" \/>\n<meta name=\"twitter:label1\" content=\"Est. reading time\" \/>\n\t<meta name=\"twitter:data1\" content=\"3 minutos\" \/>\n<script type=\"application\/ld+json\" class=\"yoast-schema-graph\">{\"@context\":\"https:\/\/schema.org\",\"@graph\":[{\"@type\":\"WebPage\",\"@id\":\"https:\/\/www.tengyuemetering.com\/optimizing-water-count-data-tengyue-metering\/\",\"url\":\"https:\/\/www.tengyuemetering.com\/optimizing-water-count-data-tengyue-metering\/\",\"name\":\"Optimizing Water Count Data-Tengyue metering\",\"isPartOf\":{\"@id\":\"https:\/\/www.tengyuemetering.com\/#website\"},\"datePublished\":\"2025-02-19T08:21:15+00:00\",\"dateModified\":\"2026-03-31T03:39:37+00:00\",\"breadcrumb\":{\"@id\":\"https:\/\/www.tengyuemetering.com\/optimizing-water-count-data-tengyue-metering\/#breadcrumb\"},\"inLanguage\":\"pt-PT\",\"potentialAction\":[{\"@type\":\"ReadAction\",\"target\":[\"https:\/\/www.tengyuemetering.com\/optimizing-water-count-data-tengyue-metering\/\"]}]},{\"@type\":\"BreadcrumbList\",\"@id\":\"https:\/\/www.tengyuemetering.com\/optimizing-water-count-data-tengyue-metering\/#breadcrumb\",\"itemListElement\":[{\"@type\":\"ListItem\",\"position\":1,\"name\":\"Home\",\"item\":\"https:\/\/www.tengyuemetering.com\/\"},{\"@type\":\"ListItem\",\"position\":2,\"name\":\"Data Management Solutions\"}]},{\"@type\":\"WebSite\",\"@id\":\"https:\/\/www.tengyuemetering.com\/#website\",\"url\":\"https:\/\/www.tengyuemetering.com\/\",\"name\":\"Water Meter Supplier&amp;Water Measuring Solution-Tengyue Metering\",\"description\":\"Ultrasonic Water Meter&amp;Smart Water Meter China\",\"publisher\":{\"@id\":\"https:\/\/www.tengyuemetering.com\/#organization\"},\"potentialAction\":[{\"@type\":\"SearchAction\",\"target\":{\"@type\":\"EntryPoint\",\"urlTemplate\":\"https:\/\/www.tengyuemetering.com\/?s={search_term_string}\"},\"query-input\":{\"@type\":\"PropertyValueSpecification\",\"valueRequired\":true,\"valueName\":\"search_term_string\"}}],\"inLanguage\":\"pt-PT\"},{\"@type\":\"Organization\",\"@id\":\"https:\/\/www.tengyuemetering.com\/#organization\",\"name\":\"Water Meter Supplier&amp;Water Measuring Solution-Tengyue Metering\",\"url\":\"https:\/\/www.tengyuemetering.com\/\",\"logo\":{\"@type\":\"ImageObject\",\"inLanguage\":\"pt-PT\",\"@id\":\"https:\/\/www.tengyuemetering.com\/#\/schema\/logo\/image\/\",\"url\":\"https:\/\/www.tengyuemetering.com\/wp-content\/uploads\/2024\/12\/87f194b8255907fc319b6cfa2ea9a24d.png\",\"contentUrl\":\"https:\/\/www.tengyuemetering.com\/wp-content\/uploads\/2024\/12\/87f194b8255907fc319b6cfa2ea9a24d.png\",\"width\":789,\"height\":226,\"caption\":\"Water Meter Supplier&amp;Water Measuring Solution-Tengyue Metering\"},\"image\":{\"@id\":\"https:\/\/www.tengyuemetering.com\/#\/schema\/logo\/image\/\"}}]}<\/script>\n<!-- \/ Yoast SEO plugin. -->","yoast_head_json":{"title":"Optimizing Water Count Data-Tengyue metering","robots":{"index":"noindex","follow":"follow","max-snippet":"max-snippet:-1","max-image-preview":"max-image-preview:large","max-video-preview":"max-video-preview:-1"},"og_locale":"pt_PT","og_type":"article","og_title":"Optimizing Water Count Data-Tengyue metering","og_description":"TY WaterOne AMI Solution Transform your water utility into a data-driven, sustainable network. Reduce Non-Revenue Water (NRW) by up to 25-30% and optimize operations. The Challenge:Why Tradition Metering is No Longer Enough Water utilities today face unprecedented challenges: High Non-Revenue Water (NRW): Leaks and theft deplete revenue and waste precious resources. Aging Infrastructure: Limited visibility [&hellip;]","og_url":"https:\/\/www.tengyuemetering.com\/pt\/optimizing-water-count-data-tengyue-metering\/","og_site_name":"Water Meter Supplier&amp;Water Measuring Solution-Tengyue Metering","article_modified_time":"2026-03-31T03:39:37+00:00","twitter_card":"summary_large_image","twitter_misc":{"Est. reading time":"3 minutos"},"schema":{"@context":"https:\/\/schema.org","@graph":[{"@type":"WebPage","@id":"https:\/\/www.tengyuemetering.com\/optimizing-water-count-data-tengyue-metering\/","url":"https:\/\/www.tengyuemetering.com\/optimizing-water-count-data-tengyue-metering\/","name":"Optimizing Water Count Data-Tengyue metering","isPartOf":{"@id":"https:\/\/www.tengyuemetering.com\/#website"},"datePublished":"2025-02-19T08:21:15+00:00","dateModified":"2026-03-31T03:39:37+00:00","breadcrumb":{"@id":"https:\/\/www.tengyuemetering.com\/optimizing-water-count-data-tengyue-metering\/#breadcrumb"},"inLanguage":"pt-PT","potentialAction":[{"@type":"ReadAction","target":["https:\/\/www.tengyuemetering.com\/optimizing-water-count-data-tengyue-metering\/"]}]},{"@type":"BreadcrumbList","@id":"https:\/\/www.tengyuemetering.com\/optimizing-water-count-data-tengyue-metering\/#breadcrumb","itemListElement":[{"@type":"ListItem","position":1,"name":"Home","item":"https:\/\/www.tengyuemetering.com\/"},{"@type":"ListItem","position":2,"name":"Data Management Solutions"}]},{"@type":"WebSite","@id":"https:\/\/www.tengyuemetering.com\/#website","url":"https:\/\/www.tengyuemetering.com\/","name":"Water Meter Supplier&amp;Water Measuring Solution-Tengyue Metering","description":"Ultrasonic Water Meter&amp;Smart Water Meter China","publisher":{"@id":"https:\/\/www.tengyuemetering.com\/#organization"},"potentialAction":[{"@type":"SearchAction","target":{"@type":"EntryPoint","urlTemplate":"https:\/\/www.tengyuemetering.com\/?s={search_term_string}"},"query-input":{"@type":"PropertyValueSpecification","valueRequired":true,"valueName":"search_term_string"}}],"inLanguage":"pt-PT"},{"@type":"Organization","@id":"https:\/\/www.tengyuemetering.com\/#organization","name":"Water Meter Supplier&amp;Water Measuring Solution-Tengyue Metering","url":"https:\/\/www.tengyuemetering.com\/","logo":{"@type":"ImageObject","inLanguage":"pt-PT","@id":"https:\/\/www.tengyuemetering.com\/#\/schema\/logo\/image\/","url":"https:\/\/www.tengyuemetering.com\/wp-content\/uploads\/2024\/12\/87f194b8255907fc319b6cfa2ea9a24d.png","contentUrl":"https:\/\/www.tengyuemetering.com\/wp-content\/uploads\/2024\/12\/87f194b8255907fc319b6cfa2ea9a24d.png","width":789,"height":226,"caption":"Water Meter Supplier&amp;Water Measuring Solution-Tengyue Metering"},"image":{"@id":"https:\/\/www.tengyuemetering.com\/#\/schema\/logo\/image\/"}}]}},"_links":{"self":[{"href":"https:\/\/www.tengyuemetering.com\/pt\/wp-json\/wp\/v2\/pages\/1914","targetHints":{"allow":["GET"]}}],"collection":[{"href":"https:\/\/www.tengyuemetering.com\/pt\/wp-json\/wp\/v2\/pages"}],"about":[{"href":"https:\/\/www.tengyuemetering.com\/pt\/wp-json\/wp\/v2\/types\/page"}],"author":[{"embeddable":true,"href":"https:\/\/www.tengyuemetering.com\/pt\/wp-json\/wp\/v2\/users\/1"}],"replies":[{"embeddable":true,"href":"https:\/\/www.tengyuemetering.com\/pt\/wp-json\/wp\/v2\/comments?post=1914"}],"version-history":[{"count":31,"href":"https:\/\/www.tengyuemetering.com\/pt\/wp-json\/wp\/v2\/pages\/1914\/revisions"}],"predecessor-version":[{"id":7200,"href":"https:\/\/www.tengyuemetering.com\/pt\/wp-json\/wp\/v2\/pages\/1914\/revisions\/7200"}],"wp:attachment":[{"href":"https:\/\/www.tengyuemetering.com\/pt\/wp-json\/wp\/v2\/media?parent=1914"}],"curies":[{"name":"wp","href":"https:\/\/api.w.org\/{rel}","templated":true}]}}