{"id":1814,"date":"2025-02-14T04:42:57","date_gmt":"2025-02-14T04:42:57","guid":{"rendered":"http:\/\/www.tengyuemetering.com\/?page_id=1814"},"modified":"2026-03-18T01:12:19","modified_gmt":"2026-03-18T01:12:19","slug":"non-revwnue-water-tengyue-metering","status":"publish","type":"page","link":"https:\/\/www.tengyuemetering.com\/pt\/non-revwnue-water-tengyue-metering\/","title":{"rendered":"\u00c1gua n\u00e3o faturada"},"content":{"rendered":"<div data-elementor-type=\"wp-page\" data-elementor-id=\"1814\" class=\"elementor elementor-1814\" data-elementor-post-type=\"page\">\n\t\t\t\t<div class=\"elementor-element elementor-element-61eaa6d e-flex e-con-boxed e-con e-parent\" data-id=\"61eaa6d\" data-element_type=\"container\">\n\t\t\t\t\t<div class=\"e-con-inner\">\n\t\t\t\t<div class=\"elementor-element elementor-element-aacc8b3 elementor-widget elementor-widget-heading\" data-id=\"aacc8b3\" data-element_type=\"widget\" data-widget_type=\"heading.default\">\n\t\t\t\t<div class=\"elementor-widget-container\">\n\t\t\t\t\t<h2 class=\"elementor-heading-title elementor-size-default\">\u00c1GUA N\u00c3O FATURADA<\/h2>\t\t\t\t<\/div>\n\t\t\t\t<\/div>\n\t\t\t\t<div class=\"elementor-element elementor-element-c9a6e6f elementor-widget elementor-widget-text-editor\" data-id=\"c9a6e6f\" data-element_type=\"widget\" data-widget_type=\"text-editor.default\">\n\t\t\t\t<div class=\"elementor-widget-container\">\n\t\t\t\t\t\t\t\t\t<p class=\"ds-markdown-paragraph\"><strong>Quanto mais cedo voc\u00ea souber, mais voc\u00ea economiza.<\/strong><\/p>\t\t\t\t\t\t\t\t<\/div>\n\t\t\t\t<\/div>\n\t\t\t\t<div class=\"elementor-element elementor-element-89aa412 elementor-widget elementor-widget-image\" data-id=\"89aa412\" data-element_type=\"widget\" data-widget_type=\"image.default\">\n\t\t\t\t<div class=\"elementor-widget-container\">\n\t\t\t\t\t\t\t\t\t\t\t\t\t\t\t<img fetchpriority=\"high\" decoding=\"async\" width=\"1020\" height=\"340\" src=\"https:\/\/www.tengyuemetering.com\/wp-content\/uploads\/2025\/02\/Non-revenue-water-1.png\" class=\"attachment-large size-large wp-image-2050\" alt=\"Non-revenue water\" srcset=\"https:\/\/www.tengyuemetering.com\/wp-content\/uploads\/2025\/02\/Non-revenue-water-1.png 1020w, https:\/\/www.tengyuemetering.com\/wp-content\/uploads\/2025\/02\/Non-revenue-water-1-300x100.png 300w, https:\/\/www.tengyuemetering.com\/wp-content\/uploads\/2025\/02\/Non-revenue-water-1-768x256.png 768w, https:\/\/www.tengyuemetering.com\/wp-content\/uploads\/2025\/02\/Non-revenue-water-1-600x200.png 600w\" sizes=\"(max-width: 1020px) 100vw, 1020px\" \/>\t\t\t\t\t\t\t\t\t\t\t\t\t\t\t<\/div>\n\t\t\t\t<\/div>\n\t\t\t\t<div class=\"elementor-element elementor-element-277407e elementor-widget elementor-widget-text-editor\" data-id=\"277407e\" data-element_type=\"widget\" data-widget_type=\"text-editor.default\">\n\t\t\t\t<div class=\"elementor-widget-container\">\n\t\t\t\t\t\t\t\t\t<p>Supere a cegueira e a lentid\u00e3o das inspe\u00e7\u00f5es tradicionais. Nossa plataforma utiliza um mapa como base para transformar dados complexos de vazamentos em dutos em informa\u00e7\u00f5es visuais e intuitivas. Ela permite n\u00e3o apenas compreender o status em tempo real de cada zona DMA &quot;num relance&quot; e localizar rapidamente \u00e1reas an\u00f4malas, mas tamb\u00e9m, por meio da integra\u00e7\u00e3o de m\u00faltiplos tipos de sensores, constr\u00f3i um processo automatizado de &quot;monitoramento, alerta e an\u00e1lise&quot;. Isso aumenta significativamente a efici\u00eancia do trabalho das equipes de controle de vazamentos, combatendo o desperd\u00edcio de \u00e1gua desde o seu in\u00edcio.<\/p>\t\t\t\t\t\t\t\t<\/div>\n\t\t\t\t<\/div>\n\t\t\t\t\t<\/div>\n\t\t\t\t<\/div>\n\t\t<div class=\"elementor-element elementor-element-23a8360 e-flex e-con-boxed e-con e-parent\" data-id=\"23a8360\" data-element_type=\"container\">\n\t\t\t\t\t<div class=\"e-con-inner\">\n\t\t\t\t<div class=\"elementor-element elementor-element-e8a7bbb elementor-widget elementor-widget-text-editor\" data-id=\"e8a7bbb\" data-element_type=\"widget\" data-widget_type=\"text-editor.default\">\n\t\t\t\t<div class=\"elementor-widget-container\">\n\t\t\t\t\t\t\t\t\t<p><strong>Painel de opera\u00e7\u00f5es em tempo real com atualiza\u00e7\u00f5es di\u00e1rias de dados.<\/strong><\/p>\t\t\t\t\t\t\t\t<\/div>\n\t\t\t\t<\/div>\n\t\t\t\t\t<\/div>\n\t\t\t\t<\/div>\n\t\t<div class=\"elementor-element elementor-element-3e79acd e-grid e-con-full e-con e-parent\" data-id=\"3e79acd\" data-element_type=\"container\">\n\t\t\t\t<div class=\"elementor-element elementor-element-b81577d elementor-widget elementor-widget-text-editor\" data-id=\"b81577d\" data-element_type=\"widget\" data-widget_type=\"text-editor.default\">\n\t\t\t\t<div class=\"elementor-widget-container\">\n\t\t\t\t\t\t\t\t\t<ul><li><p class=\"ds-markdown-paragraph\"><strong>An\u00e1lise de Fus\u00e3o de Dados<\/strong>Integrar e analisar em profundidade as leituras dos medidores de \u00e1gua e os dados de alimenta\u00e7\u00e3o da rede.<\/p><\/li><li><p class=\"ds-markdown-paragraph\"><strong>Monitoramento em tempo real<\/strong>Monitore o fluxo de \u00e1gua, a press\u00e3o e o status de vazamento em tempo real.<\/p><\/li><li><p class=\"ds-markdown-paragraph\"><strong>Imputa\u00e7\u00e3o Inteligente<\/strong>Mesmo com coleta de dados incompleta, algoritmos avan\u00e7ados de s\u00edntese de dados podem chegar a conclus\u00f5es precisas por meio de c\u00e1lculos.<\/p><\/li><\/ul>\t\t\t\t\t\t\t\t<\/div>\n\t\t\t\t<\/div>\n\t\t\t\t<div class=\"elementor-element elementor-element-e5410e8 elementor-widget elementor-widget-image\" data-id=\"e5410e8\" data-element_type=\"widget\" data-widget_type=\"image.default\">\n\t\t\t\t<div class=\"elementor-widget-container\">\n\t\t\t\t\t\t\t\t\t\t\t\t\t\t\t<img decoding=\"async\" width=\"1024\" height=\"666\" src=\"https:\/\/www.tengyuemetering.com\/wp-content\/uploads\/2026\/03\/2-1-1024x666.png\" class=\"attachment-large size-large wp-image-7114\" alt=\"\" srcset=\"https:\/\/www.tengyuemetering.com\/wp-content\/uploads\/2026\/03\/2-1-1024x666.png 1024w, https:\/\/www.tengyuemetering.com\/wp-content\/uploads\/2026\/03\/2-1-300x195.png 300w, https:\/\/www.tengyuemetering.com\/wp-content\/uploads\/2026\/03\/2-1-768x499.png 768w, https:\/\/www.tengyuemetering.com\/wp-content\/uploads\/2026\/03\/2-1-1536x999.png 1536w, https:\/\/www.tengyuemetering.com\/wp-content\/uploads\/2026\/03\/2-1-18x12.png 18w, https:\/\/www.tengyuemetering.com\/wp-content\/uploads\/2026\/03\/2-1-600x390.png 600w, https:\/\/www.tengyuemetering.com\/wp-content\/uploads\/2026\/03\/2-1.png 1833w\" sizes=\"(max-width: 1024px) 100vw, 1024px\" \/>\t\t\t\t\t\t\t\t\t\t\t\t\t\t\t<\/div>\n\t\t\t\t<\/div>\n\t\t\t\t<\/div>\n\t\t<div class=\"elementor-element elementor-element-fe8808d e-flex e-con-boxed e-con e-parent\" data-id=\"fe8808d\" data-element_type=\"container\">\n\t\t\t\t\t<div class=\"e-con-inner\">\n\t\t\t\t<div class=\"elementor-element elementor-element-c4e8622 elementor-widget elementor-widget-text-editor\" data-id=\"c4e8622\" data-element_type=\"widget\" data-widget_type=\"text-editor.default\">\n\t\t\t\t<div class=\"elementor-widget-container\">\n\t\t\t\t\t\t\t\t\t<p style=\"text-align: right;\"><strong>Solu\u00e7\u00e3o de visualiza\u00e7\u00e3o baseada em mapas para monitoramento de vazamentos de rede<\/strong><\/p>\t\t\t\t\t\t\t\t<\/div>\n\t\t\t\t<\/div>\n\t\t\t\t\t<\/div>\n\t\t\t\t<\/div>\n\t\t<div class=\"elementor-element elementor-element-6ce9e4c e-grid e-con-boxed e-con e-parent\" data-id=\"6ce9e4c\" data-element_type=\"container\">\n\t\t\t\t\t<div class=\"e-con-inner\">\n\t\t\t\t<div class=\"elementor-element elementor-element-9c09485 elementor-widget elementor-widget-image\" data-id=\"9c09485\" data-element_type=\"widget\" data-widget_type=\"image.default\">\n\t\t\t\t<div class=\"elementor-widget-container\">\n\t\t\t\t\t\t\t\t\t\t\t\t\t\t\t<img decoding=\"async\" width=\"1024\" height=\"666\" src=\"https:\/\/www.tengyuemetering.com\/wp-content\/uploads\/2026\/03\/3-1024x666.png\" class=\"attachment-large size-large wp-image-7115\" alt=\"\" srcset=\"https:\/\/www.tengyuemetering.com\/wp-content\/uploads\/2026\/03\/3-1024x666.png 1024w, https:\/\/www.tengyuemetering.com\/wp-content\/uploads\/2026\/03\/3-300x195.png 300w, https:\/\/www.tengyuemetering.com\/wp-content\/uploads\/2026\/03\/3-768x499.png 768w, https:\/\/www.tengyuemetering.com\/wp-content\/uploads\/2026\/03\/3-1536x999.png 1536w, https:\/\/www.tengyuemetering.com\/wp-content\/uploads\/2026\/03\/3-18x12.png 18w, https:\/\/www.tengyuemetering.com\/wp-content\/uploads\/2026\/03\/3-600x390.png 600w, https:\/\/www.tengyuemetering.com\/wp-content\/uploads\/2026\/03\/3.png 1833w\" sizes=\"(max-width: 1024px) 100vw, 1024px\" \/>\t\t\t\t\t\t\t\t\t\t\t\t\t\t\t<\/div>\n\t\t\t\t<\/div>\n\t\t\t\t<div class=\"elementor-element elementor-element-3e8f8c2 elementor-widget elementor-widget-text-editor\" data-id=\"3e8f8c2\" data-element_type=\"widget\" data-widget_type=\"text-editor.default\">\n\t\t\t\t<div class=\"elementor-widget-container\">\n\t\t\t\t\t\t\t\t\t<ul><li><p class=\"ds-markdown-paragraph\"><strong>Localiza\u00e7\u00e3o precisa:<\/strong>\u00a0Identifique claramente os pontos de vazamento no mapa, localizando rapidamente as zonas an\u00f4malas.<\/p><\/li><li><p class=\"ds-markdown-paragraph\"><strong>Quantifica\u00e7\u00e3o de dados:<\/strong>\u00a0Integre dados da zona DMA para quantifica\u00e7\u00e3o em tempo real das altera\u00e7\u00f5es de fluxo, com indicadores-chave vis\u00edveis num relance.<\/p><\/li><li><p class=\"ds-markdown-paragraph\"><strong>Integra\u00e7\u00e3o de sistemas:<\/strong>\u00a0Interfaces abertas compat\u00edveis com os principais registradores de ru\u00eddo e sensores de press\u00e3o para construir uma rede de monitoramento abrangente.<\/p><\/li><\/ul>\t\t\t\t\t\t\t\t<\/div>\n\t\t\t\t<\/div>\n\t\t\t\t\t<\/div>\n\t\t\t\t<\/div>\n\t\t<div class=\"elementor-element elementor-element-7193f8c e-flex e-con-boxed e-con e-parent\" data-id=\"7193f8c\" data-element_type=\"container\">\n\t\t\t\t\t<div class=\"e-con-inner\">\n\t\t\t\t<div class=\"elementor-element elementor-element-dc23dc3 elementor-widget elementor-widget-text-editor\" data-id=\"dc23dc3\" data-element_type=\"widget\" data-widget_type=\"text-editor.default\">\n\t\t\t\t<div class=\"elementor-widget-container\">\n\t\t\t\t\t\t\t\t\t<p>Empresas de servi\u00e7os p\u00fablicos e de abastecimento de \u00e1gua podem usar um sistema baseado em dados que analisa e monitora continuamente a condi\u00e7\u00e3o de sua rede de \u00e1gua e as alerta em caso de vazamento. Isso reduzir\u00e1 significativamente o consumo de \u00e1gua n\u00e3o faturada.<\/p>\t\t\t\t\t\t\t\t<\/div>\n\t\t\t\t<\/div>\n\t\t\t\t\t<\/div>\n\t\t\t\t<\/div>\n\t\t\t\t<\/div>","protected":false},"excerpt":{"rendered":"<p>\u00c1GUA N\u00c3O FATURADA Quanto mais cedo voc\u00ea souber, mais voc\u00ea economiza. Supere a cegueira e a demora das inspe\u00e7\u00f5es tradicionais. Nossa plataforma usa um mapa como base para transformar dados complexos de vazamentos em tubula\u00e7\u00f5es em informa\u00e7\u00f5es visuais e intuitivas. Ela n\u00e3o s\u00f3 permite que voc\u00ea compreenda o status em tempo real de cada zona DMA &quot;num relance&quot; e [...]<\/p>","protected":false},"author":1,"featured_media":0,"parent":0,"menu_order":0,"comment_status":"closed","ping_status":"closed","template":"","meta":{"_acf_changed":false,"site-sidebar-layout":"no-sidebar","site-content-layout":"page-builder","ast-site-content-layout":"full-width-container","site-content-style":"default","site-sidebar-style":"default","ast-global-header-display":"","ast-banner-title-visibility":"","ast-main-header-display":"","ast-hfb-above-header-display":"","ast-hfb-below-header-display":"","ast-hfb-mobile-header-display":"","site-post-title":"disabled","ast-breadcrumbs-content":"","ast-featured-img":"disabled","footer-sml-layout":"","theme-transparent-header-meta":"default","adv-header-id-meta":"","stick-header-meta":"default","header-above-stick-meta":"","header-main-stick-meta":"","header-below-stick-meta":"","astra-migrate-meta-layouts":"set","ast-page-background-enabled":"default","ast-page-background-meta":{"desktop":{"background-color":"","background-image":"","background-repeat":"repeat","background-position":"center center","background-size":"auto","background-attachment":"scroll","background-type":"","background-media":"","overlay-type":"","overlay-color":"","overlay-opacity":"","overlay-gradient":""},"tablet":{"background-color":"","background-image":"","background-repeat":"repeat","background-position":"center center","background-size":"auto","background-attachment":"scroll","background-type":"","background-media":"","overlay-type":"","overlay-color":"","overlay-opacity":"","overlay-gradient":""},"mobile":{"background-color":"","background-image":"","background-repeat":"repeat","background-position":"center center","background-size":"auto","background-attachment":"scroll","background-type":"","background-media":"","overlay-type":"","overlay-color":"","overlay-opacity":"","overlay-gradient":""}},"ast-content-background-meta":{"desktop":{"background-color":"var(--ast-global-color-5)","background-image":"","background-repeat":"repeat","background-position":"center center","background-size":"auto","background-attachment":"scroll","background-type":"","background-media":"","overlay-type":"","overlay-color":"","overlay-opacity":"","overlay-gradient":""},"tablet":{"background-color":"var(--ast-global-color-5)","background-image":"","background-repeat":"repeat","background-position":"center center","background-size":"auto","background-attachment":"scroll","background-type":"","background-media":"","overlay-type":"","overlay-color":"","overlay-opacity":"","overlay-gradient":""},"mobile":{"background-color":"var(--ast-global-color-5)","background-image":"","background-repeat":"repeat","background-position":"center center","background-size":"auto","background-attachment":"scroll","background-type":"","background-media":"","overlay-type":"","overlay-color":"","overlay-opacity":"","overlay-gradient":""}},"footnotes":""},"class_list":["post-1814","page","type-page","status-publish","hentry"],"acf":[],"yoast_head":"<!-- This site is optimized with the Yoast SEO plugin v24.1 - https:\/\/yoast.com\/wordpress\/plugins\/seo\/ -->\n<title>Non-revwnue Water -Tengyue metering<\/title>\n<meta name=\"robots\" content=\"noindex, follow, max-snippet:-1, max-image-preview:large, max-video-preview:-1\" \/>\n<meta property=\"og:locale\" content=\"pt_PT\" \/>\n<meta property=\"og:type\" content=\"article\" \/>\n<meta property=\"og:title\" content=\"Non-revwnue Water -Tengyue metering\" \/>\n<meta property=\"og:description\" content=\"NON-REVENUE WATER The Earlier You Know, The More You Save. Move beyond the blindness and lag of traditional inspections. Our platform uses a map as its foundation to transform complex pipeline leakage data into intuitive, visual information. It not only allows you to grasp the real-time status of each DMA zone &#8220;at a glance&#8221; and [&hellip;]\" \/>\n<meta property=\"og:url\" content=\"https:\/\/www.tengyuemetering.com\/pt\/non-revwnue-water-tengyue-metering\/\" \/>\n<meta property=\"og:site_name\" content=\"Water Meter Supplier&amp;Water Measuring Solution-Tengyue Metering\" \/>\n<meta property=\"article:modified_time\" content=\"2026-03-18T01:12:19+00:00\" \/>\n<meta property=\"og:image\" content=\"https:\/\/www.tengyuemetering.com\/wp-content\/uploads\/2025\/02\/Non-revenue-water-1.png\" \/>\n\t<meta property=\"og:image:width\" content=\"1020\" \/>\n\t<meta property=\"og:image:height\" content=\"340\" \/>\n\t<meta property=\"og:image:type\" content=\"image\/png\" \/>\n<meta name=\"twitter:card\" content=\"summary_large_image\" \/>\n<meta name=\"twitter:label1\" content=\"Est. reading time\" \/>\n\t<meta name=\"twitter:data1\" content=\"2 minutos\" \/>\n<script type=\"application\/ld+json\" class=\"yoast-schema-graph\">{\"@context\":\"https:\/\/schema.org\",\"@graph\":[{\"@type\":\"WebPage\",\"@id\":\"https:\/\/www.tengyuemetering.com\/non-revwnue-water-tengyue-metering\/\",\"url\":\"https:\/\/www.tengyuemetering.com\/non-revwnue-water-tengyue-metering\/\",\"name\":\"Non-revwnue Water -Tengyue metering\",\"isPartOf\":{\"@id\":\"https:\/\/www.tengyuemetering.com\/#website\"},\"primaryImageOfPage\":{\"@id\":\"https:\/\/www.tengyuemetering.com\/non-revwnue-water-tengyue-metering\/#primaryimage\"},\"image\":{\"@id\":\"https:\/\/www.tengyuemetering.com\/non-revwnue-water-tengyue-metering\/#primaryimage\"},\"thumbnailUrl\":\"https:\/\/www.tengyuemetering.com\/wp-content\/uploads\/2025\/02\/Non-revenue-water-1.png\",\"datePublished\":\"2025-02-14T04:42:57+00:00\",\"dateModified\":\"2026-03-18T01:12:19+00:00\",\"breadcrumb\":{\"@id\":\"https:\/\/www.tengyuemetering.com\/non-revwnue-water-tengyue-metering\/#breadcrumb\"},\"inLanguage\":\"pt-PT\",\"potentialAction\":[{\"@type\":\"ReadAction\",\"target\":[\"https:\/\/www.tengyuemetering.com\/non-revwnue-water-tengyue-metering\/\"]}]},{\"@type\":\"ImageObject\",\"inLanguage\":\"pt-PT\",\"@id\":\"https:\/\/www.tengyuemetering.com\/non-revwnue-water-tengyue-metering\/#primaryimage\",\"url\":\"https:\/\/www.tengyuemetering.com\/wp-content\/uploads\/2025\/02\/Non-revenue-water-1.png\",\"contentUrl\":\"https:\/\/www.tengyuemetering.com\/wp-content\/uploads\/2025\/02\/Non-revenue-water-1.png\"},{\"@type\":\"BreadcrumbList\",\"@id\":\"https:\/\/www.tengyuemetering.com\/non-revwnue-water-tengyue-metering\/#breadcrumb\",\"itemListElement\":[{\"@type\":\"ListItem\",\"position\":1,\"name\":\"Home\",\"item\":\"https:\/\/www.tengyuemetering.com\/\"},{\"@type\":\"ListItem\",\"position\":2,\"name\":\"Non-revwnue Water\"}]},{\"@type\":\"WebSite\",\"@id\":\"https:\/\/www.tengyuemetering.com\/#website\",\"url\":\"https:\/\/www.tengyuemetering.com\/\",\"name\":\"Water Meter Supplier&amp;Water Measuring Solution-Tengyue Metering\",\"description\":\"Ultrasonic Water Meter&amp;Smart Water Meter China\",\"publisher\":{\"@id\":\"https:\/\/www.tengyuemetering.com\/#organization\"},\"potentialAction\":[{\"@type\":\"SearchAction\",\"target\":{\"@type\":\"EntryPoint\",\"urlTemplate\":\"https:\/\/www.tengyuemetering.com\/?s={search_term_string}\"},\"query-input\":{\"@type\":\"PropertyValueSpecification\",\"valueRequired\":true,\"valueName\":\"search_term_string\"}}],\"inLanguage\":\"pt-PT\"},{\"@type\":\"Organization\",\"@id\":\"https:\/\/www.tengyuemetering.com\/#organization\",\"name\":\"Water Meter Supplier&amp;Water Measuring Solution-Tengyue Metering\",\"url\":\"https:\/\/www.tengyuemetering.com\/\",\"logo\":{\"@type\":\"ImageObject\",\"inLanguage\":\"pt-PT\",\"@id\":\"https:\/\/www.tengyuemetering.com\/#\/schema\/logo\/image\/\",\"url\":\"https:\/\/www.tengyuemetering.com\/wp-content\/uploads\/2024\/12\/87f194b8255907fc319b6cfa2ea9a24d.png\",\"contentUrl\":\"https:\/\/www.tengyuemetering.com\/wp-content\/uploads\/2024\/12\/87f194b8255907fc319b6cfa2ea9a24d.png\",\"width\":789,\"height\":226,\"caption\":\"Water Meter Supplier&amp;Water Measuring Solution-Tengyue Metering\"},\"image\":{\"@id\":\"https:\/\/www.tengyuemetering.com\/#\/schema\/logo\/image\/\"}}]}<\/script>\n<!-- \/ Yoast SEO plugin. -->","yoast_head_json":{"title":"Non-revwnue Water -Tengyue metering","robots":{"index":"noindex","follow":"follow","max-snippet":"max-snippet:-1","max-image-preview":"max-image-preview:large","max-video-preview":"max-video-preview:-1"},"og_locale":"pt_PT","og_type":"article","og_title":"Non-revwnue Water -Tengyue metering","og_description":"NON-REVENUE WATER The Earlier You Know, The More You Save. Move beyond the blindness and lag of traditional inspections. Our platform uses a map as its foundation to transform complex pipeline leakage data into intuitive, visual information. It not only allows you to grasp the real-time status of each DMA zone &#8220;at a glance&#8221; and [&hellip;]","og_url":"https:\/\/www.tengyuemetering.com\/pt\/non-revwnue-water-tengyue-metering\/","og_site_name":"Water Meter Supplier&amp;Water Measuring Solution-Tengyue Metering","article_modified_time":"2026-03-18T01:12:19+00:00","og_image":[{"width":1020,"height":340,"url":"https:\/\/www.tengyuemetering.com\/wp-content\/uploads\/2025\/02\/Non-revenue-water-1.png","type":"image\/png"}],"twitter_card":"summary_large_image","twitter_misc":{"Est. reading time":"2 minutos"},"schema":{"@context":"https:\/\/schema.org","@graph":[{"@type":"WebPage","@id":"https:\/\/www.tengyuemetering.com\/non-revwnue-water-tengyue-metering\/","url":"https:\/\/www.tengyuemetering.com\/non-revwnue-water-tengyue-metering\/","name":"Non-revwnue Water -Tengyue metering","isPartOf":{"@id":"https:\/\/www.tengyuemetering.com\/#website"},"primaryImageOfPage":{"@id":"https:\/\/www.tengyuemetering.com\/non-revwnue-water-tengyue-metering\/#primaryimage"},"image":{"@id":"https:\/\/www.tengyuemetering.com\/non-revwnue-water-tengyue-metering\/#primaryimage"},"thumbnailUrl":"https:\/\/www.tengyuemetering.com\/wp-content\/uploads\/2025\/02\/Non-revenue-water-1.png","datePublished":"2025-02-14T04:42:57+00:00","dateModified":"2026-03-18T01:12:19+00:00","breadcrumb":{"@id":"https:\/\/www.tengyuemetering.com\/non-revwnue-water-tengyue-metering\/#breadcrumb"},"inLanguage":"pt-PT","potentialAction":[{"@type":"ReadAction","target":["https:\/\/www.tengyuemetering.com\/non-revwnue-water-tengyue-metering\/"]}]},{"@type":"ImageObject","inLanguage":"pt-PT","@id":"https:\/\/www.tengyuemetering.com\/non-revwnue-water-tengyue-metering\/#primaryimage","url":"https:\/\/www.tengyuemetering.com\/wp-content\/uploads\/2025\/02\/Non-revenue-water-1.png","contentUrl":"https:\/\/www.tengyuemetering.com\/wp-content\/uploads\/2025\/02\/Non-revenue-water-1.png"},{"@type":"BreadcrumbList","@id":"https:\/\/www.tengyuemetering.com\/non-revwnue-water-tengyue-metering\/#breadcrumb","itemListElement":[{"@type":"ListItem","position":1,"name":"Home","item":"https:\/\/www.tengyuemetering.com\/"},{"@type":"ListItem","position":2,"name":"Non-revwnue Water"}]},{"@type":"WebSite","@id":"https:\/\/www.tengyuemetering.com\/#website","url":"https:\/\/www.tengyuemetering.com\/","name":"Water Meter Supplier&amp;Water Measuring Solution-Tengyue Metering","description":"Ultrasonic Water Meter&amp;Smart Water Meter China","publisher":{"@id":"https:\/\/www.tengyuemetering.com\/#organization"},"potentialAction":[{"@type":"SearchAction","target":{"@type":"EntryPoint","urlTemplate":"https:\/\/www.tengyuemetering.com\/?s={search_term_string}"},"query-input":{"@type":"PropertyValueSpecification","valueRequired":true,"valueName":"search_term_string"}}],"inLanguage":"pt-PT"},{"@type":"Organization","@id":"https:\/\/www.tengyuemetering.com\/#organization","name":"Water Meter Supplier&amp;Water Measuring Solution-Tengyue Metering","url":"https:\/\/www.tengyuemetering.com\/","logo":{"@type":"ImageObject","inLanguage":"pt-PT","@id":"https:\/\/www.tengyuemetering.com\/#\/schema\/logo\/image\/","url":"https:\/\/www.tengyuemetering.com\/wp-content\/uploads\/2024\/12\/87f194b8255907fc319b6cfa2ea9a24d.png","contentUrl":"https:\/\/www.tengyuemetering.com\/wp-content\/uploads\/2024\/12\/87f194b8255907fc319b6cfa2ea9a24d.png","width":789,"height":226,"caption":"Water Meter Supplier&amp;Water Measuring Solution-Tengyue Metering"},"image":{"@id":"https:\/\/www.tengyuemetering.com\/#\/schema\/logo\/image\/"}}]}},"_links":{"self":[{"href":"https:\/\/www.tengyuemetering.com\/pt\/wp-json\/wp\/v2\/pages\/1814","targetHints":{"allow":["GET"]}}],"collection":[{"href":"https:\/\/www.tengyuemetering.com\/pt\/wp-json\/wp\/v2\/pages"}],"about":[{"href":"https:\/\/www.tengyuemetering.com\/pt\/wp-json\/wp\/v2\/types\/page"}],"author":[{"embeddable":true,"href":"https:\/\/www.tengyuemetering.com\/pt\/wp-json\/wp\/v2\/users\/1"}],"replies":[{"embeddable":true,"href":"https:\/\/www.tengyuemetering.com\/pt\/wp-json\/wp\/v2\/comments?post=1814"}],"version-history":[{"count":37,"href":"https:\/\/www.tengyuemetering.com\/pt\/wp-json\/wp\/v2\/pages\/1814\/revisions"}],"predecessor-version":[{"id":7118,"href":"https:\/\/www.tengyuemetering.com\/pt\/wp-json\/wp\/v2\/pages\/1814\/revisions\/7118"}],"wp:attachment":[{"href":"https:\/\/www.tengyuemetering.com\/pt\/wp-json\/wp\/v2\/media?parent=1814"}],"curies":[{"name":"wp","href":"https:\/\/api.w.org\/{rel}","templated":true}]}}