{"id":1062,"date":"2025-01-06T10:26:17","date_gmt":"2025-01-06T10:26:17","guid":{"rendered":"http:\/\/www.tengyuemetering.com\/?page_id=1062"},"modified":"2026-01-19T00:59:45","modified_gmt":"2026-01-19T00:59:45","slug":"maunfacturing-process-tengyue-metering-smart-water-meter-china","status":"publish","type":"page","link":"https:\/\/www.tengyuemetering.com\/pt\/maunfacturing-process-tengyue-metering-smart-water-meter-china\/","title":{"rendered":"Processo de Fabrica\u00e7\u00e3o"},"content":{"rendered":"<div data-elementor-type=\"wp-page\" data-elementor-id=\"1062\" class=\"elementor elementor-1062\" data-elementor-post-type=\"page\">\n\t\t\t\t<div class=\"elementor-element elementor-element-4a1d0ad e-flex e-con-boxed e-con e-parent\" data-id=\"4a1d0ad\" data-element_type=\"container\" data-settings=\"{&quot;background_background&quot;:&quot;classic&quot;}\">\n\t\t\t\t\t<div class=\"e-con-inner\">\n\t\t<div class=\"elementor-element elementor-element-12a5b53 e-con-full e-flex e-con e-child\" data-id=\"12a5b53\" data-element_type=\"container\" data-settings=\"{&quot;background_background&quot;:&quot;classic&quot;}\">\n\t\t<div class=\"elementor-element elementor-element-ead0028 e-con-full pc_ab e-flex e-con e-child\" data-id=\"ead0028\" data-element_type=\"container\" data-settings=\"{&quot;background_background&quot;:&quot;classic&quot;}\">\n\t\t\t\t<div class=\"elementor-element elementor-element-6222327 elementor-widget elementor-widget-heading\" data-id=\"6222327\" data-element_type=\"widget\" data-widget_type=\"heading.default\">\n\t\t\t\t<div class=\"elementor-widget-container\">\n\t\t\t\t\t<h2 class=\"elementor-heading-title elementor-size-default\">PROVA DE EXCEL\u00caNCIA<\/h2>\t\t\t\t<\/div>\n\t\t\t\t<\/div>\n\t\t\t\t<div class=\"elementor-element elementor-element-e885bf3 elementor-widget elementor-widget-text-editor\" data-id=\"e885bf3\" data-element_type=\"widget\" data-widget_type=\"text-editor.default\">\n\t\t\t\t<div class=\"elementor-widget-container\">\n\t\t\t\t\t\t\t\t\t<p>A Tenyue Metering \u00e9 um Laborat\u00f3rio de Calibra\u00e7\u00e3o Acreditado desde 2016, acreditado pela Accredia em conformidade com os padr\u00f5es estabelecidos. <strong>com UNI CEI EN ISO\/EC 17025:2018<\/strong> com n\u00famero de acredita\u00e7\u00e3o 250T.<\/p>\t\t\t\t\t\t\t\t<\/div>\n\t\t\t\t<\/div>\n\t\t\t\t<\/div>\n\t\t\t\t<\/div>\n\t\t<div class=\"elementor-element elementor-element-310bbbb e-con-full e-flex e-con e-child\" data-id=\"310bbbb\" data-element_type=\"container\" data-settings=\"{&quot;background_background&quot;:&quot;classic&quot;}\">\n\t\t\t\t<\/div>\n\t\t\t\t\t<\/div>\n\t\t\t\t<\/div>\n\t\t<div class=\"elementor-element elementor-element-2ce23bd e-flex e-con-boxed e-con e-parent\" data-id=\"2ce23bd\" data-element_type=\"container\" data-settings=\"{&quot;background_background&quot;:&quot;classic&quot;}\">\n\t\t\t\t\t<div class=\"e-con-inner\">\n\t\t<div class=\"elementor-element elementor-element-768ff6e e-con-full e-flex e-con e-child\" data-id=\"768ff6e\" data-element_type=\"container\" data-settings=\"{&quot;background_background&quot;:&quot;classic&quot;}\">\n\t\t\t\t<\/div>\n\t\t<div class=\"elementor-element elementor-element-adced67 e-con-full e-flex e-con e-child\" data-id=\"adced67\" data-element_type=\"container\" data-settings=\"{&quot;background_background&quot;:&quot;classic&quot;}\">\n\t\t<div class=\"elementor-element elementor-element-cbb5590 e-con-full pc_ab r_0 e-flex e-con e-child\" data-id=\"cbb5590\" data-element_type=\"container\" data-settings=\"{&quot;background_background&quot;:&quot;classic&quot;}\">\n\t\t\t\t<div class=\"elementor-element elementor-element-005258c elementor-widget elementor-widget-heading\" data-id=\"005258c\" data-element_type=\"widget\" data-widget_type=\"heading.default\">\n\t\t\t\t<div class=\"elementor-widget-container\">\n\t\t\t\t\t<h2 class=\"elementor-heading-title elementor-size-default\">Laborat\u00f3rio Nacional de Testes do CNAS<\/h2>\t\t\t\t<\/div>\n\t\t\t\t<\/div>\n\t\t\t\t<div class=\"elementor-element elementor-element-05f2619 elementor-widget elementor-widget-text-editor\" data-id=\"05f2619\" data-element_type=\"widget\" data-widget_type=\"text-editor.default\">\n\t\t\t\t<div class=\"elementor-widget-container\">\n\t\t\t\t\t\t\t\t\t<p>A CNAS \u00e9 o \u00d3rg\u00e3o Nacional de Acredita\u00e7\u00e3o que certifica a compet\u00eancia, independ\u00eancia e imparcialidade de organismos de certifica\u00e7\u00e3o, inspe\u00e7\u00e3o e verifica\u00e7\u00e3o, bem como de laborat\u00f3rios de ensaio e calibra\u00e7\u00e3o.<\/p>\t\t\t\t\t\t\t\t<\/div>\n\t\t\t\t<\/div>\n\t\t\t\t<\/div>\n\t\t\t\t<\/div>\n\t\t\t\t\t<\/div>\n\t\t\t\t<\/div>\n\t\t<div class=\"elementor-element elementor-element-b38d892 e-flex e-con-boxed e-con e-parent\" data-id=\"b38d892\" data-element_type=\"container\">\n\t\t\t\t\t<div class=\"e-con-inner\">\n\t\t\t\t<div class=\"elementor-element elementor-element-c58361f elementor-widget elementor-widget-heading\" data-id=\"c58361f\" data-element_type=\"widget\" data-widget_type=\"heading.default\">\n\t\t\t\t<div class=\"elementor-widget-container\">\n\t\t\t\t\t<h2 class=\"elementor-heading-title elementor-size-default\">ROB\u00d4 AVAN\u00c7ADO<\/h2>\t\t\t\t<\/div>\n\t\t\t\t<\/div>\n\t\t\t\t<div class=\"elementor-element elementor-element-ce074d0 elementor-widget elementor-widget-text-editor\" data-id=\"ce074d0\" data-element_type=\"widget\" data-widget_type=\"text-editor.default\">\n\t\t\t\t<div class=\"elementor-widget-container\">\n\t\t\t\t\t\t\t\t\t<p>Continuamos investindo em novas tecnologias, impulsionados pela inova\u00e7\u00e3o e pela forte cren\u00e7a no potencial da tecnologia e da digitaliza\u00e7\u00e3o. Com equipamentos de alta tecnologia e rob\u00f4s de \u00faltima gera\u00e7\u00e3o, conseguimos fornecer consist\u00eancia, precis\u00e3o e qualidade a todos os pedidos, independentemente do tamanho.<\/p>\t\t\t\t\t\t\t\t<\/div>\n\t\t\t\t<\/div>\n\t\t\t\t<div class=\"elementor-element elementor-element-4b4690e elementor-widget elementor-widget-heading\" data-id=\"4b4690e\" data-element_type=\"widget\" data-widget_type=\"heading.default\">\n\t\t\t\t<div class=\"elementor-widget-container\">\n\t\t\t\t\t<h2 class=\"elementor-heading-title elementor-size-default\">A ESTRUTURA CERTA<\/h2>\t\t\t\t<\/div>\n\t\t\t\t<\/div>\n\t\t\t\t<div class=\"elementor-element elementor-element-aa6cd3a elementor-widget elementor-widget-text-editor\" data-id=\"aa6cd3a\" data-element_type=\"widget\" data-widget_type=\"text-editor.default\">\n\t\t\t\t<div class=\"elementor-widget-container\">\n\t\t\t\t\t\t\t\t\t<p>A produ\u00e7\u00e3o altamente automatizada exige pessoal qualificado. Uma ampla gama de planos de treinamento e educa\u00e7\u00e3o garante que todos os nossos produtos e solu\u00e7\u00f5es sejam eficazes para processamento e controle de qualidade.<\/p><p>Al\u00e9m disso, a estreita liga\u00e7\u00e3o entre nossas instala\u00e7\u00f5es de produ\u00e7\u00e3o e desenvolvimento facilita a inova\u00e7\u00e3o r\u00e1pida. Como a pesquisa, o desenvolvimento e a produ\u00e7\u00e3o permanecem sob o mesmo teto, podemos nos comunicar de forma r\u00e1pida e eficiente, reduzindo assim o prazo de entrega de novos produtos.<\/p><p>Al\u00e9m disso, acreditamos que a colabora\u00e7\u00e3o entre diferentes departamentos pode promover o compartilhamento de conhecimento entre profissionais de diversas \u00e1reas. Esta \u00e9 a chave para melhorar a efici\u00eancia de custos e promover a inova\u00e7\u00e3o. Devido \u00e0 curta dist\u00e2ncia f\u00edsica entre P&amp;D e produ\u00e7\u00e3o, o caminho da ideia \u00e0 implementa\u00e7\u00e3o n\u00e3o \u00e9 muito longo. Pesquisa e desenvolvimento tamb\u00e9m est\u00e3o envolvidos na melhoria cont\u00ednua da qualidade. Essa pesquisa para o desenvolvimento de produtos futuros fornece informa\u00e7\u00f5es valiosas, e tamb\u00e9m podemos atender \u00e0s necessidades dos clientes por muitos anos.<\/p>\t\t\t\t\t\t\t\t<\/div>\n\t\t\t\t<\/div>\n\t\t\t\t\t<\/div>\n\t\t\t\t<\/div>\n\t\t<div class=\"elementor-element elementor-element-ba2098f e-flex e-con-boxed e-con e-parent\" data-id=\"ba2098f\" data-element_type=\"container\" data-settings=\"{&quot;background_background&quot;:&quot;classic&quot;}\">\n\t\t\t\t\t<div class=\"e-con-inner\">\n\t\t\t\t<div class=\"elementor-element elementor-element-a502ea2 elementor-widget__width-initial elementor-widget elementor-widget-text-editor\" data-id=\"a502ea2\" data-element_type=\"widget\" data-widget_type=\"text-editor.default\">\n\t\t\t\t<div class=\"elementor-widget-container\">\n\t\t\t\t\t\t\t\t\t<p>Voc\u00ea encontrou o que estava procurando?<br \/>Se despertamos seu interesse e voc\u00ea quer saber mais<\/p>\t\t\t\t\t\t\t\t<\/div>\n\t\t\t\t<\/div>\n\t\t\t\t<div class=\"elementor-element elementor-element-7ccc04c elementor-widget elementor-widget-button\" data-id=\"7ccc04c\" data-element_type=\"widget\" data-widget_type=\"button.default\">\n\t\t\t\t<div class=\"elementor-widget-container\">\n\t\t\t\t\t\t\t\t\t<div class=\"elementor-button-wrapper\">\n\t\t\t\t\t<a class=\"elementor-button elementor-button-link elementor-size-sm\" href=\"\/pt\/contact-us\/\">\n\t\t\t\t\t\t<span class=\"elementor-button-content-wrapper\">\n\t\t\t\t\t\t\t\t\t<span class=\"elementor-button-text\">Contate-nos &gt;&gt;<\/span>\n\t\t\t\t\t<\/span>\n\t\t\t\t\t<\/a>\n\t\t\t\t<\/div>\n\t\t\t\t\t\t\t\t<\/div>\n\t\t\t\t<\/div>\n\t\t\t\t\t<\/div>\n\t\t\t\t<\/div>\n\t\t\t\t<\/div>","protected":false},"excerpt":{"rendered":"<p>COMPROVANTE DE EXCEL\u00caNCIA A Tenyue Metering \u00e9 um Laborat\u00f3rio de Calibra\u00e7\u00e3o Acreditado desde 2016, acreditado pela Accredia de acordo com a norma UNI CEI EN ISO\/EC 17025:2018, com o n\u00famero de acredita\u00e7\u00e3o 250T. Laborat\u00f3rio Nacional de Testes CNAS O CNAS \u00e9 o \u00d3rg\u00e3o Nacional de Acredita\u00e7\u00e3o que certifica a compet\u00eancia, independ\u00eancia e imparcialidade de organismos de certifica\u00e7\u00e3o, inspe\u00e7\u00e3o e verifica\u00e7\u00e3o, bem como de laborat\u00f3rios de ensaio e calibra\u00e7\u00e3o. AVAN\u00c7ADO [\u2026]<\/p>","protected":false},"author":1,"featured_media":0,"parent":0,"menu_order":0,"comment_status":"closed","ping_status":"closed","template":"","meta":{"_acf_changed":false,"site-sidebar-layout":"no-sidebar","site-content-layout":"page-builder","ast-site-content-layout":"full-width-container","site-content-style":"default","site-sidebar-style":"default","ast-global-header-display":"","ast-banner-title-visibility":"","ast-main-header-display":"","ast-hfb-above-header-display":"","ast-hfb-below-header-display":"","ast-hfb-mobile-header-display":"","site-post-title":"disabled","ast-breadcrumbs-content":"","ast-featured-img":"disabled","footer-sml-layout":"","theme-transparent-header-meta":"default","adv-header-id-meta":"","stick-header-meta":"default","header-above-stick-meta":"","header-main-stick-meta":"","header-below-stick-meta":"","astra-migrate-meta-layouts":"set","ast-page-background-enabled":"default","ast-page-background-meta":{"desktop":{"background-color":"","background-image":"","background-repeat":"repeat","background-position":"center center","background-size":"auto","background-attachment":"scroll","background-type":"","background-media":"","overlay-type":"","overlay-color":"","overlay-opacity":"","overlay-gradient":""},"tablet":{"background-color":"","background-image":"","background-repeat":"repeat","background-position":"center center","background-size":"auto","background-attachment":"scroll","background-type":"","background-media":"","overlay-type":"","overlay-color":"","overlay-opacity":"","overlay-gradient":""},"mobile":{"background-color":"","background-image":"","background-repeat":"repeat","background-position":"center center","background-size":"auto","background-attachment":"scroll","background-type":"","background-media":"","overlay-type":"","overlay-color":"","overlay-opacity":"","overlay-gradient":""}},"ast-content-background-meta":{"desktop":{"background-color":"var(--ast-global-color-5)","background-image":"","background-repeat":"repeat","background-position":"center center","background-size":"auto","background-attachment":"scroll","background-type":"","background-media":"","overlay-type":"","overlay-color":"","overlay-opacity":"","overlay-gradient":""},"tablet":{"background-color":"var(--ast-global-color-5)","background-image":"","background-repeat":"repeat","background-position":"center center","background-size":"auto","background-attachment":"scroll","background-type":"","background-media":"","overlay-type":"","overlay-color":"","overlay-opacity":"","overlay-gradient":""},"mobile":{"background-color":"var(--ast-global-color-5)","background-image":"","background-repeat":"repeat","background-position":"center center","background-size":"auto","background-attachment":"scroll","background-type":"","background-media":"","overlay-type":"","overlay-color":"","overlay-opacity":"","overlay-gradient":""}},"footnotes":""},"class_list":["post-1062","page","type-page","status-publish","hentry"],"acf":[],"yoast_head":"<!-- This site is optimized with the Yoast SEO plugin v24.1 - https:\/\/yoast.com\/wordpress\/plugins\/seo\/ -->\n<title>Maunfacturing Process-Tengyue Metering-Smart Water Meter China<\/title>\n<meta name=\"robots\" content=\"noindex, follow, max-snippet:-1, max-image-preview:large, max-video-preview:-1\" \/>\n<meta property=\"og:locale\" content=\"pt_PT\" \/>\n<meta property=\"og:type\" content=\"article\" \/>\n<meta property=\"og:title\" content=\"Maunfacturing Process-Tengyue Metering-Smart Water Meter China\" \/>\n<meta property=\"og:description\" content=\"PROOF OF EXCELLENCE Tenyue Metering has been an Accredited Calibration Laboratory since 2016 accredited by Accredia in accordance with UNI CEI EN ISO\/EC 17025:2018 withaccreditation number 250T. CNAS National Testing Laboratory CNAS is the National Accreditation Body certify the competence, independence, and impartiality of certifcation, inspection and verification bodies, and testing and calibration laboratories. ADVANCED [&hellip;]\" \/>\n<meta property=\"og:url\" content=\"https:\/\/www.tengyuemetering.com\/pt\/maunfacturing-process-tengyue-metering-smart-water-meter-china\/\" \/>\n<meta property=\"og:site_name\" content=\"Water Meter Supplier&amp;Water Measuring Solution-Tengyue Metering\" \/>\n<meta property=\"article:modified_time\" content=\"2026-01-19T00:59:45+00:00\" \/>\n<meta name=\"twitter:card\" content=\"summary_large_image\" \/>\n<meta name=\"twitter:label1\" content=\"Est. reading time\" \/>\n\t<meta name=\"twitter:data1\" content=\"2 minutos\" \/>\n<script type=\"application\/ld+json\" class=\"yoast-schema-graph\">{\"@context\":\"https:\/\/schema.org\",\"@graph\":[{\"@type\":\"WebPage\",\"@id\":\"https:\/\/www.tengyuemetering.com\/maunfacturing-process-tengyue-metering-smart-water-meter-china\/\",\"url\":\"https:\/\/www.tengyuemetering.com\/maunfacturing-process-tengyue-metering-smart-water-meter-china\/\",\"name\":\"Maunfacturing Process-Tengyue Metering-Smart Water Meter China\",\"isPartOf\":{\"@id\":\"https:\/\/www.tengyuemetering.com\/#website\"},\"datePublished\":\"2025-01-06T10:26:17+00:00\",\"dateModified\":\"2026-01-19T00:59:45+00:00\",\"breadcrumb\":{\"@id\":\"https:\/\/www.tengyuemetering.com\/maunfacturing-process-tengyue-metering-smart-water-meter-china\/#breadcrumb\"},\"inLanguage\":\"pt-PT\",\"potentialAction\":[{\"@type\":\"ReadAction\",\"target\":[\"https:\/\/www.tengyuemetering.com\/maunfacturing-process-tengyue-metering-smart-water-meter-china\/\"]}]},{\"@type\":\"BreadcrumbList\",\"@id\":\"https:\/\/www.tengyuemetering.com\/maunfacturing-process-tengyue-metering-smart-water-meter-china\/#breadcrumb\",\"itemListElement\":[{\"@type\":\"ListItem\",\"position\":1,\"name\":\"Home\",\"item\":\"https:\/\/www.tengyuemetering.com\/\"},{\"@type\":\"ListItem\",\"position\":2,\"name\":\"Maunfacturing Process\"}]},{\"@type\":\"WebSite\",\"@id\":\"https:\/\/www.tengyuemetering.com\/#website\",\"url\":\"https:\/\/www.tengyuemetering.com\/\",\"name\":\"Water Meter Supplier&amp;Water Measuring Solution-Tengyue Metering\",\"description\":\"Ultrasonic Water Meter&amp;Smart Water Meter China\",\"publisher\":{\"@id\":\"https:\/\/www.tengyuemetering.com\/#organization\"},\"potentialAction\":[{\"@type\":\"SearchAction\",\"target\":{\"@type\":\"EntryPoint\",\"urlTemplate\":\"https:\/\/www.tengyuemetering.com\/?s={search_term_string}\"},\"query-input\":{\"@type\":\"PropertyValueSpecification\",\"valueRequired\":true,\"valueName\":\"search_term_string\"}}],\"inLanguage\":\"pt-PT\"},{\"@type\":\"Organization\",\"@id\":\"https:\/\/www.tengyuemetering.com\/#organization\",\"name\":\"Water Meter Supplier&amp;Water Measuring Solution-Tengyue Metering\",\"url\":\"https:\/\/www.tengyuemetering.com\/\",\"logo\":{\"@type\":\"ImageObject\",\"inLanguage\":\"pt-PT\",\"@id\":\"https:\/\/www.tengyuemetering.com\/#\/schema\/logo\/image\/\",\"url\":\"https:\/\/www.tengyuemetering.com\/wp-content\/uploads\/2024\/12\/87f194b8255907fc319b6cfa2ea9a24d.png\",\"contentUrl\":\"https:\/\/www.tengyuemetering.com\/wp-content\/uploads\/2024\/12\/87f194b8255907fc319b6cfa2ea9a24d.png\",\"width\":789,\"height\":226,\"caption\":\"Water Meter Supplier&amp;Water Measuring Solution-Tengyue Metering\"},\"image\":{\"@id\":\"https:\/\/www.tengyuemetering.com\/#\/schema\/logo\/image\/\"}}]}<\/script>\n<!-- \/ Yoast SEO plugin. -->","yoast_head_json":{"title":"Maunfacturing Process-Tengyue Metering-Smart Water Meter China","robots":{"index":"noindex","follow":"follow","max-snippet":"max-snippet:-1","max-image-preview":"max-image-preview:large","max-video-preview":"max-video-preview:-1"},"og_locale":"pt_PT","og_type":"article","og_title":"Maunfacturing Process-Tengyue Metering-Smart Water Meter China","og_description":"PROOF OF EXCELLENCE Tenyue Metering has been an Accredited Calibration Laboratory since 2016 accredited by Accredia in accordance with UNI CEI EN ISO\/EC 17025:2018 withaccreditation number 250T. CNAS National Testing Laboratory CNAS is the National Accreditation Body certify the competence, independence, and impartiality of certifcation, inspection and verification bodies, and testing and calibration laboratories. ADVANCED [&hellip;]","og_url":"https:\/\/www.tengyuemetering.com\/pt\/maunfacturing-process-tengyue-metering-smart-water-meter-china\/","og_site_name":"Water Meter Supplier&amp;Water Measuring Solution-Tengyue Metering","article_modified_time":"2026-01-19T00:59:45+00:00","twitter_card":"summary_large_image","twitter_misc":{"Est. reading time":"2 minutos"},"schema":{"@context":"https:\/\/schema.org","@graph":[{"@type":"WebPage","@id":"https:\/\/www.tengyuemetering.com\/maunfacturing-process-tengyue-metering-smart-water-meter-china\/","url":"https:\/\/www.tengyuemetering.com\/maunfacturing-process-tengyue-metering-smart-water-meter-china\/","name":"Maunfacturing Process-Tengyue Metering-Smart Water Meter China","isPartOf":{"@id":"https:\/\/www.tengyuemetering.com\/#website"},"datePublished":"2025-01-06T10:26:17+00:00","dateModified":"2026-01-19T00:59:45+00:00","breadcrumb":{"@id":"https:\/\/www.tengyuemetering.com\/maunfacturing-process-tengyue-metering-smart-water-meter-china\/#breadcrumb"},"inLanguage":"pt-PT","potentialAction":[{"@type":"ReadAction","target":["https:\/\/www.tengyuemetering.com\/maunfacturing-process-tengyue-metering-smart-water-meter-china\/"]}]},{"@type":"BreadcrumbList","@id":"https:\/\/www.tengyuemetering.com\/maunfacturing-process-tengyue-metering-smart-water-meter-china\/#breadcrumb","itemListElement":[{"@type":"ListItem","position":1,"name":"Home","item":"https:\/\/www.tengyuemetering.com\/"},{"@type":"ListItem","position":2,"name":"Maunfacturing Process"}]},{"@type":"WebSite","@id":"https:\/\/www.tengyuemetering.com\/#website","url":"https:\/\/www.tengyuemetering.com\/","name":"Water Meter Supplier&amp;Water Measuring Solution-Tengyue Metering","description":"Ultrasonic Water Meter&amp;Smart Water Meter China","publisher":{"@id":"https:\/\/www.tengyuemetering.com\/#organization"},"potentialAction":[{"@type":"SearchAction","target":{"@type":"EntryPoint","urlTemplate":"https:\/\/www.tengyuemetering.com\/?s={search_term_string}"},"query-input":{"@type":"PropertyValueSpecification","valueRequired":true,"valueName":"search_term_string"}}],"inLanguage":"pt-PT"},{"@type":"Organization","@id":"https:\/\/www.tengyuemetering.com\/#organization","name":"Water Meter Supplier&amp;Water Measuring Solution-Tengyue Metering","url":"https:\/\/www.tengyuemetering.com\/","logo":{"@type":"ImageObject","inLanguage":"pt-PT","@id":"https:\/\/www.tengyuemetering.com\/#\/schema\/logo\/image\/","url":"https:\/\/www.tengyuemetering.com\/wp-content\/uploads\/2024\/12\/87f194b8255907fc319b6cfa2ea9a24d.png","contentUrl":"https:\/\/www.tengyuemetering.com\/wp-content\/uploads\/2024\/12\/87f194b8255907fc319b6cfa2ea9a24d.png","width":789,"height":226,"caption":"Water Meter Supplier&amp;Water Measuring Solution-Tengyue Metering"},"image":{"@id":"https:\/\/www.tengyuemetering.com\/#\/schema\/logo\/image\/"}}]}},"_links":{"self":[{"href":"https:\/\/www.tengyuemetering.com\/pt\/wp-json\/wp\/v2\/pages\/1062","targetHints":{"allow":["GET"]}}],"collection":[{"href":"https:\/\/www.tengyuemetering.com\/pt\/wp-json\/wp\/v2\/pages"}],"about":[{"href":"https:\/\/www.tengyuemetering.com\/pt\/wp-json\/wp\/v2\/types\/page"}],"author":[{"embeddable":true,"href":"https:\/\/www.tengyuemetering.com\/pt\/wp-json\/wp\/v2\/users\/1"}],"replies":[{"embeddable":true,"href":"https:\/\/www.tengyuemetering.com\/pt\/wp-json\/wp\/v2\/comments?post=1062"}],"version-history":[{"count":43,"href":"https:\/\/www.tengyuemetering.com\/pt\/wp-json\/wp\/v2\/pages\/1062\/revisions"}],"predecessor-version":[{"id":7028,"href":"https:\/\/www.tengyuemetering.com\/pt\/wp-json\/wp\/v2\/pages\/1062\/revisions\/7028"}],"wp:attachment":[{"href":"https:\/\/www.tengyuemetering.com\/pt\/wp-json\/wp\/v2\/media?parent=1062"}],"curies":[{"name":"wp","href":"https:\/\/api.w.org\/{rel}","templated":true}]}}