{"id":3147,"date":"2025-03-27T05:12:46","date_gmt":"2025-03-27T05:12:46","guid":{"rendered":"https:\/\/www.tengyuemetering.com\/?post_type=product&#038;p=3147"},"modified":"2025-12-23T03:34:19","modified_gmt":"2025-12-23T03:34:19","slug":"fully-automatic-water-meter-test-benches-for-ultrasonic-water-meter","status":"publish","type":"product","link":"https:\/\/www.tengyuemetering.com\/es\/producto\/fully-automatic-water-meter-test-benches-for-ultrasonic-water-meter\/","title":{"rendered":"Bancos de prueba de medidores de agua totalmente autom\u00e1ticos para medidores de agua ultras\u00f3nicos"},"content":{"rendered":"<div data-elementor-type=\"product-post\" data-elementor-id=\"3147\" class=\"elementor elementor-3147\" data-elementor-post-type=\"product\">\n\t\t\t\t<div class=\"elementor-element elementor-element-16bfe720 e-flex e-con-boxed e-con e-parent\" data-id=\"16bfe720\" data-element_type=\"container\">\n\t\t\t\t\t<div class=\"e-con-inner\">\n\t\t\t\t<div class=\"elementor-element elementor-element-33f23eb1 elementor-widget elementor-widget-text-editor\" data-id=\"33f23eb1\" data-element_type=\"widget\" data-widget_type=\"text-editor.default\">\n\t\t\t\t<div class=\"elementor-widget-container\">\n\t\t\t\t\t\t\t\t\t<ul><li>Se admiten todas las tecnolog\u00edas de medidores de agua<\/li><li>Bancos de pruebas totalmente autom\u00e1ticos o semiautom\u00e1ticos<\/li><li>Agua utilizada como medio de prueba<\/li><li>Controlado por computadora<\/li><li>Se admiten m\u00faltiples procedimientos de prueba<\/li><li>F\u00e1cil mantenimiento<\/li><\/ul>\t\t\t\t\t\t\t\t<\/div>\n\t\t\t\t<\/div>\n\t\t\t\t\t<\/div>\n\t\t\t\t<\/div>\n\t\t\t\t<\/div>","protected":false},"excerpt":{"rendered":"<p>Con un sistema de pist\u00f3n, admite un caudal m\u00ednimo de 2 L\/H, adecuado para uso de fabricantes y laboratorios profesionales.<\/p>\n<p>Calibra autom\u00e1ticamente la precisi\u00f3n del medidor de agua y crea informes de pruebas, admite la comunicaci\u00f3n con varios tipos de medidores de agua, como con se\u00f1al de pulso\/RS485\/M-BUS, etc.<\/p>\n<p><strong>\u00a0<\/strong><\/p>\n<p>Tama\u00f1os disponibles: DN15-DN50 (1\/2\u201d-2\u201d)<\/p>","protected":false},"featured_media":6969,"template":"","meta":{"_acf_changed":false,"site-sidebar-layout":"default","site-content-layout":"","ast-site-content-layout":"default","site-content-style":"default","site-sidebar-style":"default","ast-global-header-display":"","ast-banner-title-visibility":"","ast-main-header-display":"","ast-hfb-above-header-display":"","ast-hfb-below-header-display":"","ast-hfb-mobile-header-display":"","site-post-title":"","ast-breadcrumbs-content":"","ast-featured-img":"","footer-sml-layout":"","theme-transparent-header-meta":"default","adv-header-id-meta":"","stick-header-meta":"default","header-above-stick-meta":"","header-main-stick-meta":"","header-below-stick-meta":"","astra-migrate-meta-layouts":"set","ast-page-background-enabled":"default","ast-page-background-meta":{"desktop":{"background-color":"","background-image":"","background-repeat":"repeat","background-position":"center center","background-size":"auto","background-attachment":"scroll","background-type":"","background-media":"","overlay-type":"","overlay-color":"","overlay-opacity":"","overlay-gradient":""},"tablet":{"background-color":"","background-image":"","background-repeat":"repeat","background-position":"center center","background-size":"auto","background-attachment":"scroll","background-type":"","background-media":"","overlay-type":"","overlay-color":"","overlay-opacity":"","overlay-gradient":""},"mobile":{"background-color":"","background-image":"","background-repeat":"repeat","background-position":"center center","background-size":"auto","background-attachment":"scroll","background-type":"","background-media":"","overlay-type":"","overlay-color":"","overlay-opacity":"","overlay-gradient":""}},"ast-content-background-meta":{"desktop":{"background-color":"var(--ast-global-color-5)","background-image":"","background-repeat":"repeat","background-position":"center center","background-size":"auto","background-attachment":"scroll","background-type":"","background-media":"","overlay-type":"","overlay-color":"","overlay-opacity":"","overlay-gradient":""},"tablet":{"background-color":"var(--ast-global-color-5)","background-image":"","background-repeat":"repeat","background-position":"center center","background-size":"auto","background-attachment":"scroll","background-type":"","background-media":"","overlay-type":"","overlay-color":"","overlay-opacity":"","overlay-gradient":""},"mobile":{"background-color":"var(--ast-global-color-5)","background-image":"","background-repeat":"repeat","background-position":"center center","background-size":"auto","background-attachment":"scroll","background-type":"","background-media":"","overlay-type":"","overlay-color":"","overlay-opacity":"","overlay-gradient":""}}},"product_brand":[],"product_cat":[37,39],"product_tag":[],"class_list":{"0":"post-3147","1":"product","2":"type-product","3":"status-publish","4":"has-post-thumbnail","6":"product_cat-water-metering","7":"product_cat-calibration-and-testing-bench","8":"desktop-align-left","9":"tablet-align-left","10":"mobile-align-left","12":"first","13":"instock","14":"shipping-taxable","15":"product-type-simple"},"acf":[],"yoast_head":"<!-- This site is optimized with the Yoast SEO plugin v24.1 - https:\/\/yoast.com\/wordpress\/plugins\/seo\/ -->\n<title>Fully Automatic Water Meter Test Benches For Ultrasonic Water Meter - Water Meter Supplier&amp;Water Measuring Solution-Tengyue Metering<\/title>\n<meta name=\"description\" content=\"High-efficiency fully automatic water meter test bench. Performs automated calibration, data recording, and report generation with minimal operator intervention. Significantly increases testing throughput and ensures consistent, traceable results for quality control.\" \/>\n<meta name=\"robots\" content=\"noindex, follow, max-snippet:-1, max-image-preview:large, max-video-preview:-1\" \/>\n<meta property=\"og:locale\" content=\"es_ES\" \/>\n<meta property=\"og:type\" content=\"article\" \/>\n<meta property=\"og:title\" content=\"Fully Automatic Water Meter Test Benches For Ultrasonic Water Meter - Water Meter Supplier&amp;Water Measuring Solution-Tengyue Metering\" \/>\n<meta property=\"og:description\" content=\"High-efficiency fully automatic water meter test bench. Performs automated calibration, data recording, and report generation with minimal operator intervention. Significantly increases testing throughput and ensures consistent, traceable results for quality control.\" \/>\n<meta property=\"og:url\" content=\"https:\/\/www.tengyuemetering.com\/es\/producto\/fully-automatic-water-meter-test-benches-for-ultrasonic-water-meter\/\" \/>\n<meta property=\"og:site_name\" content=\"Water Meter Supplier&amp;Water Measuring Solution-Tengyue Metering\" \/>\n<meta property=\"article:modified_time\" content=\"2025-12-23T03:34:19+00:00\" \/>\n<meta property=\"og:image\" content=\"https:\/\/www.tengyuemetering.com\/wp-content\/uploads\/2025\/03\/test-bench-1-1024x768.png\" \/>\n\t<meta property=\"og:image:width\" content=\"1024\" \/>\n\t<meta property=\"og:image:height\" content=\"768\" \/>\n\t<meta property=\"og:image:type\" content=\"image\/png\" \/>\n<meta name=\"twitter:card\" content=\"summary_large_image\" \/>\n<meta name=\"twitter:label1\" content=\"Est. reading time\" \/>\n\t<meta name=\"twitter:data1\" content=\"1 minuto\" \/>\n<script type=\"application\/ld+json\" class=\"yoast-schema-graph\">{\"@context\":\"https:\/\/schema.org\",\"@graph\":[{\"@type\":\"WebPage\",\"@id\":\"https:\/\/www.tengyuemetering.com\/product\/fully-automatic-water-meter-test-benches-for-ultrasonic-water-meter\/\",\"url\":\"https:\/\/www.tengyuemetering.com\/product\/fully-automatic-water-meter-test-benches-for-ultrasonic-water-meter\/\",\"name\":\"Fully Automatic Water Meter Test Benches For Ultrasonic Water Meter - Water Meter Supplier&amp;Water Measuring Solution-Tengyue Metering\",\"isPartOf\":{\"@id\":\"https:\/\/www.tengyuemetering.com\/#website\"},\"primaryImageOfPage\":{\"@id\":\"https:\/\/www.tengyuemetering.com\/product\/fully-automatic-water-meter-test-benches-for-ultrasonic-water-meter\/#primaryimage\"},\"image\":{\"@id\":\"https:\/\/www.tengyuemetering.com\/product\/fully-automatic-water-meter-test-benches-for-ultrasonic-water-meter\/#primaryimage\"},\"thumbnailUrl\":\"https:\/\/www.tengyuemetering.com\/wp-content\/uploads\/2025\/03\/test-bench-1.png\",\"datePublished\":\"2025-03-27T05:12:46+00:00\",\"dateModified\":\"2025-12-23T03:34:19+00:00\",\"description\":\"High-efficiency fully automatic water meter test bench. Performs automated calibration, data recording, and report generation with minimal operator intervention. Significantly increases testing throughput and ensures consistent, traceable results for quality control.\",\"breadcrumb\":{\"@id\":\"https:\/\/www.tengyuemetering.com\/product\/fully-automatic-water-meter-test-benches-for-ultrasonic-water-meter\/#breadcrumb\"},\"inLanguage\":\"es\",\"potentialAction\":[{\"@type\":\"ReadAction\",\"target\":[\"https:\/\/www.tengyuemetering.com\/product\/fully-automatic-water-meter-test-benches-for-ultrasonic-water-meter\/\"]}]},{\"@type\":\"ImageObject\",\"inLanguage\":\"es\",\"@id\":\"https:\/\/www.tengyuemetering.com\/product\/fully-automatic-water-meter-test-benches-for-ultrasonic-water-meter\/#primaryimage\",\"url\":\"https:\/\/www.tengyuemetering.com\/wp-content\/uploads\/2025\/03\/test-bench-1.png\",\"contentUrl\":\"https:\/\/www.tengyuemetering.com\/wp-content\/uploads\/2025\/03\/test-bench-1.png\",\"width\":2560,\"height\":1920},{\"@type\":\"BreadcrumbList\",\"@id\":\"https:\/\/www.tengyuemetering.com\/product\/fully-automatic-water-meter-test-benches-for-ultrasonic-water-meter\/#breadcrumb\",\"itemListElement\":[{\"@type\":\"ListItem\",\"position\":1,\"name\":\"Home\",\"item\":\"https:\/\/www.tengyuemetering.com\/\"},{\"@type\":\"ListItem\",\"position\":2,\"name\":\"Products\",\"item\":\"https:\/\/www.tengyuemetering.com\/products\/\"},{\"@type\":\"ListItem\",\"position\":3,\"name\":\"Water Metering\",\"item\":\"https:\/\/www.tengyuemetering.com\/product-category\/water-metering\/\"},{\"@type\":\"ListItem\",\"position\":4,\"name\":\"Calibration and Testing Bench\",\"item\":\"https:\/\/www.tengyuemetering.com\/product-category\/water-metering\/calibration-and-testing-bench\/\"},{\"@type\":\"ListItem\",\"position\":5,\"name\":\"Fully Automatic Water Meter Test Benches For Ultrasonic Water Meter\"}]},{\"@type\":\"WebSite\",\"@id\":\"https:\/\/www.tengyuemetering.com\/#website\",\"url\":\"https:\/\/www.tengyuemetering.com\/\",\"name\":\"Water Meter Supplier&amp;Water Measuring Solution-Tengyue Metering\",\"description\":\"Ultrasonic Water Meter&amp;Smart Water Meter China\",\"publisher\":{\"@id\":\"https:\/\/www.tengyuemetering.com\/#organization\"},\"potentialAction\":[{\"@type\":\"SearchAction\",\"target\":{\"@type\":\"EntryPoint\",\"urlTemplate\":\"https:\/\/www.tengyuemetering.com\/?s={search_term_string}\"},\"query-input\":{\"@type\":\"PropertyValueSpecification\",\"valueRequired\":true,\"valueName\":\"search_term_string\"}}],\"inLanguage\":\"es\"},{\"@type\":\"Organization\",\"@id\":\"https:\/\/www.tengyuemetering.com\/#organization\",\"name\":\"Water Meter Supplier&amp;Water Measuring Solution-Tengyue Metering\",\"url\":\"https:\/\/www.tengyuemetering.com\/\",\"logo\":{\"@type\":\"ImageObject\",\"inLanguage\":\"es\",\"@id\":\"https:\/\/www.tengyuemetering.com\/#\/schema\/logo\/image\/\",\"url\":\"https:\/\/www.tengyuemetering.com\/wp-content\/uploads\/2024\/12\/87f194b8255907fc319b6cfa2ea9a24d.png\",\"contentUrl\":\"https:\/\/www.tengyuemetering.com\/wp-content\/uploads\/2024\/12\/87f194b8255907fc319b6cfa2ea9a24d.png\",\"width\":789,\"height\":226,\"caption\":\"Water Meter Supplier&amp;Water Measuring Solution-Tengyue Metering\"},\"image\":{\"@id\":\"https:\/\/www.tengyuemetering.com\/#\/schema\/logo\/image\/\"}}]}<\/script>\n<!-- \/ Yoast SEO plugin. -->","yoast_head_json":{"title":"Fully Automatic Water Meter Test Benches For Ultrasonic Water Meter - Water Meter Supplier&amp;Water Measuring Solution-Tengyue Metering","description":"High-efficiency fully automatic water meter test bench. Performs automated calibration, data recording, and report generation with minimal operator intervention. Significantly increases testing throughput and ensures consistent, traceable results for quality control.","robots":{"index":"noindex","follow":"follow","max-snippet":"max-snippet:-1","max-image-preview":"max-image-preview:large","max-video-preview":"max-video-preview:-1"},"og_locale":"es_ES","og_type":"article","og_title":"Fully Automatic Water Meter Test Benches For Ultrasonic Water Meter - Water Meter Supplier&amp;Water Measuring Solution-Tengyue Metering","og_description":"High-efficiency fully automatic water meter test bench. Performs automated calibration, data recording, and report generation with minimal operator intervention. Significantly increases testing throughput and ensures consistent, traceable results for quality control.","og_url":"https:\/\/www.tengyuemetering.com\/es\/producto\/fully-automatic-water-meter-test-benches-for-ultrasonic-water-meter\/","og_site_name":"Water Meter Supplier&amp;Water Measuring Solution-Tengyue Metering","article_modified_time":"2025-12-23T03:34:19+00:00","og_image":[{"width":1024,"height":768,"url":"https:\/\/www.tengyuemetering.com\/wp-content\/uploads\/2025\/03\/test-bench-1-1024x768.png","type":"image\/png"}],"twitter_card":"summary_large_image","twitter_misc":{"Est. reading time":"1 minuto"},"schema":{"@context":"https:\/\/schema.org","@graph":[{"@type":"WebPage","@id":"https:\/\/www.tengyuemetering.com\/product\/fully-automatic-water-meter-test-benches-for-ultrasonic-water-meter\/","url":"https:\/\/www.tengyuemetering.com\/product\/fully-automatic-water-meter-test-benches-for-ultrasonic-water-meter\/","name":"Fully Automatic Water Meter Test Benches For Ultrasonic Water Meter - Water Meter Supplier&amp;Water Measuring Solution-Tengyue Metering","isPartOf":{"@id":"https:\/\/www.tengyuemetering.com\/#website"},"primaryImageOfPage":{"@id":"https:\/\/www.tengyuemetering.com\/product\/fully-automatic-water-meter-test-benches-for-ultrasonic-water-meter\/#primaryimage"},"image":{"@id":"https:\/\/www.tengyuemetering.com\/product\/fully-automatic-water-meter-test-benches-for-ultrasonic-water-meter\/#primaryimage"},"thumbnailUrl":"https:\/\/www.tengyuemetering.com\/wp-content\/uploads\/2025\/03\/test-bench-1.png","datePublished":"2025-03-27T05:12:46+00:00","dateModified":"2025-12-23T03:34:19+00:00","description":"High-efficiency fully automatic water meter test bench. Performs automated calibration, data recording, and report generation with minimal operator intervention. Significantly increases testing throughput and ensures consistent, traceable results for quality control.","breadcrumb":{"@id":"https:\/\/www.tengyuemetering.com\/product\/fully-automatic-water-meter-test-benches-for-ultrasonic-water-meter\/#breadcrumb"},"inLanguage":"es","potentialAction":[{"@type":"ReadAction","target":["https:\/\/www.tengyuemetering.com\/product\/fully-automatic-water-meter-test-benches-for-ultrasonic-water-meter\/"]}]},{"@type":"ImageObject","inLanguage":"es","@id":"https:\/\/www.tengyuemetering.com\/product\/fully-automatic-water-meter-test-benches-for-ultrasonic-water-meter\/#primaryimage","url":"https:\/\/www.tengyuemetering.com\/wp-content\/uploads\/2025\/03\/test-bench-1.png","contentUrl":"https:\/\/www.tengyuemetering.com\/wp-content\/uploads\/2025\/03\/test-bench-1.png","width":2560,"height":1920},{"@type":"BreadcrumbList","@id":"https:\/\/www.tengyuemetering.com\/product\/fully-automatic-water-meter-test-benches-for-ultrasonic-water-meter\/#breadcrumb","itemListElement":[{"@type":"ListItem","position":1,"name":"Home","item":"https:\/\/www.tengyuemetering.com\/"},{"@type":"ListItem","position":2,"name":"Products","item":"https:\/\/www.tengyuemetering.com\/products\/"},{"@type":"ListItem","position":3,"name":"Water Metering","item":"https:\/\/www.tengyuemetering.com\/product-category\/water-metering\/"},{"@type":"ListItem","position":4,"name":"Calibration and Testing Bench","item":"https:\/\/www.tengyuemetering.com\/product-category\/water-metering\/calibration-and-testing-bench\/"},{"@type":"ListItem","position":5,"name":"Fully Automatic Water Meter Test Benches For Ultrasonic Water Meter"}]},{"@type":"WebSite","@id":"https:\/\/www.tengyuemetering.com\/#website","url":"https:\/\/www.tengyuemetering.com\/","name":"Water Meter Supplier&amp;Water Measuring Solution-Tengyue Metering","description":"Ultrasonic Water Meter&amp;Smart Water Meter China","publisher":{"@id":"https:\/\/www.tengyuemetering.com\/#organization"},"potentialAction":[{"@type":"SearchAction","target":{"@type":"EntryPoint","urlTemplate":"https:\/\/www.tengyuemetering.com\/?s={search_term_string}"},"query-input":{"@type":"PropertyValueSpecification","valueRequired":true,"valueName":"search_term_string"}}],"inLanguage":"es"},{"@type":"Organization","@id":"https:\/\/www.tengyuemetering.com\/#organization","name":"Water Meter Supplier&amp;Water Measuring Solution-Tengyue Metering","url":"https:\/\/www.tengyuemetering.com\/","logo":{"@type":"ImageObject","inLanguage":"es","@id":"https:\/\/www.tengyuemetering.com\/#\/schema\/logo\/image\/","url":"https:\/\/www.tengyuemetering.com\/wp-content\/uploads\/2024\/12\/87f194b8255907fc319b6cfa2ea9a24d.png","contentUrl":"https:\/\/www.tengyuemetering.com\/wp-content\/uploads\/2024\/12\/87f194b8255907fc319b6cfa2ea9a24d.png","width":789,"height":226,"caption":"Water Meter Supplier&amp;Water Measuring Solution-Tengyue Metering"},"image":{"@id":"https:\/\/www.tengyuemetering.com\/#\/schema\/logo\/image\/"}}]}},"_links":{"self":[{"href":"https:\/\/www.tengyuemetering.com\/es\/wp-json\/wp\/v2\/product\/3147","targetHints":{"allow":["GET"]}}],"collection":[{"href":"https:\/\/www.tengyuemetering.com\/es\/wp-json\/wp\/v2\/product"}],"about":[{"href":"https:\/\/www.tengyuemetering.com\/es\/wp-json\/wp\/v2\/types\/product"}],"version-history":[{"count":2,"href":"https:\/\/www.tengyuemetering.com\/es\/wp-json\/wp\/v2\/product\/3147\/revisions"}],"predecessor-version":[{"id":6945,"href":"https:\/\/www.tengyuemetering.com\/es\/wp-json\/wp\/v2\/product\/3147\/revisions\/6945"}],"wp:featuredmedia":[{"embeddable":true,"href":"https:\/\/www.tengyuemetering.com\/es\/wp-json\/wp\/v2\/media\/6969"}],"wp:attachment":[{"href":"https:\/\/www.tengyuemetering.com\/es\/wp-json\/wp\/v2\/media?parent=3147"}],"wp:term":[{"taxonomy":"product_brand","embeddable":true,"href":"https:\/\/www.tengyuemetering.com\/es\/wp-json\/wp\/v2\/product_brand?post=3147"},{"taxonomy":"product_cat","embeddable":true,"href":"https:\/\/www.tengyuemetering.com\/es\/wp-json\/wp\/v2\/product_cat?post=3147"},{"taxonomy":"product_tag","embeddable":true,"href":"https:\/\/www.tengyuemetering.com\/es\/wp-json\/wp\/v2\/product_tag?post=3147"}],"curies":[{"name":"wp","href":"https:\/\/api.w.org\/{rel}","templated":true}]}}