{"id":1478,"date":"2025-01-16T06:05:45","date_gmt":"2025-01-16T06:05:45","guid":{"rendered":"http:\/\/www.tengyuemetering.com\/?post_type=product&#038;p=1478"},"modified":"2025-12-24T05:35:35","modified_gmt":"2025-12-24T05:35:35","slug":"s15-ultrasonic-plastic-water-meter","status":"publish","type":"product","link":"https:\/\/www.tengyuemetering.com\/es\/producto\/s15-ultrasonic-plastic-water-meter\/","title":{"rendered":"Medidor de agua ultras\u00f3nico de pl\u00e1stico para medici\u00f3n de agua fr\u00eda"},"content":{"rendered":"<div data-elementor-type=\"product-post\" data-elementor-id=\"1478\" class=\"elementor elementor-1478\" data-elementor-post-type=\"product\">\n\t\t\t\t<div class=\"elementor-element elementor-element-44ac2d14 e-flex e-con-boxed e-con e-parent\" data-id=\"44ac2d14\" data-element_type=\"container\">\n\t\t\t\t\t<div class=\"e-con-inner\">\n\t\t\t\t<div class=\"elementor-element elementor-element-4a6a8456 elementor-widget elementor-widget-text-editor\" data-id=\"4a6a8456\" data-element_type=\"widget\" data-widget_type=\"text-editor.default\">\n\t\t\t\t<div class=\"elementor-widget-container\">\n\t\t\t\t\t\t\t\t\t<ul><li>Sin partes m\u00f3viles<\/li><li>Compatible con AMR y AML, con funciones de alertas y estad\u00edsticas<\/li><li>Duraci\u00f3n de la bater\u00eda con configuraci\u00f3n predeterminada 16 a\u00f1os<\/li><li>Excelente estabilidad y confiabilidad a largo plazo.<\/li><li>Grado de protecci\u00f3n IP68<\/li><li>Pantalla de 9 caracteres (d\u00edgitos y s\u00edmbolos)<\/li><li>Admite varias posiciones de instalaci\u00f3n.<\/li><li>Puede suministrarse equipado con m\u00f3dulo de comunicaci\u00f3n por cable o por radio.<\/li><li>Antena optimizada para un alcance de radio m\u00e1ximo<\/li><\/ul>\t\t\t\t\t\t\t\t<\/div>\n\t\t\t\t<\/div>\n\t\t\t\t\t<\/div>\n\t\t\t\t<\/div>\n\t\t<div class=\"elementor-element elementor-element-a697bde e-flex e-con-boxed e-con e-parent\" data-id=\"a697bde\" data-element_type=\"container\">\n\t\t\t\t\t<div class=\"e-con-inner\">\n\t\t\t\t<div class=\"elementor-element elementor-element-71e366b elementor-widget elementor-widget-video\" data-id=\"71e366b\" data-element_type=\"widget\" data-settings=\"{&quot;youtube_url&quot;:&quot;https:\\\/\\\/youtu.be\\\/xETtgzjrZlg&quot;,&quot;autoplay&quot;:&quot;yes&quot;,&quot;loop&quot;:&quot;yes&quot;,&quot;video_type&quot;:&quot;youtube&quot;,&quot;controls&quot;:&quot;yes&quot;}\" data-widget_type=\"video.default\">\n\t\t\t\t<div class=\"elementor-widget-container\">\n\t\t\t\t\t\t\t<div class=\"elementor-wrapper elementor-open-inline\">\n\t\t\t<div class=\"elementor-video\"><\/div>\t\t<\/div>\n\t\t\t\t\t\t<\/div>\n\t\t\t\t<\/div>\n\t\t\t\t\t<\/div>\n\t\t\t\t<\/div>\n\t\t\t\t<\/div>","protected":false},"excerpt":{"rendered":"<p>&nbsp;<\/p>\n<p>Medidor ultras\u00f3nico de caudal de agua dise\u00f1ado para medir el consumo de agua fr\u00eda en viviendas, bloques de pisos y aplicaciones industriales. Su alta precisi\u00f3n, hasta R400 (Q3\/Q1), garantiza un rendimiento excelente en cualquier condici\u00f3n de instalaci\u00f3n.<\/p>\n<p>S15 es un punto final rico en datos, compatible con numerosos protocolos y est\u00e1 listo para enfrentar los desaf\u00edos de las redes de agua inteligentes del futuro.<\/p>\n<p>&nbsp;<\/p>\n<p>Tama\u00f1os disponibles: DN20 (3\/4\u201d)<\/p>\n<p>&nbsp;<\/p>\n<p>Protocolos compatibles: RS485\/MBuS\/LORa\/LORaWAN\/4G\/NB-IoT<\/p>","protected":false},"featured_media":6779,"template":"","meta":{"_acf_changed":false,"site-sidebar-layout":"default","site-content-layout":"","ast-site-content-layout":"default","site-content-style":"default","site-sidebar-style":"default","ast-global-header-display":"","ast-banner-title-visibility":"","ast-main-header-display":"","ast-hfb-above-header-display":"","ast-hfb-below-header-display":"","ast-hfb-mobile-header-display":"","site-post-title":"","ast-breadcrumbs-content":"","ast-featured-img":"","footer-sml-layout":"","theme-transparent-header-meta":"default","adv-header-id-meta":"","stick-header-meta":"default","header-above-stick-meta":"","header-main-stick-meta":"","header-below-stick-meta":"","astra-migrate-meta-layouts":"set","ast-page-background-enabled":"default","ast-page-background-meta":{"desktop":{"background-color":"","background-image":"","background-repeat":"repeat","background-position":"center center","background-size":"auto","background-attachment":"scroll","background-type":"","background-media":"","overlay-type":"","overlay-color":"","overlay-opacity":"","overlay-gradient":""},"tablet":{"background-color":"","background-image":"","background-repeat":"repeat","background-position":"center center","background-size":"auto","background-attachment":"scroll","background-type":"","background-media":"","overlay-type":"","overlay-color":"","overlay-opacity":"","overlay-gradient":""},"mobile":{"background-color":"","background-image":"","background-repeat":"repeat","background-position":"center center","background-size":"auto","background-attachment":"scroll","background-type":"","background-media":"","overlay-type":"","overlay-color":"","overlay-opacity":"","overlay-gradient":""}},"ast-content-background-meta":{"desktop":{"background-color":"var(--ast-global-color-5)","background-image":"","background-repeat":"repeat","background-position":"center center","background-size":"auto","background-attachment":"scroll","background-type":"","background-media":"","overlay-type":"","overlay-color":"","overlay-opacity":"","overlay-gradient":""},"tablet":{"background-color":"var(--ast-global-color-5)","background-image":"","background-repeat":"repeat","background-position":"center center","background-size":"auto","background-attachment":"scroll","background-type":"","background-media":"","overlay-type":"","overlay-color":"","overlay-opacity":"","overlay-gradient":""},"mobile":{"background-color":"var(--ast-global-color-5)","background-image":"","background-repeat":"repeat","background-position":"center center","background-size":"auto","background-attachment":"scroll","background-type":"","background-media":"","overlay-type":"","overlay-color":"","overlay-opacity":"","overlay-gradient":""}}},"product_brand":[],"product_cat":[37,29,15],"product_tag":[],"class_list":{"0":"post-1478","1":"product","2":"type-product","3":"status-publish","4":"has-post-thumbnail","6":"product_cat-water-metering","7":"product_cat-amr-ami-products","8":"product_cat-ultrasonic-water-meters","9":"desktop-align-left","10":"tablet-align-left","11":"mobile-align-left","13":"first","14":"instock","15":"shipping-taxable","16":"product-type-simple"},"acf":[],"yoast_head":"<!-- This site is optimized with the Yoast SEO plugin v24.1 - https:\/\/yoast.com\/wordpress\/plugins\/seo\/ -->\n<title>Ultrasonic Plastic Water Meter for Cold Water Metering - Water Meter Supplier&amp;Water Measuring Solution-Tengyue Metering<\/title>\n<meta name=\"description\" content=\"Compact and easy-to-install domestic ultrasonic water meter. Utilizes ultrasonic technology for silent, accurate measurement. Built-in battery lasts over 10 years. The foundational device for household water saving and smart water systems.\" \/>\n<meta name=\"robots\" content=\"noindex, follow, max-snippet:-1, max-image-preview:large, max-video-preview:-1\" \/>\n<meta property=\"og:locale\" content=\"es_ES\" \/>\n<meta property=\"og:type\" content=\"article\" \/>\n<meta property=\"og:title\" content=\"Ultrasonic Plastic Water Meter for Cold Water Metering - Water Meter Supplier&amp;Water Measuring Solution-Tengyue Metering\" \/>\n<meta property=\"og:description\" content=\"Compact and easy-to-install domestic ultrasonic water meter. Utilizes ultrasonic technology for silent, accurate measurement. Built-in battery lasts over 10 years. The foundational device for household water saving and smart water systems.\" \/>\n<meta property=\"og:url\" content=\"https:\/\/www.tengyuemetering.com\/es\/producto\/s15-ultrasonic-plastic-water-meter\/\" \/>\n<meta property=\"og:site_name\" content=\"Water Meter Supplier&amp;Water Measuring Solution-Tengyue Metering\" \/>\n<meta property=\"article:modified_time\" content=\"2025-12-24T05:35:35+00:00\" \/>\n<meta property=\"og:image\" content=\"https:\/\/www.tengyuemetering.com\/wp-content\/uploads\/2025\/01\/33.png\" \/>\n\t<meta property=\"og:image:width\" content=\"1800\" \/>\n\t<meta property=\"og:image:height\" content=\"1800\" \/>\n\t<meta property=\"og:image:type\" content=\"image\/png\" \/>\n<meta name=\"twitter:card\" content=\"summary_large_image\" \/>\n<meta name=\"twitter:label1\" content=\"Est. reading time\" \/>\n\t<meta name=\"twitter:data1\" content=\"1 minuto\" \/>\n<script type=\"application\/ld+json\" class=\"yoast-schema-graph\">{\"@context\":\"https:\/\/schema.org\",\"@graph\":[{\"@type\":\"WebPage\",\"@id\":\"https:\/\/www.tengyuemetering.com\/product\/s15-ultrasonic-plastic-water-meter\/\",\"url\":\"https:\/\/www.tengyuemetering.com\/product\/s15-ultrasonic-plastic-water-meter\/\",\"name\":\"Ultrasonic Plastic Water Meter for Cold Water Metering - Water Meter Supplier&amp;Water Measuring Solution-Tengyue Metering\",\"isPartOf\":{\"@id\":\"https:\/\/www.tengyuemetering.com\/#website\"},\"primaryImageOfPage\":{\"@id\":\"https:\/\/www.tengyuemetering.com\/product\/s15-ultrasonic-plastic-water-meter\/#primaryimage\"},\"image\":{\"@id\":\"https:\/\/www.tengyuemetering.com\/product\/s15-ultrasonic-plastic-water-meter\/#primaryimage\"},\"thumbnailUrl\":\"https:\/\/www.tengyuemetering.com\/wp-content\/uploads\/2025\/01\/33.png\",\"datePublished\":\"2025-01-16T06:05:45+00:00\",\"dateModified\":\"2025-12-24T05:35:35+00:00\",\"description\":\"Compact and easy-to-install domestic ultrasonic water meter. Utilizes ultrasonic technology for silent, accurate measurement. Built-in battery lasts over 10 years. The foundational device for household water saving and smart water systems.\",\"breadcrumb\":{\"@id\":\"https:\/\/www.tengyuemetering.com\/product\/s15-ultrasonic-plastic-water-meter\/#breadcrumb\"},\"inLanguage\":\"es\",\"potentialAction\":[{\"@type\":\"ReadAction\",\"target\":[\"https:\/\/www.tengyuemetering.com\/product\/s15-ultrasonic-plastic-water-meter\/\"]}]},{\"@type\":\"ImageObject\",\"inLanguage\":\"es\",\"@id\":\"https:\/\/www.tengyuemetering.com\/product\/s15-ultrasonic-plastic-water-meter\/#primaryimage\",\"url\":\"https:\/\/www.tengyuemetering.com\/wp-content\/uploads\/2025\/01\/33.png\",\"contentUrl\":\"https:\/\/www.tengyuemetering.com\/wp-content\/uploads\/2025\/01\/33.png\",\"width\":1800,\"height\":1800},{\"@type\":\"BreadcrumbList\",\"@id\":\"https:\/\/www.tengyuemetering.com\/product\/s15-ultrasonic-plastic-water-meter\/#breadcrumb\",\"itemListElement\":[{\"@type\":\"ListItem\",\"position\":1,\"name\":\"Home\",\"item\":\"https:\/\/www.tengyuemetering.com\/\"},{\"@type\":\"ListItem\",\"position\":2,\"name\":\"Products\",\"item\":\"https:\/\/www.tengyuemetering.com\/products\/\"},{\"@type\":\"ListItem\",\"position\":3,\"name\":\"Water Metering\",\"item\":\"https:\/\/www.tengyuemetering.com\/product-category\/water-metering\/\"},{\"@type\":\"ListItem\",\"position\":4,\"name\":\"Ultrasonic Water Meters\",\"item\":\"https:\/\/www.tengyuemetering.com\/product-category\/water-metering\/ultrasonic-water-meters\/\"},{\"@type\":\"ListItem\",\"position\":5,\"name\":\"Ultrasonic Plastic Water Meter for Cold Water Metering\"}]},{\"@type\":\"WebSite\",\"@id\":\"https:\/\/www.tengyuemetering.com\/#website\",\"url\":\"https:\/\/www.tengyuemetering.com\/\",\"name\":\"Water Meter Supplier&amp;Water Measuring Solution-Tengyue Metering\",\"description\":\"Ultrasonic Water Meter&amp;Smart Water Meter China\",\"publisher\":{\"@id\":\"https:\/\/www.tengyuemetering.com\/#organization\"},\"potentialAction\":[{\"@type\":\"SearchAction\",\"target\":{\"@type\":\"EntryPoint\",\"urlTemplate\":\"https:\/\/www.tengyuemetering.com\/?s={search_term_string}\"},\"query-input\":{\"@type\":\"PropertyValueSpecification\",\"valueRequired\":true,\"valueName\":\"search_term_string\"}}],\"inLanguage\":\"es\"},{\"@type\":\"Organization\",\"@id\":\"https:\/\/www.tengyuemetering.com\/#organization\",\"name\":\"Water Meter Supplier&amp;Water Measuring Solution-Tengyue Metering\",\"url\":\"https:\/\/www.tengyuemetering.com\/\",\"logo\":{\"@type\":\"ImageObject\",\"inLanguage\":\"es\",\"@id\":\"https:\/\/www.tengyuemetering.com\/#\/schema\/logo\/image\/\",\"url\":\"https:\/\/www.tengyuemetering.com\/wp-content\/uploads\/2024\/12\/87f194b8255907fc319b6cfa2ea9a24d.png\",\"contentUrl\":\"https:\/\/www.tengyuemetering.com\/wp-content\/uploads\/2024\/12\/87f194b8255907fc319b6cfa2ea9a24d.png\",\"width\":789,\"height\":226,\"caption\":\"Water Meter Supplier&amp;Water Measuring Solution-Tengyue Metering\"},\"image\":{\"@id\":\"https:\/\/www.tengyuemetering.com\/#\/schema\/logo\/image\/\"}}]}<\/script>\n<!-- \/ Yoast SEO plugin. -->","yoast_head_json":{"title":"Ultrasonic Plastic Water Meter for Cold Water Metering - Water Meter Supplier&amp;Water Measuring Solution-Tengyue Metering","description":"Compact and easy-to-install domestic ultrasonic water meter. Utilizes ultrasonic technology for silent, accurate measurement. Built-in battery lasts over 10 years. The foundational device for household water saving and smart water systems.","robots":{"index":"noindex","follow":"follow","max-snippet":"max-snippet:-1","max-image-preview":"max-image-preview:large","max-video-preview":"max-video-preview:-1"},"og_locale":"es_ES","og_type":"article","og_title":"Ultrasonic Plastic Water Meter for Cold Water Metering - Water Meter Supplier&amp;Water Measuring Solution-Tengyue Metering","og_description":"Compact and easy-to-install domestic ultrasonic water meter. Utilizes ultrasonic technology for silent, accurate measurement. Built-in battery lasts over 10 years. The foundational device for household water saving and smart water systems.","og_url":"https:\/\/www.tengyuemetering.com\/es\/producto\/s15-ultrasonic-plastic-water-meter\/","og_site_name":"Water Meter Supplier&amp;Water Measuring Solution-Tengyue Metering","article_modified_time":"2025-12-24T05:35:35+00:00","og_image":[{"width":1800,"height":1800,"url":"https:\/\/www.tengyuemetering.com\/wp-content\/uploads\/2025\/01\/33.png","type":"image\/png"}],"twitter_card":"summary_large_image","twitter_misc":{"Est. reading time":"1 minuto"},"schema":{"@context":"https:\/\/schema.org","@graph":[{"@type":"WebPage","@id":"https:\/\/www.tengyuemetering.com\/product\/s15-ultrasonic-plastic-water-meter\/","url":"https:\/\/www.tengyuemetering.com\/product\/s15-ultrasonic-plastic-water-meter\/","name":"Ultrasonic Plastic Water Meter for Cold Water Metering - Water Meter Supplier&amp;Water Measuring Solution-Tengyue Metering","isPartOf":{"@id":"https:\/\/www.tengyuemetering.com\/#website"},"primaryImageOfPage":{"@id":"https:\/\/www.tengyuemetering.com\/product\/s15-ultrasonic-plastic-water-meter\/#primaryimage"},"image":{"@id":"https:\/\/www.tengyuemetering.com\/product\/s15-ultrasonic-plastic-water-meter\/#primaryimage"},"thumbnailUrl":"https:\/\/www.tengyuemetering.com\/wp-content\/uploads\/2025\/01\/33.png","datePublished":"2025-01-16T06:05:45+00:00","dateModified":"2025-12-24T05:35:35+00:00","description":"Compact and easy-to-install domestic ultrasonic water meter. Utilizes ultrasonic technology for silent, accurate measurement. Built-in battery lasts over 10 years. The foundational device for household water saving and smart water systems.","breadcrumb":{"@id":"https:\/\/www.tengyuemetering.com\/product\/s15-ultrasonic-plastic-water-meter\/#breadcrumb"},"inLanguage":"es","potentialAction":[{"@type":"ReadAction","target":["https:\/\/www.tengyuemetering.com\/product\/s15-ultrasonic-plastic-water-meter\/"]}]},{"@type":"ImageObject","inLanguage":"es","@id":"https:\/\/www.tengyuemetering.com\/product\/s15-ultrasonic-plastic-water-meter\/#primaryimage","url":"https:\/\/www.tengyuemetering.com\/wp-content\/uploads\/2025\/01\/33.png","contentUrl":"https:\/\/www.tengyuemetering.com\/wp-content\/uploads\/2025\/01\/33.png","width":1800,"height":1800},{"@type":"BreadcrumbList","@id":"https:\/\/www.tengyuemetering.com\/product\/s15-ultrasonic-plastic-water-meter\/#breadcrumb","itemListElement":[{"@type":"ListItem","position":1,"name":"Home","item":"https:\/\/www.tengyuemetering.com\/"},{"@type":"ListItem","position":2,"name":"Products","item":"https:\/\/www.tengyuemetering.com\/products\/"},{"@type":"ListItem","position":3,"name":"Water Metering","item":"https:\/\/www.tengyuemetering.com\/product-category\/water-metering\/"},{"@type":"ListItem","position":4,"name":"Ultrasonic Water Meters","item":"https:\/\/www.tengyuemetering.com\/product-category\/water-metering\/ultrasonic-water-meters\/"},{"@type":"ListItem","position":5,"name":"Ultrasonic Plastic Water Meter for Cold Water Metering"}]},{"@type":"WebSite","@id":"https:\/\/www.tengyuemetering.com\/#website","url":"https:\/\/www.tengyuemetering.com\/","name":"Water Meter Supplier&amp;Water Measuring Solution-Tengyue Metering","description":"Ultrasonic Water Meter&amp;Smart Water Meter China","publisher":{"@id":"https:\/\/www.tengyuemetering.com\/#organization"},"potentialAction":[{"@type":"SearchAction","target":{"@type":"EntryPoint","urlTemplate":"https:\/\/www.tengyuemetering.com\/?s={search_term_string}"},"query-input":{"@type":"PropertyValueSpecification","valueRequired":true,"valueName":"search_term_string"}}],"inLanguage":"es"},{"@type":"Organization","@id":"https:\/\/www.tengyuemetering.com\/#organization","name":"Water Meter Supplier&amp;Water Measuring Solution-Tengyue Metering","url":"https:\/\/www.tengyuemetering.com\/","logo":{"@type":"ImageObject","inLanguage":"es","@id":"https:\/\/www.tengyuemetering.com\/#\/schema\/logo\/image\/","url":"https:\/\/www.tengyuemetering.com\/wp-content\/uploads\/2024\/12\/87f194b8255907fc319b6cfa2ea9a24d.png","contentUrl":"https:\/\/www.tengyuemetering.com\/wp-content\/uploads\/2024\/12\/87f194b8255907fc319b6cfa2ea9a24d.png","width":789,"height":226,"caption":"Water Meter Supplier&amp;Water Measuring Solution-Tengyue Metering"},"image":{"@id":"https:\/\/www.tengyuemetering.com\/#\/schema\/logo\/image\/"}}]}},"_links":{"self":[{"href":"https:\/\/www.tengyuemetering.com\/es\/wp-json\/wp\/v2\/product\/1478","targetHints":{"allow":["GET"]}}],"collection":[{"href":"https:\/\/www.tengyuemetering.com\/es\/wp-json\/wp\/v2\/product"}],"about":[{"href":"https:\/\/www.tengyuemetering.com\/es\/wp-json\/wp\/v2\/types\/product"}],"version-history":[{"count":19,"href":"https:\/\/www.tengyuemetering.com\/es\/wp-json\/wp\/v2\/product\/1478\/revisions"}],"predecessor-version":[{"id":6085,"href":"https:\/\/www.tengyuemetering.com\/es\/wp-json\/wp\/v2\/product\/1478\/revisions\/6085"}],"wp:featuredmedia":[{"embeddable":true,"href":"https:\/\/www.tengyuemetering.com\/es\/wp-json\/wp\/v2\/media\/6779"}],"wp:attachment":[{"href":"https:\/\/www.tengyuemetering.com\/es\/wp-json\/wp\/v2\/media?parent=1478"}],"wp:term":[{"taxonomy":"product_brand","embeddable":true,"href":"https:\/\/www.tengyuemetering.com\/es\/wp-json\/wp\/v2\/product_brand?post=1478"},{"taxonomy":"product_cat","embeddable":true,"href":"https:\/\/www.tengyuemetering.com\/es\/wp-json\/wp\/v2\/product_cat?post=1478"},{"taxonomy":"product_tag","embeddable":true,"href":"https:\/\/www.tengyuemetering.com\/es\/wp-json\/wp\/v2\/product_tag?post=1478"}],"curies":[{"name":"wp","href":"https:\/\/api.w.org\/{rel}","templated":true}]}}