{"id":1464,"date":"2025-01-16T05:59:09","date_gmt":"2025-01-16T05:59:09","guid":{"rendered":"http:\/\/www.tengyuemetering.com\/?post_type=product&#038;p=1464"},"modified":"2026-04-28T01:35:46","modified_gmt":"2026-04-28T01:35:46","slug":"ts14w-ultrasonic-household-water-meter","status":"publish","type":"product","link":"https:\/\/www.tengyuemetering.com\/es\/producto\/ts14w-ultrasonic-household-water-meter\/","title":{"rendered":"Medidor de agua dom\u00e9stico ultras\u00f3nico TS14W"},"content":{"rendered":"<div data-elementor-type=\"product-post\" data-elementor-id=\"1464\" class=\"elementor elementor-1464\" data-elementor-post-type=\"product\">\n\t\t\t\t<div class=\"elementor-element elementor-element-6ff68d7c e-con-full e-flex e-con e-parent\" data-id=\"6ff68d7c\" data-element_type=\"container\">\n\t\t\t\t<div class=\"elementor-element elementor-element-66c2ed56 elementor-widget__width-initial elementor-widget elementor-widget-text-editor\" data-id=\"66c2ed56\" data-element_type=\"widget\" data-widget_type=\"text-editor.default\">\n\t\t\t\t<div class=\"elementor-widget-container\">\n\t\t\t\t\t\t\t\t\t<ul><li>Tecnolog\u00eda de medici\u00f3n ultras\u00f3nica<\/li><li>M\u00f3dulos de transmisi\u00f3n integrados inal\u00e1mbricos M-BUS o LoRaWAN<\/li><li>Duraci\u00f3n de la bater\u00eda con configuraci\u00f3n predeterminada 16 a\u00f1os<\/li><li>Certificaciones sanitarias disponibles para varios pa\u00edses<\/li><li>Grado de protecci\u00f3n IP68<\/li><li>Pantalla de 9 caracteres (d\u00edgitos y s\u00edmbolos)<\/li><li>Admite varias posiciones de instalaci\u00f3n.<\/li><li>Puede suministrarse equipado con m\u00f3dulo de comunicaci\u00f3n por cable o por radio.<\/li><li>Antena optimizada para un alcance de radio m\u00e1ximo<\/li><\/ul>\t\t\t\t\t\t\t\t<\/div>\n\t\t\t\t<\/div>\n\t\t\t\t<\/div>\n\t\t<div class=\"elementor-element elementor-element-624485e e-con-full e-flex e-con e-parent\" data-id=\"624485e\" data-element_type=\"container\">\n\t\t\t\t<div class=\"elementor-element elementor-element-bf0d3ca elementor-widget elementor-widget-video\" data-id=\"bf0d3ca\" data-element_type=\"widget\" data-settings=\"{&quot;youtube_url&quot;:&quot;https:\\\/\\\/youtu.be\\\/JrB5_-FsULE&quot;,&quot;autoplay&quot;:&quot;yes&quot;,&quot;loop&quot;:&quot;yes&quot;,&quot;video_type&quot;:&quot;youtube&quot;,&quot;controls&quot;:&quot;yes&quot;}\" data-widget_type=\"video.default\">\n\t\t\t\t<div class=\"elementor-widget-container\">\n\t\t\t\t\t\t\t<div class=\"elementor-wrapper elementor-open-inline\">\n\t\t\t<div class=\"elementor-video\"><\/div>\t\t<\/div>\n\t\t\t\t\t\t<\/div>\n\t\t\t\t<\/div>\n\t\t\t\t<\/div>\n\t\t\t\t<\/div>","protected":false},"excerpt":{"rendered":"<p>El medidor de agua ultras\u00f3nico est\u00e1tico para el hogar S14 es un medidor de agua ultras\u00f3nico avanzado y de alta precisi\u00f3n para aplicaciones residenciales. La alta precisi\u00f3n alcanza hasta R800 (Q3\/Q1) y permanece igual sin importar la posici\u00f3n de instalaci\u00f3n.<\/p>\n<p>La tecnolog\u00eda ultras\u00f3nica permite medir incluso los caudales m\u00e1s bajos, lo que la convierte en la mejor soluci\u00f3n para abordar el agua no contabilizada (ANC).<\/p>\n<p>&nbsp;<\/p>\n<p>Tama\u00f1os disponibles: DN15-DN40 (1\/2\u201d-3\/2\u201d)<\/p>\n<p>&nbsp;<\/p>\n<p>Protocolos compatibles: RS485\/MBus\/LoRa\/LoRaWAN\/W-MBus\/NB-IoT<\/p>","protected":false},"featured_media":6895,"template":"","meta":{"_acf_changed":false,"site-sidebar-layout":"default","site-content-layout":"","ast-site-content-layout":"default","site-content-style":"default","site-sidebar-style":"default","ast-global-header-display":"","ast-banner-title-visibility":"","ast-main-header-display":"","ast-hfb-above-header-display":"","ast-hfb-below-header-display":"","ast-hfb-mobile-header-display":"","site-post-title":"","ast-breadcrumbs-content":"","ast-featured-img":"","footer-sml-layout":"","theme-transparent-header-meta":"default","adv-header-id-meta":"","stick-header-meta":"default","header-above-stick-meta":"","header-main-stick-meta":"","header-below-stick-meta":"","astra-migrate-meta-layouts":"set","ast-page-background-enabled":"default","ast-page-background-meta":{"desktop":{"background-color":"","background-image":"","background-repeat":"repeat","background-position":"center center","background-size":"auto","background-attachment":"scroll","background-type":"","background-media":"","overlay-type":"","overlay-color":"","overlay-opacity":"","overlay-gradient":""},"tablet":{"background-color":"","background-image":"","background-repeat":"repeat","background-position":"center center","background-size":"auto","background-attachment":"scroll","background-type":"","background-media":"","overlay-type":"","overlay-color":"","overlay-opacity":"","overlay-gradient":""},"mobile":{"background-color":"","background-image":"","background-repeat":"repeat","background-position":"center center","background-size":"auto","background-attachment":"scroll","background-type":"","background-media":"","overlay-type":"","overlay-color":"","overlay-opacity":"","overlay-gradient":""}},"ast-content-background-meta":{"desktop":{"background-color":"var(--ast-global-color-5)","background-image":"","background-repeat":"repeat","background-position":"center center","background-size":"auto","background-attachment":"scroll","background-type":"","background-media":"","overlay-type":"","overlay-color":"","overlay-opacity":"","overlay-gradient":""},"tablet":{"background-color":"var(--ast-global-color-5)","background-image":"","background-repeat":"repeat","background-position":"center center","background-size":"auto","background-attachment":"scroll","background-type":"","background-media":"","overlay-type":"","overlay-color":"","overlay-opacity":"","overlay-gradient":""},"mobile":{"background-color":"var(--ast-global-color-5)","background-image":"","background-repeat":"repeat","background-position":"center center","background-size":"auto","background-attachment":"scroll","background-type":"","background-media":"","overlay-type":"","overlay-color":"","overlay-opacity":"","overlay-gradient":""}}},"product_brand":[],"product_cat":[37,29,15],"product_tag":[],"class_list":{"0":"post-1464","1":"product","2":"type-product","3":"status-publish","4":"has-post-thumbnail","6":"product_cat-water-metering","7":"product_cat-amr-ami-products","8":"product_cat-ultrasonic-water-meters","9":"desktop-align-left","10":"tablet-align-left","11":"mobile-align-left","13":"first","14":"instock","15":"shipping-taxable","16":"product-type-simple"},"acf":[],"yoast_head":"<!-- This site is optimized with the Yoast SEO plugin v24.1 - https:\/\/yoast.com\/wordpress\/plugins\/seo\/ -->\n<title>Ultrasonic Household Water Meter TS14W - Water Meter Supplier&amp;Water Measuring Solution-Tengyue Metering<\/title>\n<meta name=\"description\" content=\"All-electronic ultrasonic digital water meter with no moving mechanical parts for durable and precise measurement. Clear LCD displays total &amp; real-time flow. Data output ready for easy system integration and digital water management.\" \/>\n<meta name=\"robots\" content=\"noindex, follow, max-snippet:-1, max-image-preview:large, max-video-preview:-1\" \/>\n<meta property=\"og:locale\" content=\"es_ES\" \/>\n<meta property=\"og:type\" content=\"article\" \/>\n<meta property=\"og:title\" content=\"Ultrasonic Household Water Meter TS14W - Water Meter Supplier&amp;Water Measuring Solution-Tengyue Metering\" \/>\n<meta property=\"og:description\" content=\"All-electronic ultrasonic digital water meter with no moving mechanical parts for durable and precise measurement. Clear LCD displays total &amp; real-time flow. Data output ready for easy system integration and digital water management.\" \/>\n<meta property=\"og:url\" content=\"https:\/\/www.tengyuemetering.com\/es\/producto\/ts14w-ultrasonic-household-water-meter\/\" \/>\n<meta property=\"og:site_name\" content=\"Water Meter Supplier&amp;Water Measuring Solution-Tengyue Metering\" \/>\n<meta property=\"article:modified_time\" content=\"2026-04-28T01:35:46+00:00\" \/>\n<meta property=\"og:image\" content=\"https:\/\/www.tengyuemetering.com\/wp-content\/uploads\/2025\/01\/39.png\" \/>\n\t<meta property=\"og:image:width\" content=\"1800\" \/>\n\t<meta property=\"og:image:height\" content=\"1800\" \/>\n\t<meta property=\"og:image:type\" content=\"image\/png\" \/>\n<meta name=\"twitter:card\" content=\"summary_large_image\" \/>\n<meta name=\"twitter:label1\" content=\"Est. reading time\" \/>\n\t<meta name=\"twitter:data1\" content=\"1 minuto\" \/>\n<script type=\"application\/ld+json\" class=\"yoast-schema-graph\">{\"@context\":\"https:\/\/schema.org\",\"@graph\":[{\"@type\":\"WebPage\",\"@id\":\"https:\/\/www.tengyuemetering.com\/product\/ts14w-ultrasonic-household-water-meter\/\",\"url\":\"https:\/\/www.tengyuemetering.com\/product\/ts14w-ultrasonic-household-water-meter\/\",\"name\":\"Ultrasonic Household Water Meter TS14W - Water Meter Supplier&amp;Water Measuring Solution-Tengyue Metering\",\"isPartOf\":{\"@id\":\"https:\/\/www.tengyuemetering.com\/#website\"},\"primaryImageOfPage\":{\"@id\":\"https:\/\/www.tengyuemetering.com\/product\/ts14w-ultrasonic-household-water-meter\/#primaryimage\"},\"image\":{\"@id\":\"https:\/\/www.tengyuemetering.com\/product\/ts14w-ultrasonic-household-water-meter\/#primaryimage\"},\"thumbnailUrl\":\"https:\/\/www.tengyuemetering.com\/wp-content\/uploads\/2025\/01\/39.png\",\"datePublished\":\"2025-01-16T05:59:09+00:00\",\"dateModified\":\"2026-04-28T01:35:46+00:00\",\"description\":\"All-electronic ultrasonic digital water meter with no moving mechanical parts for durable and precise measurement. Clear LCD displays total & real-time flow. Data output ready for easy system integration and digital water management.\",\"breadcrumb\":{\"@id\":\"https:\/\/www.tengyuemetering.com\/product\/ts14w-ultrasonic-household-water-meter\/#breadcrumb\"},\"inLanguage\":\"es\",\"potentialAction\":[{\"@type\":\"ReadAction\",\"target\":[\"https:\/\/www.tengyuemetering.com\/product\/ts14w-ultrasonic-household-water-meter\/\"]}]},{\"@type\":\"ImageObject\",\"inLanguage\":\"es\",\"@id\":\"https:\/\/www.tengyuemetering.com\/product\/ts14w-ultrasonic-household-water-meter\/#primaryimage\",\"url\":\"https:\/\/www.tengyuemetering.com\/wp-content\/uploads\/2025\/01\/39.png\",\"contentUrl\":\"https:\/\/www.tengyuemetering.com\/wp-content\/uploads\/2025\/01\/39.png\",\"width\":1800,\"height\":1800},{\"@type\":\"BreadcrumbList\",\"@id\":\"https:\/\/www.tengyuemetering.com\/product\/ts14w-ultrasonic-household-water-meter\/#breadcrumb\",\"itemListElement\":[{\"@type\":\"ListItem\",\"position\":1,\"name\":\"Home\",\"item\":\"https:\/\/www.tengyuemetering.com\/\"},{\"@type\":\"ListItem\",\"position\":2,\"name\":\"Products\",\"item\":\"https:\/\/www.tengyuemetering.com\/products\/\"},{\"@type\":\"ListItem\",\"position\":3,\"name\":\"Water Metering\",\"item\":\"https:\/\/www.tengyuemetering.com\/product-category\/water-metering\/\"},{\"@type\":\"ListItem\",\"position\":4,\"name\":\"Ultrasonic Water Meters\",\"item\":\"https:\/\/www.tengyuemetering.com\/product-category\/water-metering\/ultrasonic-water-meters\/\"},{\"@type\":\"ListItem\",\"position\":5,\"name\":\"Ultrasonic Household Water Meter TS14W\"}]},{\"@type\":\"WebSite\",\"@id\":\"https:\/\/www.tengyuemetering.com\/#website\",\"url\":\"https:\/\/www.tengyuemetering.com\/\",\"name\":\"Water Meter Supplier&amp;Water Measuring Solution-Tengyue Metering\",\"description\":\"Ultrasonic Water Meter&amp;Smart Water Meter China\",\"publisher\":{\"@id\":\"https:\/\/www.tengyuemetering.com\/#organization\"},\"potentialAction\":[{\"@type\":\"SearchAction\",\"target\":{\"@type\":\"EntryPoint\",\"urlTemplate\":\"https:\/\/www.tengyuemetering.com\/?s={search_term_string}\"},\"query-input\":{\"@type\":\"PropertyValueSpecification\",\"valueRequired\":true,\"valueName\":\"search_term_string\"}}],\"inLanguage\":\"es\"},{\"@type\":\"Organization\",\"@id\":\"https:\/\/www.tengyuemetering.com\/#organization\",\"name\":\"Water Meter Supplier&amp;Water Measuring Solution-Tengyue Metering\",\"url\":\"https:\/\/www.tengyuemetering.com\/\",\"logo\":{\"@type\":\"ImageObject\",\"inLanguage\":\"es\",\"@id\":\"https:\/\/www.tengyuemetering.com\/#\/schema\/logo\/image\/\",\"url\":\"https:\/\/www.tengyuemetering.com\/wp-content\/uploads\/2024\/12\/87f194b8255907fc319b6cfa2ea9a24d.png\",\"contentUrl\":\"https:\/\/www.tengyuemetering.com\/wp-content\/uploads\/2024\/12\/87f194b8255907fc319b6cfa2ea9a24d.png\",\"width\":789,\"height\":226,\"caption\":\"Water Meter Supplier&amp;Water Measuring Solution-Tengyue Metering\"},\"image\":{\"@id\":\"https:\/\/www.tengyuemetering.com\/#\/schema\/logo\/image\/\"}}]}<\/script>\n<!-- \/ Yoast SEO plugin. -->","yoast_head_json":{"title":"Ultrasonic Household Water Meter TS14W - Water Meter Supplier&amp;Water Measuring Solution-Tengyue Metering","description":"All-electronic ultrasonic digital water meter with no moving mechanical parts for durable and precise measurement. Clear LCD displays total & real-time flow. Data output ready for easy system integration and digital water management.","robots":{"index":"noindex","follow":"follow","max-snippet":"max-snippet:-1","max-image-preview":"max-image-preview:large","max-video-preview":"max-video-preview:-1"},"og_locale":"es_ES","og_type":"article","og_title":"Ultrasonic Household Water Meter TS14W - Water Meter Supplier&amp;Water Measuring Solution-Tengyue Metering","og_description":"All-electronic ultrasonic digital water meter with no moving mechanical parts for durable and precise measurement. Clear LCD displays total & real-time flow. Data output ready for easy system integration and digital water management.","og_url":"https:\/\/www.tengyuemetering.com\/es\/producto\/ts14w-ultrasonic-household-water-meter\/","og_site_name":"Water Meter Supplier&amp;Water Measuring Solution-Tengyue Metering","article_modified_time":"2026-04-28T01:35:46+00:00","og_image":[{"width":1800,"height":1800,"url":"https:\/\/www.tengyuemetering.com\/wp-content\/uploads\/2025\/01\/39.png","type":"image\/png"}],"twitter_card":"summary_large_image","twitter_misc":{"Est. reading time":"1 minuto"},"schema":{"@context":"https:\/\/schema.org","@graph":[{"@type":"WebPage","@id":"https:\/\/www.tengyuemetering.com\/product\/ts14w-ultrasonic-household-water-meter\/","url":"https:\/\/www.tengyuemetering.com\/product\/ts14w-ultrasonic-household-water-meter\/","name":"Ultrasonic Household Water Meter TS14W - Water Meter Supplier&amp;Water Measuring Solution-Tengyue Metering","isPartOf":{"@id":"https:\/\/www.tengyuemetering.com\/#website"},"primaryImageOfPage":{"@id":"https:\/\/www.tengyuemetering.com\/product\/ts14w-ultrasonic-household-water-meter\/#primaryimage"},"image":{"@id":"https:\/\/www.tengyuemetering.com\/product\/ts14w-ultrasonic-household-water-meter\/#primaryimage"},"thumbnailUrl":"https:\/\/www.tengyuemetering.com\/wp-content\/uploads\/2025\/01\/39.png","datePublished":"2025-01-16T05:59:09+00:00","dateModified":"2026-04-28T01:35:46+00:00","description":"All-electronic ultrasonic digital water meter with no moving mechanical parts for durable and precise measurement. Clear LCD displays total & real-time flow. Data output ready for easy system integration and digital water management.","breadcrumb":{"@id":"https:\/\/www.tengyuemetering.com\/product\/ts14w-ultrasonic-household-water-meter\/#breadcrumb"},"inLanguage":"es","potentialAction":[{"@type":"ReadAction","target":["https:\/\/www.tengyuemetering.com\/product\/ts14w-ultrasonic-household-water-meter\/"]}]},{"@type":"ImageObject","inLanguage":"es","@id":"https:\/\/www.tengyuemetering.com\/product\/ts14w-ultrasonic-household-water-meter\/#primaryimage","url":"https:\/\/www.tengyuemetering.com\/wp-content\/uploads\/2025\/01\/39.png","contentUrl":"https:\/\/www.tengyuemetering.com\/wp-content\/uploads\/2025\/01\/39.png","width":1800,"height":1800},{"@type":"BreadcrumbList","@id":"https:\/\/www.tengyuemetering.com\/product\/ts14w-ultrasonic-household-water-meter\/#breadcrumb","itemListElement":[{"@type":"ListItem","position":1,"name":"Home","item":"https:\/\/www.tengyuemetering.com\/"},{"@type":"ListItem","position":2,"name":"Products","item":"https:\/\/www.tengyuemetering.com\/products\/"},{"@type":"ListItem","position":3,"name":"Water Metering","item":"https:\/\/www.tengyuemetering.com\/product-category\/water-metering\/"},{"@type":"ListItem","position":4,"name":"Ultrasonic Water Meters","item":"https:\/\/www.tengyuemetering.com\/product-category\/water-metering\/ultrasonic-water-meters\/"},{"@type":"ListItem","position":5,"name":"Ultrasonic Household Water Meter TS14W"}]},{"@type":"WebSite","@id":"https:\/\/www.tengyuemetering.com\/#website","url":"https:\/\/www.tengyuemetering.com\/","name":"Water Meter Supplier&amp;Water Measuring Solution-Tengyue Metering","description":"Ultrasonic Water Meter&amp;Smart Water Meter China","publisher":{"@id":"https:\/\/www.tengyuemetering.com\/#organization"},"potentialAction":[{"@type":"SearchAction","target":{"@type":"EntryPoint","urlTemplate":"https:\/\/www.tengyuemetering.com\/?s={search_term_string}"},"query-input":{"@type":"PropertyValueSpecification","valueRequired":true,"valueName":"search_term_string"}}],"inLanguage":"es"},{"@type":"Organization","@id":"https:\/\/www.tengyuemetering.com\/#organization","name":"Water Meter Supplier&amp;Water Measuring Solution-Tengyue Metering","url":"https:\/\/www.tengyuemetering.com\/","logo":{"@type":"ImageObject","inLanguage":"es","@id":"https:\/\/www.tengyuemetering.com\/#\/schema\/logo\/image\/","url":"https:\/\/www.tengyuemetering.com\/wp-content\/uploads\/2024\/12\/87f194b8255907fc319b6cfa2ea9a24d.png","contentUrl":"https:\/\/www.tengyuemetering.com\/wp-content\/uploads\/2024\/12\/87f194b8255907fc319b6cfa2ea9a24d.png","width":789,"height":226,"caption":"Water Meter Supplier&amp;Water Measuring Solution-Tengyue Metering"},"image":{"@id":"https:\/\/www.tengyuemetering.com\/#\/schema\/logo\/image\/"}}]}},"_links":{"self":[{"href":"https:\/\/www.tengyuemetering.com\/es\/wp-json\/wp\/v2\/product\/1464","targetHints":{"allow":["GET"]}}],"collection":[{"href":"https:\/\/www.tengyuemetering.com\/es\/wp-json\/wp\/v2\/product"}],"about":[{"href":"https:\/\/www.tengyuemetering.com\/es\/wp-json\/wp\/v2\/types\/product"}],"version-history":[{"count":22,"href":"https:\/\/www.tengyuemetering.com\/es\/wp-json\/wp\/v2\/product\/1464\/revisions"}],"predecessor-version":[{"id":7236,"href":"https:\/\/www.tengyuemetering.com\/es\/wp-json\/wp\/v2\/product\/1464\/revisions\/7236"}],"wp:featuredmedia":[{"embeddable":true,"href":"https:\/\/www.tengyuemetering.com\/es\/wp-json\/wp\/v2\/media\/6895"}],"wp:attachment":[{"href":"https:\/\/www.tengyuemetering.com\/es\/wp-json\/wp\/v2\/media?parent=1464"}],"wp:term":[{"taxonomy":"product_brand","embeddable":true,"href":"https:\/\/www.tengyuemetering.com\/es\/wp-json\/wp\/v2\/product_brand?post=1464"},{"taxonomy":"product_cat","embeddable":true,"href":"https:\/\/www.tengyuemetering.com\/es\/wp-json\/wp\/v2\/product_cat?post=1464"},{"taxonomy":"product_tag","embeddable":true,"href":"https:\/\/www.tengyuemetering.com\/es\/wp-json\/wp\/v2\/product_tag?post=1464"}],"curies":[{"name":"wp","href":"https:\/\/api.w.org\/{rel}","templated":true}]}}