{"id":6670,"date":"2025-10-30T01:23:49","date_gmt":"2025-10-30T01:23:49","guid":{"rendered":"https:\/\/www.tengyuemetering.com\/?page_id=6670"},"modified":"2025-10-30T01:23:49","modified_gmt":"2025-10-30T01:23:49","slug":"data-management-solutions","status":"publish","type":"page","link":"https:\/\/www.tengyuemetering.com\/es\/data-management-solutions\/","title":{"rendered":"Soluciones de gesti\u00f3n de datos"},"content":{"rendered":"<div data-elementor-type=\"wp-page\" data-elementor-id=\"6670\" class=\"elementor elementor-6670\" data-elementor-post-type=\"page\">\n\t\t\t\t<div class=\"elementor-element elementor-element-61eaa6d e-flex e-con-boxed e-con e-parent\" data-id=\"61eaa6d\" data-element_type=\"container\">\n\t\t\t\t\t<div class=\"e-con-inner\">\n\t\t\t\t<div class=\"elementor-element elementor-element-c9a6e6f elementor-widget elementor-widget-text-editor\" data-id=\"c9a6e6f\" data-element_type=\"widget\" data-widget_type=\"text-editor.default\">\n\t\t\t\t<div class=\"elementor-widget-container\">\n\t\t\t\t\t\t\t\t\t<h2>Soluciones de gesti\u00f3n de datos<\/h2><p>Con nuestras soluciones de software, puede superar la complejidad de los datos y simplificar el trabajo de quienes ayudan a gestionarlos, desde la lectura de contadores hasta la facturaci\u00f3n y m\u00e1s all\u00e1.<\/p><h2><strong><b>PLATAFORMA REMOTA INAL\u00c1MBRICA Tengyue (WRP) QUE ALMACENA TODOS LOS DATOS<\/b><\/strong><\/h2><p>Tengyue Metering WRP es una nueva soluci\u00f3n para la medici\u00f3n de agua y calor que almacena autom\u00e1ticamente todos los datos en la nube y lleva las soluciones de lectura remota de medidores al siguiente nivel.<\/p><p>Tengyue Metering WRP permite gestionar los datos de lectura con la m\u00e1xima eficiencia, gracias a sus funciones exclusivas:<\/p>\t\t\t\t\t\t\t\t<\/div>\n\t\t\t\t<\/div>\n\t\t\t\t\t<\/div>\n\t\t\t\t<\/div>\n\t\t<div class=\"elementor-element elementor-element-0acb378 e-flex e-con-boxed e-con e-parent\" data-id=\"0acb378\" data-element_type=\"container\">\n\t\t\t\t\t<div class=\"e-con-inner\">\n\t\t<div class=\"elementor-element elementor-element-f7eb327 e-con-full e-flex e-con e-child\" data-id=\"f7eb327\" data-element_type=\"container\">\n\t\t\t\t<div class=\"elementor-element elementor-element-9800c23 elementor-widget elementor-widget-text-editor\" data-id=\"9800c23\" data-element_type=\"widget\" data-widget_type=\"text-editor.default\">\n\t\t\t\t<div class=\"elementor-widget-container\">\n\t\t\t\t\t\t\t\t\t<ul><li><b><\/b><strong><b>Gesti\u00f3n de medidores:<\/b><\/strong>Gestionar informaci\u00f3n b\u00e1sica del medidor, proporcionar consultas y mantenimiento de informaci\u00f3n del medidor.<\/li><li><b><\/b><strong><b>Datos en tiempo real: <\/b><\/strong>Recopilaci\u00f3n remota en tiempo real de datos de uso de agua a trav\u00e9s de etiquetas inteligentes.<\/li><li><b><\/b><strong><b>Datos hist\u00f3ricos: <\/b><\/strong>Registrar y almacenar datos hist\u00f3ricos sobre el uso del agua.<\/li><li><b><\/b><strong><b>Gesti\u00f3n de equipos: <\/b><\/strong>Admite concentrador Lora, DTU, RTU, administra y visualiza par\u00e1metros de informaci\u00f3n b\u00e1sica del equipo, administra tablas y detalles vinculados al equipo, admite funciones remotas del equipo (sincronizaci\u00f3n de hora, configuraci\u00f3n de hora de recolecci\u00f3n, lectura del estado del equipo, configuraci\u00f3n de la hora del equipo, lectura inmediata del medidor, inicializaci\u00f3n).<\/li><li><p><strong style=\"font-size: 16px;\"><b>Control de v\u00e1lvulas de lote: <\/b><\/strong><span style=\"font-size: 16px;\">Operaci\u00f3n por lotes de v\u00e1lvulas de dosificaci\u00f3n<\/span><\/p><\/li><\/ul>\t\t\t\t\t\t\t\t<\/div>\n\t\t\t\t<\/div>\n\t\t\t\t<\/div>\n\t\t<div class=\"elementor-element elementor-element-1545e1d e-con-full e-flex e-con e-child\" data-id=\"1545e1d\" data-element_type=\"container\">\n\t\t\t\t<\/div>\n\t\t\t\t\t<\/div>\n\t\t\t\t<\/div>\n\t\t<div class=\"elementor-element elementor-element-2c5e2da e-flex e-con-boxed e-con e-parent\" data-id=\"2c5e2da\" data-element_type=\"container\">\n\t\t\t\t\t<div class=\"e-con-inner\">\n\t\t\t\t\t<\/div>\n\t\t\t\t<\/div>\n\t\t<div class=\"elementor-element elementor-element-2125f43 e-flex e-con-boxed e-con e-parent\" data-id=\"2125f43\" data-element_type=\"container\">\n\t\t\t\t\t<div class=\"e-con-inner\">\n\t\t\t\t\t<\/div>\n\t\t\t\t<\/div>\n\t\t\t\t<\/div>","protected":false},"excerpt":{"rendered":"<p>Soluciones de gesti\u00f3n de datos. Con nuestras soluciones de software, puede superar la complejidad de los datos y simplificar el trabajo de todos aquellos que participan en su gesti\u00f3n. Esto abarca desde la lectura de contadores hasta la facturaci\u00f3n y mucho m\u00e1s. Plataforma remota inal\u00e1mbrica (WRP) de Tengyue, que almacena todos los datos. La plataforma WRP de Tengyue Metering es una nueva soluci\u00f3n para la medici\u00f3n de agua y calor que [\u2026]<\/p>","protected":false},"author":1,"featured_media":0,"parent":0,"menu_order":0,"comment_status":"closed","ping_status":"closed","template":"","meta":{"_acf_changed":false,"site-sidebar-layout":"no-sidebar","site-content-layout":"page-builder","ast-site-content-layout":"full-width-container","site-content-style":"default","site-sidebar-style":"default","ast-global-header-display":"","ast-banner-title-visibility":"","ast-main-header-display":"","ast-hfb-above-header-display":"","ast-hfb-below-header-display":"","ast-hfb-mobile-header-display":"","site-post-title":"disabled","ast-breadcrumbs-content":"","ast-featured-img":"disabled","footer-sml-layout":"","theme-transparent-header-meta":"default","adv-header-id-meta":"","stick-header-meta":"default","header-above-stick-meta":"","header-main-stick-meta":"","header-below-stick-meta":"","astra-migrate-meta-layouts":"set","ast-page-background-enabled":"default","ast-page-background-meta":{"desktop":{"background-color":"","background-image":"","background-repeat":"repeat","background-position":"center center","background-size":"auto","background-attachment":"scroll","background-type":"","background-media":"","overlay-type":"","overlay-color":"","overlay-opacity":"","overlay-gradient":""},"tablet":{"background-color":"","background-image":"","background-repeat":"repeat","background-position":"center center","background-size":"auto","background-attachment":"scroll","background-type":"","background-media":"","overlay-type":"","overlay-color":"","overlay-opacity":"","overlay-gradient":""},"mobile":{"background-color":"","background-image":"","background-repeat":"repeat","background-position":"center center","background-size":"auto","background-attachment":"scroll","background-type":"","background-media":"","overlay-type":"","overlay-color":"","overlay-opacity":"","overlay-gradient":""}},"ast-content-background-meta":{"desktop":{"background-color":"var(--ast-global-color-5)","background-image":"","background-repeat":"repeat","background-position":"center center","background-size":"auto","background-attachment":"scroll","background-type":"","background-media":"","overlay-type":"","overlay-color":"","overlay-opacity":"","overlay-gradient":""},"tablet":{"background-color":"var(--ast-global-color-5)","background-image":"","background-repeat":"repeat","background-position":"center center","background-size":"auto","background-attachment":"scroll","background-type":"","background-media":"","overlay-type":"","overlay-color":"","overlay-opacity":"","overlay-gradient":""},"mobile":{"background-color":"var(--ast-global-color-5)","background-image":"","background-repeat":"repeat","background-position":"center center","background-size":"auto","background-attachment":"scroll","background-type":"","background-media":"","overlay-type":"","overlay-color":"","overlay-opacity":"","overlay-gradient":""}},"footnotes":""},"class_list":["post-6670","page","type-page","status-publish","hentry"],"acf":[],"yoast_head":"<!-- This site is optimized with the Yoast SEO plugin v24.1 - https:\/\/yoast.com\/wordpress\/plugins\/seo\/ -->\n<title>Optimizing Water Count Data-Tengyue metering<\/title>\n<meta name=\"robots\" content=\"noindex, follow, max-snippet:-1, max-image-preview:large, max-video-preview:-1\" \/>\n<meta property=\"og:locale\" content=\"es_ES\" \/>\n<meta property=\"og:type\" content=\"article\" \/>\n<meta property=\"og:title\" content=\"Optimizing Water Count Data-Tengyue metering\" \/>\n<meta property=\"og:description\" content=\"Data Management Solutions With our software solutions, you can overcome the complexity of data and simplify the work of all those who help manage them. That ranges from meter reading to billing and beyond. Tengyue WIRELESS REMOTE PLATFORM(WRP) WHICH STORAGE ALL DATA Tengyue Metering WRP is a new solution for water and heat metering that [&hellip;]\" \/>\n<meta property=\"og:url\" content=\"https:\/\/www.tengyuemetering.com\/es\/data-management-solutions\/\" \/>\n<meta property=\"og:site_name\" content=\"Water Meter Supplier&amp;Water Measuring Solution-Tengyue Metering\" \/>\n<meta name=\"twitter:card\" content=\"summary_large_image\" \/>\n<meta name=\"twitter:label1\" content=\"Est. reading time\" \/>\n\t<meta name=\"twitter:data1\" content=\"1 minuto\" \/>\n<script type=\"application\/ld+json\" class=\"yoast-schema-graph\">{\"@context\":\"https:\/\/schema.org\",\"@graph\":[{\"@type\":\"WebPage\",\"@id\":\"https:\/\/www.tengyuemetering.com\/data-management-solutions\/\",\"url\":\"https:\/\/www.tengyuemetering.com\/data-management-solutions\/\",\"name\":\"Optimizing Water Count Data-Tengyue metering\",\"isPartOf\":{\"@id\":\"https:\/\/www.tengyuemetering.com\/#website\"},\"datePublished\":\"2025-10-30T01:23:49+00:00\",\"dateModified\":\"2025-10-30T01:23:49+00:00\",\"breadcrumb\":{\"@id\":\"https:\/\/www.tengyuemetering.com\/data-management-solutions\/#breadcrumb\"},\"inLanguage\":\"es\",\"potentialAction\":[{\"@type\":\"ReadAction\",\"target\":[\"https:\/\/www.tengyuemetering.com\/data-management-solutions\/\"]}]},{\"@type\":\"BreadcrumbList\",\"@id\":\"https:\/\/www.tengyuemetering.com\/data-management-solutions\/#breadcrumb\",\"itemListElement\":[{\"@type\":\"ListItem\",\"position\":1,\"name\":\"Home\",\"item\":\"https:\/\/www.tengyuemetering.com\/\"},{\"@type\":\"ListItem\",\"position\":2,\"name\":\"Data Management Solutions\"}]},{\"@type\":\"WebSite\",\"@id\":\"https:\/\/www.tengyuemetering.com\/#website\",\"url\":\"https:\/\/www.tengyuemetering.com\/\",\"name\":\"Water Meter Supplier&amp;Water Measuring Solution-Tengyue Metering\",\"description\":\"Ultrasonic Water Meter&amp;Smart Water Meter China\",\"publisher\":{\"@id\":\"https:\/\/www.tengyuemetering.com\/#organization\"},\"potentialAction\":[{\"@type\":\"SearchAction\",\"target\":{\"@type\":\"EntryPoint\",\"urlTemplate\":\"https:\/\/www.tengyuemetering.com\/?s={search_term_string}\"},\"query-input\":{\"@type\":\"PropertyValueSpecification\",\"valueRequired\":true,\"valueName\":\"search_term_string\"}}],\"inLanguage\":\"es\"},{\"@type\":\"Organization\",\"@id\":\"https:\/\/www.tengyuemetering.com\/#organization\",\"name\":\"Water Meter Supplier&amp;Water Measuring Solution-Tengyue Metering\",\"url\":\"https:\/\/www.tengyuemetering.com\/\",\"logo\":{\"@type\":\"ImageObject\",\"inLanguage\":\"es\",\"@id\":\"https:\/\/www.tengyuemetering.com\/#\/schema\/logo\/image\/\",\"url\":\"https:\/\/www.tengyuemetering.com\/wp-content\/uploads\/2024\/12\/87f194b8255907fc319b6cfa2ea9a24d.png\",\"contentUrl\":\"https:\/\/www.tengyuemetering.com\/wp-content\/uploads\/2024\/12\/87f194b8255907fc319b6cfa2ea9a24d.png\",\"width\":789,\"height\":226,\"caption\":\"Water Meter Supplier&amp;Water Measuring Solution-Tengyue Metering\"},\"image\":{\"@id\":\"https:\/\/www.tengyuemetering.com\/#\/schema\/logo\/image\/\"}}]}<\/script>\n<!-- \/ Yoast SEO plugin. -->","yoast_head_json":{"title":"Optimizing Water Count Data-Tengyue metering","robots":{"index":"noindex","follow":"follow","max-snippet":"max-snippet:-1","max-image-preview":"max-image-preview:large","max-video-preview":"max-video-preview:-1"},"og_locale":"es_ES","og_type":"article","og_title":"Optimizing Water Count Data-Tengyue metering","og_description":"Data Management Solutions With our software solutions, you can overcome the complexity of data and simplify the work of all those who help manage them. That ranges from meter reading to billing and beyond. Tengyue WIRELESS REMOTE PLATFORM(WRP) WHICH STORAGE ALL DATA Tengyue Metering WRP is a new solution for water and heat metering that [&hellip;]","og_url":"https:\/\/www.tengyuemetering.com\/es\/data-management-solutions\/","og_site_name":"Water Meter Supplier&amp;Water Measuring Solution-Tengyue Metering","twitter_card":"summary_large_image","twitter_misc":{"Est. reading time":"1 minuto"},"schema":{"@context":"https:\/\/schema.org","@graph":[{"@type":"WebPage","@id":"https:\/\/www.tengyuemetering.com\/data-management-solutions\/","url":"https:\/\/www.tengyuemetering.com\/data-management-solutions\/","name":"Optimizing Water Count Data-Tengyue metering","isPartOf":{"@id":"https:\/\/www.tengyuemetering.com\/#website"},"datePublished":"2025-10-30T01:23:49+00:00","dateModified":"2025-10-30T01:23:49+00:00","breadcrumb":{"@id":"https:\/\/www.tengyuemetering.com\/data-management-solutions\/#breadcrumb"},"inLanguage":"es","potentialAction":[{"@type":"ReadAction","target":["https:\/\/www.tengyuemetering.com\/data-management-solutions\/"]}]},{"@type":"BreadcrumbList","@id":"https:\/\/www.tengyuemetering.com\/data-management-solutions\/#breadcrumb","itemListElement":[{"@type":"ListItem","position":1,"name":"Home","item":"https:\/\/www.tengyuemetering.com\/"},{"@type":"ListItem","position":2,"name":"Data Management Solutions"}]},{"@type":"WebSite","@id":"https:\/\/www.tengyuemetering.com\/#website","url":"https:\/\/www.tengyuemetering.com\/","name":"Water Meter Supplier&amp;Water Measuring Solution-Tengyue Metering","description":"Ultrasonic Water Meter&amp;Smart Water Meter China","publisher":{"@id":"https:\/\/www.tengyuemetering.com\/#organization"},"potentialAction":[{"@type":"SearchAction","target":{"@type":"EntryPoint","urlTemplate":"https:\/\/www.tengyuemetering.com\/?s={search_term_string}"},"query-input":{"@type":"PropertyValueSpecification","valueRequired":true,"valueName":"search_term_string"}}],"inLanguage":"es"},{"@type":"Organization","@id":"https:\/\/www.tengyuemetering.com\/#organization","name":"Water Meter Supplier&amp;Water Measuring Solution-Tengyue Metering","url":"https:\/\/www.tengyuemetering.com\/","logo":{"@type":"ImageObject","inLanguage":"es","@id":"https:\/\/www.tengyuemetering.com\/#\/schema\/logo\/image\/","url":"https:\/\/www.tengyuemetering.com\/wp-content\/uploads\/2024\/12\/87f194b8255907fc319b6cfa2ea9a24d.png","contentUrl":"https:\/\/www.tengyuemetering.com\/wp-content\/uploads\/2024\/12\/87f194b8255907fc319b6cfa2ea9a24d.png","width":789,"height":226,"caption":"Water Meter Supplier&amp;Water Measuring Solution-Tengyue Metering"},"image":{"@id":"https:\/\/www.tengyuemetering.com\/#\/schema\/logo\/image\/"}}]}},"_links":{"self":[{"href":"https:\/\/www.tengyuemetering.com\/es\/wp-json\/wp\/v2\/pages\/6670","targetHints":{"allow":["GET"]}}],"collection":[{"href":"https:\/\/www.tengyuemetering.com\/es\/wp-json\/wp\/v2\/pages"}],"about":[{"href":"https:\/\/www.tengyuemetering.com\/es\/wp-json\/wp\/v2\/types\/page"}],"author":[{"embeddable":true,"href":"https:\/\/www.tengyuemetering.com\/es\/wp-json\/wp\/v2\/users\/1"}],"replies":[{"embeddable":true,"href":"https:\/\/www.tengyuemetering.com\/es\/wp-json\/wp\/v2\/comments?post=6670"}],"version-history":[{"count":2,"href":"https:\/\/www.tengyuemetering.com\/es\/wp-json\/wp\/v2\/pages\/6670\/revisions"}],"predecessor-version":[{"id":7107,"href":"https:\/\/www.tengyuemetering.com\/es\/wp-json\/wp\/v2\/pages\/6670\/revisions\/7107"}],"wp:attachment":[{"href":"https:\/\/www.tengyuemetering.com\/es\/wp-json\/wp\/v2\/media?parent=6670"}],"curies":[{"name":"wp","href":"https:\/\/api.w.org\/{rel}","templated":true}]}}