{"id":2080,"date":"2025-02-25T06:18:40","date_gmt":"2025-02-25T06:18:40","guid":{"rendered":"http:\/\/www.tengyuemetering.com\/?page_id=2080"},"modified":"2025-02-25T06:18:40","modified_gmt":"2025-02-25T06:18:40","slug":"solutions3","status":"publish","type":"page","link":"https:\/\/www.tengyuemetering.com\/es\/solutions3\/","title":{"rendered":"Soluciones3"},"content":{"rendered":"<div data-elementor-type=\"wp-page\" data-elementor-id=\"2080\" class=\"elementor elementor-2080\" data-elementor-post-type=\"page\">\n\t\t\t\t<div class=\"elementor-element elementor-element-61eaa6d e-flex e-con-boxed e-con e-parent\" data-id=\"61eaa6d\" data-element_type=\"container\">\n\t\t\t\t\t<div class=\"e-con-inner\">\n\t\t\t\t<div class=\"elementor-element elementor-element-aacc8b3 elementor-widget elementor-widget-heading\" data-id=\"aacc8b3\" data-element_type=\"widget\" data-widget_type=\"heading.default\">\n\t\t\t\t<div class=\"elementor-widget-container\">\n\t\t\t\t\t<h2 class=\"elementor-heading-title elementor-size-default\">Soluciones<\/h2>\t\t\t\t<\/div>\n\t\t\t\t<\/div>\n\t\t\t\t<div class=\"elementor-element elementor-element-5d7bc53 elementor-widget elementor-widget-heading\" data-id=\"5d7bc53\" data-element_type=\"widget\" data-widget_type=\"heading.default\">\n\t\t\t\t<div class=\"elementor-widget-container\">\n\t\t\t\t\t<h4 class=\"elementor-heading-title elementor-size-default\">Lectura remota de medidores<\/h4>\t\t\t\t<\/div>\n\t\t\t\t<\/div>\n\t\t\t\t<div class=\"elementor-element elementor-element-c9a6e6f elementor-widget elementor-widget-text-editor\" data-id=\"c9a6e6f\" data-element_type=\"widget\" data-widget_type=\"text-editor.default\">\n\t\t\t\t<div class=\"elementor-widget-container\">\n\t\t\t\t\t\t\t\t\t<p>Automatice las lecturas de medidores para ahorrar costos y tiempo y, al mismo tiempo, aumentar la satisfacci\u00f3n del consumidor. Elija una soluci\u00f3n AMR Walk-by o Drive-by para facilitar su uso, o una red fija AMI para potenciar su negocio a trav\u00e9s de informaci\u00f3n basada en datos.<\/p>\t\t\t\t\t\t\t\t<\/div>\n\t\t\t\t<\/div>\n\t\t\t\t\t<\/div>\n\t\t\t\t<\/div>\n\t\t<div class=\"elementor-element elementor-element-10bcd34 e-flex e-con-boxed e-con e-parent\" data-id=\"10bcd34\" data-element_type=\"container\">\n\t\t\t\t\t<div class=\"e-con-inner\">\n\t\t\t\t<div class=\"elementor-element elementor-element-89aa412 elementor-widget elementor-widget-image\" data-id=\"89aa412\" data-element_type=\"widget\" data-widget_type=\"image.default\">\n\t\t\t\t<div class=\"elementor-widget-container\">\n\t\t\t\t\t\t\t\t\t\t\t\t\t\t\t<img fetchpriority=\"high\" decoding=\"async\" width=\"724\" height=\"241\" src=\"https:\/\/www.tengyuemetering.com\/wp-content\/uploads\/2025\/02\/Remote-meter-readinG.png\" class=\"attachment-large size-large wp-image-1799\" alt=\"\" srcset=\"https:\/\/www.tengyuemetering.com\/wp-content\/uploads\/2025\/02\/Remote-meter-readinG.png 724w, https:\/\/www.tengyuemetering.com\/wp-content\/uploads\/2025\/02\/Remote-meter-readinG-300x100.png 300w, https:\/\/www.tengyuemetering.com\/wp-content\/uploads\/2025\/02\/Remote-meter-readinG-600x200.png 600w\" sizes=\"(max-width: 724px) 100vw, 724px\" \/>\t\t\t\t\t\t\t\t\t\t\t\t\t\t\t<\/div>\n\t\t\t\t<\/div>\n\t\t\t\t\t<\/div>\n\t\t\t\t<\/div>\n\t\t<div class=\"elementor-element elementor-element-5722018 e-flex e-con-boxed e-con e-parent\" data-id=\"5722018\" data-element_type=\"container\">\n\t\t\t\t\t<div class=\"e-con-inner\">\n\t\t\t\t<div class=\"elementor-element elementor-element-4890cbe elementor-widget elementor-widget-text-editor\" data-id=\"4890cbe\" data-element_type=\"widget\" data-widget_type=\"text-editor.default\">\n\t\t\t\t<div class=\"elementor-widget-container\">\n\t\t\t\t\t\t\t\t\t<p><strong><b>SOLUCIONES AMR (PASEO CAMINATA\/EN AUTO)<\/b><\/strong><\/p>\n<p>Tengyue ofrece una alternativa para las empresas de servicios p\u00fablicos cuya infraestructura de lectura de medidores no transfiere autom\u00e1ticamente los datos a una base de datos central: Walk By o Drive By. Esta soluci\u00f3n utiliza un recopilador de datos y una consola Tengyue para recopilar autom\u00e1ticamente informaci\u00f3n del medidor cercano al caminar o conducir por la calle donde est\u00e1 instalado el medidor de agua y subirla al innovador Sistema de Gesti\u00f3n de Datos de Tengyue para su an\u00e1lisis estad\u00edstico.<\/p>\n<p>En el sistema Walk-By o Drive-By, el medidor de agua inteligente se leer\u00e1 autom\u00e1ticamente y los datos recopilados se utilizan para recordar problemas que necesitan atenci\u00f3n, como desconexi\u00f3n del medidor de agua, fugas, reflujo, estado de la bater\u00eda e intento de manipulaci\u00f3n.<\/p>\n<p><strong><b>SOLUCIONES AMI (RED FIJA)<\/b><\/strong><\/p>\n<p>Las soluciones de gesti\u00f3n h\u00eddrica de Infraestructura de Medici\u00f3n Avanzada (IMA) de Red Fija (\u8fd9\u91cc\u8981\u505a\u4e2a\u8d85\u94fe\u63a5) ofrecen importantes beneficios a los operadores y consumidores de agua. Las empresas de servicios de agua pueden comprender y controlar mejor las operaciones h\u00eddricas en general, especialmente las operaciones de agua no facturada. Los consumidores de agua disfrutan de una transparencia sin precedentes y pueden beneficiarse de incentivos para ahorrar agua.<\/p>\t\t\t\t\t\t\t\t<\/div>\n\t\t\t\t<\/div>\n\t\t\t\t\t<\/div>\n\t\t\t\t<\/div>\n\t\t\t\t<\/div>","protected":false},"excerpt":{"rendered":"<p>Soluciones de lectura remota de medidores. Automatice la lectura de medidores para ahorrar costos y tiempo, a la vez que aumenta la satisfacci\u00f3n del cliente. Elija una soluci\u00f3n AMR de acceso directo o en coche para mayor facilidad de uso, o una red fija AMI para impulsar su negocio con informaci\u00f3n basada en datos. SOLUCIONES AMR (A PIE\/EN COCHE) Tengyue ofrece una alternativa para las empresas de servicios p\u00fablicos cuya infraestructura de lectura de medidores no transfiere autom\u00e1ticamente los datos de los medidores [\u2026]<\/p>","protected":false},"author":1,"featured_media":0,"parent":0,"menu_order":0,"comment_status":"closed","ping_status":"closed","template":"","meta":{"_acf_changed":false,"site-sidebar-layout":"no-sidebar","site-content-layout":"page-builder","ast-site-content-layout":"full-width-container","site-content-style":"default","site-sidebar-style":"default","ast-global-header-display":"","ast-banner-title-visibility":"","ast-main-header-display":"","ast-hfb-above-header-display":"","ast-hfb-below-header-display":"","ast-hfb-mobile-header-display":"","site-post-title":"disabled","ast-breadcrumbs-content":"","ast-featured-img":"disabled","footer-sml-layout":"","theme-transparent-header-meta":"default","adv-header-id-meta":"","stick-header-meta":"default","header-above-stick-meta":"","header-main-stick-meta":"","header-below-stick-meta":"","astra-migrate-meta-layouts":"set","ast-page-background-enabled":"default","ast-page-background-meta":{"desktop":{"background-color":"","background-image":"","background-repeat":"repeat","background-position":"center center","background-size":"auto","background-attachment":"scroll","background-type":"","background-media":"","overlay-type":"","overlay-color":"","overlay-opacity":"","overlay-gradient":""},"tablet":{"background-color":"","background-image":"","background-repeat":"repeat","background-position":"center center","background-size":"auto","background-attachment":"scroll","background-type":"","background-media":"","overlay-type":"","overlay-color":"","overlay-opacity":"","overlay-gradient":""},"mobile":{"background-color":"","background-image":"","background-repeat":"repeat","background-position":"center center","background-size":"auto","background-attachment":"scroll","background-type":"","background-media":"","overlay-type":"","overlay-color":"","overlay-opacity":"","overlay-gradient":""}},"ast-content-background-meta":{"desktop":{"background-color":"var(--ast-global-color-5)","background-image":"","background-repeat":"repeat","background-position":"center center","background-size":"auto","background-attachment":"scroll","background-type":"","background-media":"","overlay-type":"","overlay-color":"","overlay-opacity":"","overlay-gradient":""},"tablet":{"background-color":"var(--ast-global-color-5)","background-image":"","background-repeat":"repeat","background-position":"center center","background-size":"auto","background-attachment":"scroll","background-type":"","background-media":"","overlay-type":"","overlay-color":"","overlay-opacity":"","overlay-gradient":""},"mobile":{"background-color":"var(--ast-global-color-5)","background-image":"","background-repeat":"repeat","background-position":"center center","background-size":"auto","background-attachment":"scroll","background-type":"","background-media":"","overlay-type":"","overlay-color":"","overlay-opacity":"","overlay-gradient":""}},"footnotes":""},"class_list":["post-2080","page","type-page","status-publish","hentry"],"acf":[],"yoast_head":"<!-- This site is optimized with the Yoast SEO plugin v24.1 - https:\/\/yoast.com\/wordpress\/plugins\/seo\/ -->\n<title>Solutions3 - Water Meter Supplier&amp;Water Measuring Solution-Tengyue Metering<\/title>\n<meta name=\"robots\" content=\"noindex, follow, max-snippet:-1, max-image-preview:large, max-video-preview:-1\" \/>\n<meta property=\"og:locale\" content=\"es_ES\" \/>\n<meta property=\"og:type\" content=\"article\" \/>\n<meta property=\"og:title\" content=\"Solutions3 - Water Meter Supplier&amp;Water Measuring Solution-Tengyue Metering\" \/>\n<meta property=\"og:description\" content=\"Solutions Remote meter readinG Automate meter readings to save costs and time while increasing consumer satisfaction.Choose a Walk-by or Drive-by AMR solution for ease-of-use, or an AMI fixed network to empower your business through data-driven insights. AMR SOLUTIONS(WALKED BY\/DRIVE BY) Tengyue provides an alternative for utilities whose meter reading infrastructure does not automatically transfer meter [&hellip;]\" \/>\n<meta property=\"og:url\" content=\"https:\/\/www.tengyuemetering.com\/es\/solutions3\/\" \/>\n<meta property=\"og:site_name\" content=\"Water Meter Supplier&amp;Water Measuring Solution-Tengyue Metering\" \/>\n<meta property=\"og:image\" content=\"http:\/\/www.tengyuemetering.com\/wp-content\/uploads\/2025\/02\/Remote-meter-readinG.png\" \/>\n<meta name=\"twitter:card\" content=\"summary_large_image\" \/>\n<meta name=\"twitter:label1\" content=\"Est. reading time\" \/>\n\t<meta name=\"twitter:data1\" content=\"2 minutos\" \/>\n<script type=\"application\/ld+json\" class=\"yoast-schema-graph\">{\"@context\":\"https:\/\/schema.org\",\"@graph\":[{\"@type\":\"WebPage\",\"@id\":\"https:\/\/www.tengyuemetering.com\/solutions3\/\",\"url\":\"https:\/\/www.tengyuemetering.com\/solutions3\/\",\"name\":\"Solutions3 - Water Meter Supplier&amp;Water Measuring Solution-Tengyue Metering\",\"isPartOf\":{\"@id\":\"https:\/\/www.tengyuemetering.com\/#website\"},\"primaryImageOfPage\":{\"@id\":\"https:\/\/www.tengyuemetering.com\/solutions3\/#primaryimage\"},\"image\":{\"@id\":\"https:\/\/www.tengyuemetering.com\/solutions3\/#primaryimage\"},\"thumbnailUrl\":\"http:\/\/www.tengyuemetering.com\/wp-content\/uploads\/2025\/02\/Remote-meter-readinG.png\",\"datePublished\":\"2025-02-25T06:18:40+00:00\",\"dateModified\":\"2025-02-25T06:18:40+00:00\",\"breadcrumb\":{\"@id\":\"https:\/\/www.tengyuemetering.com\/solutions3\/#breadcrumb\"},\"inLanguage\":\"es\",\"potentialAction\":[{\"@type\":\"ReadAction\",\"target\":[\"https:\/\/www.tengyuemetering.com\/solutions3\/\"]}]},{\"@type\":\"ImageObject\",\"inLanguage\":\"es\",\"@id\":\"https:\/\/www.tengyuemetering.com\/solutions3\/#primaryimage\",\"url\":\"http:\/\/www.tengyuemetering.com\/wp-content\/uploads\/2025\/02\/Remote-meter-readinG.png\",\"contentUrl\":\"http:\/\/www.tengyuemetering.com\/wp-content\/uploads\/2025\/02\/Remote-meter-readinG.png\"},{\"@type\":\"BreadcrumbList\",\"@id\":\"https:\/\/www.tengyuemetering.com\/solutions3\/#breadcrumb\",\"itemListElement\":[{\"@type\":\"ListItem\",\"position\":1,\"name\":\"Home\",\"item\":\"https:\/\/www.tengyuemetering.com\/\"},{\"@type\":\"ListItem\",\"position\":2,\"name\":\"Solutions3\"}]},{\"@type\":\"WebSite\",\"@id\":\"https:\/\/www.tengyuemetering.com\/#website\",\"url\":\"https:\/\/www.tengyuemetering.com\/\",\"name\":\"Water Meter Supplier&amp;Water Measuring Solution-Tengyue Metering\",\"description\":\"Ultrasonic Water Meter&amp;Smart Water Meter China\",\"publisher\":{\"@id\":\"https:\/\/www.tengyuemetering.com\/#organization\"},\"potentialAction\":[{\"@type\":\"SearchAction\",\"target\":{\"@type\":\"EntryPoint\",\"urlTemplate\":\"https:\/\/www.tengyuemetering.com\/?s={search_term_string}\"},\"query-input\":{\"@type\":\"PropertyValueSpecification\",\"valueRequired\":true,\"valueName\":\"search_term_string\"}}],\"inLanguage\":\"es\"},{\"@type\":\"Organization\",\"@id\":\"https:\/\/www.tengyuemetering.com\/#organization\",\"name\":\"Water Meter Supplier&amp;Water Measuring Solution-Tengyue Metering\",\"url\":\"https:\/\/www.tengyuemetering.com\/\",\"logo\":{\"@type\":\"ImageObject\",\"inLanguage\":\"es\",\"@id\":\"https:\/\/www.tengyuemetering.com\/#\/schema\/logo\/image\/\",\"url\":\"https:\/\/www.tengyuemetering.com\/wp-content\/uploads\/2024\/12\/87f194b8255907fc319b6cfa2ea9a24d.png\",\"contentUrl\":\"https:\/\/www.tengyuemetering.com\/wp-content\/uploads\/2024\/12\/87f194b8255907fc319b6cfa2ea9a24d.png\",\"width\":789,\"height\":226,\"caption\":\"Water Meter Supplier&amp;Water Measuring Solution-Tengyue Metering\"},\"image\":{\"@id\":\"https:\/\/www.tengyuemetering.com\/#\/schema\/logo\/image\/\"}}]}<\/script>\n<!-- \/ Yoast SEO plugin. -->","yoast_head_json":{"title":"Solutions3 - Water Meter Supplier&amp;Water Measuring Solution-Tengyue Metering","robots":{"index":"noindex","follow":"follow","max-snippet":"max-snippet:-1","max-image-preview":"max-image-preview:large","max-video-preview":"max-video-preview:-1"},"og_locale":"es_ES","og_type":"article","og_title":"Solutions3 - Water Meter Supplier&amp;Water Measuring Solution-Tengyue Metering","og_description":"Solutions Remote meter readinG Automate meter readings to save costs and time while increasing consumer satisfaction.Choose a Walk-by or Drive-by AMR solution for ease-of-use, or an AMI fixed network to empower your business through data-driven insights. AMR SOLUTIONS(WALKED BY\/DRIVE BY) Tengyue provides an alternative for utilities whose meter reading infrastructure does not automatically transfer meter [&hellip;]","og_url":"https:\/\/www.tengyuemetering.com\/es\/solutions3\/","og_site_name":"Water Meter Supplier&amp;Water Measuring Solution-Tengyue Metering","og_image":[{"url":"http:\/\/www.tengyuemetering.com\/wp-content\/uploads\/2025\/02\/Remote-meter-readinG.png","type":"","width":"","height":""}],"twitter_card":"summary_large_image","twitter_misc":{"Est. reading time":"2 minutos"},"schema":{"@context":"https:\/\/schema.org","@graph":[{"@type":"WebPage","@id":"https:\/\/www.tengyuemetering.com\/solutions3\/","url":"https:\/\/www.tengyuemetering.com\/solutions3\/","name":"Solutions3 - Water Meter Supplier&amp;Water Measuring Solution-Tengyue Metering","isPartOf":{"@id":"https:\/\/www.tengyuemetering.com\/#website"},"primaryImageOfPage":{"@id":"https:\/\/www.tengyuemetering.com\/solutions3\/#primaryimage"},"image":{"@id":"https:\/\/www.tengyuemetering.com\/solutions3\/#primaryimage"},"thumbnailUrl":"http:\/\/www.tengyuemetering.com\/wp-content\/uploads\/2025\/02\/Remote-meter-readinG.png","datePublished":"2025-02-25T06:18:40+00:00","dateModified":"2025-02-25T06:18:40+00:00","breadcrumb":{"@id":"https:\/\/www.tengyuemetering.com\/solutions3\/#breadcrumb"},"inLanguage":"es","potentialAction":[{"@type":"ReadAction","target":["https:\/\/www.tengyuemetering.com\/solutions3\/"]}]},{"@type":"ImageObject","inLanguage":"es","@id":"https:\/\/www.tengyuemetering.com\/solutions3\/#primaryimage","url":"http:\/\/www.tengyuemetering.com\/wp-content\/uploads\/2025\/02\/Remote-meter-readinG.png","contentUrl":"http:\/\/www.tengyuemetering.com\/wp-content\/uploads\/2025\/02\/Remote-meter-readinG.png"},{"@type":"BreadcrumbList","@id":"https:\/\/www.tengyuemetering.com\/solutions3\/#breadcrumb","itemListElement":[{"@type":"ListItem","position":1,"name":"Home","item":"https:\/\/www.tengyuemetering.com\/"},{"@type":"ListItem","position":2,"name":"Solutions3"}]},{"@type":"WebSite","@id":"https:\/\/www.tengyuemetering.com\/#website","url":"https:\/\/www.tengyuemetering.com\/","name":"Water Meter Supplier&amp;Water Measuring Solution-Tengyue Metering","description":"Ultrasonic Water Meter&amp;Smart Water Meter China","publisher":{"@id":"https:\/\/www.tengyuemetering.com\/#organization"},"potentialAction":[{"@type":"SearchAction","target":{"@type":"EntryPoint","urlTemplate":"https:\/\/www.tengyuemetering.com\/?s={search_term_string}"},"query-input":{"@type":"PropertyValueSpecification","valueRequired":true,"valueName":"search_term_string"}}],"inLanguage":"es"},{"@type":"Organization","@id":"https:\/\/www.tengyuemetering.com\/#organization","name":"Water Meter Supplier&amp;Water Measuring Solution-Tengyue Metering","url":"https:\/\/www.tengyuemetering.com\/","logo":{"@type":"ImageObject","inLanguage":"es","@id":"https:\/\/www.tengyuemetering.com\/#\/schema\/logo\/image\/","url":"https:\/\/www.tengyuemetering.com\/wp-content\/uploads\/2024\/12\/87f194b8255907fc319b6cfa2ea9a24d.png","contentUrl":"https:\/\/www.tengyuemetering.com\/wp-content\/uploads\/2024\/12\/87f194b8255907fc319b6cfa2ea9a24d.png","width":789,"height":226,"caption":"Water Meter Supplier&amp;Water Measuring Solution-Tengyue Metering"},"image":{"@id":"https:\/\/www.tengyuemetering.com\/#\/schema\/logo\/image\/"}}]}},"_links":{"self":[{"href":"https:\/\/www.tengyuemetering.com\/es\/wp-json\/wp\/v2\/pages\/2080","targetHints":{"allow":["GET"]}}],"collection":[{"href":"https:\/\/www.tengyuemetering.com\/es\/wp-json\/wp\/v2\/pages"}],"about":[{"href":"https:\/\/www.tengyuemetering.com\/es\/wp-json\/wp\/v2\/types\/page"}],"author":[{"embeddable":true,"href":"https:\/\/www.tengyuemetering.com\/es\/wp-json\/wp\/v2\/users\/1"}],"replies":[{"embeddable":true,"href":"https:\/\/www.tengyuemetering.com\/es\/wp-json\/wp\/v2\/comments?post=2080"}],"version-history":[{"count":1,"href":"https:\/\/www.tengyuemetering.com\/es\/wp-json\/wp\/v2\/pages\/2080\/revisions"}],"predecessor-version":[{"id":2081,"href":"https:\/\/www.tengyuemetering.com\/es\/wp-json\/wp\/v2\/pages\/2080\/revisions\/2081"}],"wp:attachment":[{"href":"https:\/\/www.tengyuemetering.com\/es\/wp-json\/wp\/v2\/media?parent=2080"}],"curies":[{"name":"wp","href":"https:\/\/api.w.org\/{rel}","templated":true}]}}