{"id":1914,"date":"2025-02-19T08:21:15","date_gmt":"2025-02-19T08:21:15","guid":{"rendered":"http:\/\/www.tengyuemetering.com\/?page_id=1914"},"modified":"2026-03-31T03:39:37","modified_gmt":"2026-03-31T03:39:37","slug":"optimizing-water-count-data-tengyue-metering","status":"publish","type":"page","link":"https:\/\/www.tengyuemetering.com\/es\/optimizing-water-count-data-tengyue-metering\/","title":{"rendered":"Soluciones de gesti\u00f3n de datos"},"content":{"rendered":"<div data-elementor-type=\"wp-page\" data-elementor-id=\"1914\" class=\"elementor elementor-1914\" data-elementor-post-type=\"page\">\n\t\t\t\t<div class=\"elementor-element elementor-element-61eaa6d e-flex e-con-boxed e-con e-parent\" data-id=\"61eaa6d\" data-element_type=\"container\">\n\t\t\t\t\t<div class=\"e-con-inner\">\n\t\t\t\t<div class=\"elementor-element elementor-element-c9a6e6f elementor-widget elementor-widget-text-editor\" data-id=\"c9a6e6f\" data-element_type=\"widget\" data-widget_type=\"text-editor.default\">\n\t\t\t\t<div class=\"elementor-widget-container\">\n\t\t\t\t\t\t\t\t\t<h2><span style=\"color: #0c3793;\"><strong><b>Soluci\u00f3n AMI de TY WaterOne<\/b><\/strong><\/span><\/h2><div><div><p class=\"otl-paragraph\">Transforme su empresa de suministro de agua en una red sostenible basada en datos.<\/p><p class=\"otl-paragraph\">Reduzca las p\u00e9rdidas de agua no facturada (NRW, por sus siglas en ingl\u00e9s) hasta en 25-301 TP3T y optimice las operaciones.<\/p><\/div><\/div>\t\t\t\t\t\t\t\t<\/div>\n\t\t\t\t<\/div>\n\t\t\t\t<div class=\"elementor-element elementor-element-878b40a elementor-widget elementor-widget-text-editor\" data-id=\"878b40a\" data-element_type=\"widget\" data-widget_type=\"text-editor.default\">\n\t\t\t\t<div class=\"elementor-widget-container\">\n\t\t\t\t\t\t\t\t\t<h2><span style=\"color: #0c3793;\"><strong><b>El desaf\u00edo: por qu\u00e9 la medici\u00f3n tradicional ya no es suficiente.<\/b><\/strong><\/span><\/h2><div><div><p class=\"otl-paragraph\">Las empresas de suministro de agua se enfrentan hoy a desaf\u00edos sin precedentes:<\/p><ul><li class=\"otl-paragraph\"><strong>Alto nivel de agua no facturada (ANR):<\/strong> Las filtraciones y los robos reducen los ingresos y malgastan recursos valiosos.<\/li><li class=\"otl-paragraph\"><strong>Infraestructura obsoleta:<\/strong> La escasa visibilidad sobre el estado de los oleoductos conlleva fallos catastr\u00f3ficos.<\/li><li class=\"otl-paragraph\"><strong>Ineficiencia operativa:<\/strong> La lectura manual de contadores es costosa, propensa a errores y carece de precisi\u00f3n.<\/li><li class=\"otl-paragraph\"><strong>Expectativas del cliente:<\/strong> Los consumidores modernos exigen transparencia, alertas sobre fugas de informaci\u00f3n y an\u00e1lisis del uso.<\/li><\/ul><p class=\"otl-paragraph\">Es hora de ir m\u00e1s all\u00e1 de la simple medici\u00f3n. Es hora de la verdadera inteligencia.<\/p><\/div><\/div>\t\t\t\t\t\t\t\t<\/div>\n\t\t\t\t<\/div>\n\t\t\t\t<div class=\"elementor-element elementor-element-f4f068b elementor-widget elementor-widget-text-editor\" data-id=\"f4f068b\" data-element_type=\"widget\" data-widget_type=\"text-editor.default\">\n\t\t\t\t<div class=\"elementor-widget-container\">\n\t\t\t\t\t\t\t\t\t<h2><span style=\"color: #0c3793;\"><strong><b>Nuestra soluci\u00f3n: TY WaterOne<\/b><\/strong><\/span><\/h2><div><div>Nuestra soluci\u00f3n integra contadores de agua inteligentes de alta precisi\u00f3n con una s\u00f3lida red de comunicaci\u00f3n y un potente software de an\u00e1lisis. Dise\u00f1ada para ser escalable desde peque\u00f1os municipios hasta grandes redes metropolitanas.<\/div><\/div>\t\t\t\t\t\t\t\t<\/div>\n\t\t\t\t<\/div>\n\t\t\t\t<div class=\"elementor-element elementor-element-025c04f elementor-widget elementor-widget-text-editor\" data-id=\"025c04f\" data-element_type=\"widget\" data-widget_type=\"text-editor.default\">\n\t\t\t\t<div class=\"elementor-widget-container\">\n\t\t\t\t\t\t\t\t\t<div><div><p class=\"otl-paragraph\"><strong><span class=\"otl-emoji\">\ud83c\udf0a<\/span><\/strong><strong> Dispositivos de medici\u00f3n inteligentes<\/strong><\/p><ul><li class=\"otl-paragraph\"><strong>Medidores de agua ultras\u00f3nicos:<\/strong> Al no tener piezas m\u00f3viles, garantiza una precisi\u00f3n a largo plazo y un bajo mantenimiento.<\/li><li class=\"otl-paragraph\"><strong>Comunicaci\u00f3n multiprotocolo:<\/strong> La compatibilidad nativa con LoRaWAN, NB-IoT, 4G, GPRS y W-MBus garantiza la conectividad en cualquier terreno.<\/li><li class=\"otl-paragraph\"><strong>Detecci\u00f3n de manipulaci\u00f3n y fugas:<\/strong> Los sensores integrados detectan instant\u00e1neamente el flujo inverso, las interferencias magn\u00e9ticas y las anomal\u00edas en el flujo continuo.<\/li><li class=\"otl-paragraph\"><strong>Duraci\u00f3n de la bater\u00eda:<\/strong> En funcionamiento desde hace m\u00e1s de 10 a\u00f1os.<\/li><\/ul><p class=\"otl-paragraph\"><strong><span class=\"otl-emoji\">\ud83d\udce1<\/span><\/strong><strong> Red de comunicaci\u00f3n segura<\/strong><\/p><ul><li class=\"otl-paragraph\"><strong>Red de malla autorreparable:<\/strong> El redireccionamiento autom\u00e1tico garantiza que se mantenga la integridad de los datos incluso si fallan los nodos.<\/li><li class=\"otl-paragraph\"><strong>La ciberseguridad es lo primero:<\/strong> Cifrado de extremo a extremo (AES-128\/256) que cumple con los est\u00e1ndares de seguridad internacionales (por ejemplo, NIST, GDPR).<\/li><li class=\"otl-paragraph\"><strong>Arquitectura flexible:<\/strong> Admite redes fijas, lectura m\u00f3vil sin conexi\u00f3n y despliegues h\u00edbridos.<\/li><\/ul><p class=\"otl-paragraph\"><strong><span class=\"otl-emoji\">\ud83d\udcca<\/span><\/strong><strong> Plataforma de datos inteligente (sistema de cabecera)<\/strong><\/p><ul><li class=\"otl-paragraph\"><strong>Panel de control en tiempo real:<\/strong> Visualice el consumo de agua, el estado del contador y el estado de la red en tiempo real.<\/li><li class=\"otl-paragraph\"><strong>An\u00e1lisis de IA:<\/strong> Los algoritmos predictivos identifican fugas ocultas y roturas de tuber\u00edas antes de que salgan a la superficie.<\/li><li class=\"otl-paragraph\"><strong>Participaci\u00f3n del cliente:<\/strong> Proporcionar a los usuarios finales datos de uso diarios, alertas de fugas y an\u00e1lisis de tendencias a trav\u00e9s de aplicaciones m\u00f3viles para mejorar su satisfacci\u00f3n.<\/li><li class=\"otl-paragraph\"><strong>Dise\u00f1o abierto nativo:<\/strong> Basado en los est\u00e1ndares DLMS\/COSEM y API RESTful, permite una integraci\u00f3n perfecta con CIS, GIS y MDM: seguro, neutral y plug-and-play.<\/li><\/ul><\/div><\/div>\t\t\t\t\t\t\t\t<\/div>\n\t\t\t\t<\/div>\n\t\t\t\t<div class=\"elementor-element elementor-element-f6ee962 elementor-widget elementor-widget-text-editor\" data-id=\"f6ee962\" data-element_type=\"widget\" data-widget_type=\"text-editor.default\">\n\t\t\t\t<div class=\"elementor-widget-container\">\n\t\t\t\t\t\t\t\t\t<h2><span style=\"color: #0c3793;\"><strong><b>Valor clave<\/b><\/strong><\/span><\/h2><div><div><div><table class=\"outline-table\" border=\"1\"><tbody><tr><td colspan=\"1\" rowspan=\"1\" align=\"left\" valign=\"top\" width=\"477\" height=\"38.375\"><p class=\"otl-paragraph\"><strong>Caracter\u00edstica<\/strong><\/p><\/td><td colspan=\"1\" rowspan=\"1\" align=\"left\" valign=\"top\" width=\"578\" height=\"38.375\"><p class=\"otl-paragraph\"><strong>Impacto empresarial<\/strong><\/p><\/td><\/tr><tr><td colspan=\"1\" rowspan=\"1\" align=\"left\" valign=\"top\" width=\"477\" height=\"38.375\"><p class=\"otl-paragraph\"><strong>Datos granulares<\/strong><\/p><p class=\"otl-paragraph\">(Cada hora\/30 minutos)<\/p><\/td><td colspan=\"1\" rowspan=\"1\" align=\"left\" valign=\"top\" width=\"578\" height=\"38.375\"><p class=\"otl-paragraph\"><strong>Reducir las p\u00e9rdidas de agua no facturadas:<\/strong> Localice las fugas de inmediato, reduciendo la p\u00e9rdida de agua hasta en un 25-30%.<\/p><\/td><\/tr><tr><td colspan=\"1\" rowspan=\"1\" align=\"left\" valign=\"top\" width=\"477\" height=\"38.375\"><p class=\"otl-paragraph\"><strong>Lectura y control remoto<\/strong><\/p><\/td><td colspan=\"1\" rowspan=\"1\" align=\"left\" valign=\"top\" width=\"578\" height=\"38.375\"><p class=\"otl-paragraph\"><strong>Menores gastos operativos:<\/strong> Elimine los costos de lectura manual y reduzca los env\u00edos de veh\u00edculos en 90%.<\/p><\/td><\/tr><tr><td colspan=\"1\" rowspan=\"1\" align=\"left\" valign=\"top\" width=\"477\" height=\"38.375\"><p class=\"otl-paragraph\"><strong>Compromiso con el cliente<\/strong><\/p><\/td><td colspan=\"1\" rowspan=\"1\" align=\"left\" valign=\"top\" width=\"578\" height=\"38.375\"><p class=\"otl-paragraph\"><strong>Estabilidad de los ingresos:<\/strong> Mejorar la precisi\u00f3n de la facturaci\u00f3n y los \u00edndices de satisfacci\u00f3n del cliente.<\/p><\/td><\/tr><tr><td colspan=\"1\" rowspan=\"1\" align=\"left\" valign=\"top\" width=\"477\" height=\"38.375\"><p class=\"otl-paragraph\"><strong>API abierta<\/strong><\/p><\/td><td colspan=\"1\" rowspan=\"1\" align=\"left\" valign=\"top\" width=\"578\" height=\"38.375\"><p class=\"otl-paragraph\"><strong>Cumplimiento internacional:<\/strong> Compatible con los est\u00e1ndares DLMS\/COSEM y API RESTful, evitando la dependencia de un \u00fanico proveedor.<\/p><\/td><\/tr><\/tbody><\/table><\/div><\/div><\/div>\t\t\t\t\t\t\t\t<\/div>\n\t\t\t\t<\/div>\n\t\t\t\t<div class=\"elementor-element elementor-element-f428857 elementor-widget elementor-widget-text-editor\" data-id=\"f428857\" data-element_type=\"widget\" data-widget_type=\"text-editor.default\">\n\t\t\t\t<div class=\"elementor-widget-container\">\n\t\t\t\t\t\t\t\t\t<h2><span style=\"color: #0c3793;\"><strong><b>\u00bfPor qu\u00e9 elegirnos?<\/b><\/strong><\/span><\/h2><div><div><div><ul><li class=\"otl-paragraph\"><strong>Implementaci\u00f3n comprobada:<\/strong> Implementado con \u00e9xito en m\u00faltiples empresas de servicios p\u00fablicos en diversos climas y entornos regulatorios.<\/li><li class=\"otl-paragraph\"><strong>Interoperabilidad:<\/strong> Admite los est\u00e1ndares duales DLMS\/COSEM + LwM2M, evitando la dependencia de un \u00fanico proveedor y cumpliendo con las directivas de interoperabilidad de la UE.<\/li><li class=\"otl-paragraph\"><strong>Tecnolog\u00eda preparada para el futuro:<\/strong> Las actualizaciones de firmware inal\u00e1mbricas (FOTA) garantizan que su red evolucione con los est\u00e1ndares emergentes sin necesidad de reemplazar el hardware.<\/li><li class=\"otl-paragraph\"><strong>Soporte especializado:<\/strong> Soporte t\u00e9cnico y programas de capacitaci\u00f3n integral para su equipo.<\/li><\/ul><\/div><\/div><\/div>\t\t\t\t\t\t\t\t<\/div>\n\t\t\t\t<\/div>\n\t\t\t\t<div class=\"elementor-element elementor-element-12b3259 elementor-widget elementor-widget-text-editor\" data-id=\"12b3259\" data-element_type=\"widget\" data-widget_type=\"text-editor.default\">\n\t\t\t\t<div class=\"elementor-widget-container\">\n\t\t\t\t\t\t\t\t\t<h2><span style=\"color: #0c3793;\"><strong><b>Estudios de caso<\/b><\/strong><\/span><\/h2><div><div><div><p class=\"otl-paragraph\"><strong>Ciudad de Xingtai, Hebei, China<\/strong><\/p><ul><li class=\"otl-paragraph\"><strong>Desaf\u00edo:<\/strong> Las p\u00e9rdidas de agua no facturada (NRW, por sus siglas en ingl\u00e9s) alcanzan hasta 351 TP3T debido a fugas subterr\u00e1neas no detectadas.<\/li><li class=\"otl-paragraph\"><strong>Soluci\u00f3n:<\/strong> Se han desplegado 100.000 contadores de agua inteligentes con tecnolog\u00eda NB-IoT.<\/li><li class=\"otl-paragraph\"><strong>Resultado:<\/strong> Redujo las p\u00e9rdidas de agua no facturada a 121 toneladas m\u00e9tricas (3 toneladas) en 18 meses, ahorrando 1 tonelada m\u00e9trica (4 toneladas) (2,5 millones) anuales en costos de producci\u00f3n de agua.<\/li><\/ul><\/div><\/div><\/div>\t\t\t\t\t\t\t\t<\/div>\n\t\t\t\t<\/div>\n\t\t\t\t<div class=\"elementor-element elementor-element-8abd290 elementor-widget elementor-widget-text-editor\" data-id=\"8abd290\" data-element_type=\"widget\" data-widget_type=\"text-editor.default\">\n\t\t\t\t<div class=\"elementor-widget-container\">\n\t\t\t\t\t\t\t\t\t<h2><strong style=\"font-size: 16px;\">Servicios p\u00fablicos regionales de Asia Central<\/strong><\/h2><div><ul><li class=\"otl-paragraph\"><strong>Desaf\u00edo:<\/strong> Altos costes operativos y quejas de los clientes con respecto a la facturaci\u00f3n estimada.<\/li><li class=\"otl-paragraph\"><strong>Soluci\u00f3n:<\/strong> Implementaci\u00f3n completa de AMI con un portal de interacci\u00f3n con el cliente.<\/li><li class=\"otl-paragraph\"><strong>Resultado:<\/strong> Facturaci\u00f3n precisa (100%), reducci\u00f3n del volumen de llamadas al centro de atenci\u00f3n telef\u00f3nica (30%) y mayor confianza del cliente.<\/li><\/ul><\/div>\t\t\t\t\t\t\t\t<\/div>\n\t\t\t\t<\/div>\n\t\t\t\t\t<\/div>\n\t\t\t\t<\/div>\n\t\t<div class=\"elementor-element elementor-element-e3d7f13 e-flex e-con-boxed e-con e-parent\" data-id=\"e3d7f13\" data-element_type=\"container\">\n\t\t\t\t\t<div class=\"e-con-inner\">\n\t\t\t\t\t<\/div>\n\t\t\t\t<\/div>\n\t\t\t\t<\/div>","protected":false},"excerpt":{"rendered":"<p>Soluci\u00f3n AMI de TY WaterOne: Transforme su empresa de servicios de agua en una red sostenible basada en datos. Reduzca las p\u00e9rdidas de agua no facturada (NRW) hasta en un 25-30% y optimice las operaciones. El desaf\u00edo: Por qu\u00e9 la medici\u00f3n tradicional ya no es suficiente. Las empresas de servicios de agua se enfrentan hoy a desaf\u00edos sin precedentes: Altas p\u00e9rdidas de agua no facturada (NRW): Las fugas y los robos reducen los ingresos y desperdician recursos valiosos. Infraestructura obsoleta: Visibilidad limitada [\u2026]<\/p>","protected":false},"author":1,"featured_media":0,"parent":0,"menu_order":0,"comment_status":"closed","ping_status":"closed","template":"","meta":{"_acf_changed":false,"site-sidebar-layout":"no-sidebar","site-content-layout":"page-builder","ast-site-content-layout":"full-width-container","site-content-style":"default","site-sidebar-style":"default","ast-global-header-display":"","ast-banner-title-visibility":"","ast-main-header-display":"","ast-hfb-above-header-display":"","ast-hfb-below-header-display":"","ast-hfb-mobile-header-display":"","site-post-title":"disabled","ast-breadcrumbs-content":"","ast-featured-img":"disabled","footer-sml-layout":"","theme-transparent-header-meta":"default","adv-header-id-meta":"","stick-header-meta":"default","header-above-stick-meta":"","header-main-stick-meta":"","header-below-stick-meta":"","astra-migrate-meta-layouts":"set","ast-page-background-enabled":"default","ast-page-background-meta":{"desktop":{"background-color":"","background-image":"","background-repeat":"repeat","background-position":"center center","background-size":"auto","background-attachment":"scroll","background-type":"","background-media":"","overlay-type":"","overlay-color":"","overlay-opacity":"","overlay-gradient":""},"tablet":{"background-color":"","background-image":"","background-repeat":"repeat","background-position":"center center","background-size":"auto","background-attachment":"scroll","background-type":"","background-media":"","overlay-type":"","overlay-color":"","overlay-opacity":"","overlay-gradient":""},"mobile":{"background-color":"","background-image":"","background-repeat":"repeat","background-position":"center center","background-size":"auto","background-attachment":"scroll","background-type":"","background-media":"","overlay-type":"","overlay-color":"","overlay-opacity":"","overlay-gradient":""}},"ast-content-background-meta":{"desktop":{"background-color":"var(--ast-global-color-5)","background-image":"","background-repeat":"repeat","background-position":"center center","background-size":"auto","background-attachment":"scroll","background-type":"","background-media":"","overlay-type":"","overlay-color":"","overlay-opacity":"","overlay-gradient":""},"tablet":{"background-color":"var(--ast-global-color-5)","background-image":"","background-repeat":"repeat","background-position":"center center","background-size":"auto","background-attachment":"scroll","background-type":"","background-media":"","overlay-type":"","overlay-color":"","overlay-opacity":"","overlay-gradient":""},"mobile":{"background-color":"var(--ast-global-color-5)","background-image":"","background-repeat":"repeat","background-position":"center center","background-size":"auto","background-attachment":"scroll","background-type":"","background-media":"","overlay-type":"","overlay-color":"","overlay-opacity":"","overlay-gradient":""}},"footnotes":""},"class_list":["post-1914","page","type-page","status-publish","hentry"],"acf":[],"yoast_head":"<!-- This site is optimized with the Yoast SEO plugin v24.1 - https:\/\/yoast.com\/wordpress\/plugins\/seo\/ -->\n<title>Optimizing Water Count Data-Tengyue metering<\/title>\n<meta name=\"robots\" content=\"noindex, follow, max-snippet:-1, max-image-preview:large, max-video-preview:-1\" \/>\n<meta property=\"og:locale\" content=\"es_ES\" \/>\n<meta property=\"og:type\" content=\"article\" \/>\n<meta property=\"og:title\" content=\"Optimizing Water Count Data-Tengyue metering\" \/>\n<meta property=\"og:description\" content=\"TY WaterOne AMI Solution Transform your water utility into a data-driven, sustainable network. Reduce Non-Revenue Water (NRW) by up to 25-30% and optimize operations. The Challenge:Why Tradition Metering is No Longer Enough Water utilities today face unprecedented challenges: High Non-Revenue Water (NRW): Leaks and theft deplete revenue and waste precious resources. Aging Infrastructure: Limited visibility [&hellip;]\" \/>\n<meta property=\"og:url\" content=\"https:\/\/www.tengyuemetering.com\/es\/optimizing-water-count-data-tengyue-metering\/\" \/>\n<meta property=\"og:site_name\" content=\"Water Meter Supplier&amp;Water Measuring Solution-Tengyue Metering\" \/>\n<meta property=\"article:modified_time\" content=\"2026-03-31T03:39:37+00:00\" \/>\n<meta name=\"twitter:card\" content=\"summary_large_image\" \/>\n<meta name=\"twitter:label1\" content=\"Est. reading time\" \/>\n\t<meta name=\"twitter:data1\" content=\"3 minutos\" \/>\n<script type=\"application\/ld+json\" class=\"yoast-schema-graph\">{\"@context\":\"https:\/\/schema.org\",\"@graph\":[{\"@type\":\"WebPage\",\"@id\":\"https:\/\/www.tengyuemetering.com\/optimizing-water-count-data-tengyue-metering\/\",\"url\":\"https:\/\/www.tengyuemetering.com\/optimizing-water-count-data-tengyue-metering\/\",\"name\":\"Optimizing Water Count Data-Tengyue metering\",\"isPartOf\":{\"@id\":\"https:\/\/www.tengyuemetering.com\/#website\"},\"datePublished\":\"2025-02-19T08:21:15+00:00\",\"dateModified\":\"2026-03-31T03:39:37+00:00\",\"breadcrumb\":{\"@id\":\"https:\/\/www.tengyuemetering.com\/optimizing-water-count-data-tengyue-metering\/#breadcrumb\"},\"inLanguage\":\"es\",\"potentialAction\":[{\"@type\":\"ReadAction\",\"target\":[\"https:\/\/www.tengyuemetering.com\/optimizing-water-count-data-tengyue-metering\/\"]}]},{\"@type\":\"BreadcrumbList\",\"@id\":\"https:\/\/www.tengyuemetering.com\/optimizing-water-count-data-tengyue-metering\/#breadcrumb\",\"itemListElement\":[{\"@type\":\"ListItem\",\"position\":1,\"name\":\"Home\",\"item\":\"https:\/\/www.tengyuemetering.com\/\"},{\"@type\":\"ListItem\",\"position\":2,\"name\":\"Data Management Solutions\"}]},{\"@type\":\"WebSite\",\"@id\":\"https:\/\/www.tengyuemetering.com\/#website\",\"url\":\"https:\/\/www.tengyuemetering.com\/\",\"name\":\"Water Meter Supplier&amp;Water Measuring Solution-Tengyue Metering\",\"description\":\"Ultrasonic Water Meter&amp;Smart Water Meter China\",\"publisher\":{\"@id\":\"https:\/\/www.tengyuemetering.com\/#organization\"},\"potentialAction\":[{\"@type\":\"SearchAction\",\"target\":{\"@type\":\"EntryPoint\",\"urlTemplate\":\"https:\/\/www.tengyuemetering.com\/?s={search_term_string}\"},\"query-input\":{\"@type\":\"PropertyValueSpecification\",\"valueRequired\":true,\"valueName\":\"search_term_string\"}}],\"inLanguage\":\"es\"},{\"@type\":\"Organization\",\"@id\":\"https:\/\/www.tengyuemetering.com\/#organization\",\"name\":\"Water Meter Supplier&amp;Water Measuring Solution-Tengyue Metering\",\"url\":\"https:\/\/www.tengyuemetering.com\/\",\"logo\":{\"@type\":\"ImageObject\",\"inLanguage\":\"es\",\"@id\":\"https:\/\/www.tengyuemetering.com\/#\/schema\/logo\/image\/\",\"url\":\"https:\/\/www.tengyuemetering.com\/wp-content\/uploads\/2024\/12\/87f194b8255907fc319b6cfa2ea9a24d.png\",\"contentUrl\":\"https:\/\/www.tengyuemetering.com\/wp-content\/uploads\/2024\/12\/87f194b8255907fc319b6cfa2ea9a24d.png\",\"width\":789,\"height\":226,\"caption\":\"Water Meter Supplier&amp;Water Measuring Solution-Tengyue Metering\"},\"image\":{\"@id\":\"https:\/\/www.tengyuemetering.com\/#\/schema\/logo\/image\/\"}}]}<\/script>\n<!-- \/ Yoast SEO plugin. -->","yoast_head_json":{"title":"Optimizing Water Count Data-Tengyue metering","robots":{"index":"noindex","follow":"follow","max-snippet":"max-snippet:-1","max-image-preview":"max-image-preview:large","max-video-preview":"max-video-preview:-1"},"og_locale":"es_ES","og_type":"article","og_title":"Optimizing Water Count Data-Tengyue metering","og_description":"TY WaterOne AMI Solution Transform your water utility into a data-driven, sustainable network. Reduce Non-Revenue Water (NRW) by up to 25-30% and optimize operations. The Challenge:Why Tradition Metering is No Longer Enough Water utilities today face unprecedented challenges: High Non-Revenue Water (NRW): Leaks and theft deplete revenue and waste precious resources. Aging Infrastructure: Limited visibility [&hellip;]","og_url":"https:\/\/www.tengyuemetering.com\/es\/optimizing-water-count-data-tengyue-metering\/","og_site_name":"Water Meter Supplier&amp;Water Measuring Solution-Tengyue Metering","article_modified_time":"2026-03-31T03:39:37+00:00","twitter_card":"summary_large_image","twitter_misc":{"Est. reading time":"3 minutos"},"schema":{"@context":"https:\/\/schema.org","@graph":[{"@type":"WebPage","@id":"https:\/\/www.tengyuemetering.com\/optimizing-water-count-data-tengyue-metering\/","url":"https:\/\/www.tengyuemetering.com\/optimizing-water-count-data-tengyue-metering\/","name":"Optimizing Water Count Data-Tengyue metering","isPartOf":{"@id":"https:\/\/www.tengyuemetering.com\/#website"},"datePublished":"2025-02-19T08:21:15+00:00","dateModified":"2026-03-31T03:39:37+00:00","breadcrumb":{"@id":"https:\/\/www.tengyuemetering.com\/optimizing-water-count-data-tengyue-metering\/#breadcrumb"},"inLanguage":"es","potentialAction":[{"@type":"ReadAction","target":["https:\/\/www.tengyuemetering.com\/optimizing-water-count-data-tengyue-metering\/"]}]},{"@type":"BreadcrumbList","@id":"https:\/\/www.tengyuemetering.com\/optimizing-water-count-data-tengyue-metering\/#breadcrumb","itemListElement":[{"@type":"ListItem","position":1,"name":"Home","item":"https:\/\/www.tengyuemetering.com\/"},{"@type":"ListItem","position":2,"name":"Data Management Solutions"}]},{"@type":"WebSite","@id":"https:\/\/www.tengyuemetering.com\/#website","url":"https:\/\/www.tengyuemetering.com\/","name":"Water Meter Supplier&amp;Water Measuring Solution-Tengyue Metering","description":"Ultrasonic Water Meter&amp;Smart Water Meter China","publisher":{"@id":"https:\/\/www.tengyuemetering.com\/#organization"},"potentialAction":[{"@type":"SearchAction","target":{"@type":"EntryPoint","urlTemplate":"https:\/\/www.tengyuemetering.com\/?s={search_term_string}"},"query-input":{"@type":"PropertyValueSpecification","valueRequired":true,"valueName":"search_term_string"}}],"inLanguage":"es"},{"@type":"Organization","@id":"https:\/\/www.tengyuemetering.com\/#organization","name":"Water Meter Supplier&amp;Water Measuring Solution-Tengyue Metering","url":"https:\/\/www.tengyuemetering.com\/","logo":{"@type":"ImageObject","inLanguage":"es","@id":"https:\/\/www.tengyuemetering.com\/#\/schema\/logo\/image\/","url":"https:\/\/www.tengyuemetering.com\/wp-content\/uploads\/2024\/12\/87f194b8255907fc319b6cfa2ea9a24d.png","contentUrl":"https:\/\/www.tengyuemetering.com\/wp-content\/uploads\/2024\/12\/87f194b8255907fc319b6cfa2ea9a24d.png","width":789,"height":226,"caption":"Water Meter Supplier&amp;Water Measuring Solution-Tengyue Metering"},"image":{"@id":"https:\/\/www.tengyuemetering.com\/#\/schema\/logo\/image\/"}}]}},"_links":{"self":[{"href":"https:\/\/www.tengyuemetering.com\/es\/wp-json\/wp\/v2\/pages\/1914","targetHints":{"allow":["GET"]}}],"collection":[{"href":"https:\/\/www.tengyuemetering.com\/es\/wp-json\/wp\/v2\/pages"}],"about":[{"href":"https:\/\/www.tengyuemetering.com\/es\/wp-json\/wp\/v2\/types\/page"}],"author":[{"embeddable":true,"href":"https:\/\/www.tengyuemetering.com\/es\/wp-json\/wp\/v2\/users\/1"}],"replies":[{"embeddable":true,"href":"https:\/\/www.tengyuemetering.com\/es\/wp-json\/wp\/v2\/comments?post=1914"}],"version-history":[{"count":31,"href":"https:\/\/www.tengyuemetering.com\/es\/wp-json\/wp\/v2\/pages\/1914\/revisions"}],"predecessor-version":[{"id":7200,"href":"https:\/\/www.tengyuemetering.com\/es\/wp-json\/wp\/v2\/pages\/1914\/revisions\/7200"}],"wp:attachment":[{"href":"https:\/\/www.tengyuemetering.com\/es\/wp-json\/wp\/v2\/media?parent=1914"}],"curies":[{"name":"wp","href":"https:\/\/api.w.org\/{rel}","templated":true}]}}