{"id":1814,"date":"2025-02-14T04:42:57","date_gmt":"2025-02-14T04:42:57","guid":{"rendered":"http:\/\/www.tengyuemetering.com\/?page_id=1814"},"modified":"2026-03-18T01:12:19","modified_gmt":"2026-03-18T01:12:19","slug":"non-revwnue-water-tengyue-metering","status":"publish","type":"page","link":"https:\/\/www.tengyuemetering.com\/es\/non-revwnue-water-tengyue-metering\/","title":{"rendered":"Agua no facturada"},"content":{"rendered":"<div data-elementor-type=\"wp-page\" data-elementor-id=\"1814\" class=\"elementor elementor-1814\" data-elementor-post-type=\"page\">\n\t\t\t\t<div class=\"elementor-element elementor-element-61eaa6d e-flex e-con-boxed e-con e-parent\" data-id=\"61eaa6d\" data-element_type=\"container\">\n\t\t\t\t\t<div class=\"e-con-inner\">\n\t\t\t\t<div class=\"elementor-element elementor-element-aacc8b3 elementor-widget elementor-widget-heading\" data-id=\"aacc8b3\" data-element_type=\"widget\" data-widget_type=\"heading.default\">\n\t\t\t\t<div class=\"elementor-widget-container\">\n\t\t\t\t\t<h2 class=\"elementor-heading-title elementor-size-default\">AGUA NO CONTABILIZADA<\/h2>\t\t\t\t<\/div>\n\t\t\t\t<\/div>\n\t\t\t\t<div class=\"elementor-element elementor-element-c9a6e6f elementor-widget elementor-widget-text-editor\" data-id=\"c9a6e6f\" data-element_type=\"widget\" data-widget_type=\"text-editor.default\">\n\t\t\t\t<div class=\"elementor-widget-container\">\n\t\t\t\t\t\t\t\t\t<p class=\"ds-markdown-paragraph\"><strong>Cuanto antes lo sepas, m\u00e1s ahorrar\u00e1s.<\/strong><\/p>\t\t\t\t\t\t\t\t<\/div>\n\t\t\t\t<\/div>\n\t\t\t\t<div class=\"elementor-element elementor-element-89aa412 elementor-widget elementor-widget-image\" data-id=\"89aa412\" data-element_type=\"widget\" data-widget_type=\"image.default\">\n\t\t\t\t<div class=\"elementor-widget-container\">\n\t\t\t\t\t\t\t\t\t\t\t\t\t\t\t<img fetchpriority=\"high\" decoding=\"async\" width=\"1020\" height=\"340\" src=\"https:\/\/www.tengyuemetering.com\/wp-content\/uploads\/2025\/02\/Non-revenue-water-1.png\" class=\"attachment-large size-large wp-image-2050\" alt=\"Non-revenue water\" srcset=\"https:\/\/www.tengyuemetering.com\/wp-content\/uploads\/2025\/02\/Non-revenue-water-1.png 1020w, https:\/\/www.tengyuemetering.com\/wp-content\/uploads\/2025\/02\/Non-revenue-water-1-300x100.png 300w, https:\/\/www.tengyuemetering.com\/wp-content\/uploads\/2025\/02\/Non-revenue-water-1-768x256.png 768w, https:\/\/www.tengyuemetering.com\/wp-content\/uploads\/2025\/02\/Non-revenue-water-1-600x200.png 600w\" sizes=\"(max-width: 1020px) 100vw, 1020px\" \/>\t\t\t\t\t\t\t\t\t\t\t\t\t\t\t<\/div>\n\t\t\t\t<\/div>\n\t\t\t\t<div class=\"elementor-element elementor-element-277407e elementor-widget elementor-widget-text-editor\" data-id=\"277407e\" data-element_type=\"widget\" data-widget_type=\"text-editor.default\">\n\t\t\t\t<div class=\"elementor-widget-container\">\n\t\t\t\t\t\t\t\t\t<p>Supere la indiferencia y los retrasos de las inspecciones tradicionales. Nuestra plataforma utiliza un mapa como base para transformar datos complejos sobre fugas en tuber\u00edas en informaci\u00f3n visual e intuitiva. No solo le permite comprender el estado en tiempo real de cada zona de DMA de un vistazo y localizar r\u00e1pidamente \u00e1reas an\u00f3malas, sino que tambi\u00e9n, mediante la integraci\u00f3n de m\u00faltiples tipos de sensores, crea un proceso automatizado de monitoreo, alerta y an\u00e1lisis. Esto mejora significativamente la eficiencia de los equipos de control de fugas, reduciendo el desperdicio de agua en su etapa inicial.<\/p>\t\t\t\t\t\t\t\t<\/div>\n\t\t\t\t<\/div>\n\t\t\t\t\t<\/div>\n\t\t\t\t<\/div>\n\t\t<div class=\"elementor-element elementor-element-23a8360 e-flex e-con-boxed e-con e-parent\" data-id=\"23a8360\" data-element_type=\"container\">\n\t\t\t\t\t<div class=\"e-con-inner\">\n\t\t\t\t<div class=\"elementor-element elementor-element-e8a7bbb elementor-widget elementor-widget-text-editor\" data-id=\"e8a7bbb\" data-element_type=\"widget\" data-widget_type=\"text-editor.default\">\n\t\t\t\t<div class=\"elementor-widget-container\">\n\t\t\t\t\t\t\t\t\t<p><strong>Panel de operaciones en tiempo real con actualizaciones diarias de datos<\/strong><\/p>\t\t\t\t\t\t\t\t<\/div>\n\t\t\t\t<\/div>\n\t\t\t\t\t<\/div>\n\t\t\t\t<\/div>\n\t\t<div class=\"elementor-element elementor-element-3e79acd e-grid e-con-full e-con e-parent\" data-id=\"3e79acd\" data-element_type=\"container\">\n\t\t\t\t<div class=\"elementor-element elementor-element-b81577d elementor-widget elementor-widget-text-editor\" data-id=\"b81577d\" data-element_type=\"widget\" data-widget_type=\"text-editor.default\">\n\t\t\t\t<div class=\"elementor-widget-container\">\n\t\t\t\t\t\t\t\t\t<ul><li><p class=\"ds-markdown-paragraph\"><strong>An\u00e1lisis de fusi\u00f3n de datos<\/strong>:Integre y analice profundamente las lecturas de los medidores de agua y los datos de alimentaci\u00f3n.<\/p><\/li><li><p class=\"ds-markdown-paragraph\"><strong>Monitoreo en tiempo real<\/strong>:Monitoree el flujo de agua, la presi\u00f3n y el estado de las fugas en tiempo real.<\/p><\/li><li><p class=\"ds-markdown-paragraph\"><strong>Imputaci\u00f3n inteligente<\/strong>Incluso con una recopilaci\u00f3n de datos incompleta, los algoritmos avanzados de s\u00edntesis de datos pueden derivar conclusiones precisas a trav\u00e9s del c\u00e1lculo.<\/p><\/li><\/ul>\t\t\t\t\t\t\t\t<\/div>\n\t\t\t\t<\/div>\n\t\t\t\t<div class=\"elementor-element elementor-element-e5410e8 elementor-widget elementor-widget-image\" data-id=\"e5410e8\" data-element_type=\"widget\" data-widget_type=\"image.default\">\n\t\t\t\t<div class=\"elementor-widget-container\">\n\t\t\t\t\t\t\t\t\t\t\t\t\t\t\t<img decoding=\"async\" width=\"1024\" height=\"666\" src=\"https:\/\/www.tengyuemetering.com\/wp-content\/uploads\/2026\/03\/2-1-1024x666.png\" class=\"attachment-large size-large wp-image-7114\" alt=\"\" srcset=\"https:\/\/www.tengyuemetering.com\/wp-content\/uploads\/2026\/03\/2-1-1024x666.png 1024w, https:\/\/www.tengyuemetering.com\/wp-content\/uploads\/2026\/03\/2-1-300x195.png 300w, https:\/\/www.tengyuemetering.com\/wp-content\/uploads\/2026\/03\/2-1-768x499.png 768w, https:\/\/www.tengyuemetering.com\/wp-content\/uploads\/2026\/03\/2-1-1536x999.png 1536w, https:\/\/www.tengyuemetering.com\/wp-content\/uploads\/2026\/03\/2-1-18x12.png 18w, https:\/\/www.tengyuemetering.com\/wp-content\/uploads\/2026\/03\/2-1-600x390.png 600w, https:\/\/www.tengyuemetering.com\/wp-content\/uploads\/2026\/03\/2-1.png 1833w\" sizes=\"(max-width: 1024px) 100vw, 1024px\" \/>\t\t\t\t\t\t\t\t\t\t\t\t\t\t\t<\/div>\n\t\t\t\t<\/div>\n\t\t\t\t<\/div>\n\t\t<div class=\"elementor-element elementor-element-fe8808d e-flex e-con-boxed e-con e-parent\" data-id=\"fe8808d\" data-element_type=\"container\">\n\t\t\t\t\t<div class=\"e-con-inner\">\n\t\t\t\t<div class=\"elementor-element elementor-element-c4e8622 elementor-widget elementor-widget-text-editor\" data-id=\"c4e8622\" data-element_type=\"widget\" data-widget_type=\"text-editor.default\">\n\t\t\t\t<div class=\"elementor-widget-container\">\n\t\t\t\t\t\t\t\t\t<p style=\"text-align: right;\"><strong>Soluci\u00f3n de visualizaci\u00f3n basada en mapas para la monitorizaci\u00f3n de fugas de red<\/strong><\/p>\t\t\t\t\t\t\t\t<\/div>\n\t\t\t\t<\/div>\n\t\t\t\t\t<\/div>\n\t\t\t\t<\/div>\n\t\t<div class=\"elementor-element elementor-element-6ce9e4c e-grid e-con-boxed e-con e-parent\" data-id=\"6ce9e4c\" data-element_type=\"container\">\n\t\t\t\t\t<div class=\"e-con-inner\">\n\t\t\t\t<div class=\"elementor-element elementor-element-9c09485 elementor-widget elementor-widget-image\" data-id=\"9c09485\" data-element_type=\"widget\" data-widget_type=\"image.default\">\n\t\t\t\t<div class=\"elementor-widget-container\">\n\t\t\t\t\t\t\t\t\t\t\t\t\t\t\t<img decoding=\"async\" width=\"1024\" height=\"666\" src=\"https:\/\/www.tengyuemetering.com\/wp-content\/uploads\/2026\/03\/3-1024x666.png\" class=\"attachment-large size-large wp-image-7115\" alt=\"\" srcset=\"https:\/\/www.tengyuemetering.com\/wp-content\/uploads\/2026\/03\/3-1024x666.png 1024w, https:\/\/www.tengyuemetering.com\/wp-content\/uploads\/2026\/03\/3-300x195.png 300w, https:\/\/www.tengyuemetering.com\/wp-content\/uploads\/2026\/03\/3-768x499.png 768w, https:\/\/www.tengyuemetering.com\/wp-content\/uploads\/2026\/03\/3-1536x999.png 1536w, https:\/\/www.tengyuemetering.com\/wp-content\/uploads\/2026\/03\/3-18x12.png 18w, https:\/\/www.tengyuemetering.com\/wp-content\/uploads\/2026\/03\/3-600x390.png 600w, https:\/\/www.tengyuemetering.com\/wp-content\/uploads\/2026\/03\/3.png 1833w\" sizes=\"(max-width: 1024px) 100vw, 1024px\" \/>\t\t\t\t\t\t\t\t\t\t\t\t\t\t\t<\/div>\n\t\t\t\t<\/div>\n\t\t\t\t<div class=\"elementor-element elementor-element-3e8f8c2 elementor-widget elementor-widget-text-editor\" data-id=\"3e8f8c2\" data-element_type=\"widget\" data-widget_type=\"text-editor.default\">\n\t\t\t\t<div class=\"elementor-widget-container\">\n\t\t\t\t\t\t\t\t\t<ul><li><p class=\"ds-markdown-paragraph\"><strong>Localizaci\u00f3n precisa:<\/strong>\u00a0Identifique claramente los puntos de fuga en el mapa, localizando r\u00e1pidamente las zonas an\u00f3malas.<\/p><\/li><li><p class=\"ds-markdown-paragraph\"><strong>Cuantificaci\u00f3n de datos:<\/strong>\u00a0Integre datos de la zona DMA para la cuantificaci\u00f3n en tiempo real de los cambios de flujo, con indicadores clave visibles de un vistazo.<\/p><\/li><li><p class=\"ds-markdown-paragraph\"><strong>Integraci\u00f3n de sistemas:<\/strong>\u00a0Interfaces abiertas compatibles con los registradores de ruido y sensores de presi\u00f3n m\u00e1s convencionales para construir una red de monitoreo integral.<\/p><\/li><\/ul>\t\t\t\t\t\t\t\t<\/div>\n\t\t\t\t<\/div>\n\t\t\t\t\t<\/div>\n\t\t\t\t<\/div>\n\t\t<div class=\"elementor-element elementor-element-7193f8c e-flex e-con-boxed e-con e-parent\" data-id=\"7193f8c\" data-element_type=\"container\">\n\t\t\t\t\t<div class=\"e-con-inner\">\n\t\t\t\t<div class=\"elementor-element elementor-element-dc23dc3 elementor-widget elementor-widget-text-editor\" data-id=\"dc23dc3\" data-element_type=\"widget\" data-widget_type=\"text-editor.default\">\n\t\t\t\t<div class=\"elementor-widget-container\">\n\t\t\t\t\t\t\t\t\t<p>Las empresas de servicios p\u00fablicos y de abastecimiento de agua pueden utilizar un sistema basado en datos que analice y supervise continuamente el estado de su red de agua y les alerte en caso de fuga. Esto reducir\u00e1 significativamente el consumo de agua no facturada.<\/p>\t\t\t\t\t\t\t\t<\/div>\n\t\t\t\t<\/div>\n\t\t\t\t\t<\/div>\n\t\t\t\t<\/div>\n\t\t\t\t<\/div>","protected":false},"excerpt":{"rendered":"<p>AGUA NO CONTABILIZADA Cuanto antes lo sepa, m\u00e1s ahorrar\u00e1. Supere la ceguera y los retrasos de las inspecciones tradicionales. Nuestra plataforma utiliza un mapa como base para transformar datos complejos sobre fugas en tuber\u00edas en informaci\u00f3n visual e intuitiva. No solo le permite conocer el estado en tiempo real de cada zona de DMA de un vistazo, sino que [\u2026]<\/p>","protected":false},"author":1,"featured_media":0,"parent":0,"menu_order":0,"comment_status":"closed","ping_status":"closed","template":"","meta":{"_acf_changed":false,"site-sidebar-layout":"no-sidebar","site-content-layout":"page-builder","ast-site-content-layout":"full-width-container","site-content-style":"default","site-sidebar-style":"default","ast-global-header-display":"","ast-banner-title-visibility":"","ast-main-header-display":"","ast-hfb-above-header-display":"","ast-hfb-below-header-display":"","ast-hfb-mobile-header-display":"","site-post-title":"disabled","ast-breadcrumbs-content":"","ast-featured-img":"disabled","footer-sml-layout":"","theme-transparent-header-meta":"default","adv-header-id-meta":"","stick-header-meta":"default","header-above-stick-meta":"","header-main-stick-meta":"","header-below-stick-meta":"","astra-migrate-meta-layouts":"set","ast-page-background-enabled":"default","ast-page-background-meta":{"desktop":{"background-color":"","background-image":"","background-repeat":"repeat","background-position":"center center","background-size":"auto","background-attachment":"scroll","background-type":"","background-media":"","overlay-type":"","overlay-color":"","overlay-opacity":"","overlay-gradient":""},"tablet":{"background-color":"","background-image":"","background-repeat":"repeat","background-position":"center center","background-size":"auto","background-attachment":"scroll","background-type":"","background-media":"","overlay-type":"","overlay-color":"","overlay-opacity":"","overlay-gradient":""},"mobile":{"background-color":"","background-image":"","background-repeat":"repeat","background-position":"center center","background-size":"auto","background-attachment":"scroll","background-type":"","background-media":"","overlay-type":"","overlay-color":"","overlay-opacity":"","overlay-gradient":""}},"ast-content-background-meta":{"desktop":{"background-color":"var(--ast-global-color-5)","background-image":"","background-repeat":"repeat","background-position":"center center","background-size":"auto","background-attachment":"scroll","background-type":"","background-media":"","overlay-type":"","overlay-color":"","overlay-opacity":"","overlay-gradient":""},"tablet":{"background-color":"var(--ast-global-color-5)","background-image":"","background-repeat":"repeat","background-position":"center center","background-size":"auto","background-attachment":"scroll","background-type":"","background-media":"","overlay-type":"","overlay-color":"","overlay-opacity":"","overlay-gradient":""},"mobile":{"background-color":"var(--ast-global-color-5)","background-image":"","background-repeat":"repeat","background-position":"center center","background-size":"auto","background-attachment":"scroll","background-type":"","background-media":"","overlay-type":"","overlay-color":"","overlay-opacity":"","overlay-gradient":""}},"footnotes":""},"class_list":["post-1814","page","type-page","status-publish","hentry"],"acf":[],"yoast_head":"<!-- This site is optimized with the Yoast SEO plugin v24.1 - https:\/\/yoast.com\/wordpress\/plugins\/seo\/ -->\n<title>Non-revwnue Water -Tengyue metering<\/title>\n<meta name=\"robots\" content=\"noindex, follow, max-snippet:-1, max-image-preview:large, max-video-preview:-1\" \/>\n<meta property=\"og:locale\" content=\"es_ES\" \/>\n<meta property=\"og:type\" content=\"article\" \/>\n<meta property=\"og:title\" content=\"Non-revwnue Water -Tengyue metering\" \/>\n<meta property=\"og:description\" content=\"NON-REVENUE WATER The Earlier You Know, The More You Save. Move beyond the blindness and lag of traditional inspections. Our platform uses a map as its foundation to transform complex pipeline leakage data into intuitive, visual information. It not only allows you to grasp the real-time status of each DMA zone &#8220;at a glance&#8221; and [&hellip;]\" \/>\n<meta property=\"og:url\" content=\"https:\/\/www.tengyuemetering.com\/es\/non-revwnue-water-tengyue-metering\/\" \/>\n<meta property=\"og:site_name\" content=\"Water Meter Supplier&amp;Water Measuring Solution-Tengyue Metering\" \/>\n<meta property=\"article:modified_time\" content=\"2026-03-18T01:12:19+00:00\" \/>\n<meta property=\"og:image\" content=\"https:\/\/www.tengyuemetering.com\/wp-content\/uploads\/2025\/02\/Non-revenue-water-1.png\" \/>\n\t<meta property=\"og:image:width\" content=\"1020\" \/>\n\t<meta property=\"og:image:height\" content=\"340\" \/>\n\t<meta property=\"og:image:type\" content=\"image\/png\" \/>\n<meta name=\"twitter:card\" content=\"summary_large_image\" \/>\n<meta name=\"twitter:label1\" content=\"Est. reading time\" \/>\n\t<meta name=\"twitter:data1\" content=\"2 minutos\" \/>\n<script type=\"application\/ld+json\" class=\"yoast-schema-graph\">{\"@context\":\"https:\/\/schema.org\",\"@graph\":[{\"@type\":\"WebPage\",\"@id\":\"https:\/\/www.tengyuemetering.com\/non-revwnue-water-tengyue-metering\/\",\"url\":\"https:\/\/www.tengyuemetering.com\/non-revwnue-water-tengyue-metering\/\",\"name\":\"Non-revwnue Water -Tengyue metering\",\"isPartOf\":{\"@id\":\"https:\/\/www.tengyuemetering.com\/#website\"},\"primaryImageOfPage\":{\"@id\":\"https:\/\/www.tengyuemetering.com\/non-revwnue-water-tengyue-metering\/#primaryimage\"},\"image\":{\"@id\":\"https:\/\/www.tengyuemetering.com\/non-revwnue-water-tengyue-metering\/#primaryimage\"},\"thumbnailUrl\":\"https:\/\/www.tengyuemetering.com\/wp-content\/uploads\/2025\/02\/Non-revenue-water-1.png\",\"datePublished\":\"2025-02-14T04:42:57+00:00\",\"dateModified\":\"2026-03-18T01:12:19+00:00\",\"breadcrumb\":{\"@id\":\"https:\/\/www.tengyuemetering.com\/non-revwnue-water-tengyue-metering\/#breadcrumb\"},\"inLanguage\":\"es\",\"potentialAction\":[{\"@type\":\"ReadAction\",\"target\":[\"https:\/\/www.tengyuemetering.com\/non-revwnue-water-tengyue-metering\/\"]}]},{\"@type\":\"ImageObject\",\"inLanguage\":\"es\",\"@id\":\"https:\/\/www.tengyuemetering.com\/non-revwnue-water-tengyue-metering\/#primaryimage\",\"url\":\"https:\/\/www.tengyuemetering.com\/wp-content\/uploads\/2025\/02\/Non-revenue-water-1.png\",\"contentUrl\":\"https:\/\/www.tengyuemetering.com\/wp-content\/uploads\/2025\/02\/Non-revenue-water-1.png\"},{\"@type\":\"BreadcrumbList\",\"@id\":\"https:\/\/www.tengyuemetering.com\/non-revwnue-water-tengyue-metering\/#breadcrumb\",\"itemListElement\":[{\"@type\":\"ListItem\",\"position\":1,\"name\":\"Home\",\"item\":\"https:\/\/www.tengyuemetering.com\/\"},{\"@type\":\"ListItem\",\"position\":2,\"name\":\"Non-revwnue Water\"}]},{\"@type\":\"WebSite\",\"@id\":\"https:\/\/www.tengyuemetering.com\/#website\",\"url\":\"https:\/\/www.tengyuemetering.com\/\",\"name\":\"Water Meter Supplier&amp;Water Measuring Solution-Tengyue Metering\",\"description\":\"Ultrasonic Water Meter&amp;Smart Water Meter China\",\"publisher\":{\"@id\":\"https:\/\/www.tengyuemetering.com\/#organization\"},\"potentialAction\":[{\"@type\":\"SearchAction\",\"target\":{\"@type\":\"EntryPoint\",\"urlTemplate\":\"https:\/\/www.tengyuemetering.com\/?s={search_term_string}\"},\"query-input\":{\"@type\":\"PropertyValueSpecification\",\"valueRequired\":true,\"valueName\":\"search_term_string\"}}],\"inLanguage\":\"es\"},{\"@type\":\"Organization\",\"@id\":\"https:\/\/www.tengyuemetering.com\/#organization\",\"name\":\"Water Meter Supplier&amp;Water Measuring Solution-Tengyue Metering\",\"url\":\"https:\/\/www.tengyuemetering.com\/\",\"logo\":{\"@type\":\"ImageObject\",\"inLanguage\":\"es\",\"@id\":\"https:\/\/www.tengyuemetering.com\/#\/schema\/logo\/image\/\",\"url\":\"https:\/\/www.tengyuemetering.com\/wp-content\/uploads\/2024\/12\/87f194b8255907fc319b6cfa2ea9a24d.png\",\"contentUrl\":\"https:\/\/www.tengyuemetering.com\/wp-content\/uploads\/2024\/12\/87f194b8255907fc319b6cfa2ea9a24d.png\",\"width\":789,\"height\":226,\"caption\":\"Water Meter Supplier&amp;Water Measuring Solution-Tengyue Metering\"},\"image\":{\"@id\":\"https:\/\/www.tengyuemetering.com\/#\/schema\/logo\/image\/\"}}]}<\/script>\n<!-- \/ Yoast SEO plugin. -->","yoast_head_json":{"title":"Non-revwnue Water -Tengyue metering","robots":{"index":"noindex","follow":"follow","max-snippet":"max-snippet:-1","max-image-preview":"max-image-preview:large","max-video-preview":"max-video-preview:-1"},"og_locale":"es_ES","og_type":"article","og_title":"Non-revwnue Water -Tengyue metering","og_description":"NON-REVENUE WATER The Earlier You Know, The More You Save. Move beyond the blindness and lag of traditional inspections. Our platform uses a map as its foundation to transform complex pipeline leakage data into intuitive, visual information. It not only allows you to grasp the real-time status of each DMA zone &#8220;at a glance&#8221; and [&hellip;]","og_url":"https:\/\/www.tengyuemetering.com\/es\/non-revwnue-water-tengyue-metering\/","og_site_name":"Water Meter Supplier&amp;Water Measuring Solution-Tengyue Metering","article_modified_time":"2026-03-18T01:12:19+00:00","og_image":[{"width":1020,"height":340,"url":"https:\/\/www.tengyuemetering.com\/wp-content\/uploads\/2025\/02\/Non-revenue-water-1.png","type":"image\/png"}],"twitter_card":"summary_large_image","twitter_misc":{"Est. reading time":"2 minutos"},"schema":{"@context":"https:\/\/schema.org","@graph":[{"@type":"WebPage","@id":"https:\/\/www.tengyuemetering.com\/non-revwnue-water-tengyue-metering\/","url":"https:\/\/www.tengyuemetering.com\/non-revwnue-water-tengyue-metering\/","name":"Non-revwnue Water -Tengyue metering","isPartOf":{"@id":"https:\/\/www.tengyuemetering.com\/#website"},"primaryImageOfPage":{"@id":"https:\/\/www.tengyuemetering.com\/non-revwnue-water-tengyue-metering\/#primaryimage"},"image":{"@id":"https:\/\/www.tengyuemetering.com\/non-revwnue-water-tengyue-metering\/#primaryimage"},"thumbnailUrl":"https:\/\/www.tengyuemetering.com\/wp-content\/uploads\/2025\/02\/Non-revenue-water-1.png","datePublished":"2025-02-14T04:42:57+00:00","dateModified":"2026-03-18T01:12:19+00:00","breadcrumb":{"@id":"https:\/\/www.tengyuemetering.com\/non-revwnue-water-tengyue-metering\/#breadcrumb"},"inLanguage":"es","potentialAction":[{"@type":"ReadAction","target":["https:\/\/www.tengyuemetering.com\/non-revwnue-water-tengyue-metering\/"]}]},{"@type":"ImageObject","inLanguage":"es","@id":"https:\/\/www.tengyuemetering.com\/non-revwnue-water-tengyue-metering\/#primaryimage","url":"https:\/\/www.tengyuemetering.com\/wp-content\/uploads\/2025\/02\/Non-revenue-water-1.png","contentUrl":"https:\/\/www.tengyuemetering.com\/wp-content\/uploads\/2025\/02\/Non-revenue-water-1.png"},{"@type":"BreadcrumbList","@id":"https:\/\/www.tengyuemetering.com\/non-revwnue-water-tengyue-metering\/#breadcrumb","itemListElement":[{"@type":"ListItem","position":1,"name":"Home","item":"https:\/\/www.tengyuemetering.com\/"},{"@type":"ListItem","position":2,"name":"Non-revwnue Water"}]},{"@type":"WebSite","@id":"https:\/\/www.tengyuemetering.com\/#website","url":"https:\/\/www.tengyuemetering.com\/","name":"Water Meter Supplier&amp;Water Measuring Solution-Tengyue Metering","description":"Ultrasonic Water Meter&amp;Smart Water Meter China","publisher":{"@id":"https:\/\/www.tengyuemetering.com\/#organization"},"potentialAction":[{"@type":"SearchAction","target":{"@type":"EntryPoint","urlTemplate":"https:\/\/www.tengyuemetering.com\/?s={search_term_string}"},"query-input":{"@type":"PropertyValueSpecification","valueRequired":true,"valueName":"search_term_string"}}],"inLanguage":"es"},{"@type":"Organization","@id":"https:\/\/www.tengyuemetering.com\/#organization","name":"Water Meter Supplier&amp;Water Measuring Solution-Tengyue Metering","url":"https:\/\/www.tengyuemetering.com\/","logo":{"@type":"ImageObject","inLanguage":"es","@id":"https:\/\/www.tengyuemetering.com\/#\/schema\/logo\/image\/","url":"https:\/\/www.tengyuemetering.com\/wp-content\/uploads\/2024\/12\/87f194b8255907fc319b6cfa2ea9a24d.png","contentUrl":"https:\/\/www.tengyuemetering.com\/wp-content\/uploads\/2024\/12\/87f194b8255907fc319b6cfa2ea9a24d.png","width":789,"height":226,"caption":"Water Meter Supplier&amp;Water Measuring Solution-Tengyue Metering"},"image":{"@id":"https:\/\/www.tengyuemetering.com\/#\/schema\/logo\/image\/"}}]}},"_links":{"self":[{"href":"https:\/\/www.tengyuemetering.com\/es\/wp-json\/wp\/v2\/pages\/1814","targetHints":{"allow":["GET"]}}],"collection":[{"href":"https:\/\/www.tengyuemetering.com\/es\/wp-json\/wp\/v2\/pages"}],"about":[{"href":"https:\/\/www.tengyuemetering.com\/es\/wp-json\/wp\/v2\/types\/page"}],"author":[{"embeddable":true,"href":"https:\/\/www.tengyuemetering.com\/es\/wp-json\/wp\/v2\/users\/1"}],"replies":[{"embeddable":true,"href":"https:\/\/www.tengyuemetering.com\/es\/wp-json\/wp\/v2\/comments?post=1814"}],"version-history":[{"count":37,"href":"https:\/\/www.tengyuemetering.com\/es\/wp-json\/wp\/v2\/pages\/1814\/revisions"}],"predecessor-version":[{"id":7118,"href":"https:\/\/www.tengyuemetering.com\/es\/wp-json\/wp\/v2\/pages\/1814\/revisions\/7118"}],"wp:attachment":[{"href":"https:\/\/www.tengyuemetering.com\/es\/wp-json\/wp\/v2\/media?parent=1814"}],"curies":[{"name":"wp","href":"https:\/\/api.w.org\/{rel}","templated":true}]}}