{"id":1069,"date":"2025-01-06T10:35:20","date_gmt":"2025-01-06T10:35:20","guid":{"rendered":"http:\/\/www.tengyuemetering.com\/?page_id=1069"},"modified":"2026-01-16T03:05:35","modified_gmt":"2026-01-16T03:05:35","slug":"case-studies-tengyue-metering","status":"publish","type":"page","link":"https:\/\/www.tengyuemetering.com\/es\/case-studies-tengyue-metering\/","title":{"rendered":"Estudios de caso"},"content":{"rendered":"<div data-elementor-type=\"wp-page\" data-elementor-id=\"1069\" class=\"elementor elementor-1069\" data-elementor-post-type=\"page\">\n\t\t\t\t<div class=\"elementor-element elementor-element-b69ef81 e-flex e-con-boxed e-con e-parent\" data-id=\"b69ef81\" data-element_type=\"container\">\n\t\t\t\t\t<div class=\"e-con-inner\">\n\t\t\t\t<div class=\"elementor-element elementor-element-dc7ac64 elementor-widget elementor-widget-heading\" data-id=\"dc7ac64\" data-element_type=\"widget\" data-widget_type=\"heading.default\">\n\t\t\t\t<div class=\"elementor-widget-container\">\n\t\t\t\t\t<h2 class=\"elementor-heading-title elementor-size-default\">Casos de clientes<\/h2>\t\t\t\t<\/div>\n\t\t\t\t<\/div>\n\t\t\t\t<div class=\"elementor-element elementor-element-b81bde1 elementor-widget elementor-widget-heading\" data-id=\"b81bde1\" data-element_type=\"widget\" data-widget_type=\"heading.default\">\n\t\t\t\t<div class=\"elementor-widget-container\">\n\t\t\t\t\t<h4 class=\"elementor-heading-title elementor-size-default\">REFERENCIAS<\/h4>\t\t\t\t<\/div>\n\t\t\t\t<\/div>\n\t\t\t\t<div class=\"elementor-element elementor-element-3fce5df elementor-widget elementor-widget-text-editor\" data-id=\"3fce5df\" data-element_type=\"widget\" data-widget_type=\"text-editor.default\">\n\t\t\t\t<div class=\"elementor-widget-container\">\n\t\t\t\t\t\t\t\t\t<p>Nuestras soluciones ayudan a las empresas de agua y energ\u00eda, comunidades e industrias de todo el mundo a utilizar el agua de forma m\u00e1s inteligente. Nuestro objetivo es brindar la soluci\u00f3n adecuada para las necesidades de cada cliente. A trav\u00e9s de estudios de casos, le mostramos en detalle los diferentes desaf\u00edos que enfrentan nuestros clientes y el papel central que desempe\u00f1an las soluciones de Tengyue Metering para manejar con \u00e9xito estos desaf\u00edos.<\/p>\t\t\t\t\t\t\t\t<\/div>\n\t\t\t\t<\/div>\n\t\t<div class=\"elementor-element elementor-element-0ca3d2c e-grid e-con-full e-con e-child\" data-id=\"0ca3d2c\" data-element_type=\"container\">\n\t\t<div class=\"elementor-element elementor-element-e4b8886 e-con-full e-flex e-con e-child\" data-id=\"e4b8886\" data-element_type=\"container\">\n\t\t\t\t<div class=\"elementor-element elementor-element-9197f6f elementor-widget elementor-widget-image\" data-id=\"9197f6f\" data-element_type=\"widget\" data-widget_type=\"image.default\">\n\t\t\t\t<div class=\"elementor-widget-container\">\n\t\t\t\t\t\t\t\t\t\t\t\t\t\t\t<img fetchpriority=\"high\" decoding=\"async\" width=\"600\" height=\"200\" src=\"https:\/\/www.tengyuemetering.com\/wp-content\/uploads\/2025\/01\/Berlin-\u2013-Drive-By-600x200.png\" class=\"attachment-woocommerce_single size-woocommerce_single wp-image-1704\" alt=\"\" srcset=\"https:\/\/www.tengyuemetering.com\/wp-content\/uploads\/2025\/01\/Berlin-\u2013-Drive-By-600x200.png 600w, https:\/\/www.tengyuemetering.com\/wp-content\/uploads\/2025\/01\/Berlin-\u2013-Drive-By-300x100.png 300w, https:\/\/www.tengyuemetering.com\/wp-content\/uploads\/2025\/01\/Berlin-\u2013-Drive-By-768x256.png 768w, https:\/\/www.tengyuemetering.com\/wp-content\/uploads\/2025\/01\/Berlin-\u2013-Drive-By.png 1020w\" sizes=\"(max-width: 600px) 100vw, 600px\" \/>\t\t\t\t\t\t\t\t\t\t\t\t\t\t\t<\/div>\n\t\t\t\t<\/div>\n\t\t\t\t<div class=\"elementor-element elementor-element-7f165c1 elementor-widget elementor-widget-heading\" data-id=\"7f165c1\" data-element_type=\"widget\" data-widget_type=\"heading.default\">\n\t\t\t\t<div class=\"elementor-widget-container\">\n\t\t\t\t\t<h4 class=\"elementor-heading-title elementor-size-default\"><a href=\"\/es\/customer-cases\/berlin-drive-by-2\/\">Berl\u00edn \u2013 Conducir por<\/a><\/h4>\t\t\t\t<\/div>\n\t\t\t\t<\/div>\n\t\t\t\t<div class=\"elementor-element elementor-element-d43e787 elementor-widget elementor-widget-text-editor\" data-id=\"d43e787\" data-element_type=\"widget\" data-widget_type=\"text-editor.default\">\n\t\t\t\t<div class=\"elementor-widget-container\">\n\t\t\t\t\t\t\t\t\t<h5><span style=\"color: #0c3793;\">Las lecturas al pasar aumentan la eficiencia<\/span><\/h5><p>Str\u00f6mesand Wassertechnik GmbH es la mayor empresa municipal de agua y saneamiento de Alemania, que abastece de agua potable a 3,5 millones de personas. Str\u00f6mesand Wassertechnik GmbH encarg\u00f3 a Tengyue Metering la implementaci\u00f3n de una soluci\u00f3n integral para el control del consumo. Permite registrar con precisi\u00f3n los valores de consumo en la fecha de lectura, lo que aumenta considerablemente la eficiencia del proceso.<\/p>\t\t\t\t\t\t\t\t<\/div>\n\t\t\t\t<\/div>\n\t\t\t\t<div class=\"elementor-element elementor-element-338a333 elementor-widget elementor-widget-heading\" data-id=\"338a333\" data-element_type=\"widget\" data-widget_type=\"heading.default\">\n\t\t\t\t<div class=\"elementor-widget-container\">\n\t\t\t\t\t<div class=\"elementor-heading-title elementor-size-default\"><a href=\"\/es\/customer-cases\/berlin-drive-by-2\/\">Leer m\u00e1s &gt;&gt;<\/a><\/div>\t\t\t\t<\/div>\n\t\t\t\t<\/div>\n\t\t\t\t<\/div>\n\t\t<div class=\"elementor-element elementor-element-f49b7a9 e-con-full e-flex e-con e-child\" data-id=\"f49b7a9\" data-element_type=\"container\">\n\t\t\t\t<div class=\"elementor-element elementor-element-2f09b66 elementor-widget elementor-widget-image\" data-id=\"2f09b66\" data-element_type=\"widget\" data-widget_type=\"image.default\">\n\t\t\t\t<div class=\"elementor-widget-container\">\n\t\t\t\t\t\t\t\t\t\t\t\t\t\t\t<img decoding=\"async\" width=\"600\" height=\"200\" src=\"https:\/\/www.tengyuemetering.com\/wp-content\/uploads\/2025\/02\/Abha-Fixed-Network--600x200.png\" class=\"attachment-woocommerce_single size-woocommerce_single wp-image-2063\" alt=\"Abha -Fixed Network\" srcset=\"https:\/\/www.tengyuemetering.com\/wp-content\/uploads\/2025\/02\/Abha-Fixed-Network--600x200.png 600w, https:\/\/www.tengyuemetering.com\/wp-content\/uploads\/2025\/02\/Abha-Fixed-Network--300x100.png 300w, https:\/\/www.tengyuemetering.com\/wp-content\/uploads\/2025\/02\/Abha-Fixed-Network--768x256.png 768w, https:\/\/www.tengyuemetering.com\/wp-content\/uploads\/2025\/02\/Abha-Fixed-Network-.png 998w\" sizes=\"(max-width: 600px) 100vw, 600px\" \/>\t\t\t\t\t\t\t\t\t\t\t\t\t\t\t<\/div>\n\t\t\t\t<\/div>\n\t\t\t\t<div class=\"elementor-element elementor-element-969bc29 elementor-widget elementor-widget-heading\" data-id=\"969bc29\" data-element_type=\"widget\" data-widget_type=\"heading.default\">\n\t\t\t\t<div class=\"elementor-widget-container\">\n\t\t\t\t\t<h4 class=\"elementor-heading-title elementor-size-default\"><a href=\"\/es\/customer-cases\/abha-fixed-network\/\">Abha - Red fija <\/a><\/h4>\t\t\t\t<\/div>\n\t\t\t\t<\/div>\n\t\t\t\t<div class=\"elementor-element elementor-element-95bd805 elementor-widget elementor-widget-text-editor\" data-id=\"95bd805\" data-element_type=\"widget\" data-widget_type=\"text-editor.default\">\n\t\t\t\t<div class=\"elementor-widget-container\">\n\t\t\t\t\t\t\t\t\t<p><span style=\"color: #0c3793;\"><strong><b>Eficiencia hasta la \u00faltima gota<\/b><\/strong><\/span><\/p><p>El agua es un bien preciado, especialmente en Arabia Saudita. Mediante la automatizaci\u00f3n centralizada y completa del monitoreo de toda la red de distribuci\u00f3n de agua, la regi\u00f3n de Abha busca minimizar las p\u00e9rdidas de agua y evitar mediciones err\u00f3neas del consumo. Los proveedores locales de agua buscan controlar los problemas del agua no facturada. El agua no facturada (ANR) es el agua que se entrega a la red de distribuci\u00f3n, pero que no puede facturarse debido a fugas o mediciones de consumo inexactas.<\/p>\t\t\t\t\t\t\t\t<\/div>\n\t\t\t\t<\/div>\n\t\t\t\t<div class=\"elementor-element elementor-element-caa8259 elementor-widget elementor-widget-heading\" data-id=\"caa8259\" data-element_type=\"widget\" data-widget_type=\"heading.default\">\n\t\t\t\t<div class=\"elementor-widget-container\">\n\t\t\t\t\t<div class=\"elementor-heading-title elementor-size-default\"><a href=\"\/es\/customer-cases\/abha-fixed-network\/\">Leer m\u00e1s &gt;&gt;<\/a><\/div>\t\t\t\t<\/div>\n\t\t\t\t<\/div>\n\t\t\t\t<\/div>\n\t\t<div class=\"elementor-element elementor-element-854b26d e-con-full e-flex e-con e-child\" data-id=\"854b26d\" data-element_type=\"container\">\n\t\t\t\t<div class=\"elementor-element elementor-element-1b223a9 elementor-widget elementor-widget-image\" data-id=\"1b223a9\" data-element_type=\"widget\" data-widget_type=\"image.default\">\n\t\t\t\t<div class=\"elementor-widget-container\">\n\t\t\t\t\t\t\t\t\t\t\t\t\t\t\t<img decoding=\"async\" width=\"600\" height=\"200\" src=\"https:\/\/www.tengyuemetering.com\/wp-content\/uploads\/2025\/02\/Pula-Fixed-Network--600x200.png\" class=\"attachment-woocommerce_single size-woocommerce_single wp-image-2065\" alt=\"Pula -Fixed Network\" srcset=\"https:\/\/www.tengyuemetering.com\/wp-content\/uploads\/2025\/02\/Pula-Fixed-Network--600x200.png 600w, https:\/\/www.tengyuemetering.com\/wp-content\/uploads\/2025\/02\/Pula-Fixed-Network--300x100.png 300w, https:\/\/www.tengyuemetering.com\/wp-content\/uploads\/2025\/02\/Pula-Fixed-Network--768x256.png 768w, https:\/\/www.tengyuemetering.com\/wp-content\/uploads\/2025\/02\/Pula-Fixed-Network-.png 993w\" sizes=\"(max-width: 600px) 100vw, 600px\" \/>\t\t\t\t\t\t\t\t\t\t\t\t\t\t\t<\/div>\n\t\t\t\t<\/div>\n\t\t\t\t<div class=\"elementor-element elementor-element-e5cbb0f elementor-widget elementor-widget-heading\" data-id=\"e5cbb0f\" data-element_type=\"widget\" data-widget_type=\"heading.default\">\n\t\t\t\t<div class=\"elementor-widget-container\">\n\t\t\t\t\t<h4 class=\"elementor-heading-title elementor-size-default\">Pula - Red fija <\/h4>\t\t\t\t<\/div>\n\t\t\t\t<\/div>\n\t\t\t\t<div class=\"elementor-element elementor-element-e13a5e3 elementor-widget elementor-widget-text-editor\" data-id=\"e13a5e3\" data-element_type=\"widget\" data-widget_type=\"text-editor.default\">\n\t\t\t\t<div class=\"elementor-widget-container\">\n\t\t\t\t\t\t\t\t\t<p><span style=\"color: #0c3793;\"><strong><b>Datos de consumo y control de la red con solo pulsar un bot\u00f3n<\/b><\/strong><\/span><\/p><p>Una planta de agua en Pula, Croacia, suministra agua potable a 46.332 personas. Esto tambi\u00e9n incluye las numerosas islas Kornati frente a la costa continental de Croacia. Hasta ahora, la lectura manual de medidores ha resultado especialmente dif\u00edcil en las islas peque\u00f1as. Tengyue Metering ha instalado una soluci\u00f3n de red fija en un proyecto piloto en la planta de agua de la isla. Se implementar\u00e1 en cinco islas m\u00e1s en el futuro.<\/p>\t\t\t\t\t\t\t\t<\/div>\n\t\t\t\t<\/div>\n\t\t\t\t<div class=\"elementor-element elementor-element-e5dc8dc elementor-widget elementor-widget-heading\" data-id=\"e5dc8dc\" data-element_type=\"widget\" data-widget_type=\"heading.default\">\n\t\t\t\t<div class=\"elementor-widget-container\">\n\t\t\t\t\t<div class=\"elementor-heading-title elementor-size-default\"><a href=\"\/es\/customer-cases\/customer-cases2\/\">Leer m\u00e1s &gt;&gt;<\/a><\/div>\t\t\t\t<\/div>\n\t\t\t\t<\/div>\n\t\t\t\t<\/div>\n\t\t<div class=\"elementor-element elementor-element-b07d890 e-con-full e-flex e-con e-child\" data-id=\"b07d890\" data-element_type=\"container\">\n\t\t\t\t<div class=\"elementor-element elementor-element-494e3a5 elementor-widget elementor-widget-image\" data-id=\"494e3a5\" data-element_type=\"widget\" data-widget_type=\"image.default\">\n\t\t\t\t<div class=\"elementor-widget-container\">\n\t\t\t\t\t\t\t\t\t\t\t\t\t\t\t<img loading=\"lazy\" decoding=\"async\" width=\"600\" height=\"200\" src=\"https:\/\/www.tengyuemetering.com\/wp-content\/uploads\/2025\/02\/CEBU-Drive-By-600x200.png\" class=\"attachment-woocommerce_single size-woocommerce_single wp-image-2066\" alt=\"\" srcset=\"https:\/\/www.tengyuemetering.com\/wp-content\/uploads\/2025\/02\/CEBU-Drive-By-600x200.png 600w, https:\/\/www.tengyuemetering.com\/wp-content\/uploads\/2025\/02\/CEBU-Drive-By-300x100.png 300w, https:\/\/www.tengyuemetering.com\/wp-content\/uploads\/2025\/02\/CEBU-Drive-By-768x257.png 768w, https:\/\/www.tengyuemetering.com\/wp-content\/uploads\/2025\/02\/CEBU-Drive-By.png 991w\" sizes=\"(max-width: 600px) 100vw, 600px\" \/>\t\t\t\t\t\t\t\t\t\t\t\t\t\t\t<\/div>\n\t\t\t\t<\/div>\n\t\t\t\t<div class=\"elementor-element elementor-element-4a9fe16 elementor-widget elementor-widget-heading\" data-id=\"4a9fe16\" data-element_type=\"widget\" data-widget_type=\"heading.default\">\n\t\t\t\t<div class=\"elementor-widget-container\">\n\t\t\t\t\t<h4 class=\"elementor-heading-title elementor-size-default\"><a href=\"\/es\/customer-cases\/cebu-drive-by\/\">CEBU-Drive By<\/a><\/h4>\t\t\t\t<\/div>\n\t\t\t\t<\/div>\n\t\t\t\t<div class=\"elementor-element elementor-element-b7571f6 elementor-widget elementor-widget-text-editor\" data-id=\"b7571f6\" data-element_type=\"widget\" data-widget_type=\"text-editor.default\">\n\t\t\t\t<div class=\"elementor-widget-container\">\n\t\t\t\t\t\t\t\t\t<p><span style=\"color: #0c3793;\"><strong><b>Una soluci\u00f3n AMR moderna y rentable para una metr\u00f3polis en crecimiento<\/b><\/strong><\/span><\/p><p>Como el proceso de tomar lecturas manuales de m\u00e1s de 1,2 millones de medidores de agua en la provincia de Ceb\u00fa era cada vez m\u00e1s dif\u00edcil, el proveedor de agua local decidi\u00f3 instalar un sistema AMR confiable. Gracias a la soluci\u00f3n drive-by de Tengyue Meter, la empresa redujo sus p\u00e9rdidas de agua no contabilizadas de 61% a 29%.<\/p>\t\t\t\t\t\t\t\t<\/div>\n\t\t\t\t<\/div>\n\t\t\t\t<div class=\"elementor-element elementor-element-18dd39c elementor-widget elementor-widget-heading\" data-id=\"18dd39c\" data-element_type=\"widget\" data-widget_type=\"heading.default\">\n\t\t\t\t<div class=\"elementor-widget-container\">\n\t\t\t\t\t<div class=\"elementor-heading-title elementor-size-default\"><a href=\"\/es\/customer-cases\/cebu-drive-by\/\">Leer m\u00e1s &gt;&gt;<\/a><\/div>\t\t\t\t<\/div>\n\t\t\t\t<\/div>\n\t\t\t\t<\/div>\n\t\t\t\t<\/div>\n\t\t\t\t\t<\/div>\n\t\t\t\t<\/div>\n\t\t\t\t<\/div>","protected":false},"excerpt":{"rendered":"<p>Casos de clientes REFERENCIAS Nuestras soluciones ayudan a las empresas de agua y energ\u00eda, comunidades e industrias de todo el mundo a utilizar el agua de forma m\u00e1s inteligente. Nuestro objetivo es proporcionar la soluci\u00f3n adecuada a las necesidades de cada cliente. A trav\u00e9s de estudios de casos, le mostramos en detalle los diferentes desaf\u00edos a los que se enfrentan nuestros clientes y el papel central que desempe\u00f1an las soluciones de medici\u00f3n de Tengyue para [\u2026]<\/p>","protected":false},"author":1,"featured_media":0,"parent":0,"menu_order":0,"comment_status":"closed","ping_status":"closed","template":"","meta":{"_acf_changed":false,"site-sidebar-layout":"no-sidebar","site-content-layout":"page-builder","ast-site-content-layout":"full-width-container","site-content-style":"default","site-sidebar-style":"default","ast-global-header-display":"","ast-banner-title-visibility":"","ast-main-header-display":"","ast-hfb-above-header-display":"","ast-hfb-below-header-display":"","ast-hfb-mobile-header-display":"","site-post-title":"disabled","ast-breadcrumbs-content":"","ast-featured-img":"disabled","footer-sml-layout":"","theme-transparent-header-meta":"default","adv-header-id-meta":"","stick-header-meta":"default","header-above-stick-meta":"","header-main-stick-meta":"","header-below-stick-meta":"","astra-migrate-meta-layouts":"set","ast-page-background-enabled":"default","ast-page-background-meta":{"desktop":{"background-color":"","background-image":"","background-repeat":"repeat","background-position":"center center","background-size":"auto","background-attachment":"scroll","background-type":"","background-media":"","overlay-type":"","overlay-color":"","overlay-opacity":"","overlay-gradient":""},"tablet":{"background-color":"","background-image":"","background-repeat":"repeat","background-position":"center center","background-size":"auto","background-attachment":"scroll","background-type":"","background-media":"","overlay-type":"","overlay-color":"","overlay-opacity":"","overlay-gradient":""},"mobile":{"background-color":"","background-image":"","background-repeat":"repeat","background-position":"center center","background-size":"auto","background-attachment":"scroll","background-type":"","background-media":"","overlay-type":"","overlay-color":"","overlay-opacity":"","overlay-gradient":""}},"ast-content-background-meta":{"desktop":{"background-color":"var(--ast-global-color-5)","background-image":"","background-repeat":"repeat","background-position":"center center","background-size":"auto","background-attachment":"scroll","background-type":"","background-media":"","overlay-type":"","overlay-color":"","overlay-opacity":"","overlay-gradient":""},"tablet":{"background-color":"var(--ast-global-color-5)","background-image":"","background-repeat":"repeat","background-position":"center center","background-size":"auto","background-attachment":"scroll","background-type":"","background-media":"","overlay-type":"","overlay-color":"","overlay-opacity":"","overlay-gradient":""},"mobile":{"background-color":"var(--ast-global-color-5)","background-image":"","background-repeat":"repeat","background-position":"center center","background-size":"auto","background-attachment":"scroll","background-type":"","background-media":"","overlay-type":"","overlay-color":"","overlay-opacity":"","overlay-gradient":""}},"footnotes":""},"class_list":["post-1069","page","type-page","status-publish","hentry"],"acf":[],"yoast_head":"<!-- This site is optimized with the Yoast SEO plugin v24.1 - https:\/\/yoast.com\/wordpress\/plugins\/seo\/ -->\n<title>Case studies-Tengyue metering<\/title>\n<meta name=\"robots\" content=\"noindex, follow, max-snippet:-1, max-image-preview:large, max-video-preview:-1\" \/>\n<meta property=\"og:locale\" content=\"es_ES\" \/>\n<meta property=\"og:type\" content=\"article\" \/>\n<meta property=\"og:title\" content=\"Case studies-Tengyue metering\" \/>\n<meta property=\"og:description\" content=\"Customer cases REFERENCES Our solutions help water and energy utilities, communities and industries around the world use water smarter.Our goal is to provide the right solution for each customer&#8217;s needs.Through case studies, we show you in detail the different challenges faced by our customers and the central role played by Tengyue Metering solutions in successfully [&hellip;]\" \/>\n<meta property=\"og:url\" content=\"https:\/\/www.tengyuemetering.com\/es\/case-studies-tengyue-metering\/\" \/>\n<meta property=\"og:site_name\" content=\"Water Meter Supplier&amp;Water Measuring Solution-Tengyue Metering\" \/>\n<meta property=\"article:modified_time\" content=\"2026-01-16T03:05:35+00:00\" \/>\n<meta property=\"og:image\" content=\"https:\/\/www.tengyuemetering.com\/wp-content\/uploads\/2025\/02\/Abha-Fixed-Network--600x200.png\" \/>\n<meta name=\"twitter:card\" content=\"summary_large_image\" \/>\n<meta name=\"twitter:label1\" content=\"Est. reading time\" \/>\n\t<meta name=\"twitter:data1\" content=\"3 minutos\" \/>\n<script type=\"application\/ld+json\" class=\"yoast-schema-graph\">{\"@context\":\"https:\/\/schema.org\",\"@graph\":[{\"@type\":\"WebPage\",\"@id\":\"https:\/\/www.tengyuemetering.com\/case-studies-tengyue-metering\/\",\"url\":\"https:\/\/www.tengyuemetering.com\/case-studies-tengyue-metering\/\",\"name\":\"Case studies-Tengyue metering\",\"isPartOf\":{\"@id\":\"https:\/\/www.tengyuemetering.com\/#website\"},\"primaryImageOfPage\":{\"@id\":\"https:\/\/www.tengyuemetering.com\/case-studies-tengyue-metering\/#primaryimage\"},\"image\":{\"@id\":\"https:\/\/www.tengyuemetering.com\/case-studies-tengyue-metering\/#primaryimage\"},\"thumbnailUrl\":\"https:\/\/www.tengyuemetering.com\/wp-content\/uploads\/2025\/02\/Abha-Fixed-Network--600x200.png\",\"datePublished\":\"2025-01-06T10:35:20+00:00\",\"dateModified\":\"2026-01-16T03:05:35+00:00\",\"breadcrumb\":{\"@id\":\"https:\/\/www.tengyuemetering.com\/case-studies-tengyue-metering\/#breadcrumb\"},\"inLanguage\":\"es\",\"potentialAction\":[{\"@type\":\"ReadAction\",\"target\":[\"https:\/\/www.tengyuemetering.com\/case-studies-tengyue-metering\/\"]}]},{\"@type\":\"ImageObject\",\"inLanguage\":\"es\",\"@id\":\"https:\/\/www.tengyuemetering.com\/case-studies-tengyue-metering\/#primaryimage\",\"url\":\"https:\/\/www.tengyuemetering.com\/wp-content\/uploads\/2025\/02\/Abha-Fixed-Network--600x200.png\",\"contentUrl\":\"https:\/\/www.tengyuemetering.com\/wp-content\/uploads\/2025\/02\/Abha-Fixed-Network--600x200.png\"},{\"@type\":\"BreadcrumbList\",\"@id\":\"https:\/\/www.tengyuemetering.com\/case-studies-tengyue-metering\/#breadcrumb\",\"itemListElement\":[{\"@type\":\"ListItem\",\"position\":1,\"name\":\"Home\",\"item\":\"https:\/\/www.tengyuemetering.com\/\"},{\"@type\":\"ListItem\",\"position\":2,\"name\":\"Case studies\"}]},{\"@type\":\"WebSite\",\"@id\":\"https:\/\/www.tengyuemetering.com\/#website\",\"url\":\"https:\/\/www.tengyuemetering.com\/\",\"name\":\"Water Meter Supplier&amp;Water Measuring Solution-Tengyue Metering\",\"description\":\"Ultrasonic Water Meter&amp;Smart Water Meter China\",\"publisher\":{\"@id\":\"https:\/\/www.tengyuemetering.com\/#organization\"},\"potentialAction\":[{\"@type\":\"SearchAction\",\"target\":{\"@type\":\"EntryPoint\",\"urlTemplate\":\"https:\/\/www.tengyuemetering.com\/?s={search_term_string}\"},\"query-input\":{\"@type\":\"PropertyValueSpecification\",\"valueRequired\":true,\"valueName\":\"search_term_string\"}}],\"inLanguage\":\"es\"},{\"@type\":\"Organization\",\"@id\":\"https:\/\/www.tengyuemetering.com\/#organization\",\"name\":\"Water Meter Supplier&amp;Water Measuring Solution-Tengyue Metering\",\"url\":\"https:\/\/www.tengyuemetering.com\/\",\"logo\":{\"@type\":\"ImageObject\",\"inLanguage\":\"es\",\"@id\":\"https:\/\/www.tengyuemetering.com\/#\/schema\/logo\/image\/\",\"url\":\"https:\/\/www.tengyuemetering.com\/wp-content\/uploads\/2024\/12\/87f194b8255907fc319b6cfa2ea9a24d.png\",\"contentUrl\":\"https:\/\/www.tengyuemetering.com\/wp-content\/uploads\/2024\/12\/87f194b8255907fc319b6cfa2ea9a24d.png\",\"width\":789,\"height\":226,\"caption\":\"Water Meter Supplier&amp;Water Measuring Solution-Tengyue Metering\"},\"image\":{\"@id\":\"https:\/\/www.tengyuemetering.com\/#\/schema\/logo\/image\/\"}}]}<\/script>\n<!-- \/ Yoast SEO plugin. -->","yoast_head_json":{"title":"Case studies-Tengyue metering","robots":{"index":"noindex","follow":"follow","max-snippet":"max-snippet:-1","max-image-preview":"max-image-preview:large","max-video-preview":"max-video-preview:-1"},"og_locale":"es_ES","og_type":"article","og_title":"Case studies-Tengyue metering","og_description":"Customer cases REFERENCES Our solutions help water and energy utilities, communities and industries around the world use water smarter.Our goal is to provide the right solution for each customer&#8217;s needs.Through case studies, we show you in detail the different challenges faced by our customers and the central role played by Tengyue Metering solutions in successfully [&hellip;]","og_url":"https:\/\/www.tengyuemetering.com\/es\/case-studies-tengyue-metering\/","og_site_name":"Water Meter Supplier&amp;Water Measuring Solution-Tengyue Metering","article_modified_time":"2026-01-16T03:05:35+00:00","og_image":[{"url":"https:\/\/www.tengyuemetering.com\/wp-content\/uploads\/2025\/02\/Abha-Fixed-Network--600x200.png","type":"","width":"","height":""}],"twitter_card":"summary_large_image","twitter_misc":{"Est. reading time":"3 minutos"},"schema":{"@context":"https:\/\/schema.org","@graph":[{"@type":"WebPage","@id":"https:\/\/www.tengyuemetering.com\/case-studies-tengyue-metering\/","url":"https:\/\/www.tengyuemetering.com\/case-studies-tengyue-metering\/","name":"Case studies-Tengyue metering","isPartOf":{"@id":"https:\/\/www.tengyuemetering.com\/#website"},"primaryImageOfPage":{"@id":"https:\/\/www.tengyuemetering.com\/case-studies-tengyue-metering\/#primaryimage"},"image":{"@id":"https:\/\/www.tengyuemetering.com\/case-studies-tengyue-metering\/#primaryimage"},"thumbnailUrl":"https:\/\/www.tengyuemetering.com\/wp-content\/uploads\/2025\/02\/Abha-Fixed-Network--600x200.png","datePublished":"2025-01-06T10:35:20+00:00","dateModified":"2026-01-16T03:05:35+00:00","breadcrumb":{"@id":"https:\/\/www.tengyuemetering.com\/case-studies-tengyue-metering\/#breadcrumb"},"inLanguage":"es","potentialAction":[{"@type":"ReadAction","target":["https:\/\/www.tengyuemetering.com\/case-studies-tengyue-metering\/"]}]},{"@type":"ImageObject","inLanguage":"es","@id":"https:\/\/www.tengyuemetering.com\/case-studies-tengyue-metering\/#primaryimage","url":"https:\/\/www.tengyuemetering.com\/wp-content\/uploads\/2025\/02\/Abha-Fixed-Network--600x200.png","contentUrl":"https:\/\/www.tengyuemetering.com\/wp-content\/uploads\/2025\/02\/Abha-Fixed-Network--600x200.png"},{"@type":"BreadcrumbList","@id":"https:\/\/www.tengyuemetering.com\/case-studies-tengyue-metering\/#breadcrumb","itemListElement":[{"@type":"ListItem","position":1,"name":"Home","item":"https:\/\/www.tengyuemetering.com\/"},{"@type":"ListItem","position":2,"name":"Case studies"}]},{"@type":"WebSite","@id":"https:\/\/www.tengyuemetering.com\/#website","url":"https:\/\/www.tengyuemetering.com\/","name":"Water Meter Supplier&amp;Water Measuring Solution-Tengyue Metering","description":"Ultrasonic Water Meter&amp;Smart Water Meter China","publisher":{"@id":"https:\/\/www.tengyuemetering.com\/#organization"},"potentialAction":[{"@type":"SearchAction","target":{"@type":"EntryPoint","urlTemplate":"https:\/\/www.tengyuemetering.com\/?s={search_term_string}"},"query-input":{"@type":"PropertyValueSpecification","valueRequired":true,"valueName":"search_term_string"}}],"inLanguage":"es"},{"@type":"Organization","@id":"https:\/\/www.tengyuemetering.com\/#organization","name":"Water Meter Supplier&amp;Water Measuring Solution-Tengyue Metering","url":"https:\/\/www.tengyuemetering.com\/","logo":{"@type":"ImageObject","inLanguage":"es","@id":"https:\/\/www.tengyuemetering.com\/#\/schema\/logo\/image\/","url":"https:\/\/www.tengyuemetering.com\/wp-content\/uploads\/2024\/12\/87f194b8255907fc319b6cfa2ea9a24d.png","contentUrl":"https:\/\/www.tengyuemetering.com\/wp-content\/uploads\/2024\/12\/87f194b8255907fc319b6cfa2ea9a24d.png","width":789,"height":226,"caption":"Water Meter Supplier&amp;Water Measuring Solution-Tengyue Metering"},"image":{"@id":"https:\/\/www.tengyuemetering.com\/#\/schema\/logo\/image\/"}}]}},"_links":{"self":[{"href":"https:\/\/www.tengyuemetering.com\/es\/wp-json\/wp\/v2\/pages\/1069","targetHints":{"allow":["GET"]}}],"collection":[{"href":"https:\/\/www.tengyuemetering.com\/es\/wp-json\/wp\/v2\/pages"}],"about":[{"href":"https:\/\/www.tengyuemetering.com\/es\/wp-json\/wp\/v2\/types\/page"}],"author":[{"embeddable":true,"href":"https:\/\/www.tengyuemetering.com\/es\/wp-json\/wp\/v2\/users\/1"}],"replies":[{"embeddable":true,"href":"https:\/\/www.tengyuemetering.com\/es\/wp-json\/wp\/v2\/comments?post=1069"}],"version-history":[{"count":73,"href":"https:\/\/www.tengyuemetering.com\/es\/wp-json\/wp\/v2\/pages\/1069\/revisions"}],"predecessor-version":[{"id":7023,"href":"https:\/\/www.tengyuemetering.com\/es\/wp-json\/wp\/v2\/pages\/1069\/revisions\/7023"}],"wp:attachment":[{"href":"https:\/\/www.tengyuemetering.com\/es\/wp-json\/wp\/v2\/media?parent=1069"}],"curies":[{"name":"wp","href":"https:\/\/api.w.org\/{rel}","templated":true}]}}